{"id":1516,"date":"2022-08-23T23:41:47","date_gmt":"2022-08-23T15:41:47","guid":{"rendered":"http:\/\/www.garden-kit.com\/product\/indoor-herb-garden-kit\/"},"modified":"2023-04-03T11:34:17","modified_gmt":"2023-04-03T03:34:17","slug":"indoor-herb-garden-kit","status":"publish","type":"product","link":"https:\/\/www.garden-kit.com\/es\/product\/indoor-herb-garden-kit\/","title":{"rendered":"Kit de jard\u00edn de hierbas para interiores"},"content":{"rendered":"<h3 style=\"font-size: 19px\"><span style=\"font-family: arial, helvetica, sans-serif;font-size: 16px\">Descripci\u00f3n general<\/span><\/h3>\n<table style=\"border-collapse: collapse;width: 100%;height: 300px\">\n<tbody>\n<tr style=\"height: 21px\">\n<td style=\"width: 49.2308%;height: 21px\" width=\"224\"><span style=\"font-family: arial, helvetica, sans-serif;font-size: 16px\">Instrucciones de cuidado del producto<\/span><\/td>\n<td style=\"width: 49.2308%;height: 21px\" width=\"224\"><span style=\"font-family: arial, helvetica, sans-serif;font-size: 16px\">Disponible<\/span><\/td>\n<\/tr>\n<tr style=\"height: 21px\">\n<td style=\"width: 49.2308%;height: 21px\" width=\"224\"><span style=\"font-family: arial, helvetica, sans-serif;font-size: 16px\">Tipo de producto vegetal<\/span><\/td>\n<td style=\"width: 49.2308%;height: 21px\" width=\"224\"><span style=\"font-family: arial, helvetica, sans-serif;font-size: 16px\">Hierbas<\/span><\/td>\n<\/tr>\n<tr style=\"height: 21px\">\n<td style=\"width: 49.2308%;height: 21px\" width=\"224\"><span style=\"font-family: arial, helvetica, sans-serif;font-size: 16px\">Caracter\u00edstica especial<\/span><\/td>\n<td style=\"width: 49.2308%;height: 21px\" width=\"224\"><span style=\"font-family: arial, helvetica, sans-serif;font-size: 16px\">Cultivo Interior-Exterior<\/span><\/td>\n<\/tr>\n<tr style=\"height: 21px\">\n<td style=\"width: 49.2308%;height: 21px\" width=\"224\"><span style=\"font-family: arial, helvetica, sans-serif;font-size: 16px\">Marca<\/span><\/td>\n<td style=\"width: 49.2308%;height: 21px\" width=\"224\"><span style=\"font-family: arial, helvetica, sans-serif;font-size: 16px\">Juego de jard\u00edn<\/span><\/td>\n<\/tr>\n<tr style=\"height: 21px\">\n<td style=\"width: 49.2308%;height: 21px\" width=\"224\"><span style=\"font-family: arial, helvetica, sans-serif;font-size: 16px\">Lugar de origen<\/span><\/td>\n<td style=\"width: 49.2308%;height: 21px\" width=\"224\"><span style=\"font-family: arial, helvetica, sans-serif;font-size: 16px\">Fuji\u00e1n, China<\/span><\/td>\n<\/tr>\n<tr style=\"height: 21px\">\n<td style=\"width: 49.2308%;height: 21px\" width=\"224\"><span style=\"font-family: arial, helvetica, sans-serif;font-size: 16px\">ODM\/OEM<\/span><\/td>\n<td style=\"width: 49.2308%;height: 21px\" width=\"224\"><span style=\"font-family: arial, helvetica, sans-serif;font-size: 16px\">Disponible<\/span><\/td>\n<\/tr>\n<tr style=\"height: 21px\">\n<td style=\"width: 49.2308%;height: 21px\" width=\"224\"><span style=\"font-family: arial, helvetica, sans-serif;font-size: 16px\">MOQ para pedidos personalizados<\/span><\/td>\n<td style=\"width: 49.2308%;height: 21px\" width=\"224\"><span style=\"font-family: arial, helvetica, sans-serif;font-size: 16px\">3000 piezas<\/span><\/td>\n<\/tr>\n<tr style=\"height: 28px\">\n<td style=\"width: 49.2308%;height: 28px\" width=\"224\"><span style=\"font-family: arial, helvetica, sans-serif;font-size: 16px\">costo de la muestra<\/span><\/td>\n<td style=\"width: 49.2308%;height: 28px\" width=\"224\"><span style=\"font-family: arial, helvetica, sans-serif;font-size: 16px\">US$400\/muestra, devoluci\u00f3n completa despu\u00e9s de nuestro pedido<\/span><\/td>\n<\/tr>\n<\/tbody>\n<\/table>\n<pre>&nbsp;<\/pre>\n<p style=\"line-height: 1.5\"><span style=\"font-family: arial, helvetica, sans-serif;font-size: 16px\">Todo lo que necesita en un solo paquete: este kit viene con todo lo que necesita para comenzar su propio jard\u00edn de hierbas. Se proporcionan 5 tipos de semillas de hierbas, tierra, marcadores de plantas, macetas reutilizables, bandejas e instrucciones de plantaci\u00f3n f\u00e1ciles de seguir. \u00a1No necesitas ning\u00fan conocimiento o experiencia en absoluto! Nuestros kits vienen con instrucciones detalladas e ilustradas y gu\u00edas en PDF sobre las mejores pr\u00e1cticas.<\/span><\/p>\n<p style=\"line-height: 1.5\"><span style=\"font-family: arial, helvetica, sans-serif;font-size: 16px\">Kit de inicio de hierbas para interiores de 20 piezas preparado: todo lo que necesita para traer la alegr\u00eda de cultivar hierbas sabrosas a su vida o la de un ser querido. Es simple: nuestras conjeturas sobre el cultivo de hierbas a partir de semillas, lo guiar\u00e1n en cada paso del camino. \u00a1Plantalo!<\/span><\/p>\n<pre><span style=\"font-family: arial, helvetica, sans-serif;font-size: 16px\"><br \/>Los siguientes elementos est\u00e1n incluidos en el kit.<\/span><\/pre>\n<p style=\"line-height: 1.5\"><span style=\"font-family: arial, helvetica, sans-serif;font-size: 16px\">4 macetas reutilizables con bandejas de agua<\/span><\/p>\n<p style=\"line-height: 1.5\"><span style=\"font-family: arial, helvetica, sans-serif;font-size: 16px\">1 paquete de nutrici\u00f3n<\/span><\/p>\n<p style=\"line-height: 1.5\"><span style=\"font-family: arial, helvetica, sans-serif;font-size: 16px\">4 discos de tierra para macetas,<\/span><\/p>\n<p style=\"line-height: 1.5\"><span style=\"font-family: arial, helvetica, sans-serif;font-size: 16px\">4 marcadores de plantas,<\/span><\/p>\n<p style=\"line-height: 1.5\"><span style=\"font-family: arial, helvetica, sans-serif;font-size: 16px\">5 variedades de semillas de hierbas<\/span><\/p>\n<p style=\"line-height: 1.5\"><span style=\"font-family: arial, helvetica, sans-serif;font-size: 16px\">1gu\u00eda de cultivo<\/span><\/p>\n<p style=\"line-height: 1.5\"><span style=\"font-family: arial, helvetica, sans-serif;font-size: 16px\">1 caja de regalo<\/span><\/p>\n<p style=\"line-height: 1.5\">&nbsp;<\/p>\n<p style=\"line-height: 1.5\"><span style=\"font-family: arial, helvetica, sans-serif;font-size: 16px\">Un regalo considerado: el entorno de jard\u00edn para principiantes que cultivan en casa seguramente traer\u00e1 sonrisas a todos y se disfrutar\u00e1 a fondo. Para las mam\u00e1s, los pap\u00e1s, los amigos veganos, los cocineros caseros o los amantes de los jardines \u00a1los ganar\u00e1s todos! Obtenga este regalo de jardiner\u00eda perfecto hoy.<\/span><\/p>\n<p style=\"line-height: 1.5\"><span style=\"font-family: arial, helvetica, sans-serif;font-size: 16px\">Nuestro compromiso con usted: las semillas y los suelos se cultivan, cosechan y empaquetan en los EE. UU. Nos hemos asegurado de que pueda comenzar su propio jard\u00edn de hierbas f\u00e1cilmente en casa. Nuestro apoyo no termina aqu\u00ed, queremos ver crecer sus semillas de vainilla. Nuestro equipo se asegurar\u00e1 de responderle y ayudarle en su viaje de plantaci\u00f3n. Si tus semillas no germinan, av\u00edsanos y te enviaremos una nueva.<\/span><\/p>\n<p style=\"line-height: 1.5\">&nbsp;<\/p>\n<p style=\"line-height: 1.5\"><span style=\"font-family: arial, helvetica, sans-serif;font-size: 16px\">Alta tasa de germinaci\u00f3n, herencia y sin OGM: sus semillas se cultivan, cosechan y prueban localmente antes de su lanzamiento. No todo el mundo tiene habilidades de jardiner\u00eda, as\u00ed que nos aseguramos de que este kit de bricolaje sea ideal tanto para aficionados como para principiantes. Adem\u00e1s de las instrucciones de plantaci\u00f3n, se proporcionan consejos y trucos para la siembra y la germinaci\u00f3n.<\/span><\/p>\n<p style=\"line-height: 1.5\"><span style=\"font-family: arial, helvetica, sans-serif;font-size: 16px\">Comience su jard\u00edn de hierbas en interiores o exteriores, \u00a1incluso en su propia cocina! \u2013 Este kit viene con macetas duraderas, bandejas de goteo y marcadores de madera para plantas que puede colocar en cualquier lugar de su patio, alf\u00e9izar de la ventana o cocina. Ahora puede cultivar y cosechar su propia albahaca fresca, menta, cilantro, hierbas de ceboll\u00edn y deliciosa comida casera.<\/span><\/p><\/p>","protected":false},"excerpt":{"rendered":"<p>Kit de cultivo de plantas de 5 hierbas con macetas y suelo \u2013 Kit de jardiner\u00eda para el hogar de semillas de hierbas de reliquia de bricolaje \u2013 Kit de cultivo de jard\u00edn de ventana de cocina \u2013 Regalos de jardiner\u00eda \u00fanicos para mujeres y hombres<\/p>","protected":false},"featured_media":13334,"comment_status":"open","ping_status":"closed","template":"","meta":[],"product_cat":[50],"product_tag":[570,180,179,56,569,58],"acf":[],"_links":{"self":[{"href":"https:\/\/www.garden-kit.com\/es\/wp-json\/wp\/v2\/product\/1516"}],"collection":[{"href":"https:\/\/www.garden-kit.com\/es\/wp-json\/wp\/v2\/product"}],"about":[{"href":"https:\/\/www.garden-kit.com\/es\/wp-json\/wp\/v2\/types\/product"}],"replies":[{"embeddable":true,"href":"https:\/\/www.garden-kit.com\/es\/wp-json\/wp\/v2\/comments?post=1516"}],"wp:featuredmedia":[{"embeddable":true,"href":"https:\/\/www.garden-kit.com\/es\/wp-json\/wp\/v2\/media\/13334"}],"wp:attachment":[{"href":"https:\/\/www.garden-kit.com\/es\/wp-json\/wp\/v2\/media?parent=1516"}],"wp:term":[{"taxonomy":"product_cat","embeddable":true,"href":"https:\/\/www.garden-kit.com\/es\/wp-json\/wp\/v2\/product_cat?post=1516"},{"taxonomy":"product_tag","embeddable":true,"href":"https:\/\/www.garden-kit.com\/es\/wp-json\/wp\/v2\/product_tag?post=1516"}],"curies":[{"name":"wp","href":"https:\/\/api.w.org\/{rel}","templated":true}]}}