{"id":1526,"date":"2022-08-23T23:42:28","date_gmt":"2022-08-23T15:42:28","guid":{"rendered":"http:\/\/www.garden-kit.com\/product\/indoor-herb-gardening-kit\/"},"modified":"2023-11-04T22:25:51","modified_gmt":"2023-11-04T14:25:51","slug":"indoor-herb-gardening-kit","status":"publish","type":"product","link":"https:\/\/www.garden-kit.com\/es\/product\/indoor-herb-gardening-kit\/","title":{"rendered":"Kit de jardiner\u00eda de hierbas para interiores"},"content":{"rendered":"<h2>Kit de jardiner\u00eda de hierbas para interiores<\/h2>\n<p style=\"font-size: 16px; line-height: 1.5;\">Las plantas de hierbas pueden desprender un sabor \u00fanico, como la albahaca, la menta, la lavanda, etc. Nuestros kits de cultivo de hierbas contienen una amplia variedad de semillas de hierbas, y se pueden plantar en el interior en cualquier momento, esto no requiere que usted tenga un pulgar verde, porque, dentro del kit, que contienen la plantaci\u00f3n necesaria, m\u00e1s y m\u00e1s gente le gusta cultivar plantas de hierbas en casa, no s\u00f3lo puede purificar el aire interior, pero tambi\u00e9n tiene el efecto de refrescar y revitalizar el cerebro, que es muy beneficioso para la salud de la familia. Al mismo tiempo, la mayor\u00eda de las plantas de hierbas tienen un peque\u00f1o efecto fresco, que puede vestir su casa en cuesti\u00f3n de minutos. \u00a1Algunas hierbas se pueden utilizar como parte de su cocina para a\u00f1adir sabor a su cocina!<\/p>\n<h3 style=\"font-size: 19px; line-height: 1.5;\"><span style=\"font-family: arial, helvetica, sans-serif; font-size: 16px;\">Descripci\u00f3n general<\/span><\/h3>\n<table style=\"border-collapse: collapse; width: 100%;\">\n<tbody>\n<tr>\n<td style=\"width: 50%; line-height: 1.5;\" width=\"224\"><span style=\"font-family: arial, helvetica, sans-serif; font-size: 16px;\">Instrucciones de cuidado del producto<\/span><\/td>\n<td style=\"width: 50%; line-height: 1.5;\" width=\"224\"><span style=\"font-family: arial, helvetica, sans-serif; font-size: 16px;\">Disponible<\/span><\/td>\n<\/tr>\n<tr>\n<td style=\"width: 50%; line-height: 1.5;\" width=\"224\"><span style=\"font-family: arial, helvetica, sans-serif; font-size: 16px;\">Tipo de producto vegetal<\/span><\/td>\n<td style=\"width: 50%; line-height: 1.5;\" width=\"224\"><span style=\"font-family: arial, helvetica, sans-serif; font-size: 16px;\">Hierbas<\/span><\/td>\n<\/tr>\n<tr>\n<td style=\"width: 50%; line-height: 1.5;\" width=\"224\"><span style=\"font-family: arial, helvetica, sans-serif; font-size: 16px;\">Caracter\u00edstica especial<\/span><\/td>\n<td style=\"width: 50%; line-height: 1.5;\" width=\"224\"><span style=\"font-family: arial, helvetica, sans-serif; font-size: 16px;\">Cultivo Interior-Exterior<\/span><\/td>\n<\/tr>\n<tr>\n<td style=\"width: 50%; line-height: 1.5;\" width=\"224\"><span style=\"font-family: arial, helvetica, sans-serif; font-size: 16px;\">Marca<\/span><\/td>\n<td style=\"width: 50%; line-height: 1.5;\" width=\"224\"><span style=\"font-family: arial, helvetica, sans-serif; font-size: 16px;\">Juego de jard\u00edn<\/span><\/td>\n<\/tr>\n<tr>\n<td style=\"width: 50%; line-height: 1.5;\" width=\"224\"><span style=\"font-family: arial, helvetica, sans-serif; font-size: 16px;\">Lugar de origen<\/span><\/td>\n<td style=\"width: 50%; line-height: 1.5;\" width=\"224\"><span style=\"font-family: arial, helvetica, sans-serif; font-size: 16px;\">Fuji\u00e1n, China<\/span><\/td>\n<\/tr>\n<tr>\n<td style=\"width: 50%; line-height: 1.5;\" width=\"224\"><span style=\"font-family: arial, helvetica, sans-serif; font-size: 16px;\">ODM\/OEM<\/span><\/td>\n<td style=\"width: 50%; line-height: 1.5;\" width=\"224\"><span style=\"font-family: arial, helvetica, sans-serif; font-size: 16px;\">Disponible<\/span><\/td>\n<\/tr>\n<tr>\n<td style=\"width: 50%; line-height: 1.5;\" width=\"224\"><span style=\"font-family: arial, helvetica, sans-serif; font-size: 16px;\">MOQ para pedidos personalizados<\/span><\/td>\n<td style=\"width: 50%; line-height: 1.5;\" width=\"224\"><span style=\"font-family: arial, helvetica, sans-serif; font-size: 16px;\">3000 piezas<\/span><\/td>\n<\/tr>\n<tr>\n<td style=\"width: 50%; line-height: 1.5;\" width=\"224\"><span style=\"font-family: arial, helvetica, sans-serif; font-size: 16px;\">costo de la muestra<\/span><\/td>\n<td style=\"width: 50%; line-height: 1.5;\" width=\"224\"><span style=\"font-family: arial, helvetica, sans-serif; font-size: 16px;\">US$400\/muestra, devoluci\u00f3n completa despu\u00e9s de nuestro pedido<\/span><\/td>\n<\/tr>\n<\/tbody>\n<\/table>\n<h2 style=\"line-height: 1.5;\">C\u00f3mo pedir kits de jardiner\u00eda de hierbas arom\u00e1ticas<\/h2>\n<p style=\"line-height: 1.5;\"><strong><span style=\"font-family: arial, helvetica, sans-serif; font-size: 16px;\">Caja de regalo personalizada<\/span><\/strong><\/p>\n<p>El embalaje exterior de los kits se puede personalizar de acuerdo a sus ideas, si usted no tiene un dise\u00f1o, tambi\u00e9n podemos proporcionar el dise\u00f1o del embalaje exterior, nosotros as\u00ed como tambi\u00e9n hemos dise\u00f1ado el embalaje exterior de muchas marcas, haciendo que sus negocios sean muy exitosos. As\u00ed que si quieres empezar tu propio negocio de kits de jardiner\u00eda de hierbas, contacta con nosotros\uff01.<\/p>\n<p><strong>Kit de inicio ecol\u00f3gico a base de plantas<\/strong><\/p>\n<p>Cada kit de jardiner\u00eda de hierbas de interior contiene semillas org\u00e1nicas certificadas y no modificadas gen\u00e9ticamente. Las hierbas para macetas de interior tambi\u00e9n incluyen albahaca italiana de hoja grande, cilantro, perejil, salvia de hoja ancha y tomillo, 5 macetas de turba compostable, 5 tierras f\u00e9rtiles para macetas con certificaci\u00f3n OMRI, 5 marcadores de plantas de madera personalizados y una bonita gu\u00eda de plantaci\u00f3n.<\/p>\n<p>Todo el kit est\u00e1 certificado como org\u00e1nico, la mayor\u00eda de los kits de inicio para huertos de hierbas de cocina contienen semillas org\u00e1nicas, y la tierra y las macetas est\u00e1n tratadas con productos qu\u00edmicos y pesticidas nocivos. As\u00ed que son respetuosos con el medio ambiente, y creemos firmemente que los sistemas sostenibles, ecol\u00f3gicos y totalmente org\u00e1nicos son seguros para nuestras familias, mujeres, hombres, ni\u00f1os y cada cultivador.<\/p>\n<p><strong>El regalo especial perfecto\u00a0<\/strong><\/p>\n<p>Nuestros kits de jardiner\u00eda de hierbas de interior son perfectos para cualquier persona, hombre o mujer, vegetariano o vegano, madre, padre, mejor regalo de cocina y jardiner\u00eda o regalo de inauguraci\u00f3n de la casa. Nuestros kits de jard\u00edn de hierbas de interior son perfectos para el cultivo en alf\u00e9izares, apartamentos, al aire libre personal, cocina\u3001balcones, e incluso encimeras.<\/p>\n<p><strong>D\u00e9 vida a su cocina<\/strong><\/p>\n<p>Plante semillas para jardiner\u00eda de interior porque toda cocina luce mejor con hierbas frescas y plantas en su encimera. Nuestros Kits de Hierbas de Interior con Semillas Heirloom son una forma \u00fanica de a\u00f1adir alimentos a tu plantaci\u00f3n y condimentar tus comidas con un poco de sabor gourmet \u00a1desde tu propio kit de cultivo casero!<\/p>\n<p style=\"line-height: 1.5;\"><strong><span style=\"font-family: arial, helvetica, sans-serif; font-size: 16px;\">Kit de Inicio de Hierbas de Interior Preparado de 23 Piezas<\/span><\/strong><\/p>\n<p>Incluye todo lo necesario para cultivar deliciosas hierbas. Comience a cultivar sus hierbas desde la semilla y le guiaremos a trav\u00e9s de cada paso del proceso con facilidad. Los siguientes art\u00edculos est\u00e1n incluidos en el Kit de Jardiner\u00eda de Hierbas de Interior.<\/p>\n<p>5 paquetes de semillas personalizados<br \/>\n5 marcadores de madera para plantas<br \/>\n5 discos de tierra para macetas con certificaci\u00f3n OMRI<br \/>\n4 macetas de turba compostable certificadas por OMRI<\/p>\n<p style=\"line-height: 1.5;\"><strong>Cosas a tener en cuenta antes de empezar a plantar su kit de jardiner\u00eda de hierbas de interior<\/strong><\/p>\n<p style=\"line-height: 1.5;\">\n1. Elija una maceta adecuada:<\/p>\n<p style=\"line-height: 1.5;\">Las hierbas son plantas de ra\u00edces poco profundas, por lo que es mejor elegir una maceta poco profunda para plantarlas. Son m\u00e1s adecuadas las macetas de fibra vegetal y las de arcilla, ya que son m\u00e1s transpirables. Coloque piedras granulares en el fondo de la maceta para mejorar el drenaje y evitar que se obstruya.<\/p>\n<p style=\"line-height: 1.5;\">\n2. Colocaci\u00f3n de plantas en macetas:<\/p>\n<p style=\"line-height: 1.5;\">Las hierbas pueden crecer en zonas con luz difusa, pero prosperan si se les garantizan 5-6 horas de luz refractada al d\u00eda. En verano, col\u00f3quelas en un balc\u00f3n orientado al sur. Para evitar el marchitamiento y la decoloraci\u00f3n de las hojas, no las exponga a una luz solar intensa.<\/p>\n<p style=\"line-height: 1.5;\">\n3. Suelo:<\/p>\n<p style=\"line-height: 1.5;\">Las hierbas crecen bien en suelos bien drenados, aireados, sueltos y f\u00e9rtiles. As\u00ed que mant\u00e9n la tierra en buenas condiciones, sin apelmazar ni resecar.<\/p>\n<p style=\"line-height: 1.5;\">\n4. Siembra:<\/p>\n<p style=\"line-height: 1.5;\">Remoje las semillas durante 24 horas antes de sembrarlas para mejorar la germinaci\u00f3n.<\/p>\n<p style=\"line-height: 1.5;\">\n5. Fertilizaci\u00f3n:<\/p>\n<p style=\"line-height: 1.5;\">Ten cuidado al regar tus hierbas y no riegues en exceso ni pases largos periodos de tiempo sin hacerlo.<\/p>","protected":false},"excerpt":{"rendered":"<p>Certificado USDA org\u00e1nico no GMO - 5 semillas de hierbas albahaca, cilantro, perejil, salvia, tomillo, tierra para macetas, kit de plantas - DIY cocina de interior kit de jardiner\u00eda de hierbas<\/p>","protected":false},"featured_media":13325,"comment_status":"open","ping_status":"closed","template":"","meta":[],"product_cat":[50],"product_tag":[180,183,179,176,181,177,56,57,178,182],"acf":[],"_links":{"self":[{"href":"https:\/\/www.garden-kit.com\/es\/wp-json\/wp\/v2\/product\/1526"}],"collection":[{"href":"https:\/\/www.garden-kit.com\/es\/wp-json\/wp\/v2\/product"}],"about":[{"href":"https:\/\/www.garden-kit.com\/es\/wp-json\/wp\/v2\/types\/product"}],"replies":[{"embeddable":true,"href":"https:\/\/www.garden-kit.com\/es\/wp-json\/wp\/v2\/comments?post=1526"}],"wp:featuredmedia":[{"embeddable":true,"href":"https:\/\/www.garden-kit.com\/es\/wp-json\/wp\/v2\/media\/13325"}],"wp:attachment":[{"href":"https:\/\/www.garden-kit.com\/es\/wp-json\/wp\/v2\/media?parent=1526"}],"wp:term":[{"taxonomy":"product_cat","embeddable":true,"href":"https:\/\/www.garden-kit.com\/es\/wp-json\/wp\/v2\/product_cat?post=1526"},{"taxonomy":"product_tag","embeddable":true,"href":"https:\/\/www.garden-kit.com\/es\/wp-json\/wp\/v2\/product_tag?post=1526"}],"curies":[{"name":"wp","href":"https:\/\/api.w.org\/{rel}","templated":true}]}}