{"id":1591,"date":"2022-08-24T00:26:22","date_gmt":"2022-08-23T16:26:22","guid":{"rendered":"http:\/\/www.garden-kit.com\/product\/heirloom-lettuce-leafy-vegetable-seeds\/"},"modified":"2023-03-31T16:38:43","modified_gmt":"2023-03-31T08:38:43","slug":"heirloom-lettuce-leafy-vegetable-seeds","status":"publish","type":"product","link":"https:\/\/www.garden-kit.com\/es\/product\/heirloom-lettuce-leafy-vegetable-seeds\/","title":{"rendered":"Semillas de hortalizas de hoja de lechuga reliquia"},"content":{"rendered":"<pre><span style=\"font-family: arial, helvetica, sans-serif;font-size: 16px\">Paquetes de 10 variedades de semillas de lechugas y verduras de hoja verde. Podemos proporcionar paquetes personalizados porque somos una f\u00e1brica y estamos en una posici\u00f3n \u00fanica para obtener nuestras semillas y centrarnos en el cultivo de semillas. Nuestros productos son exclusivos para comerciantes de comercio electr\u00f3nico, hemos servido a cientos de vendedores minoristas y nuestro servicio es fundamental para proporcionar semillas de vegetales tradicionales de alta calidad.<br \/><br \/><\/span><\/pre>\n<table style=\"border-collapse: collapse;width: 100%;height: 300px\">\n<tbody>\n<tr>\n<td width=\"224\">\n<pre><span style=\"font-family: arial, helvetica, sans-serif;font-size: 16px\">Instrucciones de cuidado del producto<\/span><\/pre>\n<\/td>\n<td width=\"224\">\n<pre><span style=\"font-family: arial, helvetica, sans-serif;font-size: 16px\">Disponible<\/span><\/pre>\n<\/td>\n<\/tr>\n<tr>\n<td width=\"224\">\n<pre><span style=\"font-family: arial, helvetica, sans-serif;font-size: 16px\">Tipo de producto vegetal<\/span><\/pre>\n<\/td>\n<td width=\"224\">\n<pre><span style=\"font-family: arial, helvetica, sans-serif;font-size: 16px\">Semillas de lechuga y verduras de hoja verde<\/span><\/pre>\n<\/td>\n<\/tr>\n<tr>\n<td width=\"224\">\n<pre><span style=\"font-family: arial, helvetica, sans-serif;font-size: 16px\">Caracter\u00edstica especial<\/span><\/pre>\n<\/td>\n<td width=\"224\">\n<pre><span style=\"font-family: arial, helvetica, sans-serif;font-size: 16px\">Cultivo Interior-Exterior<\/span><\/pre>\n<\/td>\n<\/tr>\n<tr>\n<td width=\"224\">\n<pre><span style=\"font-family: arial, helvetica, sans-serif;font-size: 16px\">Marca<\/span><\/pre>\n<\/td>\n<td width=\"224\">\n<pre><span style=\"font-family: arial, helvetica, sans-serif;font-size: 16px\">Juego de jard\u00edn<\/span><\/pre>\n<\/td>\n<\/tr>\n<tr>\n<td width=\"224\">\n<pre><span style=\"font-family: arial, helvetica, sans-serif;font-size: 16px\">Lugar de origen<\/span><\/pre>\n<\/td>\n<td width=\"224\">\n<pre><span style=\"font-family: arial, helvetica, sans-serif;font-size: 16px\">Fuji\u00e1n, China<\/span><\/pre>\n<\/td>\n<\/tr>\n<tr>\n<td width=\"224\">\n<pre><span style=\"font-family: arial, helvetica, sans-serif;font-size: 16px\">ODM\/OEM<\/span><\/pre>\n<\/td>\n<td width=\"224\">\n<pre><span style=\"font-family: arial, helvetica, sans-serif;font-size: 16px\">Disponible<\/span><\/pre>\n<\/td>\n<\/tr>\n<tr>\n<td width=\"224\">\n<pre><span style=\"font-family: arial, helvetica, sans-serif;font-size: 16px\">MOQ para pedidos personalizados<\/span><\/pre>\n<\/td>\n<td width=\"224\">\n<pre><span style=\"font-family: arial, helvetica, sans-serif;font-size: 16px\">3000 piezas<\/span><\/pre>\n<\/td>\n<\/tr>\n<tr>\n<td width=\"224\">\n<pre><span style=\"font-family: arial, helvetica, sans-serif;font-size: 16px\">costo de la muestra<\/span><\/pre>\n<\/td>\n<td width=\"224\">\n<pre><span style=\"font-family: arial, helvetica, sans-serif;font-size: 16px\">US$400\/muestra, devoluci\u00f3n completa despu\u00e9s del pedido de nosotros<\/span><\/pre>\n<\/td>\n<\/tr>\n<\/tbody>\n<\/table>\n<p><span style=\"font-family: arial, helvetica, sans-serif;font-size: 16px\"> Los siguientes elementos est\u00e1n incluidos en el kit. 10 variedades de lechuga y verduras de hojas verdes como r\u00facula r\u00facula, espinaca Bloomsdale, col rizada azul, repollo bok choi, lechuga Buttercruch, lechuga romana roja Cimmaron y m\u00e1s. 1 gu\u00eda de plantaci\u00f3n paso a paso 1 paquete personalizado 10 lechugas favoritas y b\u00f3vedas frondosas m\u00e1s etiqueta de planta adicional: comience a cultivar su propio jard\u00edn y coma lechugas o verduras de hoja verde totalmente naturales, saludables y sin OGM directamente de su jard\u00edn o jard\u00edn interior . <br \/>Preparaci\u00f3n de verduras de oto\u00f1o e invierno: plante sus semillas en el interior durante todo el a\u00f1o, construya su propio jard\u00edn de verduras de hoja verde y disfrute de deliciosas verduras y ensaladas durante todo el a\u00f1o. Estos se pueden utilizar como jardines interiores, kits de jardiner\u00eda o como camas de jard\u00edn al aire libre. Plante m\u00e1s para usar como surtidores o microvegetales. Reponga su kit de supervivencia de bolsa bugout con semillas de supervivencia de reliquia preparadas. 1600 SEMILLAS TOTALES Y DIRECTRICES DE CULTIVO DETALLADAS: nuestra variedad de paquetes de semillas tradicionales ofrece una amplia variedad de semillas con altas tasas de germinaci\u00f3n. Estas son excelentes semillas de lechuga para cultivar en interiores, exteriores o en sistemas hidrop\u00f3nicos como jardines colgantes. Tambi\u00e9n se incluye una gu\u00eda de cultivo en cada paquete. Un gran regalo para el jardinero-chef-sobreviviente- qu\u00e9 podr\u00eda ser mejor que darle al jardinero un abundante huerto con una gran colecci\u00f3n de semillas. Las semillas est\u00e1n contenidas en bolsas de mylar impermeables y resellables para mantener la frescura y la calidad de las semillas. Nuestra colecci\u00f3n de semillas iniciales de lechuga y verdes agrega una fortuna a su equipo y suministros de preparaci\u00f3n. <br \/><\/span><\/p><\/p>","protected":false},"excerpt":{"rendered":"<p>Lechuga Heirloom y Semillas de Vegetales de Hoja | Semillas de lechuga a granel sin OGM para plantar - Lechuga de mantequilla de iceberg romana, r\u00facula de espinaca de col rizada | 1600 Semillas hidrop\u00f3nicas para huertos dom\u00e9sticos, interiores o exteriores<\/p>","protected":false},"featured_media":13219,"comment_status":"open","ping_status":"closed","template":"","meta":[],"product_cat":[59],"product_tag":[565,76,302,290,282,81],"acf":[],"_links":{"self":[{"href":"https:\/\/www.garden-kit.com\/es\/wp-json\/wp\/v2\/product\/1591"}],"collection":[{"href":"https:\/\/www.garden-kit.com\/es\/wp-json\/wp\/v2\/product"}],"about":[{"href":"https:\/\/www.garden-kit.com\/es\/wp-json\/wp\/v2\/types\/product"}],"replies":[{"embeddable":true,"href":"https:\/\/www.garden-kit.com\/es\/wp-json\/wp\/v2\/comments?post=1591"}],"wp:featuredmedia":[{"embeddable":true,"href":"https:\/\/www.garden-kit.com\/es\/wp-json\/wp\/v2\/media\/13219"}],"wp:attachment":[{"href":"https:\/\/www.garden-kit.com\/es\/wp-json\/wp\/v2\/media?parent=1591"}],"wp:term":[{"taxonomy":"product_cat","embeddable":true,"href":"https:\/\/www.garden-kit.com\/es\/wp-json\/wp\/v2\/product_cat?post=1591"},{"taxonomy":"product_tag","embeddable":true,"href":"https:\/\/www.garden-kit.com\/es\/wp-json\/wp\/v2\/product_tag?post=1591"}],"curies":[{"name":"wp","href":"https:\/\/api.w.org\/{rel}","templated":true}]}}