{"id":1640,"date":"2022-08-24T00:31:07","date_gmt":"2022-08-23T16:31:07","guid":{"rendered":"http:\/\/www.garden-kit.com\/product\/plantable-seed-paper-notebook\/"},"modified":"2024-02-04T16:30:07","modified_gmt":"2024-02-04T08:30:07","slug":"seed-paper-notebook","status":"publish","type":"product","link":"https:\/\/www.garden-kit.com\/es\/product\/seed-paper-notebook\/","title":{"rendered":"Cuaderno de papel con semillas A4"},"content":{"rendered":"<h3 style=\"font-size: 19px\">Mini cuaderno de papel de semillas plantables:<\/h3>\n<p style=\"font-size: 16px;line-height: 1.5\"><span style=\"font-family: 'PingFang SC', 'Microsoft YaHei', sans-serif;font-size: 16px\">Es f\u00e1cil: nosotros nos encargamos de todas las conjeturas sobre el cultivo de semillas de flores silvestres y sicomoros, gui\u00e1ndole en cada paso del proceso. Todo lo que necesita para llevar la alegr\u00eda de las flores silvestres y los sicomoros a su vida o a la de sus seres queridos se encuentra en una bonita caja de regalo de madera. \u00a1Pl\u00e1ntalo!<\/span><\/p>\n<p style=\"font-size: 16px;line-height: 1.5\"><span style=\"font-family: 'PingFang SC', 'Microsoft YaHei', sans-serif;font-size: 16px\"><\/span><\/p>\n<h3 style=\"font-size: 19px\">Descripci\u00f3n general<\/h3>\n<table style=\"border-collapse: collapse;width: 100%;height: 284px\">\n<tbody>\n<tr style=\"height: 35.5px\">\n<td width=\"298\" style=\"height: 35.5px\">\n<p style=\"font-size: 16px\"><span style=\"font-family: 'PingFang SC', 'Microsoft YaHei', sans-serif;font-size: 16px\">Instrucciones de cuidado del producto<\/span><\/p>\n<\/td>\n<td width=\"298\" style=\"height: 35.5px\">\n<p style=\"font-size: 16px\"><span style=\"font-family: 'PingFang SC', 'Microsoft YaHei', sans-serif;font-size: 16px\">Disponible<\/span><\/p>\n<\/td>\n<\/tr>\n<tr style=\"height: 35.5px\">\n<td width=\"298\" style=\"height: 35.5px\">\n<p style=\"font-size: 16px\"><span style=\"font-family: 'PingFang SC', 'Microsoft YaHei', sans-serif;font-size: 16px\">Tipo de producto vegetal<\/span><\/p>\n<\/td>\n<td width=\"298\" style=\"height: 35.5px\">\n<p style=\"font-size: 16px\"><span style=\"font-family: 'PingFang SC', 'Microsoft YaHei', sans-serif;font-size: 16px\">flor silvestre y sic\u00f3moro<\/span><\/p>\n<\/td>\n<\/tr>\n<tr style=\"height: 35.5px\">\n<td width=\"298\" style=\"height: 35.5px\">\n<p style=\"font-size: 16px\"><span style=\"font-family: 'PingFang SC', 'Microsoft YaHei', sans-serif;font-size: 16px\">Caracter\u00edstica especial<\/span><\/p>\n<\/td>\n<td width=\"298\" style=\"height: 35.5px\">\n<p style=\"font-size: 16px\"><span style=\"font-family: 'PingFang SC', 'Microsoft YaHei', sans-serif;font-size: 16px\">Cultivo Interior-Exterior<\/span><\/p>\n<\/td>\n<\/tr>\n<tr style=\"height: 35.5px\">\n<td width=\"298\" style=\"height: 35.5px\">\n<p style=\"font-size: 16px\"><span style=\"font-family: 'PingFang SC', 'Microsoft YaHei', sans-serif;font-size: 16px\">Marca<\/span><\/p>\n<\/td>\n<td width=\"298\" style=\"height: 35.5px\">\n<p style=\"font-size: 16px\"><span style=\"font-family: 'PingFang SC', 'Microsoft YaHei', sans-serif;font-size: 16px\">Juego de jard\u00edn<\/span><\/p>\n<\/td>\n<\/tr>\n<tr style=\"height: 35.5px\">\n<td width=\"298\" style=\"height: 35.5px\">\n<p style=\"font-size: 16px\"><span style=\"font-family: 'PingFang SC', 'Microsoft YaHei', sans-serif;font-size: 16px\">Lugar de origen<\/span><\/p>\n<\/td>\n<td width=\"298\" style=\"height: 35.5px\">\n<p style=\"font-size: 16px\"><span style=\"font-family: 'PingFang SC', 'Microsoft YaHei', sans-serif;font-size: 16px\">Fuji\u00e1n, China<\/span><\/p>\n<\/td>\n<\/tr>\n<tr style=\"height: 35.5px\">\n<td width=\"298\" style=\"height: 35.5px\">\n<p style=\"font-size: 16px\"><span style=\"font-family: 'PingFang SC', 'Microsoft YaHei', sans-serif;font-size: 16px\">ODM\/OEM<\/span><\/p>\n<\/td>\n<td width=\"298\" style=\"height: 35.5px\">\n<p style=\"font-size: 16px\"><span style=\"font-family: 'PingFang SC', 'Microsoft YaHei', sans-serif;font-size: 16px\">Disponible<\/span><\/p>\n<\/td>\n<\/tr>\n<tr style=\"height: 35.5px\">\n<td width=\"298\" style=\"height: 35.5px\">\n<p style=\"font-size: 16px\"><span style=\"font-family: 'PingFang SC', 'Microsoft YaHei', sans-serif;font-size: 16px\">MOQ para pedidos personalizados<\/span><\/p>\n<\/td>\n<td width=\"298\" style=\"height: 35.5px\">\n<p style=\"font-size: 16px\"><span style=\"font-family: 'PingFang SC', 'Microsoft YaHei', sans-serif;font-size: 16px\">3000 piezas<\/span><\/p>\n<\/td>\n<\/tr>\n<tr style=\"height: 35.5px\">\n<td width=\"298\" style=\"height: 35.5px\">\n<p style=\"font-size: 16px\"><span style=\"font-family: 'PingFang SC', 'Microsoft YaHei', sans-serif;font-size: 16px\">costo de la muestra<\/span><\/p>\n<\/td>\n<td width=\"298\" style=\"height: 35.5px\">\n<p style=\"font-size: 16px\"><span style=\"font-family: 'PingFang SC', 'Microsoft YaHei', sans-serif;font-size: 16px\">US$400\/muestra, devoluci\u00f3n completa despu\u00e9s de un pedido nuestro<\/span><\/p>\n<\/td>\n<\/tr>\n<\/tbody>\n<\/table>\n<p style=\"font-size: 16px;line-height: 1.5\">\n<p style=\"text-align: center;line-height: 1.5\"><span style=\"font-size: 16px;font-family: 'PingFang SC', 'Microsoft YaHei', sans-serif\"><img decoding=\"async\" src=\"https:\/\/data.adwebcloud.com\/public\/material\/2206293ihquj\/product\/aqraujzv39_1661253406817.jpg\" alt=\"ejemplo\" width=\"50%\" title=\"\"><img decoding=\"async\" src=\"https:\/\/data.adwebcloud.com\/public\/material\/2206293ihquj\/product\/ulill9rqog_1661253337582.jpg\" alt=\"ejemplo\" width=\"50%\" title=\"\"> &nbsp;<\/span><\/p>\n<h3 style=\"font-size: 19px\">El kit Cuaderno de papel de semillas incluye los siguientes art\u00edculos:<\/h3>\n<p style=\"line-height: 1.5\"><span style=\"font-family: 'PingFang SC', 'Microsoft YaHei', sans-serif;font-size: 16px\">1 cuaderno con tapa de papel semilla plantable<\/span><\/p>\n<p style=\"line-height: 1.5\"><span style=\"font-family: 'PingFang SC', 'Microsoft YaHei', sans-serif;font-size: 16px\">1 Gu\u00eda de plantaci\u00f3n paso a paso<\/span><\/p>\n<p style=\"line-height: 1.5\"><span style=\"font-family: 'PingFang SC', 'Microsoft YaHei', sans-serif;font-size: 16px\">1 caja artesanal personalizada<\/span><\/p>\n<p style=\"line-height: 1.5\"><span style=\"font-family: 'PingFang SC', 'Microsoft YaHei', sans-serif;font-size: 16px\">Microcuadernos de papel con semillas plantables<\/span><\/p>\n<p style=\"line-height: 1.5\"><span style=\"font-family: 'PingFang SC', 'Microsoft YaHei', sans-serif;font-size: 16px\">\u00a1Mini cuadernos plantables hechos con papel semilla!<\/span><\/p>\n<p style=\"line-height: 1.5\"><span style=\"font-family: 'PingFang SC', 'Microsoft YaHei', sans-serif;font-size: 16px\">100% Papel ecol\u00f3gico hecho a mano, reciclable y biodegradable con semillas de flores silvestres y sic\u00f3moros.<\/span><\/p>\n<p style=\"line-height: 1.5\"><span style=\"font-family: 'PingFang SC', 'Microsoft YaHei', sans-serif;font-size: 16px\">Este cuaderno plantable 100% est\u00e1 hecho de papel de desecho y una mezcla de semillas de sic\u00f3moro y flores silvestres.<\/span><\/p>\n<p style=\"line-height: 1.5\"><span style=\"font-family: 'PingFang SC', 'Microsoft YaHei', sans-serif;font-size: 16px\">\u2013 Remojar el papel semilla en agua durante la noche.<\/span><\/p>\n<p style=\"line-height: 1.5\"><span style=\"font-family: 'PingFang SC', 'Microsoft YaHei', sans-serif;font-size: 16px\">\u2013 Plante el papel de semilla h\u00famedo en el suelo preparado a una profundidad de aproximadamente 1\/4 de pulgada.<\/span><\/p>\n<p style=\"line-height: 1.5\"><span style=\"font-family: 'PingFang SC', 'Microsoft YaHei', sans-serif;font-size: 16px\">- Riega el pozo, sobre todo durante las primeras cuatro o seis semanas.<\/span><\/p>\n<p style=\"line-height: 1.5\"><span style=\"font-family: 'PingFang SC', 'Microsoft YaHei', sans-serif;font-size: 16px\">Plante papel al aire libre en los meses fr\u00edos hasta principios de la primavera. La siembra de oto\u00f1o aprovechar\u00e1 las lluvias de invierno para traer flores tempranas de primavera. Plante en el interior en cualquier momento, luego trasplante a un lugar m\u00e1s permanente a principios de la primavera.<\/span><\/p>\n<p style=\"line-height: 1.5\"><span style=\"font-family: 'PingFang SC', 'Microsoft YaHei', sans-serif;font-size: 16px\">4,72 x 3,15 pulgadas (8 \u00d7 12 cm)<\/span><\/p>\n<p style=\"line-height: 1.5\"><span style=\"font-family: 'PingFang SC', 'Microsoft YaHei', sans-serif;font-size: 16px\">Papel de siembra 8\/16, incluida la cubierta<\/span><\/p>\n<p style=\"line-height: 1.5\"><span style=\"font-family: 'PingFang SC', 'Microsoft YaHei', sans-serif;font-size: 16px\">Es f\u00e1cil escribir con cualquier bol\u00edgrafo.<\/span><\/p>\n<p style=\"line-height: 1.5\"><span style=\"font-family: 'PingFang SC', 'Microsoft YaHei', sans-serif;font-size: 16px\">La parte posterior contiene instrucciones de crecimiento.<\/span><\/p>\n<p style=\"font-size: 16px;line-height: 1.5\">\n<h3 style=\"font-size: 19px\">Caracter\u00edsticas del cuaderno de papel con semillas:<\/h3>\n<p style=\"line-height: 1.5\"><span style=\"font-family: 'PingFang SC', 'Microsoft YaHei', sans-serif;font-size: 16px\">El papel con semillas tambi\u00e9n se puede llamar papel de vida. En el proceso de fabricaci\u00f3n del papel, se agregan semillas de plantas a la pulpa de madera, que luego se utiliza para ventilar y secar.<\/span><br \/><span style=\"font-family: 'PingFang SC', 'Microsoft YaHei', sans-serif;font-size: 16px\">De este modo, las vigorosas semillas del papel pueden echar brotes y estallar en nueva vida a la temperatura y humedad adecuadas.<\/span><br \/><span style=\"font-family: 'PingFang SC', 'Microsoft YaHei', sans-serif;font-size: 16px\">Gracias a la creatividad \u00fanica y la protecci\u00f3n del medio ambiente del papel con semillas, combinado con la impresi\u00f3n tipogr\u00e1fica, puedes hacer postales, tarjetas de felicitaci\u00f3n, etiquetas colgantes, sobres, etc. con una textura y un toque \u00fanicos.<\/span><\/p>\n<p style=\"line-height: 1.5\"><span style=\"font-family: 'PingFang SC', 'Microsoft YaHei', sans-serif;font-size: 16px\">Utilice una invitaci\u00f3n de boda hecha con semillas de diente de le\u00f3n para invitar a parientes y amigos a compartir la alegr\u00eda y enterrar la esperanza; utilice un par de semillas de girasol de albaricoque para sumergirse en el mundo del ritmo; y lo que queda no es basura. Es una semilla llena de vitalidad; una postal hecha con una semilla de girasol amarillo sirve para escribir un mensaje y plantar un deseo.<\/span><\/p>\n<p style=\"line-height: 1.5\"><span style=\"font-family: 'PingFang SC', 'Microsoft YaHei', sans-serif;font-size: 18px\"><\/span><\/p>\n<h3 style=\"font-size: 19px\">Exhortaci\u00f3n \u00edntima<\/h3>\n<ol>\n<li style=\"line-height: 1.5\"><span style=\"font-family: 'PingFang SC', 'Microsoft YaHei', sans-serif;font-size: 16px\">Despu\u00e9s de plantar el papel con semillas, no lo exponga directamente a la luz solar.<\/span><\/li>\n<li style=\"line-height: 1.5\"><span style=\"font-family: 'PingFang SC', 'Microsoft YaHei', sans-serif;font-size: 16px\">Hace calor y el agua se evapora demasiado r\u00e1pido. Recuerda a\u00f1adir agua a las macetas de papel de siembra, mantenerlas h\u00famedas y colocarlas en un lugar ventilado para evitar que est\u00e9n demasiado h\u00famedas y herm\u00e9ticas.<\/span><\/li>\n<li style=\"line-height: 1.5\"><span style=\"font-family: 'PingFang SC', 'Microsoft YaHei', sans-serif;font-size: 16px\">Cuando llueve, las zonas interior y exterior pueden estar demasiado h\u00famedas. Por favor, recuerda no regarlo en exceso y aseg\u00farate de colocarlo en un lugar ventilado.<\/span><\/li>\n<li style=\"line-height: 1.5\"><span style=\"font-family: 'PingFang SC', 'Microsoft YaHei', sans-serif;font-size: 16px\">Debido a los distintos m\u00e9todos de plantaci\u00f3n o a las diferencias en las condiciones ambientales (temperatura del suelo, luz y humedad), la velocidad y los resultados de la germinaci\u00f3n y el crecimiento tambi\u00e9n ser\u00e1n diferentes. Cultivar plantas requiere tiempo de elaboraci\u00f3n, as\u00ed como cuidados y espera pacientes.<\/span><\/li>\n<li style=\"line-height: 1.5\"><span style=\"font-family: 'PingFang SC', 'Microsoft YaHei', sans-serif;font-size: 16px\">Si las semillas no germinan, la raz\u00f3n m\u00e1s probable es que no haya suficiente agua o que \u00e9sta se haya cortado. Por lo general, las semillas de las plantas se despiertan y ponen en marcha el mecanismo de germinaci\u00f3n tras absorber suficiente agua.<\/span><\/li>\n<\/ol>\n<h3 style=\"font-size: 19px\"><strong>\u00bfQu\u00e9 es el papel para semillas A4?<\/strong><\/h3>\n<p>El papel de semillas A4 es un tipo de papel hecho a mano con peque\u00f1as semillas incrustadas. Es una alternativa ecol\u00f3gica y sostenible al papel convencional, que suele fabricarse con \u00e1rboles y contribuye a la deforestaci\u00f3n. Las semillas incrustadas en el papel de semillas suelen ser de flores, hierbas u hortalizas, dependiendo del producto espec\u00edfico. Una vez que hayas utilizado tu papel de semillas A4 para escribir o imprimir, puedes plantarlo en la tierra y, con los cuidados adecuados, brotar\u00e1 y se convertir\u00e1 en hermosas plantas. El papel de semillas combina eficazmente el arte de escribir con la alegr\u00eda de alimentar la vida, transformando los art\u00edculos de papeler\u00eda en un medio de impacto medioambiental positivo.<\/p>\n<h3 style=\"font-size: 19px\"><strong>\u00bfC\u00f3mo se fabrica el papel de siembra A4?<\/strong><\/h3>\n<p>El proceso de creaci\u00f3n del papel para semillas es un testimonio del ingenio humano y del compromiso con una vida sostenible. Estos son los pasos clave para fabricar papel de siembra A4:<\/p>\n<ul>\n<li>\n<p><strong>Recogida de papel reciclado:<\/strong> La producci\u00f3n de papel de siembra comienza con la recogida de papel reciclado. Este papel puede proceder de diversas fuentes, como peri\u00f3dicos desechados, viejos documentos de oficina o envases de cart\u00f3n usados. El uso de papel reciclado es una parte esencial del aspecto sostenible del papel de siembra.<\/p>\n<\/li>\n<li>\n<p><strong>Despulpado y triturado:<\/strong> El papel reciclado recogido se despulpa y se tritura hasta obtener una pasta fina. El objetivo es descomponer el papel en peque\u00f1as fibras que puedan reformarse en nuevas hojas.<\/p>\n<\/li>\n<li>\n<p><strong>A\u00f1adir semillas:<\/strong> Una vez que la pasta de papel est\u00e1 lista, se le a\u00f1aden las semillas. La elecci\u00f3n de las semillas puede variar, pero las opciones m\u00e1s populares incluyen flores silvestres, hierbas como la albahaca o el tomillo, e incluso verduras como la zanahoria o la lechuga. Las semillas se mezclan uniformemente con la pulpa.<\/p>\n<\/li>\n<li>\n<p><strong>Formaci\u00f3n de hojas:<\/strong> La pulpa infusionada con semillas se vierte en grandes moldes planos, donde se distribuye uniformemente para formar finas hojas de papel de semillas A4. Estas hojas se dejan secar de forma natural.<\/p>\n<\/li>\n<li>\n<p><strong>Corte y envasado:<\/strong> Una vez que las hojas de papel de semillas est\u00e1n completamente secas, se cortan en el conocido tama\u00f1o A4. A continuaci\u00f3n, se empaquetan y se preparan para su uso.<\/p>\n<\/li>\n<\/ul>\n<h3 style=\"font-size: 19px\"><strong>Ventajas medioambientales del papel de siembra A4<\/strong><\/h3>\n<p>El uso de papel de siembra ofrece multitud de ventajas medioambientales, lo que lo convierte en una opci\u00f3n atractiva para quienes buscan reducir su huella ecol\u00f3gica:<\/p>\n<ul>\n<li>\n<p><strong>Reduce la deforestaci\u00f3n:<\/strong> El papel de semillas es una alternativa sostenible al papel tradicional, que depende de los \u00e1rboles como materia prima principal. Al elegir papel de semillas A4, contribuyes a la conservaci\u00f3n de los bosques y a la protecci\u00f3n de los pulmones verdes de nuestro planeta.<\/p>\n<\/li>\n<li>\n<p><strong>Residuos cero:<\/strong> El uso de papel reciclado en la producci\u00f3n de papel de siembra ayuda a reducir los residuos y apoya las iniciativas de reciclaje. Este enfoque de cero residuos minimiza el impacto medioambiental del proceso de fabricaci\u00f3n del papel.<\/p>\n<\/li>\n<li>\n<p><strong>Promueve la biodiversidad:<\/strong> La plantaci\u00f3n de papel con semillas no s\u00f3lo evita los residuos, sino que tambi\u00e9n fomenta la biodiversidad. Las semillas incrustadas se convierten en una variedad de plantas que atraen a los polinizadores y enriquecen los ecosistemas.<\/p>\n<\/li>\n<li>\n<p><strong>Reducci\u00f3n de la huella de carbono:<\/strong> Cultivar plantas con papel de siembra A4 puede absorber di\u00f3xido de carbono de la atm\u00f3sfera, ayudando a combatir el cambio clim\u00e1tico. La huella de carbono asociada a la producci\u00f3n y uso de papel de siembra es significativamente menor que la del papel convencional.<\/p>\n<\/li>\n<li>\n<p><strong>Valor educativo:<\/strong> El papel semilla tiene la ventaja a\u00f1adida de concienciar sobre cuestiones medioambientales. Proporciona una forma tangible de que las personas comprendan la importancia de la sostenibilidad y el papel que pueden desempe\u00f1ar en la conservaci\u00f3n de nuestro planeta.<\/p>\n<\/li>\n<\/ul>\n<p><strong>Aplicaciones del papel para semillas A4<\/strong><\/p>\n<p>El papel de semillas es incre\u00edblemente vers\u00e1til y puede utilizarse de diversas maneras. Estas son algunas de sus aplicaciones m\u00e1s populares:<\/p>\n<ul>\n<li>\n<p><strong>Tarjetas de felicitaci\u00f3n:<\/strong> El papel con semillas se utiliza habitualmente para crear tarjetas de felicitaci\u00f3n. Ya sea para cumplea\u00f1os, bodas u otras ocasiones especiales, el destinatario puede plantar estas tarjetas, lo que a\u00f1ade un toque \u00fanico y sostenible a sus felicitaciones.<\/p>\n<\/li>\n<li>\n<p><strong>Invitaciones:<\/strong> Las invitaciones de boda, las invitaciones de fiesta y los anuncios de eventos en papel de semillas A4 no s\u00f3lo son bonitos, sino que tambi\u00e9n ofrecen a los destinatarios la oportunidad de cultivar flores o hierbas como recuerdo duradero del evento.<\/p>\n<\/li>\n<li>\n<p><strong>Tarjetas de visita:<\/strong> Las empresas con conciencia ecol\u00f3gica suelen utilizar papel de semillas para sus tarjetas de visita. Esto no solo demuestra su compromiso con la sostenibilidad, sino que tambi\u00e9n deja una impresi\u00f3n duradera en clientes y socios.<\/p>\n<\/li>\n<li>\n<p><strong>Material promocional:<\/strong> Muchas empresas utilizan papel de siembra para materiales promocionales como folletos, octavillas y cat\u00e1logos. Los destinatarios pueden plantar estos materiales, creando una conexi\u00f3n tangible entre la marca y la conciencia medioambiental.<\/p>\n<\/li>\n<li>\n<p><strong>Papeler\u00eda:<\/strong> El papel A4 Seed Paper puede utilizarse para escribir cartas, crear diarios e incluso imprimir documentos. Su textura \u00fanica y su atractivo ecol\u00f3gico a\u00f1aden una dimensi\u00f3n adicional al acto de escribir.<\/p>\n<\/li>\n<li>\n<p><strong>Arte y artesan\u00eda:<\/strong> Los artistas y artesanos tambi\u00e9n encuentran en el papel de semillas un medio vers\u00e1til para crear obras de arte y proyectos artesanales \u00fanicos. Las semillas incrustadas a\u00f1aden un elemento de sorpresa y creatividad a sus piezas.<\/p>\n<\/li>\n<li>\n<p><strong>Herramientas educativas:<\/strong> El papel semilla puede utilizarse en entornos educativos para ense\u00f1ar a los alumnos sobre medio ambiente y sostenibilidad. Permite un aprendizaje pr\u00e1ctico, ya que los alumnos plantan y cuidan el papel para verlo crecer.<\/p>\n<\/li>\n<\/ul>\n<p><strong>C\u00f3mo plantar papel de siembra A4<\/strong><\/p>\n<p>Plantar papel de siembra es un proceso sencillo que cualquiera puede llevar a cabo. He aqu\u00ed c\u00f3mo hacerlo:<\/p>\n<ul>\n<li>\n<p><strong>Prepare una maceta o un arriate:<\/strong> Elija una maceta o parterre apropiado para el tipo de semillas incrustadas en el papel. Aseg\u00farate de que recibe suficiente luz solar y agua.<\/p>\n<\/li>\n<li>\n<p><strong>Remoje el papel:<\/strong> Antes de plantar, remoja el papel de siembra A4 en agua durante unas horas o toda la noche. Esto ayuda a ablandar el papel y activar las semillas.<\/p>\n<\/li>\n<li>\n<p><strong>Planta el papel:<\/strong> Una vez que el papel est\u00e9 suficientemente empapado, col\u00f3calo sobre la tierra de tu maceta o parterre. C\u00fabrelo con una fina capa de tierra o compost y ri\u00e9galo suavemente.<\/p>\n<\/li>\n<li>\n<p><strong>Proporcionar cuidados:<\/strong> Riegue el papel plantado con regularidad para mantener la tierra h\u00fameda pero no encharcada. Aseg\u00farate tambi\u00e9n de que recibe suficiente luz solar.<\/p>\n<\/li>\n<li>\n<p><strong>Mira c\u00f3mo crece:<\/strong> Con el tiempo, ver\u00e1s c\u00f3mo el papel se rompe y las semillas germinan. Con los cuidados adecuados, las semillas incrustadas brotar\u00e1n y se convertir\u00e1n en plantas vivaces.<\/p>\n<\/li>\n<\/ul>\n<h3 style=\"font-size: 19px\"><strong>Elegir el papel para semillas A4 adecuado<\/strong><\/h3>\n<p>A la hora de seleccionar el papel de semillas A4, es importante tener en cuenta el tipo de semillas que contiene. Existen diferentes tipos de papel para semillas con distintas opciones de semillas, como flores silvestres, hierbas y hortalizas. Su elecci\u00f3n debe estar en consonancia con el uso previsto y las plantas que le gustar\u00eda cultivar.<\/p>\n<p>Adem\u00e1s, tenga en cuenta el grosor y la textura del papel, ya que pueden afectar a la calidad de impresi\u00f3n y al aspecto general del proyecto. El papel de siembra A4 est\u00e1 disponible en varios grosores, desde fino y delicado hasta resistente y texturizado, para que encuentres el que mejor se adapte a tus necesidades.<\/p>\n<p>El papel de semillas es algo m\u00e1s que un producto de papeler\u00eda: es un poderoso s\u00edmbolo de nuestro compromiso con la conservaci\u00f3n del medio ambiente. Es un puente entre la palabra escrita y el mundo natural, que ofrece una forma tangible de contribuir positivamente al planeta. Al elegir papel de semillas A4 para sus necesidades personales o profesionales, est\u00e1 tomando una decisi\u00f3n consciente para reducir los residuos, promover la sostenibilidad y tener un impacto duradero.<\/p>","protected":false},"excerpt":{"rendered":"<p>Mini cuaderno de papel de semillas plantables: es f\u00e1cil: eliminamos las conjeturas sobre el cultivo de semillas de \u00e1rboles de sic\u00f3moro y flores silvestres, gui\u00e1ndolo en cada paso del camino. Todo lo que necesita para traer la alegr\u00eda de las flores silvestres y los sic\u00f3moros a su vida o la de su ser querido en una hermosa caja de regalo de madera. \u00a1Plantalo!<\/p><\/p>","protected":false},"featured_media":17743,"comment_status":"closed","ping_status":"closed","template":"","meta":[],"product_cat":[67],"product_tag":[663,668,665,610,454,456,582,82,609,667],"acf":[],"_links":{"self":[{"href":"https:\/\/www.garden-kit.com\/es\/wp-json\/wp\/v2\/product\/1640"}],"collection":[{"href":"https:\/\/www.garden-kit.com\/es\/wp-json\/wp\/v2\/product"}],"about":[{"href":"https:\/\/www.garden-kit.com\/es\/wp-json\/wp\/v2\/types\/product"}],"replies":[{"embeddable":true,"href":"https:\/\/www.garden-kit.com\/es\/wp-json\/wp\/v2\/comments?post=1640"}],"wp:featuredmedia":[{"embeddable":true,"href":"https:\/\/www.garden-kit.com\/es\/wp-json\/wp\/v2\/media\/17743"}],"wp:attachment":[{"href":"https:\/\/www.garden-kit.com\/es\/wp-json\/wp\/v2\/media?parent=1640"}],"wp:term":[{"taxonomy":"product_cat","embeddable":true,"href":"https:\/\/www.garden-kit.com\/es\/wp-json\/wp\/v2\/product_cat?post=1640"},{"taxonomy":"product_tag","embeddable":true,"href":"https:\/\/www.garden-kit.com\/es\/wp-json\/wp\/v2\/product_tag?post=1640"}],"curies":[{"name":"wp","href":"https:\/\/api.w.org\/{rel}","templated":true}]}}