{"id":1646,"date":"2022-08-24T00:31:47","date_gmt":"2022-08-23T16:31:47","guid":{"rendered":"http:\/\/www.garden-kit.com\/product\/forever-garden-tool-set\/"},"modified":"2023-03-31T16:31:53","modified_gmt":"2023-03-31T08:31:53","slug":"garden-tool-set","status":"publish","type":"product","link":"https:\/\/www.garden-kit.com\/es\/product\/garden-tool-set\/","title":{"rendered":"Juego de herramientas de jard\u00edn"},"content":{"rendered":"<h3 style=\"font-size: 19px\"><span style=\"font-family: arial, helvetica, sans-serif\">Descripci\u00f3n general<\/span><\/h3>\n<table style=\"border-collapse: collapse;width: 100%\">\n<tbody>\n<tr>\n<td width=\"224\">\n<pre><span style=\"font-family: arial, helvetica, sans-serif\">Instrucciones de cuidado del producto<\/span><\/pre>\n<\/td>\n<td width=\"224\">\n<pre><span style=\"font-family: arial, helvetica, sans-serif\">Disponible<\/span><\/pre>\n<\/td>\n<\/tr>\n<tr>\n<td width=\"224\">\n<pre><span style=\"font-family: arial, helvetica, sans-serif\">tipo de producto<\/span><\/pre>\n<\/td>\n<td width=\"224\">\n<pre><span style=\"font-family: arial, helvetica, sans-serif\">Juego de herramientas de jard\u00edn FOREVER\n<\/span><\/pre>\n<\/td>\n<\/tr>\n<tr>\n<td width=\"224\">\n<pre><span style=\"font-family: arial, helvetica, sans-serif\">Caracter\u00edstica especial<\/span><\/pre>\n<\/td>\n<td width=\"224\">\n<pre><span style=\"font-family: arial, helvetica, sans-serif\">Cultivo Interior-Exterior<\/span><\/pre>\n<\/td>\n<\/tr>\n<tr>\n<td width=\"224\">\n<pre><span style=\"font-family: arial, helvetica, sans-serif\">Marca<\/span><\/pre>\n<\/td>\n<td width=\"224\">\n<pre><span style=\"font-family: arial, helvetica, sans-serif\">Juego de jard\u00edn<\/span><\/pre>\n<\/td>\n<\/tr>\n<tr>\n<td width=\"224\">\n<pre><span style=\"font-family: arial, helvetica, sans-serif\">Lugar de origen<\/span><\/pre>\n<\/td>\n<td width=\"224\">\n<pre><span style=\"font-family: arial, helvetica, sans-serif\">Fuji\u00e1n, China<\/span><\/pre>\n<\/td>\n<\/tr>\n<tr>\n<td width=\"224\">\n<pre><span style=\"font-family: arial, helvetica, sans-serif\">ODM\/OEM<\/span><\/pre>\n<\/td>\n<td width=\"224\">\n<pre><span style=\"font-family: arial, helvetica, sans-serif\">Disponible<\/span><\/pre>\n<\/td>\n<\/tr>\n<tr>\n<td width=\"224\">\n<pre><span style=\"font-family: arial, helvetica, sans-serif\">MOQ para pedidos personalizados<\/span><\/pre>\n<\/td>\n<td width=\"224\">\n<pre><span style=\"font-family: arial, helvetica, sans-serif\">3000 piezas<\/span><\/pre>\n<\/td>\n<\/tr>\n<tr>\n<td width=\"224\">\n<pre><span style=\"font-family: arial, helvetica, sans-serif\">costo de la muestra<\/span><\/pre>\n<\/td>\n<td width=\"224\">\n<pre><span style=\"font-family: arial, helvetica, sans-serif\">US$400\/muestra, devoluci\u00f3n completa despu\u00e9s del pedido de nosotros<\/span><\/pre>\n<\/td>\n<\/tr>\n<\/tbody>\n<\/table>\n<h3 style=\"font-size: 19px\"><span style=\"font-family: arial, helvetica, sans-serif\">Descripci\u00f3n<\/span><\/h3>\n<p><span style=\"font-family: arial, helvetica, sans-serif\">El juego de herramientas de jard\u00edn kit de jard\u00edn para siempre es duradero. La robusta construcci\u00f3n de aluminio cepillado y el mango de dise\u00f1o ergon\u00f3mico hacen de este juego el nuevo amigo de los jardineros.<\/span><\/p>\n<p><span style=\"font-family: arial, helvetica, sans-serif\">Paleta de jard\u00edn<\/span><\/p>\n<p><span style=\"font-family: arial, helvetica, sans-serif\">Las paletas de jard\u00edn son ideales para cavar, esparcir tierra, hacer camas y plantar pl\u00e1ntulas.<\/span><\/p>\n<p><span style=\"font-family: arial, helvetica, sans-serif\">cultivador de jard\u00edn<\/span><\/p>\n<p><span style=\"font-family: arial, helvetica, sans-serif\">Los cultivadores de jard\u00edn son ideales para romper el suelo y desherbar.<\/span><\/p>\n<p><span style=\"font-family: arial, helvetica, sans-serif\">Este kit de calidad est\u00e1 disponible de por vida.<\/span><\/p>\n<pre><span style=\"font-family: arial, helvetica, sans-serif\">Los siguientes elementos est\u00e1n incluidos en el kit.<\/span><\/pre>\n<p><span style=\"font-family: arial, helvetica, sans-serif\">1 paleta de jard\u00edn<\/span><\/p>\n<p><span style=\"font-family: arial, helvetica, sans-serif\">1 cultivador de jard\u00edn<\/span><\/p>\n<p><span style=\"font-family: arial, helvetica, sans-serif\">1 caja de regalo personalizada<\/span><\/p>\n<p><span style=\"font-family: arial, helvetica, sans-serif\">Herramientas de aluminio macizo cepillado, correa de cuero para colgar. Embalaje 100% sin pl\u00e1stico.<\/span><\/p>\n<pre><span style=\"font-family: arial, helvetica, sans-serif\">C\u00f3mo utilizar<\/span><\/pre>\n<p><span style=\"font-family: arial, helvetica, sans-serif\">Retire las herramientas de jard\u00edn de los envases sin pl\u00e1stico. Por favor recicla.<\/span><\/p><\/p>","protected":false},"excerpt":{"rendered":"<p>Juego de herramientas de jard\u00edn<\/p>","protected":false},"featured_media":12980,"comment_status":"open","ping_status":"closed","template":"","meta":[],"product_cat":[63],"product_tag":[549,550,547,64,548],"acf":[],"_links":{"self":[{"href":"https:\/\/www.garden-kit.com\/es\/wp-json\/wp\/v2\/product\/1646"}],"collection":[{"href":"https:\/\/www.garden-kit.com\/es\/wp-json\/wp\/v2\/product"}],"about":[{"href":"https:\/\/www.garden-kit.com\/es\/wp-json\/wp\/v2\/types\/product"}],"replies":[{"embeddable":true,"href":"https:\/\/www.garden-kit.com\/es\/wp-json\/wp\/v2\/comments?post=1646"}],"wp:featuredmedia":[{"embeddable":true,"href":"https:\/\/www.garden-kit.com\/es\/wp-json\/wp\/v2\/media\/12980"}],"wp:attachment":[{"href":"https:\/\/www.garden-kit.com\/es\/wp-json\/wp\/v2\/media?parent=1646"}],"wp:term":[{"taxonomy":"product_cat","embeddable":true,"href":"https:\/\/www.garden-kit.com\/es\/wp-json\/wp\/v2\/product_cat?post=1646"},{"taxonomy":"product_tag","embeddable":true,"href":"https:\/\/www.garden-kit.com\/es\/wp-json\/wp\/v2\/product_tag?post=1646"}],"curies":[{"name":"wp","href":"https:\/\/api.w.org\/{rel}","templated":true}]}}