{"id":1658,"date":"2022-08-24T00:32:37","date_gmt":"2022-08-23T16:32:37","guid":{"rendered":"http:\/\/www.garden-kit.com\/product\/organic-all-purpose-fertilizer\/"},"modified":"2023-03-31T16:37:02","modified_gmt":"2023-03-31T08:37:02","slug":"organic-all-purpose-fertilizer","status":"publish","type":"product","link":"https:\/\/www.garden-kit.com\/es\/product\/organic-all-purpose-fertilizer\/","title":{"rendered":"Fertilizante org\u00e1nico de uso m\u00faltiple"},"content":{"rendered":"<p>La salud de las plantas no sucede por casualidad. Sus macizos de flores, huerta, paisajismo y plantas de interior requieren las condiciones adecuadas para crecer bien. Comience con nutrientes que enriquecen el suelo de su casa y jard\u00edn. Alimente a sus plantas desde la ra\u00edz con superalimentos org\u00e1nicos para que puedan crecer a su m\u00e1ximo potencial.<\/p>\n<p>Visite nuestra tienda para explorar nuestra variedad de fertilizantes org\u00e1nicos para jardiner\u00eda interior y exterior. Nuestros productos son mejores para el medio ambiente y seguros para usar cerca de ni\u00f1os y mascotas. Nos comprometemos a mejorar su suelo sin utilizar productos qu\u00edmicos nocivos. Nuestros fertilizantes para el hogar y el jard\u00edn refrescan el suelo y proporcionan nutrici\u00f3n a sus plantas para una ecolog\u00eda saludable.<\/p>\n<table style=\"font-family: sans-serif\">\n<tbody>\n<tr>\n<td width=\"224\">\n<pre><strong><b>Instrucciones de cuidado del producto<\/b><\/strong><\/pre>\n<\/td>\n<td width=\"224\">\n<pre>Disponible<\/pre>\n<\/td>\n<\/tr>\n<tr>\n<td width=\"224\">\n<pre><strong><b>tipo de producto<\/b><\/strong><\/pre>\n<\/td>\n<td width=\"224\">\n<pre>Fertilizante org\u00e1nico de uso m\u00faltiple\n\n\n<\/pre>\n<\/td>\n<\/tr>\n<tr>\n<td width=\"224\">\n<pre><strong><b>Caracter\u00edstica especial<\/b><\/strong><\/pre>\n<\/td>\n<td width=\"224\">\n<pre>Cultivo Interior-Exterior<\/pre>\n<\/td>\n<\/tr>\n<tr>\n<td width=\"224\">\n<pre><strong><b>Marca<\/b><\/strong><\/pre>\n<\/td>\n<td width=\"224\">\n<pre>Juego de jard\u00edn<\/pre>\n<\/td>\n<\/tr>\n<tr>\n<td width=\"224\">\n<pre><strong><b>Lugar de origen<\/b><\/strong><\/pre>\n<\/td>\n<td width=\"224\">\n<pre>Fuji\u00e1n, China<\/pre>\n<\/td>\n<\/tr>\n<tr>\n<td width=\"224\">\n<pre><strong><b>ODM\/OEM<\/b><\/strong><\/pre>\n<\/td>\n<td width=\"224\">\n<pre>Disponible<\/pre>\n<\/td>\n<\/tr>\n<tr>\n<td width=\"224\">\n<pre><strong><b>MOQ para pedidos personalizados<\/b><\/strong><\/pre>\n<\/td>\n<td width=\"224\">\n<pre>3000 piezas<\/pre>\n<\/td>\n<\/tr>\n<tr>\n<td width=\"224\">\n<pre><strong><b>costo de la muestra<\/b><\/strong><\/pre>\n<\/td>\n<td width=\"224\">\n<pre>US$400\/muestra, devoluci\u00f3n completa despu\u00e9s del pedido de nosotros<\/pre>\n<\/td>\n<\/tr>\n<\/tbody>\n<\/table>\n<pre><strong>Descripci\u00f3n<\/strong><\/pre>\n<p>Garden Kit Organic All Purpose Fertilizer se produce con orgullo en granjas familiares. A diferencia de los fertilizantes sint\u00e9ticos que alteran la salud del suelo, los fertilizantes Garden Kit trabajan con los microbios, hongos y materia org\u00e1nica beneficiosos en el suelo. Estas f\u00f3rmulas se mezclan a partir de fuentes de nutrientes org\u00e1nicos de la m\u00e1s alta calidad.<\/p>\n<p>El riego regular de sus plantas puede incluso mover los nutrientes en estos compuestos lo suficientemente lejos de las ra\u00edces de las plantas como para afectar negativamente el crecimiento de las ra\u00edces. Adem\u00e1s, los fertilizantes sint\u00e9ticos a menudo se fabrican a partir de recursos no renovables en lugar de materia org\u00e1nica. El fertilizante org\u00e1nico para el bienestar de las plantas es m\u00e1s efectivo.<\/p>\n<p>\u00bfC\u00f3mo utilizar mejor esta mezcla de fertilizantes org\u00e1nicos?<\/p>\n<p>Esta receta est\u00e1 especialmente dise\u00f1ada para cultivar tomates, vegetales y hierbas ricos en nutrientes y sabrosos. Proporciona todos los nutrientes que sus cultivos necesitan para prosperar mientras mejora naturalmente la fertilidad del suelo y la actividad microbiana.<\/p>\n<p>Garden Kit Fertilizer figura en OMRI y su calidad cumple o supera los requisitos establecidos por el Instituto Nacional de Programas Org\u00e1nicos del USDA.<\/p>\n<pre><strong>Los siguientes elementos est\u00e1n incluidos en el kit.<\/strong><\/pre>\n<p>Fertilizante org\u00e1nico de 10 oz, folleto instructivo detallado<\/p>\n<pre><strong>C\u00f3mo utilizar<\/strong><\/pre>\n<p>Para plantas nuevas, m\u00e9zclelo con la tierra circundante o con una mezcla para macetas. Para plantas plantadas, cubra el suelo todos los meses durante la temporada de crecimiento. Las tasas de aplicaci\u00f3n variar\u00e1n seg\u00fan el tama\u00f1o de la planta y el volumen del suelo. Siga las instrucciones detalladas en la caja del fertilizante para obtener mejores resultados.<\/p>\n<p><strong>Introducci\u00f3n<\/strong>:Fertilizante perfecto para todas las estaciones y de uso general, especialmente dise\u00f1ado para campos de golf, c\u00e9sped, c\u00e9sped, etc. La mezcla equilibrada de nutrientes (incluidos N, P, K y oligoelementos quelados como Mg, Ca, S, Fe, Mn, Cu, B, Zn, etc.) promueve el reverdecimiento y el crecimiento de las plantas; la concentraci\u00f3n de MU se puede ajustar para asegure el suplemento de un flujo lento y constante de nutrientes durante 30-120 d\u00edas; producto respetuoso con el medio ambiente con la menor filtraci\u00f3n.<\/p>\n<p><img decoding=\"async\" src=\"https:\/\/data.adwebcloud.com\/public\/material\/2206293ihquj\/product\/imageFile_1666532355466.jpg\" alt=\"1 6\" title=\"\"><\/p>\n<p>Nuestro objetivo es hacer que la jardiner\u00eda sea simple y accesible para cualquier persona, en cualquier lugar. Hay un gran valor en cultivar su propia comida y queremos que eso sea posible para todos.<br \/><img decoding=\"async\" src=\"https:\/\/data.adwebcloud.com\/public\/material\/2206293ihquj\/product\/imageFile_1666532452635.jpg\" alt=\"2 6\" title=\"\"><br \/><img decoding=\"async\" src=\"https:\/\/data.adwebcloud.com\/public\/material\/2206293ihquj\/product\/imageFile_1666532523115.jpg\" alt=\"3 6\" title=\"\"><br \/><img decoding=\"async\" src=\"https:\/\/data.adwebcloud.com\/public\/material\/2206293ihquj\/product\/imageFile_1666532527005.jpg\" alt=\"4 2\" title=\"\"><\/p>\n<p>Las plantas de su jard\u00edn pueden estar muriendo debido a un desequilibrio en la estructura de su suelo. En estas situaciones, aumentar la riqueza de su suelo tambi\u00e9n puede aumentar sus posibilidades de tener un jard\u00edn productivo. Sin embargo, siempre es una buena idea evaluar la acidez del suelo y los niveles de pH en su jard\u00edn antes de comenzar la aplicaci\u00f3n de fertilizantes. Una estrategia de no intervenci\u00f3n podr\u00eda f\u00e1cilmente ser tan da\u00f1ina como demasiado de algo bueno.<\/p>\n<p>Por ejemplo, el f\u00f3sforo, un ingrediente clave en la mayor\u00eda de los fertilizantes, solo es efectivo dentro de un rango estrecho de pH. Dado que estas sustancias con frecuencia son arrastradas por lluvias significativas y pueden terminar contaminando los r\u00edos adyacentes, agregar nutrientes excedentes o material org\u00e1nico tambi\u00e9n puede tener un impacto negativo en el ecosistema.<\/p>\n<p>Las plantas requieren una variedad de nutrientes para crecer correctamente, al igual que la mayor\u00eda de los dem\u00e1s seres vivos. Normalmente, estas bacterias del suelo se pueden encontrar en suelos sanos. Las plantas sufren cuando no lo son. Para compensar las deficiencias del suelo y permitir el crecimiento de las plantas en condiciones menos que \u00f3ptimas, se desarrollaron fertilizantes. Sin embargo, el nitr\u00f3geno (N), el f\u00f3sforo (P) y el potasio son los tres nutrientes principales incluidos en el fertilizante (K). Por lo general, tambi\u00e9n se enumeran en esa secuencia en las etiquetas.<\/p>\n<p>Por supuesto, existe una distinci\u00f3n entre fertilizantes sint\u00e9ticos y org\u00e1nicos, pero lo notar\u00e1, especialmente con el tiempo. Es bien sabido que con el tiempo, los fertilizantes sint\u00e9ticos disminuyen la calidad del suelo, da\u00f1ando la salud humana en el proceso. Para mejorar su jard\u00edn, necesita continuamente fertilizantes sint\u00e9ticos adicionales. Tambi\u00e9n se incluyen en los fertilizantes sint\u00e9ticos las sales. Estas sustancias no solo aumentan la acidez del suelo, sino que tambi\u00e9n disuaden a las lombrices de tierra.<\/p>\n<p>La naturaleza de trabajo lento de los fertilizantes org\u00e1nicos es beneficiosa si est\u00e1 buscando mejorar el suelo de su jard\u00edn con el tiempo. Sin embargo, este aspecto puede ser un inconveniente si buscas resultados instant\u00e1neos. Un buen compromiso org\u00e1nico cuando sus plantas necesitan un impulso de energ\u00eda repentino son los fertilizantes l\u00edquidos o los aerosoles foliares. Los jardineros tambi\u00e9n deben saber que los fertilizantes org\u00e1nicos son biol\u00f3gicamente activos, a diferencia de los fertilizantes inorg\u00e1nicos inactivos que tambi\u00e9n pueden provenir de fuentes naturales.&nbsp;<\/p>\n<p>Compra nuestra selecci\u00f3n de fertilizantes naturales para tu cultivo interior y exterior. Nuestros productos son seguros para usar cerca de ni\u00f1os y mascotas y son mejores para el planeta. Estamos comprometidos a mejorar su suelo sin productos qu\u00edmicos agresivos. Nuestros nutrientes para el hogar y el jard\u00edn proporcionan nutrientes a sus plantas y reponen el suelo para un ecosistema equilibrado.<\/p>\n<p>FERTILIZANTE multiusos. Contiene una mezcla de ingredientes naturales que incluyen harina de algas marinas y harina de alfalfa que est\u00e1n dise\u00f1ados para proporcionar una nutrici\u00f3n equilibrada para una amplia variedad de flores y plantas. Tambi\u00e9n se puede utilizar para abonar frutas y verduras, de forma natural.<\/p>\n<p>Sin embargo, los fertilizantes org\u00e1nicos ofrecen beneficios. Ocasionalmente, no hacen que el suelo forme una costra como lo hacen los fertilizantes inorg\u00e1nicos. Facilitan la penetraci\u00f3n del agua en el suelo y eventualmente le dan estructura. Los microorganismos ben\u00e9ficos se alimentan de materia org\u00e1nica, lo que facilita el trabajo del suelo.<\/p>\n<p>Pr\u00e1cticamente use fertilizantes org\u00e1nicos en la jardiner\u00eda org\u00e1nica de la misma manera que usar\u00eda fertilizantes qu\u00edmicos regulares. Si est\u00e1 comprando fertilizantes org\u00e1nicos prefabricados, el proceso es bastante simple. Lea las instrucciones en la caja y erre por el lado de la precauci\u00f3n cuando decida cu\u00e1nto aplicar. (Sugerencia: siempre es una buena idea evitar el uso de productos con olor fuerte como fertilizantes de emulsi\u00f3n de pescado en el interior).<\/p>\n<p>Esto implica que sus partes constituyentes est\u00e1n sujetas a envejecimiento y quiz\u00e1s a variaciones menores de lote a lote. Los fertilizantes org\u00e1nicos de alta calidad est\u00e1n m\u00e1s disponibles para sus plantas que los fertilizantes qu\u00edmicos, pero no son tan constantes. Son ideales para la agricultura ecol\u00f3gica por ello.<\/p>\n<p>Esta gama de productos de vanguardia est\u00e1 hecha para satisfacer los requisitos nutricionales de su c\u00e9sped y transferir esos nutrientes a los sistemas radiculares con la mayor eficiencia de absorci\u00f3n. Esta potente mezcla de productos qu\u00edmicos estimula una serie de reacciones biol\u00f3gicas y ambientales ventajosas en el suelo y la planta, lo que conduce a un sistema de ra\u00edces m\u00e1s profundo y robusto y a una densa y exuberante alfombra de vegetaci\u00f3n.<\/p><\/p>","protected":false},"excerpt":{"rendered":"<p>Garden Kit Organic All Purpose Fertilizer se produce con orgullo en granjas familiares. A diferencia de los fertilizantes sint\u00e9ticos que alteran la salud del suelo, los fertilizantes Garden Kit funcionan con los microbios, hongos y materia org\u00e1nica beneficiosos del suelo para alimentar las plantas, estimular el crecimiento y mejorar la fertilidad del suelo.<\/p>","protected":false},"featured_media":13129,"comment_status":"open","ping_status":"closed","template":"","meta":[],"product_cat":[63],"product_tag":[85],"acf":[],"_links":{"self":[{"href":"https:\/\/www.garden-kit.com\/es\/wp-json\/wp\/v2\/product\/1658"}],"collection":[{"href":"https:\/\/www.garden-kit.com\/es\/wp-json\/wp\/v2\/product"}],"about":[{"href":"https:\/\/www.garden-kit.com\/es\/wp-json\/wp\/v2\/types\/product"}],"replies":[{"embeddable":true,"href":"https:\/\/www.garden-kit.com\/es\/wp-json\/wp\/v2\/comments?post=1658"}],"wp:featuredmedia":[{"embeddable":true,"href":"https:\/\/www.garden-kit.com\/es\/wp-json\/wp\/v2\/media\/13129"}],"wp:attachment":[{"href":"https:\/\/www.garden-kit.com\/es\/wp-json\/wp\/v2\/media?parent=1658"}],"wp:term":[{"taxonomy":"product_cat","embeddable":true,"href":"https:\/\/www.garden-kit.com\/es\/wp-json\/wp\/v2\/product_cat?post=1658"},{"taxonomy":"product_tag","embeddable":true,"href":"https:\/\/www.garden-kit.com\/es\/wp-json\/wp\/v2\/product_tag?post=1658"}],"curies":[{"name":"wp","href":"https:\/\/api.w.org\/{rel}","templated":true}]}}