{"id":1663,"date":"2022-08-24T00:32:59","date_gmt":"2022-08-23T16:32:59","guid":{"rendered":"http:\/\/www.garden-kit.com\/product\/at-home-date-night-box\/"},"modified":"2023-03-31T15:01:01","modified_gmt":"2023-03-31T07:01:01","slug":"at-home-date-night-box","status":"publish","type":"product","link":"https:\/\/www.garden-kit.com\/es\/product\/at-home-date-night-box\/","title":{"rendered":"Caja de cita nocturna en casa"},"content":{"rendered":"<h3 style=\"line-height: 1.5;font-size: 19px\"><span style=\"font-family: arial, helvetica, sans-serif;font-size: 16px\">Descripci\u00f3n general<\/span><\/h3>\n<table style=\"border-collapse: collapse;width: 100%;height: 225.812px\" width=\"100%\">\n<tbody>\n<tr style=\"height: 27.625px\">\n<td style=\"height: 27.625px\" width=\"299\"><span style=\"font-family: arial, helvetica, sans-serif;font-size: 16px\">Instrucciones de cuidado del producto<\/span><\/td>\n<td style=\"height: 27.625px\" width=\"299\"><span style=\"font-family: arial, helvetica, sans-serif;font-size: 16px\">Disponible<\/span><\/td>\n<\/tr>\n<tr style=\"height: 27.625px\">\n<td style=\"height: 27.625px\" width=\"299\"><span style=\"font-family: arial, helvetica, sans-serif;font-size: 16px\">tipo de producto<\/span><\/td>\n<td style=\"height: 27.625px\" width=\"299\"><span style=\"font-family: arial, helvetica, sans-serif;font-size: 16px\">KIT PARA HACER GINEBRA<\/span><\/td>\n<\/tr>\n<tr style=\"height: 29.5px\">\n<td style=\"height: 29.5px\" width=\"299\"><span style=\"font-family: arial, helvetica, sans-serif;font-size: 16px\">Caracter\u00edstica especial<\/span><\/td>\n<td style=\"height: 29.5px\" width=\"299\"><span style=\"font-family: arial, helvetica, sans-serif;font-size: 16px\">Disfruta de la noche perfecta con este delicioso kit para citas nocturnas.<\/span><\/td>\n<\/tr>\n<tr style=\"height: 27.625px\">\n<td style=\"height: 27.625px\" width=\"299\"><span style=\"font-family: arial, helvetica, sans-serif;font-size: 16px\">Marca<\/span><\/td>\n<td style=\"height: 27.625px\" width=\"299\"><span style=\"font-family: arial, helvetica, sans-serif;font-size: 16px\">Juego de jard\u00edn<\/span><\/td>\n<\/tr>\n<tr style=\"height: 27.625px\">\n<td style=\"height: 27.625px\" width=\"299\"><span style=\"font-family: arial, helvetica, sans-serif;font-size: 16px\">Lugar de origen<\/span><\/td>\n<td style=\"height: 27.625px\" width=\"299\"><span style=\"font-family: arial, helvetica, sans-serif;font-size: 16px\">Fuji\u00e1n, China<\/span><\/td>\n<\/tr>\n<tr style=\"height: 27.625px\">\n<td style=\"height: 27.625px\" width=\"299\"><span style=\"font-family: arial, helvetica, sans-serif;font-size: 16px\">ODM\/OEM<\/span><\/td>\n<td style=\"height: 27.625px\" width=\"299\"><span style=\"font-family: arial, helvetica, sans-serif;font-size: 16px\">Disponible<\/span><\/td>\n<\/tr>\n<tr style=\"height: 27.625px\">\n<td style=\"height: 27.625px\" width=\"299\"><span style=\"font-family: arial, helvetica, sans-serif;font-size: 16px\">MOQ para pedidos personalizados<\/span><\/td>\n<td style=\"height: 27.625px\" width=\"299\"><span style=\"font-family: arial, helvetica, sans-serif;font-size: 16px\">3000 piezas<\/span><\/td>\n<\/tr>\n<tr style=\"height: 30.5625px\">\n<td style=\"height: 30.5625px\" width=\"299\"><span style=\"font-family: arial, helvetica, sans-serif;font-size: 16px\">costo de la muestra<\/span><\/td>\n<td style=\"height: 30.5625px\" width=\"299\"><span style=\"font-family: arial, helvetica, sans-serif;font-size: 16px\">US$400\/muestra, devoluci\u00f3n completa despu\u00e9s de un pedido nuestro<\/span><\/td>\n<\/tr>\n<\/tbody>\n<\/table>\n<p style=\"line-height: 1.5\">&nbsp;<\/p>\n<p style=\"line-height: 1.5\"><span style=\"font-family: arial, helvetica, sans-serif;font-size: 16px\">Mantenga vivo el romance y cree la cita nocturna familiar perfecta con la caja nocturna definitiva de Nelson and Pops. Con nuestras cajas de regalo para citas nocturnas, pueden disfrutar de la compa\u00f1\u00eda del otro mientras disfrutan de deliciosos malvaviscos tostados y una copa de prosecco. Para mayor romance, tenemos un conjunto de tarjetas de cita nocturna Garden Kit que incluyen 15 preguntas diferentes para que su pareja adivine. Obt\u00e9n la noche perfecta con este delicioso kit para citas nocturnas.<\/span><\/p>\n<p style=\"line-height: 1.5\"><span style=\"font-family: arial, helvetica, sans-serif;font-size: 16px\">Los siguientes elementos est\u00e1n incluidos en el kit.<\/span><\/p>\n<ul>\n<li style=\"line-height: 1.5\"><span style=\"font-family: arial, helvetica, sans-serif;font-size: 16px\">Tostadora de malvaviscos (se quema hasta por tres horas)<\/span><\/li>\n<li style=\"line-height: 1.5\"><span style=\"font-family: arial, helvetica, sans-serif;font-size: 16px\">Malvaviscos gourmet con sabor a frambuesa y chocolate blanco<\/span><\/li>\n<li style=\"line-height: 1.5\"><span style=\"font-family: arial, helvetica, sans-serif;font-size: 16px\">brochetas de bamb\u00fa<\/span><\/li>\n<li style=\"line-height: 1.5\"><span style=\"font-family: arial, helvetica, sans-serif;font-size: 16px\">botella de prosecco<\/span><\/li>\n<li style=\"line-height: 1.5\"><span style=\"font-family: arial, helvetica, sans-serif;font-size: 16px\">Tarjetas de citas nocturnas con 15 preguntas diferentes para hacerse el uno al otro<\/span><\/li>\n<\/ul>\n<p>No es ning\u00fan secreto que las citas nocturnas regulares pueden fortalecer su relaci\u00f3n; dicho esto, no todas las citas son iguales. Si bien no hay nada de malo en cenar y ver una pel\u00edcula, las investigaciones muestran que, a la larga, participar en actividades nuevas y emocionantes con su pareja puede acercarlos m\u00e1s. Por supuesto, pensar constantemente en nuevas ideas para citas rom\u00e1nticas es m\u00e1s f\u00e1cil decirlo que hacerlo, especialmente si est\u00e1s tratando de ahorrar algo de dinero (\u00a1una noche de cita t\u00edpica en los EE. UU. te costar\u00e1 m\u00e1s de $116 en promedio!).<\/p>\n<p>Ingrese a Date Night Box, que puede ofrecer nuevas formas divertidas para que usted y su pareja pasen tiempo juntos sin siquiera tener que salir de su casa, una opci\u00f3n particularmente buena si el clima le da ganas de acurrucarse o no quiere hacerlo. conseguir una ni\u00f1era para los ni\u00f1os. Despu\u00e9s de investigar un poco, hemos creado una lista de las mejores cajas para citas nocturnas para todo tipo de parejas. Aqu\u00ed encontrar\u00e1 opciones para parejas que disfrutan cocinar o hacer manualidades juntos, as\u00ed como algunos juegos y actividades divertidos dise\u00f1ados para que hablen, se r\u00edan y tal vez incluso aprendan algo nuevo sobre el otro en el camino.<\/p>\n<p>Si bien algunas de nuestras sugerencias son cajas de suscripci\u00f3n de citas nocturnas, lo que significa que recibir\u00e1 una nueva entrega de citas nocturnas todos los meses (\u00a1excelente si desea configurarlo y olvidarlo!), Otros son kits \u00fanicos que no requieren un compromiso de suscripci\u00f3n. Pero todos ellos promover\u00e1n un nivel de intimidad y conexi\u00f3n que durar\u00e1 mucho tiempo en la gran noche. Entonces, cuando la idea de desplazarse por la cola de Netflix y pedir comida para llevar comience a sentirse un poco obsoleta, ordene una o m\u00e1s de estas cajas y kits para citas nocturnas en interiores para la noche perfecta.<\/p><\/p>","protected":false},"excerpt":{"rendered":"<p>Obtenga la salida nocturna perfecta con este delicioso kit para citas nocturnas. Elija la fecha que m\u00e1s le convenga o incluso haga que se la entreguen mensualmente. \u00a1Disfr\u00fatalo en pijama, no se lo diremos a nadie!<\/p>","protected":false},"featured_media":12426,"comment_status":"open","ping_status":"closed","template":"","meta":[],"product_cat":[86],"product_tag":[87,518,519,521,520],"acf":[],"_links":{"self":[{"href":"https:\/\/www.garden-kit.com\/es\/wp-json\/wp\/v2\/product\/1663"}],"collection":[{"href":"https:\/\/www.garden-kit.com\/es\/wp-json\/wp\/v2\/product"}],"about":[{"href":"https:\/\/www.garden-kit.com\/es\/wp-json\/wp\/v2\/types\/product"}],"replies":[{"embeddable":true,"href":"https:\/\/www.garden-kit.com\/es\/wp-json\/wp\/v2\/comments?post=1663"}],"wp:featuredmedia":[{"embeddable":true,"href":"https:\/\/www.garden-kit.com\/es\/wp-json\/wp\/v2\/media\/12426"}],"wp:attachment":[{"href":"https:\/\/www.garden-kit.com\/es\/wp-json\/wp\/v2\/media?parent=1663"}],"wp:term":[{"taxonomy":"product_cat","embeddable":true,"href":"https:\/\/www.garden-kit.com\/es\/wp-json\/wp\/v2\/product_cat?post=1663"},{"taxonomy":"product_tag","embeddable":true,"href":"https:\/\/www.garden-kit.com\/es\/wp-json\/wp\/v2\/product_tag?post=1663"}],"curies":[{"name":"wp","href":"https:\/\/api.w.org\/{rel}","templated":true}]}}