{"id":1674,"date":"2022-08-24T00:33:49","date_gmt":"2022-08-23T16:33:49","guid":{"rendered":"http:\/\/www.garden-kit.com\/product\/seed-popper-3-options\/"},"modified":"2023-03-31T16:34:38","modified_gmt":"2023-03-31T08:34:38","slug":"popper-seeds","status":"publish","type":"product","link":"https:\/\/www.garden-kit.com\/es\/product\/popper-seeds\/","title":{"rendered":"Semillas de Popper"},"content":{"rendered":"<h3 style=\"font-size: 19px;line-height: 1.5\"><span style=\"font-size: 18px;font-family: arial, helvetica, sans-serif\">Los siguientes elementos est\u00e1n incluidos en el kit de semillas popper.<\/span><\/h3>\n<p style=\"line-height: 1.5\"><span style=\"font-size: 16px;font-family: arial, helvetica, sans-serif\">1) Popper de celebraci\u00f3n:<\/span><\/p>\n<p style=\"line-height: 1.5\"><span style=\"font-size: 16px;font-family: arial, helvetica, sans-serif\">Mezcla de bolas de semillas de c\u00f3ctel: menta, albahaca lim\u00f3n, tomillo, lavanda<\/span><\/p>\n<p style=\"line-height: 1.5\"><span style=\"font-size: 16px;font-family: arial, helvetica, sans-serif\">Mezcla de bolas de semillas de bienestar: salvia, b\u00e1lsamo de lim\u00f3n, equin\u00e1cea, manzanilla<\/span><\/p>\n<p style=\"line-height: 1.5\"><span style=\"font-size: 16px;font-family: arial, helvetica, sans-serif\">Mezcla de bolas de semillas de flores silvestres: equin\u00e1cea, hisopo de lavanda, Susan de ojos negros, Callistephus Duchesse, \u00e1ster mixto, bergamota silvestre<\/span><\/p>\n<p style=\"line-height: 1.5\"><span style=\"font-size: 16px;font-family: arial, helvetica, sans-serif\">2 ) 4 bolas de arcilla, coco y semillas sin OGM<\/span><\/p>\n<p style=\"line-height: 1.5\"><span style=\"font-size: 16px;font-family: arial, helvetica, sans-serif\">3) Confeti De Papel Kraft<\/span><\/p>\n<p style=\"line-height: 1.5\"><span style=\"font-size: 18px;font-family: arial, helvetica, sans-serif\"><\/span><\/p>\n<h3 style=\"font-size: 19px;line-height: 1.5\"><strong><span style=\"font-family: arial, helvetica, sans-serif;font-size: 18px\">Descripci\u00f3n general<\/span><\/strong><\/h3>\n<table style=\"border-collapse: collapse;width: 100%;height: 284px\">\n<tbody>\n<tr style=\"height: 35.5px\">\n<td width=\"224\" style=\"height: 35.5px\">\n<p style=\"font-size: 16px\"><span style=\"font-family: arial, helvetica, sans-serif;font-size: 16px\">Instrucciones de cuidado del producto<\/span><\/p>\n<\/td>\n<td width=\"224\" style=\"height: 35.5px\">\n<p style=\"font-size: 16px\"><span style=\"font-family: arial, helvetica, sans-serif;font-size: 16px\">Disponible<\/span><\/p>\n<\/td>\n<\/tr>\n<tr style=\"height: 35.5px\">\n<td width=\"224\" style=\"height: 35.5px\">\n<p style=\"font-size: 16px\"><span style=\"font-family: arial, helvetica, sans-serif;font-size: 16px\">Tipo de producto vegetal<\/span><\/p>\n<\/td>\n<td width=\"224\" style=\"height: 35.5px\">\n<p style=\"font-size: 16px\"><span style=\"font-family: arial, helvetica, sans-serif;font-size: 16px\">Flor silvestre<\/span><\/p>\n<\/td>\n<\/tr>\n<tr style=\"height: 35.5px\">\n<td width=\"224\" style=\"height: 35.5px\">\n<p style=\"font-size: 16px\"><span style=\"font-family: arial, helvetica, sans-serif;font-size: 16px\">Caracter\u00edstica especial<\/span><\/p>\n<\/td>\n<td width=\"224\" style=\"height: 35.5px\">\n<p style=\"font-size: 16px\"><span style=\"font-family: arial, helvetica, sans-serif;font-size: 16px\">Cultivo Interior-Exterior<\/span><\/p>\n<\/td>\n<\/tr>\n<tr style=\"height: 35.5px\">\n<td width=\"224\" style=\"height: 35.5px\">\n<p style=\"font-size: 16px\"><span style=\"font-family: arial, helvetica, sans-serif;font-size: 16px\">Marca<\/span><\/p>\n<\/td>\n<td width=\"224\" style=\"height: 35.5px\">\n<p style=\"font-size: 16px\"><span style=\"font-family: arial, helvetica, sans-serif;font-size: 16px\">Juego de jard\u00edn<\/span><\/p>\n<\/td>\n<\/tr>\n<tr style=\"height: 35.5px\">\n<td width=\"224\" style=\"height: 35.5px\">\n<p style=\"font-size: 16px\"><span style=\"font-family: arial, helvetica, sans-serif;font-size: 16px\">Lugar de origen<\/span><\/p>\n<\/td>\n<td width=\"224\" style=\"height: 35.5px\">\n<p style=\"font-size: 16px\"><span style=\"font-family: arial, helvetica, sans-serif;font-size: 16px\">Fuji\u00e1n, China<\/span><\/p>\n<\/td>\n<\/tr>\n<tr style=\"height: 35.5px\">\n<td width=\"224\" style=\"height: 35.5px\">\n<p style=\"font-size: 16px\"><span style=\"font-family: arial, helvetica, sans-serif;font-size: 16px\">ODM\/OEM<\/span><\/p>\n<\/td>\n<td width=\"224\" style=\"height: 35.5px\">\n<p style=\"font-size: 16px\"><span style=\"font-family: arial, helvetica, sans-serif;font-size: 16px\">Disponible<\/span><\/p>\n<\/td>\n<\/tr>\n<tr style=\"height: 35.5px\">\n<td width=\"224\" style=\"height: 35.5px\">\n<p style=\"font-size: 16px\"><span style=\"font-family: arial, helvetica, sans-serif;font-size: 16px\">MOQ para pedidos personalizados<\/span><\/p>\n<\/td>\n<td width=\"224\" style=\"height: 35.5px\">\n<p style=\"font-size: 16px\"><span style=\"font-family: arial, helvetica, sans-serif;font-size: 16px\">3000 piezas<\/span><\/p>\n<\/td>\n<\/tr>\n<tr style=\"height: 35.5px\">\n<td width=\"224\" style=\"height: 35.5px\">\n<p style=\"font-size: 16px\"><span style=\"font-family: arial, helvetica, sans-serif;font-size: 16px\">costo de la muestra<\/span><\/p>\n<\/td>\n<td width=\"224\" style=\"height: 35.5px\">\n<p style=\"font-size: 16px\"><span style=\"font-family: arial, helvetica, sans-serif;font-size: 16px\">US$400\/muestra, devoluci\u00f3n completa despu\u00e9s del pedido de nosotros<\/span><\/p>\n<\/td>\n<\/tr>\n<\/tbody>\n<\/table>\n<h3 style=\"font-size: 19px;line-height: 1.5\"><\/h3>\n<pre><img decoding=\"async\" src=\"https:\/\/data.adwebcloud.com\/public\/material\/2206293ihquj\/product\/ad0286orbo_1661252865177.jpg\" alt=\"ejemplo\" width=\"50%\" title=\"\"><img decoding=\"async\" src=\"https:\/\/data.adwebcloud.com\/public\/material\/2206293ihquj\/product\/t2bq7acmy0_1661252871302.jpg\" alt=\"ejemplo\" width=\"50%\" title=\"\">\n\n<\/pre>\n<h3 style=\"font-size: 19px;line-height: 1.5\"><span style=\"font-size: 18px;font-family: arial, helvetica, sans-serif\">Instrucciones de plantaci\u00f3n<\/span><\/h3>\n<p style=\"line-height: 1.5\"><strong><span style=\"font-size: 18px;font-family: arial, helvetica, sans-serif\">tama\u00f1o:<\/span><\/strong><\/p>\n<p style=\"line-height: 1.5\"><span style=\"font-size: 16px;font-family: arial, helvetica, sans-serif\">6,4 pulgadas de largo, 1,6 pulgadas de ancho, 1,6 pies de alto<\/span><\/p>\n<p style=\"line-height: 1.5\"><strong><span style=\"font-size: 18px;font-family: arial, helvetica, sans-serif\">Bienestar:<\/span><\/strong><\/p>\n<p style=\"line-height: 1.5\"><span style=\"font-size: 16px;font-family: arial, helvetica, sans-serif\">Inspirado en las galletas brit\u00e1nicas tradicionales, el Seed Picker celebra la siembra con un prop\u00f3sito. \u00a1Simplemente gira, revienta y planta!<\/span><\/p>\n<p style=\"line-height: 1.5\"><span style=\"font-size: 16px;font-family: arial, helvetica, sans-serif\">Cada popper incluye cuatro bolas de semillas (que consisten en arcilla, c\u00e1scaras de coco y semillas no transg\u00e9nicas), confeti kraft reciclable e instrucciones.<\/span><\/p>\n<p style=\"line-height: 1.5\"><span style=\"font-size: 16px;font-family: arial, helvetica, sans-serif\">You&#039;s Wild (Flower) Seed Popper incluye variedades de semillas de flores silvestres no invasivas como Lavender Hyssop, Black-Eyed Susan, Duchess of Callister Forth, Mixed Aster, Wild Bergamot y m\u00e1s.<\/span><\/p>\n<p style=\"line-height: 1.5\"><span style=\"font-size: 16px;font-family: arial, helvetica, sans-serif\">Esta recolecci\u00f3n de semillas cuidadosamente planificada da como resultado hermosas flores que brindan un h\u00e1bitat para polinizadores vitales. Simplemente gira, explota y planta.<\/span><span style=\"font-size: 18px;font-family: arial, helvetica, sans-serif\"><\/span><\/p>\n<h3 style=\"font-size: 19px;line-height: 1.5\"><span style=\"font-size: 18px;font-family: arial, helvetica, sans-serif\">Por qu\u00e9 usar las semillas de flores silvestres de Popper Seeds Kit<\/span><\/h3>\n<p style=\"line-height: 1.5\"><span style=\"font-size: 16px;font-family: arial, helvetica, sans-serif\">Su excelente resistencia a la sequ\u00eda, al fr\u00edo y a la esterilidad los convierten en la primera opci\u00f3n para diversos materiales de decoraci\u00f3n de jardines que necesitan mantenimiento. Son amantes de la luz, resistentes a la semisombra y a las altas temperaturas, y crecen r\u00e1pidamente, por lo que a menudo se los puede ver balance\u00e1ndose en los bordes de las carreteras y las pendientes. Sus hojas y ramas son delgadas, por lo que ya sea que se siembren solas o combinadas con otras variedades de flores silvestres, pueden formar un hermoso paisaje. Las especies silvestres son en su mayor\u00eda de colores mixtos, mientras que las semillas producidas comercialmente tienen una variedad de patrones de flores separados por colores para elegir. Adem\u00e1s de la riqueza de las opciones de color, las semillas producidas comercialmente tienen una forma de planta m\u00e1s ordenada, adecuadas para arreglar espejos de flores, plantar en parches en el borde de la hierba, arbustos, alrededores y bordes de caminos como materiales de fondo, que es bastante salvaje.<\/span><span style=\"font-size: 18px;font-family: arial, helvetica, sans-serif\"><\/span><\/p>\n<h3 style=\"line-height: 1.5;font-size: 19px\"><span style=\"font-size: 18px;font-family: arial, helvetica, sans-serif\"><strong>Precauciones<\/strong><\/span><\/h3>\n<p style=\"line-height: 1.5\"><span style=\"font-size: 16px;font-family: arial, helvetica, sans-serif\">Nuestras semillas de flores silvestres son especies no invasivas, no crecer\u00e1n ni se reproducir\u00e1n en su estado natural, y no causar\u00e1n p\u00e9rdidas econ\u00f3micas ni desastres ecol\u00f3gicos para la biodiversidad, la agricultura, la silvicultura, la cr\u00eda de animales y la producci\u00f3n pesquera, la salud humana en la tierra invasora. As\u00ed que puede estar seguro de comprar y usar.<\/span><\/p><\/p>","protected":false},"excerpt":{"rendered":"<p>Seed Popper \u2013 3 kits de opciones: es f\u00e1cil: eliminamos las conjeturas sobre el cultivo de semillas de flores silvestres y lo guiamos en cada paso del camino. Todo lo que necesita para traer la alegr\u00eda de las flores silvestres a su vida o la de su ser querido en una hermosa caja de regalo. \u00a1Plantalo!<\/p>","protected":false},"featured_media":13083,"comment_status":"open","ping_status":"closed","template":"","meta":[],"product_cat":[67],"product_tag":[517,587,585,516],"acf":[],"_links":{"self":[{"href":"https:\/\/www.garden-kit.com\/es\/wp-json\/wp\/v2\/product\/1674"}],"collection":[{"href":"https:\/\/www.garden-kit.com\/es\/wp-json\/wp\/v2\/product"}],"about":[{"href":"https:\/\/www.garden-kit.com\/es\/wp-json\/wp\/v2\/types\/product"}],"replies":[{"embeddable":true,"href":"https:\/\/www.garden-kit.com\/es\/wp-json\/wp\/v2\/comments?post=1674"}],"wp:featuredmedia":[{"embeddable":true,"href":"https:\/\/www.garden-kit.com\/es\/wp-json\/wp\/v2\/media\/13083"}],"wp:attachment":[{"href":"https:\/\/www.garden-kit.com\/es\/wp-json\/wp\/v2\/media?parent=1674"}],"wp:term":[{"taxonomy":"product_cat","embeddable":true,"href":"https:\/\/www.garden-kit.com\/es\/wp-json\/wp\/v2\/product_cat?post=1674"},{"taxonomy":"product_tag","embeddable":true,"href":"https:\/\/www.garden-kit.com\/es\/wp-json\/wp\/v2\/product_tag?post=1674"}],"curies":[{"name":"wp","href":"https:\/\/api.w.org\/{rel}","templated":true}]}}