{"id":1681,"date":"2022-08-24T00:34:17","date_gmt":"2022-08-23T16:34:17","guid":{"rendered":"http:\/\/www.garden-kit.com\/product\/seed-bomb-3-pack\/"},"modified":"2023-03-31T16:31:50","modified_gmt":"2023-03-31T08:31:50","slug":"seed-bomb","status":"publish","type":"product","link":"https:\/\/www.garden-kit.com\/es\/product\/seed-bomb\/","title":{"rendered":"bomba de semillas"},"content":{"rendered":"<p style=\"font-size: 16px\"><span style=\"font-family: arial, helvetica, sans-serif;font-size: 16px\"><span style=\"font-family: arial, helvetica, sans-serif\">Bomba de semillas preparadas: kit de 3 paquetes: es f\u00e1cil: eliminamos las conjeturas sobre el cultivo de semillas de flores silvestres y hierbas, gui\u00e1ndolo en cada paso del camino. Todo lo que necesita para traer la alegr\u00eda de las flores silvestres y las hierbas a su vida o la de su ser querido en una hermosa caja de regalo de madera. \u00a1Plantalo!<\/span> <\/span><span style=\"font-family: arial, helvetica, sans-serif;font-size: 16px\"><\/span><\/p>\n<h3 style=\"font-size: 19px\"><span style=\"font-size: 18px\"><strong><span style=\"font-family: arial, helvetica, sans-serif\">Descripci\u00f3n general<\/span><\/strong><\/span><\/h3>\n<table style=\"border-collapse: collapse;width: 100%;height: 352px\">\n<tbody>\n<tr style=\"height: 44px\">\n<td style=\"width: 47.5279%;height: 44px\" width=\"298\">\n<p style=\"font-size: 16px\"><span style=\"font-family: arial, helvetica, sans-serif;font-size: 16px\">Instrucciones de cuidado del producto<\/span><\/p>\n<\/td>\n<td style=\"width: 47.5279%;height: 44px\" width=\"298\">\n<p style=\"font-size: 16px\"><span style=\"font-family: arial, helvetica, sans-serif;font-size: 16px\">Disponible<\/span><\/p>\n<\/td>\n<\/tr>\n<tr style=\"height: 44px\">\n<td style=\"width: 47.5279%;height: 44px\" width=\"298\">\n<p style=\"font-size: 16px\"><span style=\"font-family: arial, helvetica, sans-serif;font-size: 16px\">Tipo de producto vegetal<\/span><\/p>\n<\/td>\n<td style=\"width: 47.5279%;height: 44px\" width=\"298\">\n<p style=\"font-size: 16px\"><span style=\"font-family: arial, helvetica, sans-serif;font-size: 16px\">flores silvestres y hierbas<\/span><\/p>\n<\/td>\n<\/tr>\n<tr style=\"height: 44px\">\n<td style=\"width: 47.5279%;height: 44px\" width=\"298\">\n<p style=\"font-size: 16px\"><span style=\"font-family: arial, helvetica, sans-serif;font-size: 16px\">Caracter\u00edstica especial<\/span><\/p>\n<\/td>\n<td style=\"width: 47.5279%;height: 44px\" width=\"298\">\n<p style=\"font-size: 16px\"><span style=\"font-family: arial, helvetica, sans-serif;font-size: 16px\">Cultivo Interior-Exterior<\/span><\/p>\n<\/td>\n<\/tr>\n<tr style=\"height: 44px\">\n<td style=\"width: 47.5279%;height: 44px\" width=\"298\">\n<p style=\"font-size: 16px\"><span style=\"font-family: arial, helvetica, sans-serif;font-size: 16px\">Marca<\/span><\/p>\n<\/td>\n<td style=\"width: 47.5279%;height: 44px\" width=\"298\">\n<p style=\"font-size: 16px\"><span style=\"font-family: arial, helvetica, sans-serif;font-size: 16px\">Juego de jard\u00edn<\/span><\/p>\n<\/td>\n<\/tr>\n<tr style=\"height: 44px\">\n<td style=\"width: 47.5279%;height: 44px\" width=\"298\">\n<p style=\"font-size: 16px\"><span style=\"font-family: arial, helvetica, sans-serif;font-size: 16px\">Lugar de origen<\/span><\/p>\n<\/td>\n<td style=\"width: 47.5279%;height: 44px\" width=\"298\">\n<p style=\"font-size: 16px\"><span style=\"font-family: arial, helvetica, sans-serif;font-size: 16px\">Fuji\u00e1n, China<\/span><\/p>\n<\/td>\n<\/tr>\n<tr style=\"height: 44px\">\n<td style=\"width: 47.5279%;height: 44px\" width=\"298\">\n<p style=\"font-size: 16px\"><span style=\"font-family: arial, helvetica, sans-serif;font-size: 16px\">ODM\/OEM<\/span><\/p>\n<\/td>\n<td style=\"width: 47.5279%;height: 44px\" width=\"298\">\n<p style=\"font-size: 16px\"><span style=\"font-family: arial, helvetica, sans-serif;font-size: 16px\">Disponible<\/span><\/p>\n<\/td>\n<\/tr>\n<tr style=\"height: 44px\">\n<td style=\"width: 47.5279%;height: 44px\" width=\"298\">\n<p style=\"font-size: 16px\"><span style=\"font-family: arial, helvetica, sans-serif;font-size: 16px\">MOQ para pedidos personalizados<\/span><\/p>\n<\/td>\n<td style=\"width: 47.5279%;height: 44px\" width=\"298\">\n<p style=\"font-size: 16px\"><span style=\"font-family: arial, helvetica, sans-serif;font-size: 16px\">3000 piezas<\/span><\/p>\n<\/td>\n<\/tr>\n<tr style=\"height: 44px\">\n<td style=\"width: 47.5279%;height: 44px\" width=\"298\">\n<p style=\"font-size: 16px\"><span style=\"font-family: arial, helvetica, sans-serif;font-size: 16px\">costo de la muestra<\/span><\/p>\n<\/td>\n<td style=\"width: 47.5279%;height: 44px\" width=\"298\">\n<p style=\"font-size: 16px\"><span style=\"font-family: arial, helvetica, sans-serif;font-size: 16px\">US$400\/muestra, devoluci\u00f3n completa despu\u00e9s del pedido de nosotros<\/span><\/p>\n<\/td>\n<\/tr>\n<\/tbody>\n<\/table>\n<h3 style=\"font-size: 19px\"><span style=\"font-family: arial, helvetica, sans-serif\">Los siguientes elementos est\u00e1n incluidos en el kit Seed Bomb.<\/span><\/h3>\n<p><span style=\"font-family: arial, helvetica, sans-serif\">Una bola de semillas org\u00e1nicas y\/o sin OGM de ~1.25\u2033 enrollada a mano<\/span><\/p>\n<p><span style=\"font-family: arial, helvetica, sans-serif\">Instrucciones de plantaci\u00f3n<\/span><\/p>\n<p><span style=\"font-family: arial, helvetica, sans-serif\">Caja de regalo de dulces personalizada<\/span><\/p>\n<p><span style=\"font-family: arial, helvetica, sans-serif\"><\/span><\/p>\n<p><span style=\"font-family: arial, helvetica, sans-serif\">\u00a1Las bombas de semillas son un regalo de celebraci\u00f3n! \u00a1Solo abre, planta y crece! Cuenta con una bomba de semillas enrollada a mano de ~ 1.25 \u2033 que contiene semillas org\u00e1nicas y \/ o no transg\u00e9nicas. Su bomba de semillas de flores silvestres y hierbas incluye una variedad de semillas de flores silvestres no invasivas que produce hermosas flores y proporciona un h\u00e1bitat vital para los polinizadores. Well Being Boost seed Bomber incluye semillas seleccionadas de plantas a base de hierbas conocidas por sus propiedades curativas. Grow Good Times seed Bobb incluye una colecci\u00f3n de hierbas que mantendr\u00e1n tu cuerpo saludable\u201d. Al menos, es conmovedor y perfecto para infusionar tu vino favorito.<\/span><\/p>\n<p><span style=\"font-family: arial, helvetica, sans-serif\"><\/span><\/p>\n<p><span style=\"font-family: arial, helvetica, sans-serif\">Cargador de semillas: 1.5\u2033W x 4\u2033H x 1.5\u2033D<\/span><\/p>\n<p><span style=\"font-family: arial, helvetica, sans-serif\">Mezcla de bolas de semillas de flores silvestres: Forget Me Not, Wild Bergamot, Lavender Hyssop, Black Eyed Susan, Aster, Corey Oppland<\/span><\/p>\n<p><span style=\"font-family: arial, helvetica, sans-serif\">Mezcla de bolas de semillas que promueven la salud: salvia, b\u00e1lsamo de lim\u00f3n, anchoa, manzanilla<\/span><\/p>\n<p><span style=\"font-family: arial, helvetica, sans-serif\">Grow in a good time mezcla de bolas de semillas: menta, albahaca lim\u00f3n, tomillo, lavanda hecho en China<\/span><\/p>\n<pre><span style=\"font-family: arial, helvetica, sans-serif;font-size: 16px\"> <br \/><\/span><\/pre>\n<p><span style=\"font-family: arial, helvetica, sans-serif\">\u00bfAnhelas el mar interminable de flores silvestres? Cuando las flores silvestres que plantaste est\u00e1n en plena floraci\u00f3n, no puedes ver el borde desde la distancia, tan vasto como el oc\u00e9ano; cuando sopla el viento, las olas de las flores suben y bajan, como las olas del mar. \u00bfNo es eso lo que quieres?<\/span><\/p>\n<p><span style=\"font-family: arial, helvetica, sans-serif\"><\/span><\/p>\n<p><span style=\"font-family: arial, helvetica, sans-serif\">Todo tipo de coloridas flores silvestres y hierbas florecen con la brisa, y la fragancia de las flores se desborda. El hermoso y fragante mar de flores silvestres brinda a las personas un ensue\u00f1o infinito, que simboliza el romance, la calidez, los sue\u00f1os, la belleza y la esperanza. En algunos poemas, canciones, bailes y pel\u00edculas, a menudo se utilizan las palabras y las escenas del mar de flores.<\/span><\/p><\/p>","protected":false},"excerpt":{"rendered":"<p>Bomba de semillas preparadas: kit de 3 paquetes: es f\u00e1cil: eliminamos las conjeturas sobre el cultivo de semillas de flores silvestres y hierbas, gui\u00e1ndolo en cada paso del camino. Todo lo que necesita para traer la alegr\u00eda de las flores silvestres y las hierbas a su vida o la de su ser querido en una hermosa caja de regalo de madera. \u00a1Plantalo!<\/p>","protected":false},"featured_media":12981,"comment_status":"open","ping_status":"closed","template":"","meta":[],"product_cat":[67],"product_tag":[599,603,601,602,597,600],"acf":[],"_links":{"self":[{"href":"https:\/\/www.garden-kit.com\/es\/wp-json\/wp\/v2\/product\/1681"}],"collection":[{"href":"https:\/\/www.garden-kit.com\/es\/wp-json\/wp\/v2\/product"}],"about":[{"href":"https:\/\/www.garden-kit.com\/es\/wp-json\/wp\/v2\/types\/product"}],"replies":[{"embeddable":true,"href":"https:\/\/www.garden-kit.com\/es\/wp-json\/wp\/v2\/comments?post=1681"}],"wp:featuredmedia":[{"embeddable":true,"href":"https:\/\/www.garden-kit.com\/es\/wp-json\/wp\/v2\/media\/12981"}],"wp:attachment":[{"href":"https:\/\/www.garden-kit.com\/es\/wp-json\/wp\/v2\/media?parent=1681"}],"wp:term":[{"taxonomy":"product_cat","embeddable":true,"href":"https:\/\/www.garden-kit.com\/es\/wp-json\/wp\/v2\/product_cat?post=1681"},{"taxonomy":"product_tag","embeddable":true,"href":"https:\/\/www.garden-kit.com\/es\/wp-json\/wp\/v2\/product_tag?post=1681"}],"curies":[{"name":"wp","href":"https:\/\/api.w.org\/{rel}","templated":true}]}}