{"id":1695,"date":"2022-08-24T00:36:13","date_gmt":"2022-08-23T16:36:13","guid":{"rendered":"http:\/\/www.garden-kit.com\/product\/diy-kit-for-homemade-whisky\/"},"modified":"2023-03-31T15:04:56","modified_gmt":"2023-03-31T07:04:56","slug":"diy-kit-for-homemade-whisky","status":"publish","type":"product","link":"https:\/\/www.garden-kit.com\/es\/product\/diy-kit-for-homemade-whisky\/","title":{"rendered":"Kit de bricolaje para whisky casero"},"content":{"rendered":"<h3 style=\"font-size: 19px\"><span style=\"font-family: arial, helvetica, sans-serif;font-size: 16px\">Descripci\u00f3n general<\/span><\/h3>\n<table style=\"border-collapse: collapse;width: 100%;height: 230.812px\" width=\"100%\">\n<tbody>\n<tr style=\"height: 27.625px\">\n<td style=\"height: 27.625px\" width=\"299\"><span style=\"font-family: arial, helvetica, sans-serif;font-size: 16px\">Instrucciones de cuidado del producto<\/span><\/td>\n<td style=\"height: 27.625px\" width=\"299\"><span style=\"font-family: arial, helvetica, sans-serif;font-size: 16px\">Disponible<\/span><\/td>\n<\/tr>\n<tr style=\"height: 27.625px\">\n<td style=\"height: 27.625px\" width=\"299\"><span style=\"font-family: arial, helvetica, sans-serif;font-size: 16px\">tipo de producto<\/span><\/td>\n<td style=\"height: 27.625px\" width=\"299\"><span style=\"font-family: arial, helvetica, sans-serif;font-size: 16px\">Kit de bricolaje para whisky casero<\/span><\/td>\n<\/tr>\n<tr style=\"height: 32.5px\">\n<td style=\"height: 32.5px\" width=\"299\"><span style=\"font-family: arial, helvetica, sans-serif;font-size: 16px\">Caracter\u00edstica especial<\/span><\/td>\n<td style=\"height: 32.5px\" width=\"299\"><span style=\"font-family: arial, helvetica, sans-serif;font-size: 16px\">Haga 4 galones de whisky con 3 mezclas de astillas de madera<\/span><\/td>\n<\/tr>\n<tr style=\"height: 27.625px\">\n<td style=\"height: 27.625px\" width=\"299\"><span style=\"font-family: arial, helvetica, sans-serif;font-size: 16px\">Marca<\/span><\/td>\n<td style=\"height: 27.625px\" width=\"299\"><span style=\"font-family: arial, helvetica, sans-serif;font-size: 16px\">Juego de jard\u00edn<\/span><\/td>\n<\/tr>\n<tr style=\"height: 27.625px\">\n<td style=\"height: 27.625px\" width=\"299\"><span style=\"font-family: arial, helvetica, sans-serif;font-size: 16px\">Lugar de origen<\/span><\/td>\n<td style=\"height: 27.625px\" width=\"299\"><span style=\"font-family: arial, helvetica, sans-serif;font-size: 16px\">Fuji\u00e1n, China<\/span><\/td>\n<\/tr>\n<tr style=\"height: 27.625px\">\n<td style=\"height: 27.625px\" width=\"299\"><span style=\"font-family: arial, helvetica, sans-serif;font-size: 16px\">ODM\/OEM<\/span><\/td>\n<td style=\"height: 27.625px\" width=\"299\"><span style=\"font-family: arial, helvetica, sans-serif;font-size: 16px\">Disponible<\/span><\/td>\n<\/tr>\n<tr style=\"height: 27.625px\">\n<td style=\"height: 27.625px\" width=\"299\"><span style=\"font-family: arial, helvetica, sans-serif;font-size: 16px\">MOQ para pedidos personalizados<\/span><\/td>\n<td style=\"height: 27.625px\" width=\"299\"><span style=\"font-family: arial, helvetica, sans-serif;font-size: 16px\">3000 piezas<\/span><\/td>\n<\/tr>\n<tr style=\"height: 32.5625px\">\n<td style=\"height: 32.5625px\" width=\"299\"><span style=\"font-family: arial, helvetica, sans-serif;font-size: 16px\">costo de la muestra<\/span><\/td>\n<td style=\"height: 32.5625px\" width=\"299\"><span style=\"font-family: arial, helvetica, sans-serif;font-size: 16px\">US$400\/muestra, devoluci\u00f3n completa despu\u00e9s de nuestro pedido<\/span><\/td>\n<\/tr>\n<\/tbody>\n<\/table>\n<pre>&nbsp;<\/pre>\n<p style=\"line-height: 1.5\"><span style=\"font-family: arial, helvetica, sans-serif;font-size: 16px\">HAZ LO TUYO: cambia barriles por botellas y crea un aut\u00e9ntico whisky con nuestra exclusiva mezcla de astillas de madera. Lo \u00fanico que necesitas es una botella de alcohol neutro como base.<\/span><\/p>\n<pre><span style=\"font-family: arial, helvetica, sans-serif;font-size: 16px\"><br \/>Los siguientes elementos est\u00e1n incluidos en el kit.<\/span><\/pre>\n<p style=\"line-height: 1.5\"><span style=\"font-family: arial, helvetica, sans-serif;font-size: 16px\">Nuestros 12 bot\u00e1nicos provienen de todo el mundo, algunos de los cuales son realmente dif\u00edciles de encontrar. \u00a1Sin embargo, hemos aceptado el desaf\u00edo de encontrarlos para su mejor experiencia en la elaboraci\u00f3n de ginebra!<\/span><\/p>\n<p style=\"line-height: 1.5\"><span style=\"font-family: arial, helvetica, sans-serif;font-size: 16px\">Obtenemos los ingredientes bot\u00e1nicos de ginebra de la m\u00e1s alta calidad de todo el mundo: cardamomo verde \u00b7 flores de hibisco \u00b7 semillas de cilantro \u00b7 pimienta cubeb \u00b7 flores de lavanda \u00b7 laurel \u00b7 piel de naranja \u00b7 pimienta rosa \u00b7 regaliz \u00b7 enebro<\/span><\/p>\n<p style=\"line-height: 1.5\"><span style=\"font-family: arial, helvetica, sans-serif;font-size: 16px\">1 tarjeta de instrucciones paso a paso<\/span><\/p>\n<p style=\"line-height: 1.5\"><span style=\"font-family: arial, helvetica, sans-serif;font-size: 16px\">1 caja artesanal personalizada<\/span><\/p>\n<pre><span style=\"font-family: arial, helvetica, sans-serif;font-size: 16px\"><br \/>CADA KIT PRODUCE 3 BOTELLAS DE GINEBRA<\/span><\/pre>\n<p style=\"line-height: 1.5\"><span style=\"font-family: arial, helvetica, sans-serif;font-size: 16px\">Sea creativo con la naturaleza: pruebe tres tipos de roble para que su experiencia de combinaci\u00f3n sea verdaderamente personal. Todas nuestras astillas de madera son 100% naturales, frescas y envasadas en envases reciclables. \u00a1Salud por el medio ambiente!<\/span><\/p>\n<p style=\"line-height: 1.5\"><span style=\"font-family: arial, helvetica, sans-serif;font-size: 16px\">Mima tus ojos y tu paladar: adem\u00e1s de ingredientes premium, nuestro kit incluye una hermosa botella de preparaci\u00f3n de vidrio y un libro de cocina con informaci\u00f3n sobre whisky y recetas sugeridas. \u00a1Personaliza tu creaci\u00f3n con las etiquetas incluidas y hazla tuya!<\/span><\/p>\n<p style=\"line-height: 1.5\">&nbsp;<\/p>\n<p style=\"line-height: 1.5\"><span style=\"font-family: arial, helvetica, sans-serif;font-size: 16px\">Convi\u00e9rtete en un profesional del bar: desde mezclas escocesas de pura malta y irlandesas hasta bourbons americanos de primera calidad... \u00a1Un glosario conciso y tres incre\u00edbles recetas b\u00e1sicas te brindar\u00e1n lo que necesitas para destacar en tu primer whisky profesional prob\u00e1ndolo todo!<\/span><\/p>\n<p style=\"line-height: 1.5\">&nbsp;<\/p>\n<p>Whisky puro de malta<br \/><span style=\"font-family: arial, helvetica, sans-serif\">Los aguardientes destilados elaborados \u00fanicamente con cebada se denominan whisky de malta puro. El whisky puro de malta se elabora a partir de malta de cebada cocida sobre turba al aire libre. Se destila con un alambique, normalmente despu\u00e9s de dos destilaciones. Despu\u00e9s de la destilaci\u00f3n, el contenido de alcohol del licor es de 63,4 grados. Envejecido en barricas de roble y diluido con agua antes de embotellar. El vino tiene un rico aroma producido por la turba.<\/span><\/p>\n<p><span style=\"font-family: arial, helvetica, sans-serif\"><\/span><\/p>\n<p><span style=\"font-family: arial, helvetica, sans-serif\">Whisky irland\u00e9s mezclado<\/span><br \/><span style=\"font-family: arial, helvetica, sans-serif\">Este whisky utiliza cebada malteada y sin maltear como materia prima, y se elabora 100% en alambiques. En comparaci\u00f3n con el whisky escoc\u00e9s de pura malta, el uso de cebada sin maltear como materia prima aporta al whisky irland\u00e9s un sabor m\u00e1s verde y especiado. Gusto.<\/span><\/p>\n<p><span style=\"font-family: arial, helvetica, sans-serif\"><\/span><\/p>\n<p>whisky borb\u00f3n<br \/><span style=\"font-family: arial, helvetica, sans-serif\">Color: marr\u00f3n rojizo fuerte<\/span><br \/><span style=\"font-family: arial, helvetica, sans-serif\">Aroma: Aromas de higos secos y pasas, aroma tostado de barricas de madera.<\/span><br \/><span style=\"font-family: arial, helvetica, sans-serif\">Sabor: El dulzor parecido al az\u00facar de la leche finalmente se esparce en la boca, el rico dulzor de las pasas es ligeramente amargo con almendras y el sabor amargo ligero y el\u00e1stico.<\/span><\/p>\n<\/p>\n<p style=\"line-height: 1.5\"><span style=\"font-family: arial, helvetica, sans-serif;font-size: 16px\">UN REGALO DE PURO DISFRUTE: nuestro set es el regalo ideal para los amantes del whisky y los amantes de ambos sexos: una sorpresa espiritual para amigos y familiares. En una fiesta de cumplea\u00f1os, bajo el \u00e1rbol de Navidad o en la recepci\u00f3n de una boda: haz lo tuyo: \u00a1bebe tu whisky!<\/span><\/p><\/p>","protected":false},"excerpt":{"rendered":"<p><span style=\"font-family: arial, helvetica, sans-serif\">HAZ LO TUYO: cambia barriles por botellas y crea un aut\u00e9ntico whisky con nuestra exclusiva mezcla de astillas de madera. Lo \u00fanico que necesitas es una botella de alcohol neutro como base.<\/span><\/p>","protected":false},"featured_media":12529,"comment_status":"open","ping_status":"closed","template":"","meta":[],"product_cat":[86],"product_tag":[95,529,527,528,531],"acf":[],"_links":{"self":[{"href":"https:\/\/www.garden-kit.com\/es\/wp-json\/wp\/v2\/product\/1695"}],"collection":[{"href":"https:\/\/www.garden-kit.com\/es\/wp-json\/wp\/v2\/product"}],"about":[{"href":"https:\/\/www.garden-kit.com\/es\/wp-json\/wp\/v2\/types\/product"}],"replies":[{"embeddable":true,"href":"https:\/\/www.garden-kit.com\/es\/wp-json\/wp\/v2\/comments?post=1695"}],"wp:featuredmedia":[{"embeddable":true,"href":"https:\/\/www.garden-kit.com\/es\/wp-json\/wp\/v2\/media\/12529"}],"wp:attachment":[{"href":"https:\/\/www.garden-kit.com\/es\/wp-json\/wp\/v2\/media?parent=1695"}],"wp:term":[{"taxonomy":"product_cat","embeddable":true,"href":"https:\/\/www.garden-kit.com\/es\/wp-json\/wp\/v2\/product_cat?post=1695"},{"taxonomy":"product_tag","embeddable":true,"href":"https:\/\/www.garden-kit.com\/es\/wp-json\/wp\/v2\/product_tag?post=1695"}],"curies":[{"name":"wp","href":"https:\/\/api.w.org\/{rel}","templated":true}]}}