{"id":1706,"date":"2022-08-24T00:37:07","date_gmt":"2022-08-23T16:37:07","guid":{"rendered":"http:\/\/www.garden-kit.com\/product\/diy-infusion-kit-for-homemade-flavoured\/"},"modified":"2023-03-31T16:38:22","modified_gmt":"2023-03-31T08:38:22","slug":"gin-infusion-kit","status":"publish","type":"product","link":"https:\/\/www.garden-kit.com\/es\/product\/gin-infusion-kit\/","title":{"rendered":"Kit de infusi\u00f3n de ginebra"},"content":{"rendered":"<h3 style=\"font-size: 19px\"><span style=\"font-family: arial, helvetica, sans-serif;font-size: 16px\">Descripci\u00f3n general<\/span><\/h3>\n<table style=\"border-collapse: collapse;width: 100%;height: 300px\" width=\"100%\">\n<tbody>\n<tr>\n<td width=\"299\"><span style=\"font-family: arial, helvetica, sans-serif;font-size: 16px\">Instrucciones de cuidado del producto<\/span><\/td>\n<td width=\"299\"><span style=\"font-family: arial, helvetica, sans-serif;font-size: 16px\">Disponible<\/span><\/td>\n<\/tr>\n<tr>\n<td width=\"299\"><span style=\"font-family: arial, helvetica, sans-serif;font-size: 16px\">tipo de producto<\/span><\/td>\n<td width=\"299\"><span style=\"font-family: arial, helvetica, sans-serif;font-size: 16px\">Haz tu kit de ron<\/span><\/td>\n<\/tr>\n<tr>\n<td width=\"299\"><span style=\"font-family: arial, helvetica, sans-serif;font-size: 16px\">Caracter\u00edstica especial<\/span><\/td>\n<td width=\"299\"><span style=\"font-family: arial, helvetica, sans-serif;font-size: 16px\">Kit de infusi\u00f3n de bricolaje para ron casero aromatizado y a\u00f1ejo<\/span><\/td>\n<\/tr>\n<tr>\n<td width=\"299\"><span style=\"font-family: arial, helvetica, sans-serif;font-size: 16px\">Marca<\/span><\/td>\n<td width=\"299\"><span style=\"font-family: arial, helvetica, sans-serif;font-size: 16px\">Juego de jard\u00edn<\/span><\/td>\n<\/tr>\n<tr>\n<td width=\"299\"><span style=\"font-family: arial, helvetica, sans-serif;font-size: 16px\">Lugar de origen<\/span><\/td>\n<td width=\"299\"><span style=\"font-family: arial, helvetica, sans-serif;font-size: 16px\">Fuji\u00e1n, China<\/span><\/td>\n<\/tr>\n<tr>\n<td width=\"299\"><span style=\"font-family: arial, helvetica, sans-serif;font-size: 16px\">ODM\/OEM<\/span><\/td>\n<td width=\"299\"><span style=\"font-family: arial, helvetica, sans-serif;font-size: 16px\">Disponible<\/span><\/td>\n<\/tr>\n<tr>\n<td width=\"299\"><span style=\"font-family: arial, helvetica, sans-serif;font-size: 16px\">MOQ para pedidos personalizados<\/span><\/td>\n<td width=\"299\"><span style=\"font-family: arial, helvetica, sans-serif;font-size: 16px\">3000 piezas<\/span><\/td>\n<\/tr>\n<tr>\n<td width=\"299\"><span style=\"font-family: arial, helvetica, sans-serif;font-size: 16px\">costo de la muestra<\/span><\/td>\n<td width=\"299\"><span style=\"font-family: arial, helvetica, sans-serif;font-size: 16px\">US$400\/muestra, devoluci\u00f3n completa despu\u00e9s de nuestro pedido<\/span><\/td>\n<\/tr>\n<\/tbody>\n<\/table>\n<pre>&nbsp;<\/pre>\n<p style=\"line-height: 1.5\"><span style=\"font-family: arial, helvetica, sans-serif;font-size: 16px\">Haga lo suyo: rompa con las mezclas estandarizadas y deje volar su imaginaci\u00f3n y sus papilas gustativas mientras saborea y envejece el ron en casa con este kit exclusivo. Solo tienes que elegir un ron como base y verterlo directamente en la botella.<\/span><\/p>\n<pre><span style=\"font-family: arial, helvetica, sans-serif;font-size: 16px\"><br \/>Los siguientes elementos est\u00e1n incluidos en el kit.<\/span><\/pre>\n<p style=\"line-height: 1.5\"><span style=\"font-family: arial, helvetica, sans-serif;font-size: 16px\">12 vasos de Bot\u00e1nicos :<\/span><\/p>\n<p style=\"line-height: 1.5\"><span style=\"font-family: arial, helvetica, sans-serif;font-size: 16px\">BOSQUE<\/span><\/p>\n<p style=\"line-height: 1.5\"><span style=\"font-family: arial, helvetica, sans-serif;font-size: 16px\">amor americano<\/span><\/p>\n<p style=\"line-height: 1.5\"><span style=\"font-family: arial, helvetica, sans-serif;font-size: 16px\">Vainilla de ensue\u00f1o<\/span><\/p>\n<p style=\"line-height: 1.5\"><span style=\"font-family: arial, helvetica, sans-serif;font-size: 16px\">Chocolate negro<\/span><\/p>\n<p style=\"line-height: 1.5\"><span style=\"font-family: arial, helvetica, sans-serif;font-size: 16px\">BOT\u00c1NICOS<\/span><br \/><span style=\"font-family: arial, helvetica, sans-serif;font-size: 16px\">Pi\u00f1a<\/span><\/p>\n<p style=\"line-height: 1.5\"><span style=\"font-family: arial, helvetica, sans-serif;font-size: 16px\">manzana<\/span><\/p>\n<p style=\"line-height: 1.5\"><span style=\"font-family: arial, helvetica, sans-serif;font-size: 16px\">Cereza<\/span><\/p>\n<p style=\"line-height: 1.5\"><span style=\"font-family: arial, helvetica, sans-serif;font-size: 16px\">Nuez moscada<\/span><\/p>\n<p style=\"line-height: 1.5\"><span style=\"font-family: arial, helvetica, sans-serif;font-size: 16px\">naranja<\/span><\/p>\n<p style=\"line-height: 1.5\"><span style=\"font-family: arial, helvetica, sans-serif;font-size: 16px\">nueces pecanas<\/span><\/p>\n<p style=\"line-height: 1.5\"><span style=\"font-family: arial, helvetica, sans-serif;font-size: 16px\">az\u00facar de vainilla<\/span><\/p>\n<p style=\"line-height: 1.5\"><span style=\"font-family: arial, helvetica, sans-serif;font-size: 16px\">Pasas<\/span><\/p>\n<p style=\"line-height: 1.5\"><span style=\"font-family: arial, helvetica, sans-serif;font-size: 16px\">canela<\/span><br \/><span style=\"font-family: arial, helvetica, sans-serif;font-size: 16px\">2 botellas vac\u00edas<\/span><\/p>\n<p style=\"line-height: 1.5\"><span style=\"font-family: arial, helvetica, sans-serif;font-size: 16px\">1 colador de cobre y medidor de bebidas a juego.<\/span><\/p>\n<p style=\"line-height: 1.5\"><span style=\"font-family: arial, helvetica, sans-serif;font-size: 16px\">1 tarjeta de instrucciones paso a paso<\/span><\/p>\n<p style=\"line-height: 1.5\"><span style=\"font-family: arial, helvetica, sans-serif;font-size: 16px\">1 caja artesanal personalizada<\/span><\/p>\n<p style=\"line-height: 1.5\">&nbsp;<\/p>\n<p style=\"line-height: 1.5\"><span style=\"font-family: arial, helvetica, sans-serif;font-size: 16px\">Sea creativo con la naturaleza: pruebe tres robles y nueve hierbas y especias para darle a sus mezclas un toque verdaderamente personal. Todas nuestras plantas son 100% naturales, frescas y llenas de corcho real en tubos de vidrio. \u00a1Saludos al medio ambiente!<\/span><\/p>\n<p style=\"line-height: 1.5\">&nbsp;<\/p>\n<p style=\"line-height: 1.5\"><span style=\"font-family: arial, helvetica, sans-serif;font-size: 16px\">Cuida tus ojos y tu paladar: adem\u00e1s de los mejores ingredientes naturales, dos botellas con cuello de vidrio italiano y un colador de acero inoxidable de alta calidad a\u00f1aden visualmente color a tu juego. Personaliza con la etiqueta incluida: \u00a1Tu Ron, Tu Creaci\u00f3n!<\/span><\/p>\n<p style=\"line-height: 1.5\">&nbsp;<\/p>\n<p style=\"line-height: 1.5\"><span style=\"font-family: arial, helvetica, sans-serif;font-size: 16px\">Convertirse en el experto en el bar: una breve descripci\u00f3n hist\u00f3rica, que incluye una introducci\u00f3n a los estilos de ron actuales, una lista r\u00e1pida de ingredientes y cuatro excelentes recetas que le brindar\u00e1n lo que se necesita para sobresalir en su primera cata profesional de ron \u00a1Todo lo que necesita!<\/span><\/p>\n<p style=\"line-height: 1.5\"><span style=\"font-family: arial, helvetica, sans-serif;font-size: 16px\">Ofrezca un regalo de disfrute puro: nuestro juego es el regalo ideal para los amantes del ron y los aficionados, tanto hombres como mujeres: una sorpresa espiritual (ed) para amigos y familiares. En una fiesta de cumplea\u00f1os, debajo del \u00e1rbol de Navidad o en una recepci\u00f3n de bodas: haz lo tuyo, \u00a1haz tu ron!<\/span><\/p><\/p>","protected":false},"excerpt":{"rendered":"<p>Haga lo suyo: rompa con las mezclas estandarizadas y deje volar su imaginaci\u00f3n y sus papilas gustativas mientras saborea y envejece el ron en casa con este kit exclusivo. Solo tienes que elegir un ron como base y verterlo directamente en la botella.<\/p>","protected":false},"featured_media":13155,"comment_status":"open","ping_status":"closed","template":"","meta":[],"product_cat":[86],"product_tag":[554,562,439,559,556],"acf":[],"_links":{"self":[{"href":"https:\/\/www.garden-kit.com\/es\/wp-json\/wp\/v2\/product\/1706"}],"collection":[{"href":"https:\/\/www.garden-kit.com\/es\/wp-json\/wp\/v2\/product"}],"about":[{"href":"https:\/\/www.garden-kit.com\/es\/wp-json\/wp\/v2\/types\/product"}],"replies":[{"embeddable":true,"href":"https:\/\/www.garden-kit.com\/es\/wp-json\/wp\/v2\/comments?post=1706"}],"wp:featuredmedia":[{"embeddable":true,"href":"https:\/\/www.garden-kit.com\/es\/wp-json\/wp\/v2\/media\/13155"}],"wp:attachment":[{"href":"https:\/\/www.garden-kit.com\/es\/wp-json\/wp\/v2\/media?parent=1706"}],"wp:term":[{"taxonomy":"product_cat","embeddable":true,"href":"https:\/\/www.garden-kit.com\/es\/wp-json\/wp\/v2\/product_cat?post=1706"},{"taxonomy":"product_tag","embeddable":true,"href":"https:\/\/www.garden-kit.com\/es\/wp-json\/wp\/v2\/product_tag?post=1706"}],"curies":[{"name":"wp","href":"https:\/\/api.w.org\/{rel}","templated":true}]}}