{"id":1711,"date":"2022-08-24T00:37:38","date_gmt":"2022-08-23T16:37:38","guid":{"rendered":"http:\/\/www.garden-kit.com\/product\/seed-paper-plantable-mini-calendar-2023\/"},"modified":"2023-08-14T18:54:17","modified_gmt":"2023-08-14T10:54:17","slug":"seed-paper-plantable","status":"publish","type":"product","link":"https:\/\/www.garden-kit.com\/es\/product\/seed-paper-plantable\/","title":{"rendered":"Calendario Plantable 2023"},"content":{"rendered":"<p><span style=\"font-family: 'PingFang SC', 'Microsoft YaHei', sans-serif\">Seed Paper Plantable Mini Calendar 2023 Plantable Seed Paper es una alternativa sostenible y ecol\u00f3gica a los productos de papel tradicionales...<\/span><br \/><span style=\"font-family: 'PingFang SC', 'Microsoft YaHei', sans-serif\">El papel de semillas plantable, tambi\u00e9n conocido como papel ecol\u00f3gico biodegradable, generalmente proviene de materiales reciclados o reciclados donde las semillas se empapan durante el proceso de fabricaci\u00f3n del papel. Necesita tierra, agua, calor y luz solar, como las semillas t\u00edpicas. Cuando se planta, el papel se rompe en el suelo y las semillas comienzan a germinar. <\/span><\/p>\n<h3 style=\"font-size: 19px\"><span style=\"font-family: 'PingFang SC', 'Microsoft YaHei', sans-serif;font-size: 18px\">Descripci\u00f3n general<\/span><\/h3>\n<table>\n<tbody>\n<tr>\n<td width=\"224\">\n<p><span style=\"font-family: 'PingFang SC', 'Microsoft YaHei', sans-serif\">Instrucciones de cuidado del producto<\/span><\/p>\n<\/td>\n<td width=\"224\">\n<p><span style=\"font-family: 'PingFang SC', 'Microsoft YaHei', sans-serif\">Disponible<\/span><\/p>\n<\/td>\n<\/tr>\n<tr>\n<td width=\"224\">\n<p><span style=\"font-family: 'PingFang SC', 'Microsoft YaHei', sans-serif\">Tipo de producto vegetal<\/span><\/p>\n<\/td>\n<td width=\"224\">\n<p><span style=\"font-family: 'PingFang SC', 'Microsoft YaHei', sans-serif\">flor silvestre y sic\u00f3moro<\/span><\/p>\n<\/td>\n<\/tr>\n<tr>\n<td width=\"224\">\n<p><span style=\"font-family: 'PingFang SC', 'Microsoft YaHei', sans-serif\">Caracter\u00edstica especial<\/span><\/p>\n<\/td>\n<td width=\"224\">\n<p><span style=\"font-family: 'PingFang SC', 'Microsoft YaHei', sans-serif\">Cultivo Interior-Exterior<\/span><\/p>\n<\/td>\n<\/tr>\n<tr>\n<td width=\"224\">\n<p><span style=\"font-family: 'PingFang SC', 'Microsoft YaHei', sans-serif\">Marca<\/span><\/p>\n<\/td>\n<td width=\"224\">\n<p><span style=\"font-family: 'PingFang SC', 'Microsoft YaHei', sans-serif\">Juego de jard\u00edn<\/span><\/p>\n<\/td>\n<\/tr>\n<tr>\n<td width=\"224\">\n<p><span style=\"font-family: 'PingFang SC', 'Microsoft YaHei', sans-serif\">Lugar de origen<\/span><\/p>\n<\/td>\n<td width=\"224\">\n<p><span style=\"font-family: 'PingFang SC', 'Microsoft YaHei', sans-serif\">Fuji\u00e1n, China<\/span><\/p>\n<\/td>\n<\/tr>\n<tr>\n<td width=\"224\">\n<p><span style=\"font-family: 'PingFang SC', 'Microsoft YaHei', sans-serif\">ODM\/OEM<\/span><\/p>\n<\/td>\n<td width=\"224\">\n<p><span style=\"font-family: 'PingFang SC', 'Microsoft YaHei', sans-serif\">Disponible<\/span><\/p>\n<\/td>\n<\/tr>\n<tr>\n<td width=\"224\">\n<p><span style=\"font-family: 'PingFang SC', 'Microsoft YaHei', sans-serif\">MOQ para pedidos personalizados<\/span><\/p>\n<\/td>\n<td width=\"224\">\n<p><span style=\"font-family: 'PingFang SC', 'Microsoft YaHei', sans-serif\">3000 piezas<\/span><\/p>\n<\/td>\n<\/tr>\n<tr>\n<td width=\"224\">\n<p><span style=\"font-family: 'PingFang SC', 'Microsoft YaHei', sans-serif\">costo de la muestra<\/span><\/p>\n<\/td>\n<td width=\"224\">\n<p><span style=\"font-family: 'PingFang SC', 'Microsoft YaHei', sans-serif\">US$400\/muestra, devoluci\u00f3n completa despu\u00e9s de nuestro pedido<\/span><\/p>\n<\/td>\n<\/tr>\n<\/tbody>\n<\/table>\n<h2 style=\"font-size: 20px\">Plante esperanza, coseche el futuro: Calendario de papel con semillas personalizable, plantable y ecol\u00f3gico 2023<\/h2>\n<p>En esta era de esperanza y responsabilidad, con profunda preocupaci\u00f3n por la tierra, estamos orgullosos de presentar una nueva obra maestra creativa para 2023: el Calendario de papel con semillas personalizado, plantable y ecol\u00f3gico. Este calendario \u00fanico no s\u00f3lo le permite sentir el flujo del tiempo sino que tambi\u00e9n proporciona una manera maravillosa de participar en el desarrollo sostenible.<\/p>\n<h2 style=\"font-size: 20px\">\u00a1Plantando esperanza, un calendario, un trozo de verde!<\/h2>\n<p>El Calendario de Papel Semilla es m\u00e1s que un simple calendario, es una esperanza verde. Utilizamos papel plantable cuidadosamente elaborado y enriquecido con semillas de una variedad de plantas, como flores, vegetales y hierbas. Al final de cada mes, puedes arrancar una p\u00e1gina del calendario del mes pasado y enterrarla en la tierra, regarla suavemente y esperar a que las semillas broten y crezcan. Cada p\u00e1gina que queda es el comienzo de una nueva vida, un regalo a la naturaleza.<\/p>\n<h2 style=\"font-size: 20px\">M\u00faltiples opciones, producci\u00f3n personalizada, semillas de su elecci\u00f3n.<\/h2>\n<p>Sabemos que las preferencias e inquietudes de cada uno son \u00fanicas. Es por eso que ofrecemos una amplia variedad de opciones de semillas para que puedas personalizar tu Calendario de papel con semillas seg\u00fan tus preferencias y necesidades. Podr\u00e1s optar por plantar todo tipo de hermosas flores, como rosas y girasoles, para llenar cada mes de color y fragancia. O puede optar por cultivar vegetales frescos y participar en un estilo de vida saludable con sus propias manos desde la semilla hasta la mesa. Adem\u00e1s, las semillas de hierbas son una excelente opci\u00f3n para obtener una fragancia pura y natural que puedes disfrutar en cualquier momento. Sea cual sea tu elecci\u00f3n, encontrar\u00e1s tu marca \u00fanica en cada p\u00e1gina del calendario.<\/p>\n<h2 style=\"font-size: 20px\">Servicio personalizado OEM, creando juntos un futuro mejor<\/h2>\n<p>Ofrecemos servicios de personalizaci\u00f3n OEM para corporaciones, grupos e individuos para que pueda dejar su marca \u00fanica en el calendario de papel con semillas. Ya sea un eslogan corporativo, informaci\u00f3n sobre el evento de un grupo o una palabra de bendici\u00f3n personal, todos ellos pueden presentarse en el calendario mediante un dise\u00f1o personalizado, haciendo de cada calendario un regalo \u00fanico y precioso.<\/p>\n<\/p>\n<p>El a\u00f1o 2023 es el a\u00f1o en que nos conectamos m\u00e1s con la naturaleza y el a\u00f1o en que contribuimos a la protecci\u00f3n del medio ambiente y el desarrollo sostenible. Al sembrar esperanza, podemos crear juntos un futuro m\u00e1s verde y hermoso. Elija el calendario de papel con semillas personalizado, plantable y ecol\u00f3gico para dejar que el tiempo florezca en sus manos y la esperanza eche ra\u00edces en su coraz\u00f3n. \u00a1Toma acci\u00f3n para un ma\u00f1ana mejor!<\/p>","protected":false},"excerpt":{"rendered":"<p>Papel ecol\u00f3gico hecho a mano, reciclado, biodegradable con semillas - Regalo de Navidad Idea presente Papel de semillas Plantable Mini Calendario 2023<\/p>\n<p>El papel con semillas es un tipo de papel ecol\u00f3gico que contiene semillas incrustadas en su interior. Se puede plantar en el suelo para que se convierta en flores, hierbas o vegetales. El papel con semillas se puede comprar en l\u00ednea de varios minoristas y viene en diferentes formas y tama\u00f1os, incluidas tarjetas, marcadores y etiquetas de regalo. Si desea comprar papel con semillas en l\u00ednea, no dude en contactarnos.<\/p><\/p>","protected":false},"featured_media":15997,"comment_status":"closed","ping_status":"closed","template":"","meta":[],"product_cat":[67],"product_tag":[761,583,611,581,613,853,759,765,99,614],"acf":[],"_links":{"self":[{"href":"https:\/\/www.garden-kit.com\/es\/wp-json\/wp\/v2\/product\/1711"}],"collection":[{"href":"https:\/\/www.garden-kit.com\/es\/wp-json\/wp\/v2\/product"}],"about":[{"href":"https:\/\/www.garden-kit.com\/es\/wp-json\/wp\/v2\/types\/product"}],"replies":[{"embeddable":true,"href":"https:\/\/www.garden-kit.com\/es\/wp-json\/wp\/v2\/comments?post=1711"}],"wp:featuredmedia":[{"embeddable":true,"href":"https:\/\/www.garden-kit.com\/es\/wp-json\/wp\/v2\/media\/15997"}],"wp:attachment":[{"href":"https:\/\/www.garden-kit.com\/es\/wp-json\/wp\/v2\/media?parent=1711"}],"wp:term":[{"taxonomy":"product_cat","embeddable":true,"href":"https:\/\/www.garden-kit.com\/es\/wp-json\/wp\/v2\/product_cat?post=1711"},{"taxonomy":"product_tag","embeddable":true,"href":"https:\/\/www.garden-kit.com\/es\/wp-json\/wp\/v2\/product_tag?post=1711"}],"curies":[{"name":"wp","href":"https:\/\/api.w.org\/{rel}","templated":true}]}}