{"id":1718,"date":"2022-08-24T00:38:09","date_gmt":"2022-08-23T16:38:09","guid":{"rendered":"http:\/\/www.garden-kit.com\/product\/do-your-tonic\/"},"modified":"2023-04-03T11:22:14","modified_gmt":"2023-04-03T03:22:14","slug":"do-your-tonic","status":"publish","type":"product","link":"https:\/\/www.garden-kit.com\/es\/product\/do-your-tonic\/","title":{"rendered":"Haz tu t\u00f3nico"},"content":{"rendered":"<h3 style=\"font-size: 19px\"><span style=\"font-family: arial, helvetica, sans-serif;font-size: 16px\">Descripci\u00f3n general<\/span><\/h3>\n<table style=\"border-collapse: collapse;width: 100%;height: 300px\" width=\"100%\">\n<tbody>\n<tr>\n<td width=\"299\"><span style=\"font-family: arial, helvetica, sans-serif;font-size: 16px\">Instrucciones de cuidado del producto<\/span><\/td>\n<td width=\"299\"><span style=\"font-family: arial, helvetica, sans-serif;font-size: 16px\">Disponible<\/span><\/td>\n<\/tr>\n<tr>\n<td width=\"299\"><span style=\"font-family: arial, helvetica, sans-serif;font-size: 16px\">tipo de producto<\/span><\/td>\n<td width=\"299\"><span style=\"font-family: arial, helvetica, sans-serif;font-size: 16px\">HAZ TU T\u00d3NICO<\/span><\/td>\n<\/tr>\n<tr>\n<td width=\"299\"><span style=\"font-family: arial, helvetica, sans-serif;font-size: 16px\">Caracter\u00edstica especial<\/span><\/td>\n<td width=\"299\"><span style=\"font-family: arial, helvetica, sans-serif;font-size: 16px\">Haz tu propia agua t\u00f3nica con bot\u00e1nicos<\/span><\/td>\n<\/tr>\n<tr>\n<td width=\"299\"><span style=\"font-family: arial, helvetica, sans-serif;font-size: 16px\">Marca<\/span><\/td>\n<td width=\"299\"><span style=\"font-family: arial, helvetica, sans-serif;font-size: 16px\">Juego de jard\u00edn<\/span><\/td>\n<\/tr>\n<tr>\n<td width=\"299\"><span style=\"font-family: arial, helvetica, sans-serif;font-size: 16px\">Lugar de origen<\/span><\/td>\n<td width=\"299\"><span style=\"font-family: arial, helvetica, sans-serif;font-size: 16px\">Fuji\u00e1n, China<\/span><\/td>\n<\/tr>\n<tr>\n<td width=\"299\"><span style=\"font-family: arial, helvetica, sans-serif;font-size: 16px\">ODM\/OEM<\/span><\/td>\n<td width=\"299\"><span style=\"font-family: arial, helvetica, sans-serif;font-size: 16px\">Disponible<\/span><\/td>\n<\/tr>\n<tr>\n<td width=\"299\"><span style=\"font-family: arial, helvetica, sans-serif;font-size: 16px\">MOQ para pedidos personalizados<\/span><\/td>\n<td width=\"299\"><span style=\"font-family: arial, helvetica, sans-serif;font-size: 16px\">3000 piezas<\/span><\/td>\n<\/tr>\n<tr>\n<td width=\"299\"><span style=\"font-family: arial, helvetica, sans-serif;font-size: 16px\">costo de la muestra<\/span><\/td>\n<td width=\"299\"><span style=\"font-family: arial, helvetica, sans-serif;font-size: 16px\">US$400\/muestra, devoluci\u00f3n completa despu\u00e9s de nuestro pedido<\/span><\/td>\n<\/tr>\n<\/tbody>\n<\/table>\n<pre>&nbsp;<\/pre>\n<p style=\"line-height: 1.5\"><span style=\"font-family: arial, helvetica, sans-serif;font-size: 16px\">Haz tu propio t\u00f3nico: haz tu propio jarabe de t\u00f3nico con nuestro kit. \u00a1Dale un toque personal a tu ginebra favorita con tu propia t\u00f3nica!<\/span><\/p>\n<pre><span style=\"font-family: arial, helvetica, sans-serif;font-size: 16px\"><br \/>Los siguientes elementos est\u00e1n incluidos en el kit.<\/span><\/pre>\n<p style=\"line-height: 1.5\"><span style=\"font-family: arial, helvetica, sans-serif;font-size: 16px\">12 vasos de Bot\u00e1nicos :<\/span><\/p>\n<p style=\"line-height: 1.5\"><span style=\"font-family: arial, helvetica, sans-serif;font-size: 16px\">corteza de chinchona<\/span><\/p>\n<p style=\"line-height: 1.5\"><span style=\"font-family: arial, helvetica, sans-serif;font-size: 16px\">\u00c1cido c\u00edtrico<\/span><\/p>\n<p style=\"line-height: 1.5\"><span style=\"font-family: arial, helvetica, sans-serif;font-size: 16px\">Cardamomo verde<\/span><\/p>\n<p style=\"line-height: 1.5\"><span style=\"font-family: arial, helvetica, sans-serif;font-size: 16px\">La hierba de lim\u00f3n<\/span><\/p>\n<p style=\"line-height: 1.5\"><span style=\"font-family: arial, helvetica, sans-serif;font-size: 16px\">T\u00e9 de oolong<\/span><\/p>\n<p style=\"line-height: 1.5\"><span style=\"font-family: arial, helvetica, sans-serif;font-size: 16px\">P\u00e9talos de rosa<\/span><\/p>\n<p style=\"line-height: 1.5\"><span style=\"font-family: arial, helvetica, sans-serif;font-size: 16px\">Romero<\/span><\/p>\n<p style=\"line-height: 1.5\"><span style=\"font-family: arial, helvetica, sans-serif;font-size: 16px\">Tomillo<\/span><\/p>\n<p style=\"line-height: 1.5\"><span style=\"font-family: arial, helvetica, sans-serif;font-size: 16px\">1 colador de cobre y medidor de bebidas a juego.<\/span><\/p>\n<p style=\"line-height: 1.5\"><span style=\"font-family: arial, helvetica, sans-serif;font-size: 16px\">1 tarjeta de instrucciones paso a paso<\/span><\/p>\n<p style=\"line-height: 1.5\"><span style=\"font-family: arial, helvetica, sans-serif;font-size: 16px\">1 caja artesanal personalizada<\/span><\/p>\n<p style=\"line-height: 1.5\"><span style=\"font-family: arial, helvetica, sans-serif;font-size: 16px\">Sea creativo en la naturaleza: juegue con las plantas sin dudarlo. Este es tu suplemento. \u00a1T\u00fa decides! Como te gusta el Mediterr\u00e1neo: a\u00f1ade romero. \u00bfPrefieres las flores? \u2013 Adelante, agrega algunos p\u00e9talos de rosa. \u00a1No hay l\u00edmites para tu creatividad!<\/span><\/p>\n<p style=\"line-height: 1.5\">&nbsp;<\/p>\n<p><span style=\"font-family: arial, helvetica, sans-serif\">El romero es una preciosa planta de especias naturales. Emite una fragancia durante la temporada de crecimiento, que tiene el efecto de refrescar el coraz\u00f3n. Sus tallos, hojas y flores tienen una agradable fragancia. El aceite arom\u00e1tico extra\u00eddo de flores y ramitas se puede utilizar para preparar filtros de aire, perfumes, jabones y otras materias primas cosm\u00e9ticas. La loci\u00f3n m\u00e1s famosa est\u00e1 hecha de romero. Se utiliza en bebidas, aceites para el cuidado de la piel, t\u00f3nicos para el cabello y detergentes para ropa.<\/span><\/p>\n<p><span style=\"font-family: arial, helvetica, sans-serif\"><\/span><\/p>\n<p><span style=\"font-family: arial, helvetica, sans-serif\">El romero tiene efectos calmantes, refrescantes y refrescantes, y tiene cierto efecto sobre la indigesti\u00f3n y el dolor de est\u00f3mago. Despu\u00e9s de triturarlo, sum\u00e9rjalo en agua hirviendo y b\u00e9balo, 2-3 veces al d\u00eda, lo que puede desempe\u00f1ar un papel en la sedaci\u00f3n y la diuresis. Tambi\u00e9n se puede utilizar para tratar el insomnio, palpitaciones, dolores de cabeza, indigesti\u00f3n y otras enfermedades. El uso externo puede tratar traumatismos y artritis. Tambi\u00e9n tiene los efectos de fortalecer el coraz\u00f3n, promover el metabolismo y promover la circulaci\u00f3n sangu\u00ednea de los vasos sangu\u00edneos perif\u00e9ricos.<\/span><\/p>\n<\/p>\n<p style=\"line-height: 1.5\"><span style=\"font-family: arial, helvetica, sans-serif;font-size: 16px\">Mima tus ojos y paladar: adem\u00e1s de los ingredientes de primera calidad, nuestro kit contiene dos hermosas botellas de preparaci\u00f3n de vidrio italiano y una coctelera de acero inoxidable de primera calidad. Personaliza tu creaci\u00f3n con la etiqueta incluida: \u00a1este ser\u00e1 tu ron insignia!<\/span><\/p>\n<p style=\"line-height: 1.5\"><span style=\"font-family: arial, helvetica, sans-serif;font-size: 16px\">Convi\u00e9rtase en un profesional en el bar: \u00a1una instrucci\u00f3n clara, tres excelentes recetas y un glosario ordenado le brindar\u00e1n toda la informaci\u00f3n para entusiasmar a todos!<\/span><\/p>\n<p style=\"line-height: 1.5\">&nbsp;<\/p>\n<p style=\"line-height: 1.5\"><span style=\"font-family: arial, helvetica, sans-serif;font-size: 16px\">Un regalo de puro disfrute: nuestro juego es definitivamente el regalo ideal para todos los que quieren beber un vaso de ginebra. En una fiesta de cumplea\u00f1os, debajo del \u00e1rbol de Navidad o en una boda. \u00bfQue estas esperando? \u00a1Haz lo tuyo, haz tu TONIC!<\/span><\/p><\/p>","protected":false},"excerpt":{"rendered":"<p>HAZ TU T\u00d3NICO \u2013 Juego completo de agua t\u00f3nica \u2013 Haz tu propia agua t\u00f3nica con productos bot\u00e1nicos \u2013 Regalo perfecto para hombres y mujeres<\/p>","protected":false},"featured_media":13268,"comment_status":"open","ping_status":"closed","template":"","meta":[],"product_cat":[86],"product_tag":[100,541,538,542,539,540],"acf":[],"_links":{"self":[{"href":"https:\/\/www.garden-kit.com\/es\/wp-json\/wp\/v2\/product\/1718"}],"collection":[{"href":"https:\/\/www.garden-kit.com\/es\/wp-json\/wp\/v2\/product"}],"about":[{"href":"https:\/\/www.garden-kit.com\/es\/wp-json\/wp\/v2\/types\/product"}],"replies":[{"embeddable":true,"href":"https:\/\/www.garden-kit.com\/es\/wp-json\/wp\/v2\/comments?post=1718"}],"wp:featuredmedia":[{"embeddable":true,"href":"https:\/\/www.garden-kit.com\/es\/wp-json\/wp\/v2\/media\/13268"}],"wp:attachment":[{"href":"https:\/\/www.garden-kit.com\/es\/wp-json\/wp\/v2\/media?parent=1718"}],"wp:term":[{"taxonomy":"product_cat","embeddable":true,"href":"https:\/\/www.garden-kit.com\/es\/wp-json\/wp\/v2\/product_cat?post=1718"},{"taxonomy":"product_tag","embeddable":true,"href":"https:\/\/www.garden-kit.com\/es\/wp-json\/wp\/v2\/product_tag?post=1718"}],"curies":[{"name":"wp","href":"https:\/\/api.w.org\/{rel}","templated":true}]}}