{"id":1748,"date":"2022-08-24T09:06:10","date_gmt":"2022-08-24T01:06:10","guid":{"rendered":"http:\/\/www.garden-kit.com\/product\/heirloom-vegetable-seeds\/"},"modified":"2023-03-31T16:38:18","modified_gmt":"2023-03-31T08:38:18","slug":"heirloom-vegetable-seeds","status":"publish","type":"product","link":"https:\/\/www.garden-kit.com\/es\/product\/heirloom-vegetable-seeds\/","title":{"rendered":"Semillas de hortalizas reliquia"},"content":{"rendered":"<p><span style=\"font-family: arial, helvetica, sans-serif\">En general, existen dos m\u00e9todos de plantaci\u00f3n de hortalizas: uno es cultivar primero las pl\u00e1ntulas y luego trasplantarlas; la otra es sembrar directamente.<\/span><br \/><span style=\"font-family: arial, helvetica, sans-serif\">Algunas verduras como los frijoles, los r\u00e1banos y las zanahorias de los tub\u00e9rculos, debido a que son ra\u00edces primarias, el sistema de ra\u00edces est\u00e1 subdesarrollado y el trasplante de pl\u00e1ntulas da\u00f1ar\u00e1 las ra\u00edces y afectar\u00e1 el desarrollo normal. Generalmente, la siembra directa es el m\u00e9todo principal.<\/span><br \/><span style=\"font-family: arial, helvetica, sans-serif\">Adem\u00e1s, algunas hortalizas tienen sistemas de ra\u00edces m\u00e1s desarrollados y ra\u00edces m\u00e1s fibrosas, como el repollo, la coliflor, la berenjena, el tomate, etc., que se pueden trasplantar para el cultivo de pl\u00e1ntulas.<\/span><\/p>\n<h3 style=\"font-size: 19px\"><span style=\"font-family: arial, helvetica, sans-serif;font-size: 18px\">Descripci\u00f3n general<\/span><\/h3>\n<table style=\"width: 79.9431%;height: 352px\">\n<tbody>\n<tr style=\"height: 44px\">\n<td width=\"224\" style=\"width: 39.8577%;height: 44px\">\n<pre><span style=\"font-family: arial, helvetica, sans-serif\">Instrucciones de cuidado del producto<\/span><\/pre>\n<\/td>\n<td width=\"224\" style=\"width: 39.8577%;height: 44px\">\n<pre><span style=\"font-family: arial, helvetica, sans-serif\">Disponible<\/span><\/pre>\n<\/td>\n<\/tr>\n<tr style=\"height: 44px\">\n<td width=\"224\" style=\"width: 39.8577%;height: 44px\">\n<pre><span style=\"font-family: arial, helvetica, sans-serif\">Tipo de producto vegetal<\/span><\/pre>\n<\/td>\n<td width=\"224\" style=\"width: 39.8577%;height: 44px\">\n<pre><span style=\"font-family: arial, helvetica, sans-serif\">Semillas vegetales<\/span><\/pre>\n<\/td>\n<\/tr>\n<tr style=\"height: 44px\">\n<td width=\"224\" style=\"width: 39.8577%;height: 44px\">\n<pre><span style=\"font-family: arial, helvetica, sans-serif\">Caracter\u00edstica especial<\/span><\/pre>\n<\/td>\n<td width=\"224\" style=\"width: 39.8577%;height: 44px\">\n<pre><span style=\"font-family: arial, helvetica, sans-serif\">Cultivo Interior-Exterior<\/span><\/pre>\n<\/td>\n<\/tr>\n<tr style=\"height: 44px\">\n<td width=\"224\" style=\"width: 39.8577%;height: 44px\">\n<pre><span style=\"font-family: arial, helvetica, sans-serif\">Marca<\/span><\/pre>\n<\/td>\n<td width=\"224\" style=\"width: 39.8577%;height: 44px\">\n<pre><span style=\"font-family: arial, helvetica, sans-serif\">Juego de jard\u00edn<\/span><\/pre>\n<\/td>\n<\/tr>\n<tr style=\"height: 44px\">\n<td width=\"224\" style=\"width: 39.8577%;height: 44px\">\n<pre><span style=\"font-family: arial, helvetica, sans-serif\">Lugar de origen<\/span><\/pre>\n<\/td>\n<td width=\"224\" style=\"width: 39.8577%;height: 44px\">\n<pre><span style=\"font-family: arial, helvetica, sans-serif\">Fuji\u00e1n, China<\/span><\/pre>\n<\/td>\n<\/tr>\n<tr style=\"height: 44px\">\n<td width=\"224\" style=\"width: 39.8577%;height: 44px\">\n<pre><span style=\"font-family: arial, helvetica, sans-serif\">ODM\/OEM<\/span><\/pre>\n<\/td>\n<td width=\"224\" style=\"width: 39.8577%;height: 44px\">\n<pre><span style=\"font-family: arial, helvetica, sans-serif\">Disponible<\/span><\/pre>\n<\/td>\n<\/tr>\n<tr style=\"height: 44px\">\n<td width=\"224\" style=\"width: 39.8577%;height: 44px\">\n<pre><span style=\"font-family: arial, helvetica, sans-serif\">MOQ para pedidos personalizados<\/span><\/pre>\n<\/td>\n<td width=\"224\" style=\"width: 39.8577%;height: 44px\">\n<pre><span style=\"font-family: arial, helvetica, sans-serif\">3000 piezas<\/span><\/pre>\n<\/td>\n<\/tr>\n<tr style=\"height: 44px\">\n<td width=\"224\" style=\"width: 39.8577%;height: 44px\">\n<pre><span style=\"font-family: arial, helvetica, sans-serif\">costo de la muestra<\/span><\/pre>\n<\/td>\n<td width=\"224\" style=\"width: 39.8577%;height: 44px\">\n<pre><span style=\"font-family: arial, helvetica, sans-serif\">US$400\/muestra, devoluci\u00f3n completa despu\u00e9s del pedido de nosotros<\/span><\/pre>\n<\/td>\n<\/tr>\n<\/tbody>\n<\/table>\n<p><span style=\"font-family: arial, helvetica, sans-serif\"> Kit de semillas de vegetales de 20 variedades preparadas: es f\u00e1cil: eliminamos las conjeturas sobre el cultivo de vegetales a partir de semillas, gui\u00e1ndolo en cada paso del camino. Todo lo que necesita para traer la alegr\u00eda de las verduras a su vida o la de su ser querido en una hermosa bolsa de embalaje. \u00a1Plantalo! <\/span><br \/><span style=\"font-family: arial, helvetica, sans-serif\">Los siguientes elementos est\u00e1n incluidos en el kit. 20 variedades de semillas de hortalizas como frijoles Contender, br\u00f3coli Waltham, col rizada escocesa azul, guisantes de az\u00facar de Oreg\u00f3n, tomates Marglobe Heirloom, calabaza de verano Black Beauty y muchas m\u00e1s. 1 gu\u00eda de plantaci\u00f3n paso a paso 1 paquete personalizado La selecci\u00f3n perfecta de vegetales para el jard\u00edn de su hogar: cada paquete contiene las mejores variedades de vegetales tradicionales. Cada paquete incluye variedades como Contender Beans, Waltham Coliflower, Blue Scotch Kale, Oregon Jelly Beans, Marglobe Heirloom Tomatoes, Black Beauty Summer Squash y m\u00e1s. No puedes equivocarte con estas delicias favoritas. Jardiner\u00eda sin preocupaciones: nuestras semillas se prueban constantemente para 95% o m\u00e1s germinaci\u00f3n en condiciones de crecimiento \u00f3ptimas, lo cual es fundamental para sus suministros de preparaci\u00f3n. No tienes que preocuparte por semillas tontas y sin germinar. Adem\u00e1s de nuestras altas tasas de germinaci\u00f3n, tambi\u00e9n ofrecemos nuestra propia gu\u00eda de cultivo de jardines, que incluye consejos y mejores pr\u00e1cticas para ayudarlo en su viaje de jardiner\u00eda. Cultive miles de libras de alimentos: con m\u00e1s de 10,000 semillas, puede cultivar un exuberante jard\u00edn de vegetales suficiente para cultivar, cocinar y comer durante todo el a\u00f1o. Las semillas est\u00e1n empacadas en una bolsa de mylar herm\u00e9tica con cierre herm\u00e9tico bellamente dise\u00f1ada para mantener la frescura y la calidad para un f\u00e1cil almacenamiento a largo plazo y son el complemento perfecto para sus art\u00edculos de preparaci\u00f3n para emergencias. &nbsp;<\/span><\/p>\n<p><span style=\"font-family: arial, helvetica, sans-serif\">m\u00e9todo de siembra<\/span><\/p>\n<p><span style=\"font-family: arial, helvetica, sans-serif\">Dependiendo del tama\u00f1o y calidad de las semillas, el m\u00e9todo de siembra puede ser al voleo, bajo demanda o sembrado.<\/span><br \/><span style=\"font-family: arial, helvetica, sans-serif\">Siembra: es esparcir las semillas de manera uniforme en el suelo de siembra, a menudo utilizado para peque\u00f1as semillas de hortalizas;<\/span><br \/><span style=\"font-family: arial, helvetica, sans-serif\">Siembra a pedido: es cavar hoyos y sembrar de acuerdo con un cierto espacio entre hileras, que es adecuado para semillas grandes y semillas de hortalizas relativamente raras;<\/span><br \/><span style=\"font-family: arial, helvetica, sans-serif\">Siembra en taladro: zanjeo y siembra de acuerdo con un cierto espacio entre hileras, adecuado para semillas de hortalizas medianas y peque\u00f1as. Este m\u00e9todo no se usa com\u00fanmente para macetas de balc\u00f3n.<\/span><\/p>\n<p><span style=\"font-family: arial, helvetica, sans-serif\">Ahorre cientos de d\u00f3lares: agrupamos las mejores semillas de vegetales para que crezcan, por lo que no necesita gastar cientos de d\u00f3lares en vegetales tradicionales caros en la tienda o el mercado. Estas verduras f\u00e1ciles de cultivar son excelentes tanto para los jardineros principiantes como para los experimentados.<\/span><\/p>\n<p style=\"line-height: 1.5\"><span style=\"font-size: 16px;font-family: arial, helvetica, sans-serif\"><span style=\"font-size: 18px\">C\u00f3mo se plantan las semillas de hortalizas<br \/><span style=\"font-size: 16px\">1. Tratamiento de semillas<\/span><br \/><span style=\"font-size: 16px\">Antes de plantar las semillas de hortalizas, deben colocarse al sol durante 1-2 d\u00edas para desinfectar y esterilizar las bacterias pat\u00f3genas que transportan las semillas, y luego sumergirse en agua tibia durante 3-4 horas, revolviendo continuamente durante el per\u00edodo Y el ni\u00f1o se calienta uniformemente.<\/span><br \/><span style=\"font-size: 16px\">2. Prepara el suelo<\/span><br \/><span style=\"font-size: 16px\">La tierra donde se plantan las semillas de hortalizas debe estar seca y libre de acumulaci\u00f3n de agua, de lo contrario, las semillas se anegar\u00e1n y se pudrir\u00e1n, y el suelo para plantar debe tener las caracter\u00edsticas de una fuerte permeabilidad al aire y ricos nutrientes. esponjoso.<\/span><br \/><span style=\"font-size: 16px\">3. Siembra<\/span><br \/><span style=\"font-size: 16px\">Despu\u00e9s de que se preparan las semillas de vegetales y la tierra diez, se puede abrir una zanja en la parcela, y luego las semillas se pueden rociar uniformemente a lo largo de la zanja, prestando atenci\u00f3n a controlar el espesor razonablemente. Para evitar el fen\u00f3meno de la vacante, las semillas se siembran y luego se cubren con una capa delgada.<\/span><br \/><span style=\"font-size: 16px\">4. Post-gesti\u00f3n<\/span><br \/><span style=\"font-size: 16px\">Despu\u00e9s de plantar las semillas de hortalizas, se deben regar con agua una vez para garantizar que la calidad sea h\u00fameda y propicia una germinaci\u00f3n r\u00e1pida. Cuando las pl\u00e1ntulas crezcan entre 5 y 10 cm, se deben entresacar y rellenar para que las pl\u00e1ntulas crezcan uniformemente en la parcela.<\/span><\/span><\/span><\/p>\n<p style=\"line-height: 1.5\"><span style=\"font-size: 16px;font-family: arial, helvetica, sans-serif\"><span style=\"font-size: 18px\">Precauciones<\/span><br \/>Si el clima es c\u00e1lido y la temperatura del suelo es baja, lo mejor es usar el m\u00e9todo de siembra h\u00fameda, es decir, regar bien antes de plantar y luego sembrar despu\u00e9s de que penetre el agua. Si el clima es relativamente c\u00e1lido, se puede cubrir con cortinas de paja. Cuando emerjan las semillas de hortalizas, tenga cuidado de no exponerse a la luz solar directa, porque a las pl\u00e1ntulas no les gusta la luz solar demasiado fuerte. Si la luz del sol es demasiado fuerte, las pl\u00e1ntulas pueden morir quemadas por el sol. Insalubre<br \/>Las pl\u00e1ntulas sanas o demasiado compactas generalmente se extraen.<\/span><\/p>\n<p><span style=\"font-size: 18px;font-family: arial, helvetica, sans-serif\">Precauciones despu\u00e9s de la germinaci\u00f3n:<\/span><\/p>\n<p><span style=\"font-family: arial, helvetica, sans-serif\">1. Las pl\u00e1ntulas necesitan luz. Ya sea que se trate de una semilla que necesita luz o no, necesita una cierta cantidad de luz despu\u00e9s de la germinaci\u00f3n.<\/span><br \/><span style=\"font-family: arial, helvetica, sans-serif\">2. Las dos primeras hojas de las pl\u00e1ntulas germinadas son cotiledones, que generalmente son verdes. No se equivoque cuando vea que el blanco est\u00e1 emergiendo, ese material es a menudo una ra\u00edz, no se apresure a tomar el sol en este momento.<\/span><br \/><span style=\"font-family: arial, helvetica, sans-serif\">3. Despu\u00e9s de que las semillas germinan, no pueden ver el gran sol de una vez, primero astigmatismo y se mueven lentamente hacia el gran sol.<\/span><br \/><span style=\"font-family: arial, helvetica, sans-serif\">4. Para pl\u00e1ntulas j\u00f3venes, preste atenci\u00f3n a la hidrataci\u00f3n de las hojas. Puedes rociarlas con una regadera peque\u00f1a. Las pl\u00e1ntulas grandes se caer\u00e1n cuando fluya el agua y, a veces, se pegar\u00e1n al suelo, lo que dar\u00e1 como resultado pl\u00e1ntulas muertas.<\/span><br \/><span style=\"font-family: arial, helvetica, sans-serif\">5. Generalmente, cuando emerge el segundo par de hojas verdaderas, puede aplicar un poco de fertilizante delgado. En este momento, es principalmente fertilizante nitrogenado para hacer que las hojas sean verdes y fuertes, y luego aumente lentamente el fertilizante compuesto para complementar todos los aspectos de la nutrici\u00f3n.<\/span><\/p>\n<p><span style=\"font-family: arial, helvetica, sans-serif\"><br \/>Consejo: aseg\u00farese de mantener la luz encendida. La luz del sol es el requisito b\u00e1sico para el crecimiento de todas las cosas. Trate de colocar la caja de plantaci\u00f3n en una posici\u00f3n donde el sol pueda mantenerse durante mucho tiempo. Y el tiempo de pl\u00e1ntulas y trasplantes. Para evitar el hacinamiento de las pl\u00e1ntulas, las pl\u00e1ntulas se pueden adelgazar y fijar a tiempo de acuerdo con la diferencia en las instrucciones de semillas. Algunas verduras de hoja verde, como la lechuga, tambi\u00e9n se pueden trasplantar en el momento adecuado para liberar espacio de crecimiento y ampliar el \u00e1rea de plantaci\u00f3n.<\/span><br \/><span style=\"font-family: arial, helvetica, sans-serif\">controlar el riego<\/span><br \/><span style=\"font-family: arial, helvetica, sans-serif\">Al ver las verduras que crecen en casa, no puedo evitar regarlas. Riego cualquier planta todos los d\u00edas, y las plantas son delgadas y d\u00e9biles, y las ra\u00edces son propensas a pudrirse. De hecho, muchos problemas son causados por un riego inadecuado. Es mejor ver la tierra seca y mojada que estar mojada por mucho tiempo, especialmente para algunos vegetales con sistemas de ra\u00edces superficiales, la tierra de la maceta est\u00e1 seca antes de regar. Una mayor exposici\u00f3n al sol, a menudo roci\u00e1ndolo con agua y lluvia, tambi\u00e9n puede hacer que las verduras crezcan con m\u00e1s vigor.<\/span><br \/><span style=\"font-family: arial, helvetica, sans-serif\">m\u00e1s ventilaci\u00f3n<\/span><br \/><span style=\"font-family: arial, helvetica, sans-serif\">Si cultivas flores y verduras en el balc\u00f3n, la ventilaci\u00f3n tambi\u00e9n es un tema muy importante. La ventilaci\u00f3n puede eliminar el exceso de agua en la superficie del suelo y permitir que las plantas respiren, lo que es especialmente bueno para el crecimiento de las plantas y puede evitar el encharcamiento y las ra\u00edces podridas. Por lo tanto, abrir ventanas con frecuencia para ventilar en primavera tambi\u00e9n es una condici\u00f3n importante para cultivar buenas flores y vegetales.<\/span><\/p>\n<pre><\/pre><\/p>","protected":false},"excerpt":{"rendered":"<p>20 Semillas de vegetales Heirloom - M\u00e1s de 10,000 semillas de supervivencia y equipo de preparaci\u00f3n de emergencia - Semillas de vegetales sin OGM para plantar un paquete variado de jard\u00edn en casa<\/p>","protected":false},"featured_media":13200,"comment_status":"open","ping_status":"closed","template":"","meta":[],"product_cat":[59],"product_tag":[566,302,290,282,304,81,567],"acf":[],"_links":{"self":[{"href":"https:\/\/www.garden-kit.com\/es\/wp-json\/wp\/v2\/product\/1748"}],"collection":[{"href":"https:\/\/www.garden-kit.com\/es\/wp-json\/wp\/v2\/product"}],"about":[{"href":"https:\/\/www.garden-kit.com\/es\/wp-json\/wp\/v2\/types\/product"}],"replies":[{"embeddable":true,"href":"https:\/\/www.garden-kit.com\/es\/wp-json\/wp\/v2\/comments?post=1748"}],"wp:featuredmedia":[{"embeddable":true,"href":"https:\/\/www.garden-kit.com\/es\/wp-json\/wp\/v2\/media\/13200"}],"wp:attachment":[{"href":"https:\/\/www.garden-kit.com\/es\/wp-json\/wp\/v2\/media?parent=1748"}],"wp:term":[{"taxonomy":"product_cat","embeddable":true,"href":"https:\/\/www.garden-kit.com\/es\/wp-json\/wp\/v2\/product_cat?post=1748"},{"taxonomy":"product_tag","embeddable":true,"href":"https:\/\/www.garden-kit.com\/es\/wp-json\/wp\/v2\/product_tag?post=1748"}],"curies":[{"name":"wp","href":"https:\/\/api.w.org\/{rel}","templated":true}]}}