{"id":1778,"date":"2022-08-24T09:08:05","date_gmt":"2022-08-24T01:08:05","guid":{"rendered":"http:\/\/www.garden-kit.com\/product\/paint-plant-flower-growing-kit\/"},"modified":"2023-08-23T13:55:09","modified_gmt":"2023-08-23T05:55:09","slug":"paint-amp-plant-flower-growing-kit","status":"publish","type":"product","link":"https:\/\/www.garden-kit.com\/es\/product\/paint-amp-plant-flower-growing-kit\/","title":{"rendered":"Kit de cultivo de flores de pintura y plantas"},"content":{"rendered":"<h3 style=\"line-height: 1.5;font-size: 19px\"><span style=\"font-family: arial, helvetica, sans-serif;font-size: 18px\">Descripci\u00f3n general<\/span><\/h3>\n<table style=\"width: 66.4474%;height: 269px\">\n<tbody>\n<tr style=\"height: 31px\">\n<td width=\"298\" style=\"width: 49.1749%;height: 31px\">\n<p><span style=\"font-family: arial, helvetica, sans-serif\">Instrucciones de cuidado del producto<\/span><\/p>\n<\/td>\n<td width=\"298\" style=\"width: 49.1749%;height: 31px\">\n<p><span style=\"font-family: arial, helvetica, sans-serif\">Disponible<\/span><\/p>\n<\/td>\n<\/tr>\n<tr style=\"height: 31px\">\n<td width=\"298\" style=\"width: 49.1749%;height: 31px\">\n<p><span style=\"font-family: arial, helvetica, sans-serif\">Tipo de producto vegetal<\/span><\/p>\n<\/td>\n<td width=\"298\" style=\"width: 49.1749%;height: 31px\">\n<p><span style=\"font-family: arial, helvetica, sans-serif\">Flor<\/span><\/p>\n<\/td>\n<\/tr>\n<tr style=\"height: 31px\">\n<td width=\"298\" style=\"width: 49.1749%;height: 31px\">\n<p><span style=\"font-family: arial, helvetica, sans-serif\">Caracter\u00edstica especial<\/span><\/p>\n<\/td>\n<td width=\"298\" style=\"width: 49.1749%;height: 31px\">\n<p><span style=\"font-family: arial, helvetica, sans-serif\">Cultivo Interior-Exterior<\/span><\/p>\n<\/td>\n<\/tr>\n<tr style=\"height: 31px\">\n<td width=\"298\" style=\"width: 49.1749%;height: 31px\">\n<p><span style=\"font-family: arial, helvetica, sans-serif\">Marca<\/span><\/p>\n<\/td>\n<td width=\"298\" style=\"width: 49.1749%;height: 31px\">\n<p><span style=\"font-family: arial, helvetica, sans-serif\">Juego de jard\u00edn<\/span><\/p>\n<\/td>\n<\/tr>\n<tr style=\"height: 31px\">\n<td width=\"298\" style=\"width: 49.1749%;height: 31px\">\n<p><span style=\"font-family: arial, helvetica, sans-serif\">Lugar de origen<\/span><\/p>\n<\/td>\n<td width=\"298\" style=\"width: 49.1749%;height: 31px\">\n<p><span style=\"font-family: arial, helvetica, sans-serif\">Fuji\u00e1n, China<\/span><\/p>\n<\/td>\n<\/tr>\n<tr style=\"height: 31px\">\n<td width=\"298\" style=\"width: 49.1749%;height: 31px\">\n<p><span style=\"font-family: arial, helvetica, sans-serif\">ODM\/OEM<\/span><\/p>\n<\/td>\n<td width=\"298\" style=\"width: 49.1749%;height: 31px\">\n<p><span style=\"font-family: arial, helvetica, sans-serif\">Disponible<\/span><\/p>\n<\/td>\n<\/tr>\n<tr style=\"height: 31px\">\n<td width=\"298\" style=\"width: 49.1749%;height: 31px\">\n<p><span style=\"font-family: arial, helvetica, sans-serif\">MOQ para pedidos personalizados<\/span><\/p>\n<\/td>\n<td width=\"298\" style=\"width: 49.1749%;height: 31px\">\n<p><span style=\"font-family: arial, helvetica, sans-serif\">3000 piezas<\/span><\/p>\n<\/td>\n<\/tr>\n<tr style=\"height: 52px\">\n<td width=\"298\" style=\"width: 49.1749%;height: 52px\">\n<p><span style=\"font-family: arial, helvetica, sans-serif\">costo de la muestra<\/span><\/p>\n<\/td>\n<td width=\"298\" style=\"width: 49.1749%;height: 52px\">\n<p><span style=\"font-family: arial, helvetica, sans-serif\">US$400\/muestra, devoluci\u00f3n completa despu\u00e9s de nuestro pedido<\/span><\/p>\n<\/td>\n<\/tr>\n<\/tbody>\n<\/table>\n<h3 style=\"line-height: 1.5;font-size: 19px\"><span style=\"font-family: arial, helvetica, sans-serif\">Descripci\u00f3n <\/span><\/h3>\n<h3 style=\"font-size: 19px\"><span style=\"font-family: arial, helvetica, sans-serif\">\u00a1Comienza el viaje de combinar creatividad y naturaleza! Kit de cultivo de flores para pintar y plantar<\/span><\/h3>\n<p><span style=\"font-family: arial, helvetica, sans-serif\">Imagina que tu vida est\u00e1 llena de creatividad y belleza natural. Ahora, hemos fusionado los dos para brindarte una experiencia completamente nueva: \u00a1el kit de cultivo de flores para pintar y plantar! Es m\u00e1s que una simple herramienta de plantaci\u00f3n, es una oportunidad para dejar que tu creatividad florezca en flores.<\/span><\/p>\n<\/p>\n<h3 style=\"font-size: 19px\"><span style=\"font-family: arial, helvetica, sans-serif\">Caracter\u00edsticas del producto:<\/span><\/h3>\n<p><strong><span style=\"font-family: arial, helvetica, sans-serif\">1. Combinaci\u00f3n de creatividad y naturaleza:<\/span><\/strong><\/p>\n<p><span style=\"font-family: arial, helvetica, sans-serif\">El kit de cultivo de flores Paint And Plant combina plantaci\u00f3n y pintura, lo que le permite crear macetas \u00fanicas mientras espera que florezcan las flores.<\/span><\/p>\n<\/p>\n<p><span style=\"font-family: arial, helvetica, sans-serif\"><strong>2. Se puede cultivar una amplia variedad de flores: <\/strong><\/span><\/p>\n<p><span style=\"font-family: arial, helvetica, sans-serif\">Ofrecemos una amplia gama de diferentes tipos de semillas de flores para satisfacer sus preferencias y necesidades. Ya sea un colorido tulip\u00e1n o un lirio puro y elegante, encontrar\u00e1 un lugar para ellos en su jard\u00edn.<\/span><\/p>\n<\/p>\n<p><strong><span style=\"font-family: arial, helvetica, sans-serif\">3. Pintura y decoraci\u00f3n:<\/span><\/strong><\/p>\n<p><span style=\"font-family: arial, helvetica, sans-serif\">Cada kit de cultivo de flores y pintura viene con herramientas de pintura y pinturas de calidad profesional, lo que le permite ser creativo con sus macetas. Puedes pintar tu patr\u00f3n, texto o incluso un peque\u00f1o garabato favorito, haciendo de cada maceta una obra de arte \u00fanica.<\/span><\/p>\n<\/p>\n<p><span style=\"font-family: arial, helvetica, sans-serif\"><strong>4 \u3001 Producci\u00f3n personalizada OEM: <\/strong><\/span><\/p>\n<p><span style=\"font-family: arial, helvetica, sans-serif\">Entendemos que cada persona tiene diferentes preferencias por la creatividad y las flores, por eso ofrecemos servicios de producci\u00f3n personalizados OEM. Puede personalizar su kit de cultivo de flores de pintura y plantas para adaptarlo a su marca, evento o necesidades especiales y poner su sello \u00fanico en su creatividad.<\/span><\/p>\n<\/p>\n<h3 style=\"font-size: 19px\"><span style=\"font-family: arial, helvetica, sans-serif\">C\u00f3mo utilizar el kit de cultivo de flores de pintura y plantas:<\/span><\/h3>\n<p><span style=\"font-family: arial, helvetica, sans-serif\"><strong>1 \u3001 Preparaci\u00f3n: <\/strong><\/span><\/p>\n<p><span style=\"font-family: arial, helvetica, sans-serif\">Abra el paquete y saque la maceta, las semillas, la tierra y las herramientas para pintar. Puedes elegir las semillas de flores que quieras plantar seg\u00fan tus preferencias.<\/span><\/p>\n<\/p>\n<p><span style=\"font-family: arial, helvetica, sans-serif\"><strong>2 \u3001 Pintura: <\/strong><\/span><\/p>\n<p><span style=\"font-family: arial, helvetica, sans-serif\">Utilice las herramientas de pintura y pinturas incluidas para pintar sus ideas en las macetas. Ya sea un patr\u00f3n simple o un garabato colorido, puedes mostrar tu personalidad y talento art\u00edstico.<\/span><\/p>\n<\/p>\n<p><span style=\"font-family: arial, helvetica, sans-serif\"><strong>3. Proceso de plantaci\u00f3n:<\/strong><\/span><\/p>\n<p><span style=\"font-family: arial, helvetica, sans-serif\">Vierta tierra en la maceta y entierre suavemente las semillas en el suelo de acuerdo con la profundidad de siembra de las semillas. Mantenga la humedad y la luz solar adecuadas y espere pacientemente a que crezcan las flores.<\/span><\/p>\n<\/p>\n<p><span style=\"font-family: arial, helvetica, sans-serif\"><strong>4\u3001Aprecia los resultados: <\/strong><\/span><\/p>\n<p><span style=\"font-family: arial, helvetica, sans-serif\">Durante los d\u00edas de espera, podr\u00e1s observar constantemente el crecimiento de las flores, y cada floraci\u00f3n es la cristalizaci\u00f3n de tu creatividad y naturaleza.<\/span><\/p>\n<\/p>\n<p><span style=\"font-family: arial, helvetica, sans-serif\">Si eres un entusiasta de la jardiner\u00eda que ama las plantas o un artista que persigue la creatividad, Paint And Plant Flower Growing Kit te brindar\u00e1 una experiencia llena de sorpresas y creatividad. \u00a1Sembremos juntos las semillas de nuestros sue\u00f1os en el campo de la creatividad y seamos testigos de la maravillosa fusi\u00f3n de creatividad y naturaleza!<\/span><\/p>\n<p style=\"line-height: 1.5\"><span style=\"font-family: arial, helvetica, sans-serif\"><img decoding=\"async\" src=\"https:\/\/data.adwebcloud.com\/public\/material\/2206293ihquj\/product\/imageFile_1676287807429.jpg\" alt=\"imagen 2 1 15\" title=\"\"><\/span><span style=\"font-family: arial, helvetica, sans-serif;font-size: 18px\"><\/span><\/p>","protected":false},"excerpt":{"rendered":"<p><span style=\"font-family: arial, helvetica, sans-serif\">Dan&amp;Darci Kit de pintura y cultivo de flores para ni\u00f1os \u2013 Los mejores regalos de manualidades de cumplea\u00f1os para ni\u00f1as y ni\u00f1os de 4, 5, 6, 7, 8 a 12 a\u00f1os Kits de jardiner\u00eda para ni\u00f1os, proyectos de arte, juguetes para edades de 4 a 12 a\u00f1os<\/span><\/p>","protected":false},"featured_media":16195,"comment_status":"closed","ping_status":"closed","template":"","meta":[],"product_cat":[61],"product_tag":[472,413,473,474,452,334],"acf":[],"_links":{"self":[{"href":"https:\/\/www.garden-kit.com\/es\/wp-json\/wp\/v2\/product\/1778"}],"collection":[{"href":"https:\/\/www.garden-kit.com\/es\/wp-json\/wp\/v2\/product"}],"about":[{"href":"https:\/\/www.garden-kit.com\/es\/wp-json\/wp\/v2\/types\/product"}],"replies":[{"embeddable":true,"href":"https:\/\/www.garden-kit.com\/es\/wp-json\/wp\/v2\/comments?post=1778"}],"wp:featuredmedia":[{"embeddable":true,"href":"https:\/\/www.garden-kit.com\/es\/wp-json\/wp\/v2\/media\/16195"}],"wp:attachment":[{"href":"https:\/\/www.garden-kit.com\/es\/wp-json\/wp\/v2\/media?parent=1778"}],"wp:term":[{"taxonomy":"product_cat","embeddable":true,"href":"https:\/\/www.garden-kit.com\/es\/wp-json\/wp\/v2\/product_cat?post=1778"},{"taxonomy":"product_tag","embeddable":true,"href":"https:\/\/www.garden-kit.com\/es\/wp-json\/wp\/v2\/product_tag?post=1778"}],"curies":[{"name":"wp","href":"https:\/\/api.w.org\/{rel}","templated":true}]}}