{"id":1791,"date":"2022-08-24T09:08:47","date_gmt":"2022-08-24T01:08:47","guid":{"rendered":"http:\/\/www.garden-kit.com\/product\/paint-flower-growing-kit\/"},"modified":"2023-03-31T16:37:35","modified_gmt":"2023-03-31T08:37:35","slug":"paint-flower-growing-kit","status":"publish","type":"product","link":"https:\/\/www.garden-kit.com\/es\/product\/paint-flower-growing-kit\/","title":{"rendered":"Kit de cultivo de flores de pintura"},"content":{"rendered":"<h3 style=\"font-size: 19px\"><span style=\"font-family: arial, helvetica, sans-serif;font-size: 16px\"><span style=\"font-size: 18px\">Kit de cultivo de flores de pintura y plantas<\/span><\/span><\/h3>\n<h3 style=\"font-size: 19px\"><span style=\"font-family: arial, helvetica, sans-serif;font-size: 16px\">Descripci\u00f3n general<\/span><\/h3>\n<table style=\"border-collapse: collapse;width: 100%;height: 100px\">\n<tbody>\n<tr>\n<td width=\"298\">\n<pre><span style=\"font-family: arial, helvetica, sans-serif;font-size: 16px\">Instrucciones de cuidado del producto<\/span><\/pre>\n<\/td>\n<td width=\"298\">\n<pre><span style=\"font-family: arial, helvetica, sans-serif;font-size: 16px\">Disponible<\/span><\/pre>\n<\/td>\n<\/tr>\n<tr>\n<td width=\"298\">\n<pre><span style=\"font-family: arial, helvetica, sans-serif;font-size: 16px\">Tipo de producto vegetal<\/span><\/pre>\n<\/td>\n<td width=\"298\">\n<pre><span style=\"font-family: arial, helvetica, sans-serif;font-size: 16px\">Flor<\/span><\/pre>\n<\/td>\n<\/tr>\n<tr>\n<td width=\"298\">\n<pre><span style=\"font-family: arial, helvetica, sans-serif;font-size: 16px\">Caracter\u00edstica especial<\/span><\/pre>\n<\/td>\n<td width=\"298\">\n<pre><span style=\"font-family: arial, helvetica, sans-serif;font-size: 16px\">Cultivo Interior-Exterior<\/span><\/pre>\n<\/td>\n<\/tr>\n<tr>\n<td width=\"298\">\n<pre><span style=\"font-family: arial, helvetica, sans-serif;font-size: 16px\">Marca<\/span><\/pre>\n<\/td>\n<td width=\"298\">\n<pre><span style=\"font-family: arial, helvetica, sans-serif;font-size: 16px\">Juego de jard\u00edn<\/span><\/pre>\n<\/td>\n<\/tr>\n<tr>\n<td width=\"298\">\n<pre><span style=\"font-family: arial, helvetica, sans-serif;font-size: 16px\">Lugar de origen<\/span><\/pre>\n<\/td>\n<td width=\"298\">\n<pre><span style=\"font-family: arial, helvetica, sans-serif;font-size: 16px\">Fuji\u00e1n, China<\/span><\/pre>\n<\/td>\n<\/tr>\n<tr>\n<td width=\"298\">\n<pre><span style=\"font-family: arial, helvetica, sans-serif;font-size: 16px\">ODM\/OEM<\/span><\/pre>\n<\/td>\n<td width=\"298\">\n<pre><span style=\"font-family: arial, helvetica, sans-serif;font-size: 16px\">Disponible<\/span><\/pre>\n<\/td>\n<\/tr>\n<tr>\n<td width=\"298\">\n<pre><span style=\"font-family: arial, helvetica, sans-serif;font-size: 16px\">MOQ para pedidos personalizados<\/span><\/pre>\n<\/td>\n<td width=\"298\">\n<pre><span style=\"font-family: arial, helvetica, sans-serif;font-size: 16px\">3000 piezas<\/span><\/pre>\n<\/td>\n<\/tr>\n<tr>\n<td width=\"298\">\n<pre><span style=\"font-family: arial, helvetica, sans-serif;font-size: 16px\">costo de la muestra<\/span><\/pre>\n<\/td>\n<td width=\"298\">\n<pre><span style=\"font-family: arial, helvetica, sans-serif;font-size: 16px\">US$400\/muestra, devoluci\u00f3n completa despu\u00e9s del pedido de nosotros<\/span><\/pre>\n<\/td>\n<\/tr>\n<\/tbody>\n<\/table>\n<p><span style=\"font-family: arial, helvetica, sans-serif;font-size: 16px\">Kit de jardiner\u00eda de flores para pintar y cultivar para ni\u00f1os de 28 piezas preparado: todo lo que sus hijos necesitan para traer la alegr\u00eda de cultivar flores a su vida o la de un ser querido. Es simple: nuestras conjeturas sobre el cultivo de flores a partir de semillas, lo guiar\u00e1n en cada paso del camino. \u00a1Plantalo!<\/span><\/p>\n<h3 style=\"line-height: 1.5;font-size: 19px\"><span style=\"font-family: arial, helvetica, sans-serif;font-size: 16px\"><br \/><strong>Los siguientes elementos est\u00e1n incluidos en el kit.<\/strong><\/span><\/h3>\n<p style=\"line-height: 1.5\"><span style=\"font-family: arial, helvetica, sans-serif;font-size: 16px\">3 macetas plantables con bandeja <\/span><\/p>\n<p style=\"line-height: 1.5\"><span style=\"font-family: arial, helvetica, sans-serif;font-size: 16px\">3 bolsas de semillas <\/span><\/p>\n<p style=\"line-height: 1.5\"><span style=\"font-family: arial, helvetica, sans-serif;font-size: 16px\">3 discos de suelo <\/span><\/p>\n<p style=\"line-height: 1.5\"><span style=\"font-family: arial, helvetica, sans-serif;font-size: 16px\">3 etiquetas de plantas <\/span><\/p>\n<p style=\"line-height: 1.5\"><span style=\"font-family: arial, helvetica, sans-serif;font-size: 16px\">3 pegatinas de transferencia <\/span><\/p>\n<p style=\"line-height: 1.5\"><span style=\"font-family: arial, helvetica, sans-serif;font-size: 16px\">6 pinturas <\/span><\/p>\n<p style=\"line-height: 1.5\"><span style=\"font-family: arial, helvetica, sans-serif;font-size: 16px\">2 pinceles <\/span><\/p>\n<p style=\"line-height: 1.5\"><span style=\"font-family: arial, helvetica, sans-serif;font-size: 16px\">1 paleta de pintura <\/span><\/p>\n<p style=\"line-height: 1.5\"><span style=\"font-family: arial, helvetica, sans-serif;font-size: 16px\">1 pala <\/span><\/p>\n<p style=\"line-height: 1.5\"><span style=\"font-family: arial, helvetica, sans-serif;font-size: 16px\">1 botella de agua <\/span><\/p>\n<p style=\"line-height: 1.5\"><span style=\"font-family: arial, helvetica, sans-serif;font-size: 16px\">1 Gu\u00eda de plantaci\u00f3n paso a paso <\/span><\/p>\n<p style=\"line-height: 1.5\"><span style=\"font-family: arial, helvetica, sans-serif;font-size: 16px\">1 caja de regalo personalizada <\/span><\/p>\n<p><span style=\"font-family: arial, helvetica, sans-serif;font-size: 16px\"><\/span><\/p>\n<p>Juego de jard\u00edn <a class=\"wpil_keyword_link\" href=\"https:\/\/www.garden-kit.com\/es\/product\/paint-and-plant-flower-growing-kits\/\"   title=\"Kit de cultivo de flores de pintura y plantas\" data-wpil-keyword-link=\"linked\">Kit de cultivo de flores de pintura y plantas<\/a>: Nuestro juego de cultivo de flores Garden Set para ni\u00f1os de 8 a 12 a\u00f1os viene con todo lo que necesitas. 3 botes, 6 colores de pintura, 3 adhesivos transfer (negro, color y GID), spray, 2 pinceles, 3 etiquetas, instrucciones y m\u00e1s.<\/p>\n<\/p>\n<p>Pinta y cultiva tu propio jard\u00edn: \u00bfTe gustan los colores vivos? \u00bfTe gusta ser creativo? \u00a1Entonces elige este kit de arte y manualidades! Auto-pintar es una parte muy divertida. \u00a1Plantar tu jard\u00edn y verlo florecer ser\u00e1 a\u00fan m\u00e1s emocionante!<\/p>\n<\/p>\n<p>Actividades educativas para todas las edades: para ni\u00f1os de 4 a 6 a\u00f1os, esta es una gran actividad art\u00edstica y artesanal para mantenerlos ocupados durante horas. Aporta creatividad a los ni\u00f1os. Pueden pintar en las macetas \u00fanicas y ver crecer las flores d\u00eda a d\u00eda. Es una excelente manera de mantener a los ni\u00f1os alejados de los dispositivos electr\u00f3nicos. Es divertido y educativo al mismo tiempo.<\/p>\n<\/p>\n<p>Delicados regalos de arte y manualidades para ni\u00f1os: esta manualidad para ni\u00f1as de 10 a 12 a\u00f1os parece simple pero es muy divertida de usar. Divi\u00e9rtase con sus hijos, pasen tiempo de calidad juntos y tengan excelentes actividades familiares. Este arte y manualidades de bricolaje para ni\u00f1os tambi\u00e9n es un gran regalo de vacaciones para Navidad, Pascua y regalos de cumplea\u00f1os para ni\u00f1os.<\/p>\n<\/p>\n<p>Satisfacci\u00f3n 100%: Todos los productos del kit de jard\u00edn ofrecen satisfacci\u00f3n 100%. Si est\u00e1 interesado en vender al por mayor estos kits de jard\u00edn, no dude en contactarnos. Nos aseguraremos de brindarle el mejor servicio.<\/p><\/p>","protected":false},"excerpt":{"rendered":"<p>Kit de jard\u00edn Pintura y kit de cultivo de flores de plantas - Artes y manualidades para ni\u00f1os de 4 a 8 a\u00f1os - Juego de jardiner\u00eda para ni\u00f1os para ni\u00f1as - Regalos para ni\u00f1as de 6 a\u00f1os, Proyecto de ciencia STEM, Grow PansyPetunia &amp; Marigold Flowers<\/p>","protected":false},"featured_media":13153,"comment_status":"closed","ping_status":"closed","template":"","meta":[],"product_cat":[61],"product_tag":[415,413,334,332,69,414],"acf":[],"_links":{"self":[{"href":"https:\/\/www.garden-kit.com\/es\/wp-json\/wp\/v2\/product\/1791"}],"collection":[{"href":"https:\/\/www.garden-kit.com\/es\/wp-json\/wp\/v2\/product"}],"about":[{"href":"https:\/\/www.garden-kit.com\/es\/wp-json\/wp\/v2\/types\/product"}],"replies":[{"embeddable":true,"href":"https:\/\/www.garden-kit.com\/es\/wp-json\/wp\/v2\/comments?post=1791"}],"wp:featuredmedia":[{"embeddable":true,"href":"https:\/\/www.garden-kit.com\/es\/wp-json\/wp\/v2\/media\/13153"}],"wp:attachment":[{"href":"https:\/\/www.garden-kit.com\/es\/wp-json\/wp\/v2\/media?parent=1791"}],"wp:term":[{"taxonomy":"product_cat","embeddable":true,"href":"https:\/\/www.garden-kit.com\/es\/wp-json\/wp\/v2\/product_cat?post=1791"},{"taxonomy":"product_tag","embeddable":true,"href":"https:\/\/www.garden-kit.com\/es\/wp-json\/wp\/v2\/product_tag?post=1791"}],"curies":[{"name":"wp","href":"https:\/\/api.w.org\/{rel}","templated":true}]}}