{"id":1797,"date":"2022-08-24T09:09:06","date_gmt":"2022-08-24T01:09:06","guid":{"rendered":"http:\/\/www.garden-kit.com\/product\/seed-ball-kits\/"},"modified":"2023-04-03T11:25:54","modified_gmt":"2023-04-03T03:25:54","slug":"seed-ball-kits","status":"publish","type":"product","link":"https:\/\/www.garden-kit.com\/es\/product\/seed-ball-kits\/","title":{"rendered":"Kits de bolas de semillas"},"content":{"rendered":"<h3 style=\"font-size: 19px\"><strong><span style=\"font-family: arial, helvetica, sans-serif;font-size: 18px\">Descripci\u00f3n general<\/span><\/strong><\/h3>\n<table width=\"597\" style=\"height: 278px\">\n<tbody>\n<tr style=\"height: 32px\">\n<td width=\"299\" style=\"width: 299px;border-color: #169179;border-style: hidden;height: 32px\">\n<p style=\"font-size: 16px\"><span style=\"font-family: arial, helvetica, sans-serif;font-size: 16px\">Instrucciones de cuidado del producto<\/span><\/p>\n<\/td>\n<td width=\"299\" style=\"height: 32px\">\n<p style=\"font-size: 16px\"><span style=\"font-family: arial, helvetica, sans-serif;font-size: 16px\">Disponible<\/span><\/p>\n<\/td>\n<\/tr>\n<tr style=\"height: 32px\">\n<td width=\"299\" style=\"height: 32px\">\n<p style=\"font-size: 16px\"><span style=\"font-family: arial, helvetica, sans-serif;font-size: 16px\">Tipo de producto vegetal<\/span><\/p>\n<\/td>\n<td width=\"299\" style=\"height: 32px\">\n<p style=\"font-size: 16px\"><span style=\"font-family: arial, helvetica, sans-serif;font-size: 16px\">tomate y hierbas<\/span><\/p>\n<\/td>\n<\/tr>\n<tr style=\"height: 32px\">\n<td width=\"299\" style=\"height: 32px\">\n<p style=\"font-size: 16px\"><span style=\"font-family: arial, helvetica, sans-serif;font-size: 16px\">Caracter\u00edstica especial<\/span><\/p>\n<\/td>\n<td width=\"299\" style=\"height: 32px\">\n<p style=\"font-size: 16px\"><span style=\"font-family: arial, helvetica, sans-serif;font-size: 16px\">Cultivo Interior-Exterior<\/span><\/p>\n<\/td>\n<\/tr>\n<tr style=\"height: 32px\">\n<td width=\"299\" style=\"height: 32px\">\n<p style=\"font-size: 16px\"><span style=\"font-family: arial, helvetica, sans-serif;font-size: 16px\">Marca<\/span><\/p>\n<\/td>\n<td width=\"299\" style=\"height: 32px\">\n<p style=\"font-size: 16px\"><span style=\"font-family: arial, helvetica, sans-serif;font-size: 16px\">Juego de jard\u00edn<\/span><\/p>\n<\/td>\n<\/tr>\n<tr style=\"height: 32px\">\n<td width=\"299\" style=\"height: 32px\">\n<p style=\"font-size: 16px\"><span style=\"font-family: arial, helvetica, sans-serif;font-size: 16px\">Lugar de origen<\/span><\/p>\n<\/td>\n<td width=\"299\" style=\"height: 32px\">\n<p style=\"font-size: 16px\"><span style=\"font-family: arial, helvetica, sans-serif;font-size: 16px\">Fuji\u00e1n, China<\/span><\/p>\n<\/td>\n<\/tr>\n<tr style=\"height: 32px\">\n<td width=\"299\" style=\"height: 32px\">\n<p style=\"font-size: 16px\"><span style=\"font-family: arial, helvetica, sans-serif;font-size: 16px\">ODM\/OEM<\/span><\/p>\n<\/td>\n<td width=\"299\" style=\"height: 32px\">\n<p style=\"font-size: 16px\"><span style=\"font-family: arial, helvetica, sans-serif;font-size: 16px\">Disponible<\/span><\/p>\n<\/td>\n<\/tr>\n<tr style=\"height: 32px\">\n<td width=\"299\" style=\"height: 32px\">\n<p style=\"font-size: 16px\"><span style=\"font-family: arial, helvetica, sans-serif;font-size: 16px\">MOQ para pedidos personalizados<\/span><\/p>\n<\/td>\n<td width=\"299\" style=\"height: 32px\">\n<p style=\"font-size: 16px\"><span style=\"font-family: arial, helvetica, sans-serif;font-size: 16px\">3000 piezas<\/span><\/p>\n<\/td>\n<\/tr>\n<tr style=\"height: 54px\">\n<td width=\"299\" style=\"height: 54px\">\n<p style=\"font-size: 16px\"><span style=\"font-family: arial, helvetica, sans-serif;font-size: 16px\">costo de la muestra<\/span><\/p>\n<\/td>\n<td width=\"299\" style=\"height: 54px\">\n<p style=\"font-size: 16px\"><span style=\"font-family: arial, helvetica, sans-serif;font-size: 16px\">US$400\/muestra, devoluci\u00f3n completa despu\u00e9s del pedido de nosotros<\/span><\/p>\n<\/td>\n<\/tr>\n<\/tbody>\n<\/table>\n<p style=\"font-size: 16px;text-align: center\"><span style=\"font-family: arial, helvetica, sans-serif;font-size: 18px\">&nbsp; <img decoding=\"async\" src=\"https:\/\/data.adwebcloud.com\/public\/material\/2206293ihquj\/product\/xwnrgrmito_1661257235889.jpg\" alt=\"ejemplo\" width=\"400\" title=\"\"> <img decoding=\"async\" src=\"https:\/\/data.adwebcloud.com\/public\/material\/2206293ihquj\/product\/rm91ge46hx_1661257237615.jpg\" alt=\"ejemplo\" width=\"400\" title=\"\">&nbsp;<\/span><\/p>\n<p><span style=\"font-size: 16px;font-family: arial, helvetica, sans-serif\">Kits de bolas de semillas: es f\u00e1cil: eliminamos las conjeturas sobre el cultivo de semillas de tomate y hierbas, y lo guiamos en cada paso del camino. Todo lo que necesita para traer la alegr\u00eda del tomate y las hierbas a su vida o la de su ser querido en una hermosa caja de regalo. \u00a1Plantalo!<\/span><\/p>\n<p><span style=\"font-size: 16px;font-family: arial, helvetica, sans-serif\">Los siguientes elementos est\u00e1n incluidos en el kit.<\/span><\/p>\n<p><span style=\"font-size: 16px;font-family: arial, helvetica, sans-serif\">Kit de bolas de semillas de Pizza Garden: arcilla y humus de lombriz en una bolsa biodegradable, albahaca kenovis org\u00e1nica, tomates cherry org\u00e1nicos, r\u00facula org\u00e1nica y semillas de or\u00e9gano griego org\u00e1nico, regla de gu\u00eda de jard\u00edn e instrucciones de plantaci\u00f3n. Hasta 20 bolas de semillas.<\/span><\/p>\n<p><span style=\"font-size: 16px;font-family: arial, helvetica, sans-serif\">Cortador de pizza: hoja de acero inoxidable, cubierta protectora de la hoja, apto para lavavajillas<\/span><\/p>\n<p><span style=\"font-size: 16px;font-family: arial, helvetica, sans-serif\">Etiqueta de jard\u00edn: Bamb\u00fa<\/span><\/p>\n<p><span style=\"font-size: 16px;font-family: arial, helvetica, sans-serif\">Una colecci\u00f3n colorida para que tu familia comience a cultivar todos los ingredientes para la noche de pizza en un f\u00e9rtil jard\u00edn de inspiraci\u00f3n italiana.<\/span><\/p>\n<p><span style=\"font-size: 16px;font-family: arial, helvetica, sans-serif\">Kit de bolas de semillas de Pizza Garden: los elementos esenciales que necesita para hacer 20 bolas de semillas ricas en nutrientes, adem\u00e1s de instrucciones de plantaci\u00f3n para comenzar un hermoso jard\u00edn. Incluye albahaca org\u00e1nica, r\u00facula, tomate cherry y semillas de or\u00e9gano.<\/span><\/p>\n<p><span style=\"font-size: 16px;font-family: arial, helvetica, sans-serif\">Cortador de pizza: herramienta de cocina ergon\u00f3mica con un mango f\u00e1cil de usar para cortar pizza y pan plano con facilidad.<\/span><\/p>\n<p><span style=\"font-size: 16px;font-family: arial, helvetica, sans-serif\">Marcadores de jard\u00edn: Cuatro marcadores de plantas de bamb\u00fa para su jard\u00edn italiano.<\/span><\/p>\n<p><span style=\"font-size: 16px;font-family: arial, helvetica, sans-serif\">Kit de caja: 12.125\u2033W x 9.25\u2033H x 6\u2033D<\/span><\/p>\n<p><span style=\"font-size: 16px;font-family: arial, helvetica, sans-serif\">Kit de bolas de semillas de Pizza Garden: 6\u2033W x 4\u2033H x 8\u2033D<\/span><\/p>\n<p><span style=\"font-size: 16px;font-family: arial, helvetica, sans-serif\">Cortador de pizza: 4\u2033 x 3.7\u2033<\/span><\/p>\n<p><span style=\"font-size: 16px;font-family: arial, helvetica, sans-serif\">Marcador de jard\u00edn: 2.3\u2033 x 4\u2033<\/span><\/p>\n<p><span style=\"font-size: 18px;font-family: arial, helvetica, sans-serif\"><\/span><\/p>\n<h3 style=\"font-size: 19px\"><span style=\"font-family: arial, helvetica, sans-serif\"><span style=\"font-size: 18px\">\u00bfPor qu\u00e9 se llama Kit de bolas de semillas de Pizza Garden?<\/span><span style=\"font-size: 18px\"><\/span><\/span><\/h3>\n<p><span style=\"font-size: 16px;font-family: arial, helvetica, sans-serif\">Las semillas que proporcionamos son tomate y hierbas, que son los principales alimentos e ingredientes que utilizamos para hacer salsa para pizza. La salsa para pizza es una salsa casera simple, los ingredientes principales son tomate, cebolla, ajo, salsa de tomate, hierbas, pimienta negra. Debido a que el sabor de la salsa para pizza es muy b\u00e1sico y no destaca ning\u00fan sabor especial, se puede utilizar en una gama m\u00e1s amplia. Por ejemplo, se puede agregar como pasta de tomate al hacer pizza.<\/span><\/p>\n<p><span style=\"font-size: 16px;font-family: arial, helvetica, sans-serif\">La fruta del tomate es rica en nutrici\u00f3n y tiene un sabor especial. La \u201ctomatecina\u201d que contiene tiene el efecto de inhibir las bacterias; el \u00e1cido m\u00e1lico, el \u00e1cido c\u00edtrico y el az\u00facar que contiene tienen la funci\u00f3n de ayudar a la digesti\u00f3n. La vainilla, como especia, puede realzar la fragancia; tambi\u00e9n se puede comer directamente como verduras y frutas, y se puede agregar a los alimentos como conservante natural.<\/span><\/p>\n<p><span style=\"font-size: 16px;font-family: arial, helvetica, sans-serif\">Ahora que puede obtener ambos con nuestro kit de bolas de semillas, \u00bfno ser\u00eda m\u00e1s satisfactorio cultivar su propia salsa para pizza favorita?<\/span><\/p>\n<pre><span style=\"font-family: arial, helvetica, sans-serif;font-size: 18px\">&nbsp;<\/span><\/pre>\n<h3 style=\"font-size: 19px\"><span style=\"font-family: arial, helvetica, sans-serif;font-size: 18px\">Qu\u00e9 hacer y qu\u00e9 no hacer para plantar nuestros kits de bolas de semillas<\/span><\/h3>\n<p><span style=\"font-family: arial, helvetica, sans-serif;font-size: 16px\">Se requiere una cuidadosa observaci\u00f3n y paciencia en el proceso de cultivo cuando se utilizan nuestros kits de bolas de semillas, despu\u00e9s de todo, necesita que crezcan de semilla a fruta para que usted las recoja. Entonces, en el proceso de cultivo, debe prestar atenci\u00f3n a los siguientes puntos:<\/span><\/p>\n<p><span style=\"font-size: 16px\"><strong><span style=\"font-family: arial, helvetica, sans-serif\">1. Gesti\u00f3n de agua y fertilizantes<\/span><\/strong><\/span><br \/><span style=\"font-family: arial, helvetica, sans-serif;font-size: 16px\">Ya sean tomates o hierbas, no necesitan mucho fertilizante. En las etapas temprana y media de crecimiento, hay m\u00e1s requisitos de agua, y las plantas en maceta deben regarse una vez cada 3 d\u00edas m\u00e1s o menos. Necesitan m\u00e1s agua y deben ser regadas a tiempo. Pero preste atenci\u00f3n al drenaje durante la temporada de lluvias.<\/span><\/p>\n<p><span style=\"font-size: 16px\"><strong><span style=\"font-family: arial, helvetica, sans-serif\">2. Control de plagas<\/span><\/strong><\/span><br \/><span style=\"font-family: arial, helvetica, sans-serif;font-size: 16px\">Todos ellos est\u00e1n relacionados con la dieta. Lo mejor es no usar pesticidas. Si se encuentran plagas y enfermedades, deben tratarse lo antes posible. Se requiere una gesti\u00f3n cient\u00edfica para cultivar pl\u00e1ntulas fuertes, aumentar la aplicaci\u00f3n de fertilizantes, promover el crecimiento y la robustez de las plantas y mejorar la resistencia a las enfermedades.<\/span><\/p>\n<pre><\/pre><\/p>","protected":false},"excerpt":{"rendered":"<p>Kits de bolas de semillas: es f\u00e1cil: eliminamos las conjeturas sobre el cultivo de semillas de tomate y hierbas, y lo guiamos en cada paso del camino. Todo lo que necesita para traer la alegr\u00eda del tomate y las hierbas a su vida o la de su ser querido en una hermosa caja de regalo. \u00a1Plantalo!<\/p>","protected":false},"featured_media":13286,"comment_status":"open","ping_status":"closed","template":"","meta":[],"product_cat":[67],"product_tag":[598,593,70,594,595,596],"acf":[],"_links":{"self":[{"href":"https:\/\/www.garden-kit.com\/es\/wp-json\/wp\/v2\/product\/1797"}],"collection":[{"href":"https:\/\/www.garden-kit.com\/es\/wp-json\/wp\/v2\/product"}],"about":[{"href":"https:\/\/www.garden-kit.com\/es\/wp-json\/wp\/v2\/types\/product"}],"replies":[{"embeddable":true,"href":"https:\/\/www.garden-kit.com\/es\/wp-json\/wp\/v2\/comments?post=1797"}],"wp:featuredmedia":[{"embeddable":true,"href":"https:\/\/www.garden-kit.com\/es\/wp-json\/wp\/v2\/media\/13286"}],"wp:attachment":[{"href":"https:\/\/www.garden-kit.com\/es\/wp-json\/wp\/v2\/media?parent=1797"}],"wp:term":[{"taxonomy":"product_cat","embeddable":true,"href":"https:\/\/www.garden-kit.com\/es\/wp-json\/wp\/v2\/product_cat?post=1797"},{"taxonomy":"product_tag","embeddable":true,"href":"https:\/\/www.garden-kit.com\/es\/wp-json\/wp\/v2\/product_tag?post=1797"}],"curies":[{"name":"wp","href":"https:\/\/api.w.org\/{rel}","templated":true}]}}