{"id":1846,"date":"2022-08-24T09:12:47","date_gmt":"2022-08-24T01:12:47","guid":{"rendered":"http:\/\/www.garden-kit.com\/product\/gin-making-kit-flavor-your-own-gin-flavor-your-own-bottle-with-twelve-botanicals-perfect-gift-idea\/"},"modified":"2024-03-07T10:14:19","modified_gmt":"2024-03-07T02:14:19","slug":"gin-making-kit","status":"publish","type":"product","link":"https:\/\/www.garden-kit.com\/es\/product\/gin-making-kit\/","title":{"rendered":"Kit para hacer ginebra casera"},"content":{"rendered":"<h3 style=\"font-size: 19px\">Descripci\u00f3n general<\/h3>\n<table style=\"border-collapse: collapse;width: 100%;height: 330px\" cellspacing=\"0\">\n<tbody>\n<tr style=\"height: 40px\">\n<td style=\"height: 40px;vertical-align: top;width: 299px;border: 1px solid black\"><span style=\"font-family: 'PingFang SC', 'Microsoft YaHei', sans-serif;font-size: 16px\">Instrucciones de cuidado del producto<\/span><\/td>\n<td style=\"border-bottom: 1px solid black;border-left: none;border-right: 1px solid black;border-top: 1px solid black;height: 40px;vertical-align: top;width: 299px\"><span style=\"font-family: 'PingFang SC', 'Microsoft YaHei', sans-serif;font-size: 16px\">Disponible<\/span><\/td>\n<\/tr>\n<tr style=\"height: 40px\">\n<td style=\"border-bottom: 1px solid black;border-left: 1px solid black;border-right: 1px solid black;border-top: none;height: 40px;vertical-align: top;width: 299px\"><span style=\"font-family: 'PingFang SC', 'Microsoft YaHei', sans-serif;font-size: 16px\">tipo de producto<\/span><\/td>\n<td style=\"border-bottom: 1px solid black;border-left: none;border-right: 1px solid black;border-top: none;height: 40px;vertical-align: top;width: 299px\"><span style=\"font-family: 'PingFang SC', 'Microsoft YaHei', sans-serif;font-size: 16px\">KIT PARA HACER GINEBRA<\/span><\/td>\n<\/tr>\n<tr style=\"height: 40px\">\n<td style=\"border-bottom: 1px solid black;border-left: 1px solid black;border-right: 1px solid black;border-top: none;height: 40px;vertical-align: top;width: 299px\"><span style=\"font-family: 'PingFang SC', 'Microsoft YaHei', sans-serif;font-size: 16px\">Caracter\u00edstica especial<\/span><\/td>\n<td style=\"border-bottom: 1px solid black;border-left: none;border-right: 1px solid black;border-top: none;height: 40px;vertical-align: top;width: 299px\"><span style=\"font-family: 'PingFang SC', 'Microsoft YaHei', sans-serif;font-size: 16px\">Dale sabor a tu propia botella con TWELVE Botanicals<\/span><\/td>\n<\/tr>\n<tr style=\"height: 42px\">\n<td style=\"border-bottom: 1px solid black;border-left: 1px solid black;border-right: 1px solid black;border-top: none;height: 42px;vertical-align: top;width: 299px\"><span style=\"font-family: 'PingFang SC', 'Microsoft YaHei', sans-serif;font-size: 16px\">Marca<\/span><\/td>\n<td style=\"border-bottom: 1px solid black;border-left: none;border-right: 1px solid black;border-top: none;height: 42px;vertical-align: top;width: 299px\"><span style=\"font-family: 'PingFang SC', 'Microsoft YaHei', sans-serif;font-size: 16px\">Juego de jard\u00edn<\/span><\/td>\n<\/tr>\n<tr style=\"height: 42px\">\n<td style=\"border-bottom: 1px solid black;border-left: 1px solid black;border-right: 1px solid black;border-top: none;height: 42px;vertical-align: top;width: 299px\"><span style=\"font-family: 'PingFang SC', 'Microsoft YaHei', sans-serif;font-size: 16px\">Lugar de origen<\/span><\/td>\n<td style=\"border-bottom: 1px solid black;border-left: none;border-right: 1px solid black;border-top: none;height: 42px;vertical-align: top;width: 299px\"><span style=\"font-family: 'PingFang SC', 'Microsoft YaHei', sans-serif;font-size: 16px\">Fuji\u00e1n, China<\/span><\/td>\n<\/tr>\n<tr style=\"height: 42px\">\n<td style=\"border-bottom: 1px solid black;border-left: 1px solid black;border-right: 1px solid black;border-top: none;height: 42px;vertical-align: top;width: 299px\"><span style=\"font-family: 'PingFang SC', 'Microsoft YaHei', sans-serif;font-size: 16px\">ODM\/OEM<\/span><\/td>\n<td style=\"border-bottom: 1px solid black;border-left: none;border-right: 1px solid black;border-top: none;height: 42px;vertical-align: top;width: 299px\"><span style=\"font-family: 'PingFang SC', 'Microsoft YaHei', sans-serif;font-size: 16px\">Disponible<\/span><\/td>\n<\/tr>\n<tr style=\"height: 42px\">\n<td style=\"border-bottom: 1px solid black;border-left: 1px solid black;border-right: 1px solid black;border-top: none;height: 42px;vertical-align: top;width: 299px\"><span style=\"font-family: 'PingFang SC', 'Microsoft YaHei', sans-serif;font-size: 16px\">MOQ para pedidos personalizados<\/span><\/td>\n<td style=\"border-bottom: 1px solid black;border-left: none;border-right: 1px solid black;border-top: none;height: 42px;vertical-align: top;width: 299px\"><span style=\"font-family: 'PingFang SC', 'Microsoft YaHei', sans-serif;font-size: 16px\">3000 piezas<\/span><\/td>\n<\/tr>\n<tr style=\"height: 42px\">\n<td style=\"border-bottom: 1px solid black;border-left: 1px solid black;border-right: 1px solid black;border-top: none;height: 42px;vertical-align: top;width: 299px\"><span style=\"font-family: 'PingFang SC', 'Microsoft YaHei', sans-serif;font-size: 16px\">costo de la muestra<\/span><\/td>\n<td style=\"border-bottom: 1px solid black;border-left: none;border-right: 1px solid black;border-top: none;height: 42px;vertical-align: top;width: 299px\"><span style=\"font-family: 'PingFang SC', 'Microsoft YaHei', sans-serif;font-size: 16px\">US$400\/muestra, devoluci\u00f3n completa despu\u00e9s del pedido de nosotros<\/span><\/td>\n<\/tr>\n<\/tbody>\n<\/table>\n<p style=\"line-height: 1.5\"><span style=\"font-family: 'PingFang SC', 'Microsoft YaHei', sans-serif\">&nbsp;<\/span><\/p>\n<p style=\"line-height: 1.5\"><span style=\"font-family: 'PingFang SC', 'Microsoft YaHei', sans-serif;font-size: 16px\">HAZ TU PROPIA COSA - Rompe con las mezclas de infusi\u00f3n estandarizadas y deja volar tu imaginaci\u00f3n y tus papilas gustativas en este exclusivo kit. Lo \u00fanico extra que necesita es su creatividad; \u00a1inyecte un poco de tiempo y un c\u00f3ctel lleno de sabor ser\u00e1 su recompensa! \u00a1Elija su esencia bot\u00e1nica favorita y cree su propia ginebra!<\/span><\/p>\n<p style=\"line-height: 1.5\"><span style=\"font-family: 'PingFang SC', 'Microsoft YaHei', sans-serif\">&nbsp;<\/span><\/p>\n<p style=\"line-height: 1.5\"><span style=\"font-family: 'PingFang SC', 'Microsoft YaHei', sans-serif;font-size: 16px\">Los siguientes elementos est\u00e1n incluidos en el kit.<\/span><\/p>\n<p style=\"line-height: 1.5\"><span style=\"font-family: 'PingFang SC', 'Microsoft YaHei', sans-serif;font-size: 16px\">Nuestros 12 bot\u00e1nicos provienen de todo el mundo, algunos de los cuales son realmente dif\u00edciles de encontrar. \u00a1Sin embargo, hemos aceptado el desaf\u00edo de encontrarlos para su mejor experiencia en la elaboraci\u00f3n de ginebra!<\/span><\/p>\n<p style=\"line-height: 1.5\"><span style=\"font-family: 'PingFang SC', 'Microsoft YaHei', sans-serif;font-size: 16px\">Nos abastecemos de los bot\u00e1nicos de ginebra de mayor calidad de todo el mundo. cardamomo verde - flores de hibisco - semillas de cilantro - pimienta de cubeba - flores de lavanda - laurel - c\u00e1scara de naranja - pimienta rosa - regaliz - enebro<\/span><\/p>\n<p style=\"line-height: 1.5\"><span style=\"font-family: 'PingFang SC', 'Microsoft YaHei', sans-serif;font-size: 16px\">1 tarjeta de instrucciones paso a paso<\/span><\/p>\n<p style=\"line-height: 1.5\"><span style=\"font-family: 'PingFang SC', 'Microsoft YaHei', sans-serif;font-size: 16px\">1 caja artesanal personalizada<\/span><\/p>\n<p style=\"line-height: 1.5\"><span style=\"font-family: 'PingFang SC', 'Microsoft YaHei', sans-serif\">&nbsp;<\/span><\/p>\n<p style=\"line-height: 1.5\"><span style=\"font-family: 'PingFang SC', 'Microsoft YaHei', sans-serif;font-size: 18px\">CADA KIT PRODUCE 3 BOTELLAS DE GINEBRA<\/span><\/p>\n<p style=\"line-height: 1.5\"><span style=\"font-family: 'PingFang SC', 'Microsoft YaHei', sans-serif;font-size: 16px\">Ginebra casera: Con nuestra exclusiva planta de ginebras, podr\u00e1s degustar tu propia ginebra y disfrutar de tres botellas con amigos y familiares.<\/span><\/p>\n<p style=\"line-height: 1.5\"><span style=\"font-family: 'PingFang SC', 'Microsoft YaHei', sans-serif;font-size: 16px\">Incluye 12 plantas ex\u00f3ticas y todo el equipo necesario para que empieces a hacer tu propia ginebra.<\/span><\/p>\n<p style=\"line-height: 1.5\"><span style=\"font-family: 'PingFang SC', 'Microsoft YaHei', sans-serif\">&nbsp;<\/span><\/p>\n<p style=\"line-height: 1.5\"><span style=\"font-family: 'PingFang SC', 'Microsoft YaHei', sans-serif;font-size: 16px\">La idea de regalo perfecta para los amantes de la ginebra.<\/span><\/p>\n<p style=\"line-height: 1.5\"><span style=\"font-family: 'PingFang SC', 'Microsoft YaHei', sans-serif;font-size: 16px\">Artesan\u00eda y envasado de alta calidad: Dos botellas de vidrio con corchos de madera, envase sin pl\u00e1stico, en una caja de cart\u00f3n sencilla y elegante, sin residuos. Viene con un embudo met\u00e1lico y un completo paquete de instrucciones.<\/span><\/p>\n<h3 style=\"font-size: 19px\">La eficacia y el papel de la ginebra<\/h3>\n<p style=\"line-height: 1.5\"><span style=\"font-family: 'PingFang SC', 'Microsoft YaHei', sans-serif;font-size: 16px\">Al principio de su invenci\u00f3n, la ginebra se utilizaba principalmente como vino medicinal. En aquella \u00e9poca, se utilizaba sobre todo para tratar problemas estomacales, gota y c\u00e1lculos biliares. Por su buen sabor, gozaba del favor de la gente.<br \/>Bienvenida. Abri\u00e9ndose paso poco a poco en el \u00e1mbito m\u00e9dico, sus principales funciones son:<\/span><\/p>\n<p style=\"line-height: 1.5\"><span style=\"font-family: 'PingFang SC', 'Microsoft YaHei', sans-serif;font-size: 16px\">1. Calentar el cuerpo<br \/>La ginebra contiene una gran cantidad de alcohol. No es baja en calor\u00edas y tiene un sabor muy c\u00e1lido. Es una bebida espirituosa. Beberlo adecuadamente puede mejorar en cierta medida la circulaci\u00f3n sangu\u00ednea, dragar los meridianos del cuerpo humano y desempe\u00f1ar un papel en la conducci\u00f3n del fr\u00edo y el mantenimiento del calor.<\/span><\/p>\n<p style=\"line-height: 1.5\"><span style=\"font-family: 'PingFang SC', 'Microsoft YaHei', sans-serif;font-size: 16px\">2. Elimina la fatiga<br \/>La ginebra es una bebida alcoh\u00f3lica, y beberla adecuadamente puede estimular el sistema nervioso central del cuerpo. Es adecuado para personas estresadas y mentalmente fatigadas, y es beneficioso para eliminar el cansancio y la tensi\u00f3n.<\/span><\/p>\n<p style=\"line-height: 1.5\"><span style=\"font-family: 'PingFang SC', 'Microsoft YaHei', sans-serif;font-size: 16px\">3. Promover el metabolismo<br \/>El contenido de alcohol en la ginebra es relativamente alto, lo que puede mejorar la circulaci\u00f3n sangu\u00ednea del cuerpo, lo que es beneficioso para estimular la piel de todo el cuerpo, promoviendo as\u00ed el metabolismo del cuerpo.<br \/>Tambi\u00e9n puede actuar sobre la conducci\u00f3n nerviosa, que recorre la sangre por todo el cuerpo.<\/span><\/p>\n<p style=\"line-height: 1.5\"><span style=\"font-family: 'PingFang SC', 'Microsoft YaHei', sans-serif;font-size: 16px\">4. Diuresis e hinchaz\u00f3n<br \/>Despu\u00e9s de comer ginebra con moderaci\u00f3n, puede ayudar al cuerpo humano a orinar y reducir el edema del cuerpo y los l\u00edquidos corporales retenidos. Es un buen diur\u00e9tico y tiene un buen efecto en las personas que pierden peso seco.<\/span><\/p>\n<p style=\"line-height: 1.5\"><span style=\"font-family: 'PingFang SC', 'Microsoft YaHei', sans-serif;font-size: 16px\"><\/span><\/p>\n<h3 style=\"font-size: 19px\">C\u00f3mo usar un kit para hacer ginebra casera<\/h3>\n<p>Usar un kit de elaboraci\u00f3n de ginebra casera es simple y directo:<\/p>\n<ol>\n<li>Esterilice el equipo: Esterilice todo el equipo antes de usarlo para evitar la contaminaci\u00f3n.<\/li>\n<li>Agregue productos bot\u00e1nicos: agregue los productos bot\u00e1nicos provistos en el kit al frasco o recipiente, junto con las bayas de enebro.<\/li>\n<li>Agregue alcohol: vierta vodka u otro licor neutro en el frasco o recipiente, cubriendo los bot\u00e1nicos y las bayas de enebro.<\/li>\n<li>Infusi\u00f3n: permita que la mezcla se infunda durante varios d\u00edas, seg\u00fan la receta proporcionada en el kit.<\/li>\n<li>Colar: cuele la mezcla con una gasa o un filtro de caf\u00e9 para eliminar los ingredientes bot\u00e1nicos.<\/li>\n<li>Botella: Vierta con cuidado la ginebra infundida en una botella y \u00a1disfrute!<\/li>\n<\/ol>\n<h3 style=\"font-size: 19px\">Ventajas del kit de elaboraci\u00f3n de ginebra casera<\/h3>\n<p>Hay varias ventajas al usar un kit de elaboraci\u00f3n de ginebra casera. \u00c9stos son algunos de ellos:<\/p>\n<ol>\n<li>Personalizaci\u00f3n: una de las mayores ventajas de hacer tu propia ginebra en casa usando un kit para hacer ginebra es que tienes un control total sobre los sabores y los ingredientes bot\u00e1nicos que usas. Puede personalizar la ginebra para adaptarla a sus gustos personales, experimentando con diferentes combinaciones de productos bot\u00e1nicos, especias y frutas para crear una ginebra \u00fanica y personalizada que sea perfecta para usted.<\/li>\n<li>Creatividad: el kit de elaboraci\u00f3n de ginebra casera te permite dar rienda suelta a tu creatividad y experimentar con diferentes sabores y aromas. Puede ser creativo con sus opciones bot\u00e1nicas, como bayas de enebro, semillas de cilantro, c\u00e1scaras de c\u00edtricos o incluso ingredientes \u00fanicos como lavanda o p\u00e9talos de rosa, para crear una ginebra verdaderamente \u00fanica y que refleje su propio estilo personal.<\/li>\n<li>Ingredientes de calidad: muchos kits de elaboraci\u00f3n de ginebra vienen con productos bot\u00e1nicos e ingredientes de alta calidad, lo que garantiza que est\u00e1 utilizando ingredientes frescos y de primera calidad para crear su ginebra. Esto puede dar como resultado una ginebra de mayor calidad en comparaci\u00f3n con las ginebras compradas en tiendas, donde la calidad de los ingredientes puede variar.<\/li>\n<li>Divertido y educativo: el kit de elaboraci\u00f3n de ginebra casera puede ser una experiencia divertida y educativa. Puede aprender sobre los diferentes productos bot\u00e1nicos utilizados en la producci\u00f3n de ginebra, comprender el proceso de destilaci\u00f3n y desarrollar una apreciaci\u00f3n m\u00e1s profunda del arte y la artesan\u00eda de la elaboraci\u00f3n de la ginebra. Tambi\u00e9n puede ser una gran actividad para hacer con amigos o familiares, por lo que es una experiencia divertida y social.<\/li>\n<li>Rentable: hacer ginebra en casa con un kit para hacer ginebra puede ser rentable en comparaci\u00f3n con comprar ginebras premium en la tienda. Si bien puede haber una inversi\u00f3n inicial en la compra del kit para hacer ginebra, el costo por botella de ginebra casera puede ser significativamente menor que comprar una botella de ginebra de alta calidad en la tienda.<\/li>\n<li>Sostenibilidad: el kit de elaboraci\u00f3n de ginebra casera con un kit de elaboraci\u00f3n de ginebra le permite tener control sobre los ingredientes que utiliza, lo que significa que puede tomar decisiones que se alineen con sus valores de sostenibilidad. Puede elegir productos bot\u00e1nicos org\u00e1nicos o de origen local, reducir los desechos al reutilizar las botellas y tener una huella de carbono m\u00e1s peque\u00f1a al producir ginebra localmente en lugar de depender del transporte para las ginebras compradas en la tienda.<\/li>\n<li>Regalos \u00fanicos: el kit de elaboraci\u00f3n de ginebra casera tambi\u00e9n puede ser un regalo \u00fanico y considerado para amigos y familiares. Puede crear etiquetas personalizadas, dise\u00f1ar su propio empaque de botella y presentar una botella de ginebra hecha a mano que sea realmente especial y significativa.<\/li>\n<\/ol>\n<h3 style=\"font-size: 19px\">C\u00f3mo elaborar ginebra casera: Un viaje en el sabor<\/h3>\n<h4>1. <strong>Medici\u00f3n y selecci\u00f3n de bot\u00e1nicos: Su ginebra, sus reglas<\/strong><\/h4>\n<p>El proceso creativo comienza con la medici\u00f3n y selecci\u00f3n de los ingredientes bot\u00e1nicos. Consulte las proporciones recomendadas en el folleto de instrucciones suministrado o atr\u00e9vase a experimentar, ajustando las cantidades en funci\u00f3n de sus preferencias de sabor.<\/p>\n<h4>2. <strong>Infusi\u00f3n: Maridaje de sabores con aguardiente base<\/strong><\/h4>\n<p>Coloque los ingredientes bot\u00e1nicos elegidos en el tarro o recipiente de infusi\u00f3n y c\u00fabralos con el aguardiente base, normalmente un alcohol neutro. Deje reposar la mezcla durante un tiempo determinado para que el alcohol extraiga los aromas de los productos bot\u00e1nicos.<\/p>\n<h4>3. <strong>Degustar y ajustar: Un toque personalizado<\/strong><\/h4>\n<p>La cata es un paso crucial en el proceso de elaboraci\u00f3n de la ginebra. A medida que se infunden los ingredientes bot\u00e1nicos, pruebe el brebaje para evaluar el perfil de sabor. Esta etapa permite hacer ajustes, a\u00f1adiendo m\u00e1s bot\u00e1nicos si es necesario o dejando que la infusi\u00f3n contin\u00fae hasta alcanzar el sabor deseado.<\/p>\n<h4>4. <strong>Colar y embotellar: Una obra maestra embotellada<\/strong><\/h4>\n<p>Una vez satisfecho con el sabor, cuela el l\u00edquido para eliminar los ingredientes bot\u00e1nicos y obtener una ginebra clara y arom\u00e1tica. Transfiera el producto final a una botella y su ginebra casera estar\u00e1 lista para beber y mezclar.<\/p>\n<h3 style=\"font-size: 19px\">Consejos de personalizaci\u00f3n: Eleve su ginebra<\/h3>\n<h4>1. <strong>Experimente con productos bot\u00e1nicos:<\/strong><\/h4>\n<p>No dude en experimentar con otros productos bot\u00e1nicos adem\u00e1s de los que ofrece el kit. Hierbas frescas, especias o incluso elementos florales pueden a\u00f1adir complejidad y profundidad a su ginebra.<\/p>\n<h4>2. <strong>Envejecimiento:<\/strong><\/h4>\n<p>Considere la posibilidad de envejecer su ginebra durante un breve periodo de tiempo para potenciar sus sabores. Se pueden a\u00f1adir peque\u00f1as barricas de roble o duelas de madera carbonizada para aportar sutiles notas amaderadas a la bebida espirituosa.<\/p>\n<h4>3. <strong>Etiquetado:<\/strong><\/h4>\n<p>Cree una etiqueta personalizada para su ginebra casera. Esto no solo a\u00f1ade un toque de profesionalidad, sino que tambi\u00e9n la convierte en un fant\u00e1stico regalo para amigos o familiares.<\/p>","protected":false},"excerpt":{"rendered":"<p>HAGA SU PROPIA COSA: rompa con las mezclas de infusi\u00f3n estandarizadas y deje volar su imaginaci\u00f3n y sus papilas gustativas en este kit exclusivo. Lo \u00fanico extra que necesitas es tu creatividad: \u00a1simplemente inyecta un poco de tiempo y un c\u00f3ctel lleno de sabor ser\u00e1 tu recompensa!<\/p>\n<p>Un kit para hacer ginebra casera es una manera f\u00e1cil y divertida de hacer tu propia ginebra en casa. Estos kits generalmente vienen con todos los ingredientes y equipos necesarios para crear un peque\u00f1o lote de ginebra, incluidos ingredientes bot\u00e1nicos, bayas de enebro e instrucciones.<\/p><\/p>","protected":false},"featured_media":17857,"comment_status":"closed","ping_status":"closed","template":"","meta":[],"product_cat":[86],"product_tag":[790,555,563,560,551,557,553,791,552,792],"acf":[],"_links":{"self":[{"href":"https:\/\/www.garden-kit.com\/es\/wp-json\/wp\/v2\/product\/1846"}],"collection":[{"href":"https:\/\/www.garden-kit.com\/es\/wp-json\/wp\/v2\/product"}],"about":[{"href":"https:\/\/www.garden-kit.com\/es\/wp-json\/wp\/v2\/types\/product"}],"replies":[{"embeddable":true,"href":"https:\/\/www.garden-kit.com\/es\/wp-json\/wp\/v2\/comments?post=1846"}],"wp:featuredmedia":[{"embeddable":true,"href":"https:\/\/www.garden-kit.com\/es\/wp-json\/wp\/v2\/media\/17857"}],"wp:attachment":[{"href":"https:\/\/www.garden-kit.com\/es\/wp-json\/wp\/v2\/media?parent=1846"}],"wp:term":[{"taxonomy":"product_cat","embeddable":true,"href":"https:\/\/www.garden-kit.com\/es\/wp-json\/wp\/v2\/product_cat?post=1846"},{"taxonomy":"product_tag","embeddable":true,"href":"https:\/\/www.garden-kit.com\/es\/wp-json\/wp\/v2\/product_tag?post=1846"}],"curies":[{"name":"wp","href":"https:\/\/api.w.org\/{rel}","templated":true}]}}