{"id":1857,"date":"2022-08-24T09:13:28","date_gmt":"2022-08-24T01:13:28","guid":{"rendered":"http:\/\/www.garden-kit.com\/product\/craftly-explore-chili-6-gourmet-chilies-from-mild-to-hot\/"},"modified":"2023-03-31T16:35:10","modified_gmt":"2023-03-31T08:35:10","slug":"explore-chili","status":"publish","type":"product","link":"https:\/\/www.garden-kit.com\/es\/product\/explore-chili\/","title":{"rendered":"Explora Chile"},"content":{"rendered":"<h3 style=\"font-size: 19px\"><span style=\"font-family: arial, helvetica, sans-serif;font-size: 16px\">Descripci\u00f3n general<\/span><\/h3>\n<table style=\"border-collapse: collapse;width: 100%;height: 236.797px\" width=\"100%\">\n<tbody>\n<tr style=\"height: 26.375px\">\n<td style=\"height: 26.375px\" width=\"299\"><span style=\"font-family: arial, helvetica, sans-serif;font-size: 16px\">Instrucciones de cuidado del producto<\/span><\/td>\n<td style=\"height: 26.375px\" width=\"299\"><span style=\"font-family: arial, helvetica, sans-serif;font-size: 16px\">Disponible<\/span><\/td>\n<\/tr>\n<tr style=\"height: 26.375px\">\n<td style=\"height: 26.375px\" width=\"299\"><span style=\"font-family: arial, helvetica, sans-serif;font-size: 16px\">tipo de producto<\/span><\/td>\n<td style=\"height: 26.375px\" width=\"299\"><span style=\"font-family: arial, helvetica, sans-serif;font-size: 16px\">Kit de Chili Barbacoa<\/span><\/td>\n<\/tr>\n<tr style=\"height: 28.375px\">\n<td style=\"height: 28.375px\" width=\"299\"><span style=\"font-family: arial, helvetica, sans-serif;font-size: 16px\">Caracter\u00edstica especial<\/span><\/td>\n<td style=\"height: 28.375px\" width=\"299\"><span style=\"font-family: arial, helvetica, sans-serif;font-size: 16px\">6 chiles gourmet de suaves a picantes<\/span><\/td>\n<\/tr>\n<tr style=\"height: 26.375px\">\n<td style=\"height: 26.375px\" width=\"299\"><span style=\"font-family: arial, helvetica, sans-serif;font-size: 16px\">Marca<\/span><\/td>\n<td style=\"height: 26.375px\" width=\"299\"><span style=\"font-family: arial, helvetica, sans-serif;font-size: 16px\">Kit de jard\u00edn<\/span><\/td>\n<\/tr>\n<tr style=\"height: 26.375px\">\n<td style=\"height: 26.375px\" width=\"299\"><span style=\"font-family: arial, helvetica, sans-serif;font-size: 16px\">Lugar de origen<\/span><\/td>\n<td style=\"height: 26.375px\" width=\"299\"><span style=\"font-family: arial, helvetica, sans-serif;font-size: 16px\">Fuji\u00e1n, China<\/span><\/td>\n<\/tr>\n<tr style=\"height: 33.375px\">\n<td style=\"height: 33.375px\" width=\"299\"><span style=\"font-family: arial, helvetica, sans-serif;font-size: 16px\">ODM\/OEM<\/span><\/td>\n<td style=\"height: 33.375px\" width=\"299\"><span style=\"font-family: arial, helvetica, sans-serif;font-size: 16px\">Disponible<\/span><\/td>\n<\/tr>\n<tr style=\"height: 33.375px\">\n<td style=\"height: 33.375px\" width=\"299\"><span style=\"font-family: arial, helvetica, sans-serif;font-size: 16px\">MOQ para pedidos personalizados<\/span><\/td>\n<td style=\"height: 33.375px\" width=\"299\"><span style=\"font-family: arial, helvetica, sans-serif;font-size: 16px\">3000 piezas<\/span><\/td>\n<\/tr>\n<tr style=\"height: 36.1719px\">\n<td style=\"height: 36.1719px\" width=\"299\"><span style=\"font-family: arial, helvetica, sans-serif;font-size: 16px\">costo de la muestra<\/span><\/td>\n<td style=\"height: 36.1719px\" width=\"299\"><span style=\"font-family: arial, helvetica, sans-serif;font-size: 16px\">US$400\/muestra, devoluci\u00f3n completa despu\u00e9s de nuestro pedido<\/span><\/td>\n<\/tr>\n<\/tbody>\n<\/table>\n<pre>&nbsp;<\/pre>\n<p style=\"line-height: 1.5\"><span style=\"font-family: arial, helvetica, sans-serif;font-size: 16px\">Prueba los diferentes sabores: \u00a1te mostraremos exactamente lo que pueden hacer estos seis deliciosos chiles! En nuestro juego, puede esperar una variedad de colores, sabores y calentadores a trav\u00e9s de los cuales puede expresar su creatividad. \u00a1Todo es diferente, todo es excepcionalmente delicioso!<\/span><\/p>\n<pre><span style=\"font-family: arial, helvetica, sans-serif;font-size: 16px\"><br \/>Los siguientes elementos est\u00e1n incluidos en el kit.<\/span><\/pre>\n<p style=\"line-height: 1.5\"><span style=\"font-family: arial, helvetica, sans-serif;font-size: 16px\">6 emocionantes y arom\u00e1ticas variedades de chile:<\/span><\/p>\n<p style=\"line-height: 1.5\"><span style=\"font-family: arial, helvetica, sans-serif;font-size: 16px\">Chile Ancho (2,000 Scoville)<\/span><\/p>\n<p style=\"line-height: 1.5\"><span style=\"font-family: arial, helvetica, sans-serif;font-size: 16px\">Jalape\u00f1o (5,000 Scoville)<\/span><\/p>\n<p style=\"line-height: 1.5\"><span style=\"font-family: arial, helvetica, sans-serif;font-size: 16px\">Chipotle (10,000 Scoville)<\/span><\/p>\n<p style=\"line-height: 1.5\"><span style=\"font-family: arial, helvetica, sans-serif;font-size: 16px\">Gota de lim\u00f3n (20,000 Scoville)<\/span><\/p>\n<p style=\"line-height: 1.5\"><span style=\"font-family: arial, helvetica, sans-serif;font-size: 16px\">Aj\u00ed Charapita (50,000 Scoville)<\/span><\/p>\n<p style=\"line-height: 1.5\"><span style=\"font-family: arial, helvetica, sans-serif;font-size: 16px\">Habanero (200,000 Scoville)<\/span><\/p>\n<p style=\"line-height: 1.5\"><span style=\"font-family: arial, helvetica, sans-serif;font-size: 16px\">Explore la variedad de picantes: en este juego puede encontrar pimientos que van desde suaves hasta picantes: ancho, jalape\u00f1o, chipotle, habanero, jugo de lim\u00f3n y aj\u00ed charapita, los pimientos m\u00e1s deliciosos del mundo. Ya sea que sea un principiante o un conocedor del chile, pruebe sus l\u00edmites con este set de regalo.<\/span><\/p>\n<p style=\"line-height: 1.5\"><span style=\"font-family: arial, helvetica, sans-serif;font-size: 16px\">M\u00edmate a ti mismo y a la naturaleza: envasadas en tubos de ensayo de vidrio decorativos en corcho compostable, nuestras mezclas tambi\u00e9n impresionan por su valor intr\u00ednseco: \u00a1son totalmente naturales, es decir, sin aditivos! La caja tambi\u00e9n lo es.<\/span><\/p>\n<p style=\"line-height: 1.5\"><span style=\"font-family: arial, helvetica, sans-serif;font-size: 16px\">Pruebe y aprenda: \u00a1Conocer el chile significa probar el chile! Todo lo que necesitas es una rodaja de pepino, y es un ejercicio agradable y una peque\u00f1a prueba de coraje. Tu lengua har\u00e1 el resto. Por supuesto, \u00a1las comparaciones de gustos con amigos y familiares son bienvenidas!<\/span><\/p>\n<p style=\"line-height: 1.5\"><span style=\"font-family: arial, helvetica, sans-serif;font-size: 16px\">Ya sea como regalo de cumplea\u00f1os, un peque\u00f1o agradecimiento o un recuerdo para una barbacoa, nuestro juego es el regalo ideal para los amantes del chile y los aficionados, tanto hombres como mujeres. \u00bfQue estas esperando? \u00a1Explora Chile!<\/span><\/p><\/p>","protected":false},"excerpt":{"rendered":"<p>Prueba los diferentes sabores: \u00a1te mostraremos exactamente lo que pueden hacer estos seis deliciosos chiles! En nuestro juego, puede esperar una variedad de colores, sabores y calentadores a trav\u00e9s de los cuales puede expresar su creatividad. \u00a1Todo es diferente, todo es excepcionalmente delicioso!<\/p>","protected":false},"featured_media":13076,"comment_status":"open","ping_status":"closed","template":"","meta":[],"product_cat":[86],"product_tag":[545,546,544,543],"acf":[],"_links":{"self":[{"href":"https:\/\/www.garden-kit.com\/es\/wp-json\/wp\/v2\/product\/1857"}],"collection":[{"href":"https:\/\/www.garden-kit.com\/es\/wp-json\/wp\/v2\/product"}],"about":[{"href":"https:\/\/www.garden-kit.com\/es\/wp-json\/wp\/v2\/types\/product"}],"replies":[{"embeddable":true,"href":"https:\/\/www.garden-kit.com\/es\/wp-json\/wp\/v2\/comments?post=1857"}],"wp:featuredmedia":[{"embeddable":true,"href":"https:\/\/www.garden-kit.com\/es\/wp-json\/wp\/v2\/media\/13076"}],"wp:attachment":[{"href":"https:\/\/www.garden-kit.com\/es\/wp-json\/wp\/v2\/media?parent=1857"}],"wp:term":[{"taxonomy":"product_cat","embeddable":true,"href":"https:\/\/www.garden-kit.com\/es\/wp-json\/wp\/v2\/product_cat?post=1857"},{"taxonomy":"product_tag","embeddable":true,"href":"https:\/\/www.garden-kit.com\/es\/wp-json\/wp\/v2\/product_tag?post=1857"}],"curies":[{"name":"wp","href":"https:\/\/api.w.org\/{rel}","templated":true}]}}