{"id":1863,"date":"2022-08-24T09:13:56","date_gmt":"2022-08-24T01:13:56","guid":{"rendered":"http:\/\/www.garden-kit.com\/product\/craftly-explore-pfeffer-6-ausgefallene-aromatische-pfeffer-im-probierset\/"},"modified":"2023-03-31T15:04:43","modified_gmt":"2023-03-31T07:04:43","slug":"chili-gift-set","status":"publish","type":"product","link":"https:\/\/www.garden-kit.com\/es\/product\/chili-gift-set\/","title":{"rendered":"Set de regalo de chile"},"content":{"rendered":"<h3 style=\"font-size: 19px\"><span style=\"font-family: arial, helvetica, sans-serif;font-size: 16px\">Descripci\u00f3n general<\/span><\/h3>\n<table style=\"border-collapse: collapse;width: 100%;height: 300px\" width=\"100%\">\n<tbody>\n<tr style=\"height: 21px\">\n<td style=\"height: 21px\" width=\"299\"><span style=\"font-family: arial, helvetica, sans-serif;font-size: 16px\">Instrucciones de cuidado del producto<\/span><\/td>\n<td style=\"height: 21px\" width=\"299\"><span style=\"font-family: arial, helvetica, sans-serif;font-size: 16px\">Disponible<\/span><\/td>\n<\/tr>\n<tr style=\"height: 21px\">\n<td style=\"height: 21px\" width=\"299\"><span style=\"font-family: arial, helvetica, sans-serif;font-size: 16px\">tipo de producto<\/span><\/td>\n<td style=\"height: 21px\" width=\"299\"><span style=\"font-family: arial, helvetica, sans-serif;font-size: 16px\">Kit 6 pimientos inusuales y arom\u00e1ticos<\/span><\/td>\n<\/tr>\n<tr style=\"height: 41px\">\n<td style=\"height: 41px\" width=\"299\"><span style=\"font-family: arial, helvetica, sans-serif;font-size: 16px\">Caracter\u00edstica especial<\/span><\/td>\n<td style=\"height: 41px\" width=\"299\">\n<pre><span style=\"font-family: arial, helvetica, sans-serif;font-size: 16px\">Explore Pepper - 6 pimientos inusuales y arom\u00e1ticos en un conjunto<\/span><\/pre>\n<\/td>\n<\/tr>\n<tr style=\"height: 21px\">\n<td style=\"height: 21px\" width=\"299\"><span style=\"font-family: arial, helvetica, sans-serif;font-size: 16px\">Marca<\/span><\/td>\n<td style=\"height: 21px\" width=\"299\"><span style=\"font-family: arial, helvetica, sans-serif;font-size: 16px\">Juego de jard\u00edn<\/span><\/td>\n<\/tr>\n<tr style=\"height: 21px\">\n<td style=\"height: 21px\" width=\"299\"><span style=\"font-family: arial, helvetica, sans-serif;font-size: 16px\">Lugar de origen<\/span><\/td>\n<td style=\"height: 21px\" width=\"299\"><span style=\"font-family: arial, helvetica, sans-serif;font-size: 16px\">Fuji\u00e1n, China<\/span><\/td>\n<\/tr>\n<tr style=\"height: 21px\">\n<td style=\"height: 21px\" width=\"299\"><span style=\"font-family: arial, helvetica, sans-serif;font-size: 16px\">ODM\/OEM<\/span><\/td>\n<td style=\"height: 21px\" width=\"299\"><span style=\"font-family: arial, helvetica, sans-serif;font-size: 16px\">Disponible<\/span><\/td>\n<\/tr>\n<tr style=\"height: 42px\">\n<td style=\"height: 42px\" width=\"299\"><span style=\"font-family: arial, helvetica, sans-serif;font-size: 16px\">MOQ para pedidos personalizados<\/span><\/td>\n<td style=\"height: 42px\" width=\"299\"><span style=\"font-family: arial, helvetica, sans-serif;font-size: 16px\">3000 piezas<\/span><\/td>\n<\/tr>\n<tr style=\"height: 21px\">\n<td style=\"height: 21px\" width=\"299\"><span style=\"font-family: arial, helvetica, sans-serif;font-size: 16px\">costo de la muestra<\/span><\/td>\n<td style=\"height: 21px\" width=\"299\"><span style=\"font-family: arial, helvetica, sans-serif;font-size: 16px\">US$400\/muestra, devoluci\u00f3n completa despu\u00e9s de un pedido nuestro<\/span><\/td>\n<\/tr>\n<\/tbody>\n<\/table>\n<pre>&nbsp;<\/pre>\n<p><span style=\"font-family: arial, helvetica, sans-serif;font-size: 16px\">Los lugare\u00f1os saben d\u00f3nde crecen los pimientos. Al menos aquellos que quieren que sus compa\u00f1eros vayan all\u00ed deber\u00edan saberlo. C\u00f3mo crecen los pimientos es otro asunto: pocos sospechar\u00edan que hay escaladores subtropicales detr\u00e1s de los granos oscuros en su especiero. El \u00e1rbol de la pimienta negra (Piper nigrum) siempre ha crecido r\u00e1pidamente: primero en los \u00e1rboles de la costa de Malabar, en el este de la India, de donde provino originalmente y durante mucho tiempo se consider\u00f3 una especia y una planta medicinal. A m\u00e1s tardar en el siglo IV a. Y luego tambi\u00e9n en Europa. Pero no como planta trepadora \u2013solo le falta la temperatura\u2013, sino como pasto de las leyendas que a partir de ese momento deber\u00edan girar en torno a ella: un lujo caro, valorado por los poderosos y los ricos.<\/span><\/p>\n<pre><span style=\"font-family: arial, helvetica, sans-serif;font-size: 16px\">Los siguientes elementos est\u00e1n incluidos en el kit.<\/span><\/pre>\n<p><span style=\"font-family: arial, helvetica, sans-serif;font-size: 16px\">6 pimientos arom\u00e1ticos e inusuales en un conjunto de muestra:<\/span><\/p>\n<p><span style=\"font-family: arial, helvetica, sans-serif;font-size: 16px\">Pimienta de Timur<\/span><\/p>\n<p><span style=\"font-family: arial, helvetica, sans-serif;font-size: 16px\">Pimienta camafeo<\/span><\/p>\n<p><span style=\"font-family: arial, helvetica, sans-serif;font-size: 16px\">Pimiento Kampot Fermentado<\/span><\/p>\n<p><span style=\"font-family: arial, helvetica, sans-serif;font-size: 16px\">Pimiento Rojo Kampot<\/span><\/p>\n<p><span style=\"font-family: arial, helvetica, sans-serif;font-size: 16px\">Pimiento verde<\/span><\/p>\n<p><span style=\"font-family: arial, helvetica, sans-serif;font-size: 16px\">Pimienta de monta\u00f1a de Tasmania<\/span><\/p>\n<p><span style=\"font-family: arial, helvetica, sans-serif;font-size: 16px\">1 tarjeta de instrucciones paso a paso<\/span><\/p>\n<p><span style=\"font-family: arial, helvetica, sans-serif;font-size: 16px\">1 caja artesanal personalizada<\/span><\/p>\n<p><span style=\"font-family: arial, helvetica, sans-serif;font-size: 16px\"><\/span><\/p>\n<p>Granos de pimienta y especias variadas<br \/>Puede contener sulfitos, gluten, mostaza, apio, soja y s\u00e9samo<br \/>Incluye mezclas de Sarawak White, Rainbow Blend, Malaysian Long Pepper, Lemon Pepper, Vietnamese Black, Brazilian Pink, Chinese Szechuan y Indian Green peppercorn&nbsp;<\/p>\n<\/p>\n<p><span style=\"font-family: arial, helvetica, sans-serif;font-size: 16px\">Descubra sabores emocionantes: Emb\u00e1rquese en un viaje emocionante para probar algunos de los pimientos m\u00e1s emocionantes del mundo: desde el Himalaya hasta Camboya y Tasmania.<\/span><\/p>\n<p>&nbsp;<\/p>\n<p><span style=\"font-family: arial, helvetica, sans-serif;font-size: 16px\">Tarros de especias de alta calidad: puede seguir utilizando 6 tarros de cristal de alta calidad y corcho natural como tarros de especias en su cocina<\/span><\/p>\n<p><span style=\"font-family: arial, helvetica, sans-serif;font-size: 16px\">Empaque sustentable: intencionalmente no usamos pl\u00e1stico al empaquetar nuestra sal y confiamos en el empaque reciclable 100%.<\/span><\/p>\n<p>&nbsp;<\/p>\n<p><span style=\"font-family: arial, helvetica, sans-serif;font-size: 16px\">Chile Premium: Nuestro Chile est\u00e1 hecho con los m\u00e1s altos est\u00e1ndares de calidad.<\/span><\/p>\n<p><span style=\"font-family: arial, helvetica, sans-serif;font-size: 16px\">GRAN REGALO: ya sea como regalo de Navidad o de inauguraci\u00f3n de la casa, \u00a1un gran regalo para los amantes de la comida curiosos o alguien intermedio!<\/span><\/p><\/p>","protected":false},"excerpt":{"rendered":"<p>Los lugare\u00f1os saben d\u00f3nde crecen los pimientos. Al menos aquellos que quieren que sus compa\u00f1eros vayan all\u00ed deber\u00edan saberlo. C\u00f3mo crecen los pimientos es otro asunto: pocos sospechar\u00edan que hay escaladores subtropicales detr\u00e1s de los granos oscuros en su especiero.<\/p>","protected":false},"featured_media":12502,"comment_status":"open","ping_status":"closed","template":"","meta":[],"product_cat":[86],"product_tag":[448,449,450,446,447],"acf":[],"_links":{"self":[{"href":"https:\/\/www.garden-kit.com\/es\/wp-json\/wp\/v2\/product\/1863"}],"collection":[{"href":"https:\/\/www.garden-kit.com\/es\/wp-json\/wp\/v2\/product"}],"about":[{"href":"https:\/\/www.garden-kit.com\/es\/wp-json\/wp\/v2\/types\/product"}],"replies":[{"embeddable":true,"href":"https:\/\/www.garden-kit.com\/es\/wp-json\/wp\/v2\/comments?post=1863"}],"wp:featuredmedia":[{"embeddable":true,"href":"https:\/\/www.garden-kit.com\/es\/wp-json\/wp\/v2\/media\/12502"}],"wp:attachment":[{"href":"https:\/\/www.garden-kit.com\/es\/wp-json\/wp\/v2\/media?parent=1863"}],"wp:term":[{"taxonomy":"product_cat","embeddable":true,"href":"https:\/\/www.garden-kit.com\/es\/wp-json\/wp\/v2\/product_cat?post=1863"},{"taxonomy":"product_tag","embeddable":true,"href":"https:\/\/www.garden-kit.com\/es\/wp-json\/wp\/v2\/product_tag?post=1863"}],"curies":[{"name":"wp","href":"https:\/\/api.w.org\/{rel}","templated":true}]}}