{"id":3986,"date":"2022-10-19T13:27:17","date_gmt":"2022-10-19T05:27:17","guid":{"rendered":"https:\/\/www.garden-kit.com\/product\/plantable-seed-paper-mini-notebook\/"},"modified":"2023-04-11T17:03:02","modified_gmt":"2023-04-11T09:03:02","slug":"plantable-notebook","status":"publish","type":"product","link":"https:\/\/www.garden-kit.com\/es\/product\/plantable-notebook\/","title":{"rendered":"Cuaderno Plantable"},"content":{"rendered":"<p><span style=\"font-family: 'PingFang SC', 'Microsoft YaHei', sans-serif;font-size: 16px\">A trav\u00e9s de la plantaci\u00f3n y la observaci\u00f3n de plantas, cultive la capacidad y la conciencia preliminares de exploraci\u00f3n independiente de los ni\u00f1os, preste atenci\u00f3n al medio ambiente y cultive sus sentimientos, y mejore la percepci\u00f3n y la creatividad de los ni\u00f1os.<br \/>Al mismo tiempo, para mejorar las habilidades sociales y el desarrollo emocional, deje que los ni\u00f1os se interesen en la naturaleza mientras experimentan la felicidad que brinda la plantaci\u00f3n, sienta la relaci\u00f3n sutil entre el hombre y la naturaleza interdependiente, deje que los ni\u00f1os conozcan el amor y el respeto por la vida desde una edad temprana. .<\/span><\/p>\n<h3 style=\"font-size: 19px\">Descripci\u00f3n general<\/h3>\n<table border=\"1\" cellspacing=\"0\" style=\"border-collapse: collapse;width: 100%\">\n<tbody>\n<tr>\n<td valign=\"top\" width=\"373\">\n<p><span style=\"font-family: 'PingFang SC', 'Microsoft YaHei', sans-serif;font-size: 16px\">Instrucciones de cuidado del producto<\/span><\/p>\n<\/td>\n<td valign=\"top\" width=\"373\">\n<p><span style=\"font-family: 'PingFang SC', 'Microsoft YaHei', sans-serif;font-size: 16px\">Disponible<\/span><\/p>\n<\/td>\n<\/tr>\n<tr>\n<td valign=\"top\" width=\"373\">\n<p><span style=\"font-family: 'PingFang SC', 'Microsoft YaHei', sans-serif;font-size: 16px\">Tipo de producto vegetal<\/span><\/p>\n<\/td>\n<td valign=\"top\" width=\"373\">\n<p><span style=\"font-family: 'PingFang SC', 'Microsoft YaHei', sans-serif;font-size: 16px\">flor silvestre y sic\u00f3moro<\/span><\/p>\n<\/td>\n<\/tr>\n<tr>\n<td valign=\"top\" width=\"373\">\n<p><span style=\"font-family: 'PingFang SC', 'Microsoft YaHei', sans-serif;font-size: 16px\">Caracter\u00edstica especial<\/span><\/p>\n<\/td>\n<td valign=\"top\" width=\"373\">\n<p><span style=\"font-family: 'PingFang SC', 'Microsoft YaHei', sans-serif;font-size: 16px\">Cultivo Interior-Exterior<\/span><\/p>\n<\/td>\n<\/tr>\n<tr>\n<td valign=\"top\" width=\"373\">\n<p><span style=\"font-family: 'PingFang SC', 'Microsoft YaHei', sans-serif;font-size: 16px\">Marca<\/span><\/p>\n<\/td>\n<td valign=\"top\" width=\"373\">\n<p><span style=\"font-family: 'PingFang SC', 'Microsoft YaHei', sans-serif;font-size: 16px\">Juego de jard\u00edn<\/span><\/p>\n<\/td>\n<\/tr>\n<tr>\n<td valign=\"top\" width=\"373\">\n<p><span style=\"font-family: 'PingFang SC', 'Microsoft YaHei', sans-serif;font-size: 16px\">Lugar de origen<\/span><\/p>\n<\/td>\n<td valign=\"top\" width=\"373\">\n<p><span style=\"font-family: 'PingFang SC', 'Microsoft YaHei', sans-serif;font-size: 16px\">Fuji\u00e1n, China<\/span><\/p>\n<\/td>\n<\/tr>\n<tr>\n<td valign=\"top\" width=\"373\">\n<p><span style=\"font-family: 'PingFang SC', 'Microsoft YaHei', sans-serif;font-size: 16px\">ODM\/OEM<\/span><\/p>\n<\/td>\n<td valign=\"top\" width=\"373\">\n<p><span style=\"font-family: 'PingFang SC', 'Microsoft YaHei', sans-serif;font-size: 16px\">Disponible<\/span><\/p>\n<\/td>\n<\/tr>\n<tr>\n<td valign=\"top\" width=\"373\">\n<p><span style=\"font-family: 'PingFang SC', 'Microsoft YaHei', sans-serif;font-size: 16px\">MOQ para pedidos personalizados<\/span><\/p>\n<\/td>\n<td valign=\"top\" width=\"373\">\n<p><span style=\"font-family: 'PingFang SC', 'Microsoft YaHei', sans-serif;font-size: 16px\">3000 piezas<\/span><\/p>\n<\/td>\n<\/tr>\n<tr>\n<td valign=\"top\" width=\"373\">\n<p><span style=\"font-family: 'PingFang SC', 'Microsoft YaHei', sans-serif;font-size: 16px\">costo de la muestra<\/span><\/p>\n<\/td>\n<td valign=\"top\" width=\"373\">\n<p><span style=\"font-family: 'PingFang SC', 'Microsoft YaHei', sans-serif;font-size: 16px\">US$400\/muestra, devoluci\u00f3n completa despu\u00e9s de un pedido nuestro<\/span><\/p>\n<\/td>\n<\/tr>\n<\/tbody>\n<\/table>\n<p><span style=\"font-family: 'PingFang SC', 'Microsoft YaHei', sans-serif;font-size: 16px\">&nbsp;<\/span><\/p>\n<h3 style=\"font-size: 19px\">Descripci\u00f3n<\/h3>\n<p><span style=\"font-family: 'PingFang SC', 'Microsoft YaHei', sans-serif;font-size: 16px\">&nbsp;El &quot;papel de semillas&quot; es un nuevo tipo de papel ecol\u00f3gico, que tambi\u00e9n se puede llamar papel de vida. Es una idea nueva, puramente artesanal. Durante el proceso de fabricaci\u00f3n del papel, los artesanos del papel agregan semillas de plantas a la pulpa de madera, de modo que las semillas se hacen completamente a mano. Mant\u00e9ngase vivo y brote brotes j\u00f3venes a la temperatura y humedad adecuadas.<br \/>El calendario de fechas recuerda a las personas varios momentos especiales, o ayuda a las personas a marcar momentos que son f\u00e1ciles de mover y necesitan ser recordados, pero despu\u00e9s de usarlo, el calendario a menudo se olvida. Todo tipo de inadvertidamente desechados, perdidos y finalmente ca\u00eddos en el basurero. A medida que pasa el tiempo, el tiempo pasado desaparece con el papel. El calendario de tiempo en miniatura quiere que vuelvas a plantar la memoria de la vida e interpretes otra duraci\u00f3n de la vida a trav\u00e9s del sentido del olfato a medida que la planta de vainilla crece en aroma.<\/span><\/p>\n<p><span style=\"font-family: 'PingFang SC', 'Microsoft YaHei', sans-serif;font-size: 16px\">Mini cuaderno de papel de semillas plantables: es f\u00e1cil: eliminamos las conjeturas del cultivo de semillas de \u00e1rboles de sic\u00f3moro y flores silvestres, gui\u00e1ndolo en cada paso del camino. Todo lo que necesita para traer la alegr\u00eda de las flores silvestres y los sic\u00f3moros a su vida o la de su ser querido en una hermosa caja de regalo de madera. \u00a1Plantalo!<\/span><\/p>\n<p><span style=\"font-family: 'PingFang SC', 'Microsoft YaHei', sans-serif;font-size: 16px\">&nbsp;<\/span><\/p>\n<p><span style=\"font-family: 'PingFang SC', 'Microsoft YaHei', sans-serif;font-size: 16px\">Los siguientes elementos est\u00e1n incluidos en el kit.<\/span><\/p>\n<p><span style=\"font-family: 'PingFang SC', 'Microsoft YaHei', sans-serif;font-size: 16px\">1 cuaderno con tapa de papel semilla plantable<\/span><\/p>\n<p><span style=\"font-family: 'PingFang SC', 'Microsoft YaHei', sans-serif;font-size: 16px\">1 Gu\u00eda de plantaci\u00f3n paso a paso<\/span><\/p>\n<p><span style=\"font-family: 'PingFang SC', 'Microsoft YaHei', sans-serif;font-size: 16px\">1 caja artesanal personalizada<\/span><\/p>\n<p><span style=\"font-family: 'PingFang SC', 'Microsoft YaHei', sans-serif;font-size: 16px\">&nbsp;<\/span><\/p>\n<p><span style=\"font-family: 'PingFang SC', 'Microsoft YaHei', sans-serif;font-size: 16px\">Microcuadernos de papel con semillas plantables<\/span><\/p>\n<p><span style=\"font-family: 'PingFang SC', 'Microsoft YaHei', sans-serif;font-size: 16px\">\u00a1Mini cuadernos plantables hechos con papel semilla!<\/span><\/p>\n<p><span style=\"font-family: 'PingFang SC', 'Microsoft YaHei', sans-serif;font-size: 16px\">100% Papel ecol\u00f3gico hecho a mano, reciclable y biodegradable con semillas de flores silvestres y sic\u00f3moros.<\/span><\/p>\n<p><span style=\"font-family: 'PingFang SC', 'Microsoft YaHei', sans-serif;font-size: 16px\">Este cuaderno plantable 100% est\u00e1 hecho de papel de desecho y una mezcla de semillas de sic\u00f3moro y flores silvestres.<\/span><\/p>\n<p><span style=\"font-family: 'PingFang SC', 'Microsoft YaHei', sans-serif;font-size: 16px\">&nbsp;<\/span><\/p>\n<p><span style=\"font-family: 'PingFang SC', 'Microsoft YaHei', sans-serif;font-size: 16px\">\u2013 Remojar el papel semilla en agua durante la noche.<\/span><\/p>\n<p><span style=\"font-family: 'PingFang SC', 'Microsoft YaHei', sans-serif\"><span style=\"font-size: 16px\">\u2013 Plante el papel de semilla h\u00famedo en el suelo preparado a una profundidad de aproximadamente 1\/4 de pulgada.<\/span><span style=\"font-size: 16px\">&nbsp;<\/span><\/span><\/p>\n<p><span style=\"font-family: 'PingFang SC', 'Microsoft YaHei', sans-serif;font-size: 16px\">-Regar el pozo, especialmente durante las primeras cuatro a seis semanas.<\/span><\/p>\n<p><span style=\"font-family: 'PingFang SC', 'Microsoft YaHei', sans-serif;font-size: 16px\">&nbsp;<\/span><\/p>\n<p><span style=\"font-family: 'PingFang SC', 'Microsoft YaHei', sans-serif;font-size: 16px\">Plante papel al aire libre en los meses fr\u00edos hasta principios de la primavera. La siembra de oto\u00f1o aprovechar\u00e1 las lluvias de invierno para traer flores tempranas de primavera. Plante en el interior en cualquier momento, luego trasplante a un lugar m\u00e1s permanente a principios de la primavera.<\/span><\/p>\n<\/p>\n<p><span style=\"font-family: 'PingFang SC', 'Microsoft YaHei', sans-serif\"><span style=\"font-size: 16px\">4,72 x 3,15 pulgadas (8 \u00d7 12 cm)<\/span><span style=\"font-size: 16px\">&nbsp;<\/span><\/span><\/p>\n<p><span style=\"font-family: 'PingFang SC', 'Microsoft YaHei', sans-serif;font-size: 16px\">Papel semilla 8\/16 incluida la tapa<\/span><\/p>\n<p><span style=\"font-family: 'PingFang SC', 'Microsoft YaHei', sans-serif;font-size: 16px\">F\u00e1cil de escribir con cualquier bol\u00edgrafo.<\/span><\/p>\n<p><span style=\"font-family: 'PingFang SC', 'Microsoft YaHei', sans-serif;font-size: 16px\">La parte posterior contiene instrucciones de crecimiento.<\/span><\/p>\n<p><span style=\"font-family: 'PingFang SC', 'Microsoft YaHei', sans-serif\"><\/span><\/p>\n<p>M\u00e9todo de siembra de papel con semillas (m\u00e9todo hidrop\u00f3nico)<\/p>\n<ol>\n<li><span style=\"font-family: 'PingFang SC', 'Microsoft YaHei', sans-serif\">Pon el papel en un plato u olla y ri\u00e9galo para que se moje.<\/span><\/li>\n<li><span style=\"font-family: 'PingFang SC', 'Microsoft YaHei', sans-serif\">Mantenga adecuadamente el agua, las semillas germinar\u00e1n dentro de 3~10 d\u00edas. (Diferentes semillas tienen diferentes tiempos de germinaci\u00f3n)<\/span><\/li>\n<li><span style=\"font-family: 'PingFang SC', 'Microsoft YaHei', sans-serif\">Por favor, no sumerja completamente la tarjeta de papel en agua, las semillas tambi\u00e9n necesitan respirar ox\u00edgeno.<\/span><\/li>\n<li><span style=\"font-family: 'PingFang SC', 'Microsoft YaHei', sans-serif\">Mantenga la humedad, mant\u00e9ngala h\u00fameda y espere a que las semillas germinen.<\/span><\/li>\n<li><span style=\"font-family: 'PingFang SC', 'Microsoft YaHei', sans-serif\">Los nuevos brotes se mueven y se cortan en la maceta junto con el papel, los nuevos brotes echan ra\u00edces m\u00e1s profundas y crecen m\u00e1s exuberantes.<\/span><\/li>\n<\/ol>\n<p><span style=\"font-family: 'PingFang SC', 'Microsoft YaHei', sans-serif\"><span style=\"font-size: 18px\"><\/span><\/span><\/p>\n<p>recuerda<\/p>\n<ol>\n<li><span style=\"font-family: 'PingFang SC', 'Microsoft YaHei', sans-serif\">Nunca sumerja la tarjeta completamente en agua, solo mant\u00e9ngala h\u00fameda.<\/span><\/li>\n<li><span style=\"font-family: 'PingFang SC', 'Microsoft YaHei', sans-serif\">Una vez que comience a regar, mantenga la tarjeta h\u00fameda, especialmente por la noche, tenga cuidado de no dejar que la tarjeta de semillas se seque.<\/span><\/li>\n<li><span style=\"font-family: 'PingFang SC', 'Microsoft YaHei', sans-serif\">Las semillas tardan unos 3`10 d\u00edas en germinar. El tiempo de germinaci\u00f3n de diferentes semillas es diferente. Cuando las semillas sobresalgan, rasgue un poco el papel y la germinaci\u00f3n ser\u00e1 m\u00e1s r\u00e1pida.<\/span><\/li>\n<li><span style=\"font-family: 'PingFang SC', 'Microsoft YaHei', sans-serif\">Cree un ambiente fresco para los brotes, no los exponga al sol.<\/span><\/li>\n<\/ol>\n<h3 style=\"font-size: 19px\">Caracter\u00edsticas y ventajas del bol\u00edgrafo de papel con semilla.<\/h3>\n<p>Algunas caracter\u00edsticas y ventajas del bol\u00edgrafo de papel con semillas incluyen:<\/p>\n<ol>\n<li>Respetuoso con el medio ambiente: el bol\u00edgrafo de papel con semillas est\u00e1 hecho de materiales reciclados, lo que reduce los desechos y minimiza el impacto en el medio ambiente.<\/li>\n<li>Sostenibilidad: la inclusi\u00f3n de semillas en el bol\u00edgrafo promueve la sostenibilidad al alentar a los usuarios a cultivar plantas y contribuir a un medio ambiente m\u00e1s verde.<\/li>\n<li>Rentable: estos bol\u00edgrafos suelen ser rentables en comparaci\u00f3n con los bol\u00edgrafos tradicionales, lo que los hace accesibles a una gama m\u00e1s amplia de usuarios.<\/li>\n<li>Personalizables: Se pueden personalizar con diferentes tipos de semillas y dise\u00f1os, lo que las convierte en una excelente herramienta de marketing para empresas u organizaciones.<\/li>\n<li>Educativo: el bol\u00edgrafo de papel con semillas tambi\u00e9n se puede utilizar como herramienta educativa para ense\u00f1ar a los ni\u00f1os sobre las plantas y el medio ambiente.<\/li>\n<li>En general, los bol\u00edgrafos de papel con semillas ofrecen una alternativa innovadora y sostenible a los instrumentos de escritura tradicionales, proporcionando beneficios tanto funcionales como medioambientales.<\/li>\n<\/ol>\n<h3 style=\"font-size: 19px\">Preguntas frecuentes sobre bol\u00edgrafo de papel con semilla<\/h3>\n<p>1. P: \u00bfQu\u00e9 es un bol\u00edgrafo de papel con semilla?<br \/>R: Un bol\u00edgrafo de papel con semilla es un bol\u00edgrafo hecho de papel que contiene semillas dentro de la c\u00e1psula. La idea es que una vez que se agote el bol\u00edgrafo, se puede plantar en el suelo y las semillas se convertir\u00e1n en una planta.<\/p>\n<p>2. P: \u00bfCu\u00e1les son los beneficios de usar bol\u00edgrafos de papel con semillas?<br \/>R: Los beneficios de usar un bol\u00edgrafo de papel con semillas incluyen la reducci\u00f3n de los desechos pl\u00e1sticos, la promoci\u00f3n de la sostenibilidad y el fomento de la gente a plantar m\u00e1s \u00e1rboles y plantas.<\/p>\n<p>3. P: \u00bfC\u00f3mo funcionan los bol\u00edgrafos de papel con semillas?<br \/>R: Un bol\u00edgrafo de papel con semillas funciona al contener una peque\u00f1a c\u00e1psula llena de semillas dentro del bol\u00edgrafo. Una vez que se agota el bol\u00edgrafo, se puede plantar en el suelo y las semillas germinar\u00e1n y se convertir\u00e1n en una planta.<\/p>\n<p>4. P: \u00bfQu\u00e9 tipo de semillas se utilizan normalmente en los bol\u00edgrafos de papel con semillas?<br \/>R: El tipo de semillas que se utilizan en los bol\u00edgrafos de papel con semillas var\u00eda, pero por lo general son peque\u00f1as y se pueden plantar f\u00e1cilmente en la tierra. Algunas semillas comunes incluyen hierbas como la albahaca, la menta y el perejil, o flores como las cal\u00e9ndulas y los girasoles.<\/p>\n<p>5. P: \u00bfSe pueden usar bol\u00edgrafos de papel con semilla como un bol\u00edgrafo normal?<br \/>R: S\u00ed, un bol\u00edgrafo de papel con semilla se puede usar como un bol\u00edgrafo normal. Escribe como un bol\u00edgrafo normal, pero una vez que se le acaba la tinta, se puede plantar en la tierra para que se convierta en una planta.<\/p>\n<p>6. P: \u00bfCu\u00e1nto tardan en crecer las semillas en un bol\u00edgrafo de papel con semillas?<br \/>R: El tiempo que tardan en crecer las semillas en un bol\u00edgrafo de papel con semillas var\u00eda seg\u00fan el tipo de semilla y las condiciones en las que se plantan. Por lo general, la planta puede tardar de varias semanas a algunos meses en crecer hasta la madurez. .<\/p>\n<p>7. P: \u00bfSe pueden rellenar con tinta los bol\u00edgrafos de papel con semillas?<br \/>R: No, un bol\u00edgrafo de papel con semilla no se puede recargar con tinta. Una vez que se agote la tinta, la pluma se puede plantar en el suelo para que se convierta en una planta.<\/p>\n<p>8. P: \u00bfLos bol\u00edgrafos de papel con semilla son biodegradables?<br \/>R: S\u00ed, los bol\u00edgrafos de papel con semilla son biodegradables porque est\u00e1n hechos de papel y otros materiales naturales. Una vez que el corral se planta en el suelo, se romper\u00e1 con el tiempo y se descompondr\u00e1.<\/p><\/p>","protected":false},"excerpt":{"rendered":"<p>Mini cuaderno de papel de semillas plantables: es f\u00e1cil: eliminamos las conjeturas del cultivo de semillas de \u00e1rboles de sic\u00f3moro y flores silvestres, gui\u00e1ndolo en cada paso del camino. Todo lo que necesita para traer la alegr\u00eda de las flores silvestres y los sic\u00f3moros a su vida o la de su ser querido en una hermosa caja de regalo de madera. \u00a1Plantalo!<\/p>\n<p>Un bol\u00edgrafo de papel con una semilla es un tipo de instrumento de escritura ecol\u00f3gico que contiene una peque\u00f1a c\u00e1psula de semillas al final del bol\u00edgrafo. Esto permite a los usuarios plantar la c\u00e1psula en el suelo y cultivar una planta despu\u00e9s de que el bol\u00edgrafo ya no sea \u00fatil.<\/p><\/p>","protected":false},"featured_media":13926,"comment_status":"open","ping_status":"closed","template":"","meta":[],"product_cat":[67],"product_tag":[454,456,455],"acf":[],"_links":{"self":[{"href":"https:\/\/www.garden-kit.com\/es\/wp-json\/wp\/v2\/product\/3986"}],"collection":[{"href":"https:\/\/www.garden-kit.com\/es\/wp-json\/wp\/v2\/product"}],"about":[{"href":"https:\/\/www.garden-kit.com\/es\/wp-json\/wp\/v2\/types\/product"}],"replies":[{"embeddable":true,"href":"https:\/\/www.garden-kit.com\/es\/wp-json\/wp\/v2\/comments?post=3986"}],"wp:featuredmedia":[{"embeddable":true,"href":"https:\/\/www.garden-kit.com\/es\/wp-json\/wp\/v2\/media\/13926"}],"wp:attachment":[{"href":"https:\/\/www.garden-kit.com\/es\/wp-json\/wp\/v2\/media?parent=3986"}],"wp:term":[{"taxonomy":"product_cat","embeddable":true,"href":"https:\/\/www.garden-kit.com\/es\/wp-json\/wp\/v2\/product_cat?post=3986"},{"taxonomy":"product_tag","embeddable":true,"href":"https:\/\/www.garden-kit.com\/es\/wp-json\/wp\/v2\/product_tag?post=3986"}],"curies":[{"name":"wp","href":"https:\/\/api.w.org\/{rel}","templated":true}]}}