{"id":3991,"date":"2022-10-19T13:43:15","date_gmt":"2022-10-19T05:43:15","guid":{"rendered":"https:\/\/www.garden-kit.com\/product\/seed-popper\/"},"modified":"2023-11-28T16:43:21","modified_gmt":"2023-11-28T08:43:21","slug":"seed-popper","status":"publish","type":"product","link":"https:\/\/www.garden-kit.com\/es\/product\/seed-popper\/","title":{"rendered":"Reventador de semillas"},"content":{"rendered":"<h3 style=\"font-size: 19px\">Descripci\u00f3n general<\/h3>\n<table border=\"1\" cellspacing=\"0\">\n<tbody>\n<tr>\n<td valign=\"top\" width=\"373\">\n<p><span style=\"font-family: 'PingFang SC', 'Microsoft YaHei', sans-serif\">Instrucciones de cuidado del producto<\/span><\/p>\n<\/td>\n<td valign=\"top\" width=\"373\">\n<p><span style=\"font-family: 'PingFang SC', 'Microsoft YaHei', sans-serif\">Disponible<\/span><\/p>\n<\/td>\n<\/tr>\n<tr>\n<td valign=\"top\" width=\"373\">\n<p><span style=\"font-family: 'PingFang SC', 'Microsoft YaHei', sans-serif\">Tipo de producto vegetal<\/span><\/p>\n<\/td>\n<td valign=\"top\" width=\"373\">\n<p><span style=\"font-family: 'PingFang SC', 'Microsoft YaHei', sans-serif\">Flor silvestre <\/span><\/p>\n<\/td>\n<\/tr>\n<tr>\n<td valign=\"top\" width=\"373\">\n<p><span style=\"font-family: 'PingFang SC', 'Microsoft YaHei', sans-serif\">Caracter\u00edstica especial<\/span><\/p>\n<\/td>\n<td valign=\"top\" width=\"373\">\n<p><span style=\"font-family: 'PingFang SC', 'Microsoft YaHei', sans-serif\">Cultivo Interior-Exterior<\/span><\/p>\n<\/td>\n<\/tr>\n<tr>\n<td valign=\"top\" width=\"373\">\n<p><span style=\"font-family: 'PingFang SC', 'Microsoft YaHei', sans-serif\">Marca<\/span><\/p>\n<\/td>\n<td valign=\"top\" width=\"373\">\n<p><span style=\"font-family: 'PingFang SC', 'Microsoft YaHei', sans-serif\">Juego de jard\u00edn<\/span><\/p>\n<\/td>\n<\/tr>\n<tr>\n<td valign=\"top\" width=\"373\">\n<p><span style=\"font-family: 'PingFang SC', 'Microsoft YaHei', sans-serif\">Lugar de origen<\/span><\/p>\n<\/td>\n<td valign=\"top\" width=\"373\">\n<p><span style=\"font-family: 'PingFang SC', 'Microsoft YaHei', sans-serif\">Fuji\u00e1n, China<\/span><\/p>\n<\/td>\n<\/tr>\n<tr>\n<td valign=\"top\" width=\"373\">\n<p><span style=\"font-family: 'PingFang SC', 'Microsoft YaHei', sans-serif\">ODM\/OEM<\/span><\/p>\n<\/td>\n<td valign=\"top\" width=\"373\">\n<p><span style=\"font-family: 'PingFang SC', 'Microsoft YaHei', sans-serif\">Disponible<\/span><\/p>\n<\/td>\n<\/tr>\n<tr>\n<td valign=\"top\" width=\"373\">\n<p><span style=\"font-family: 'PingFang SC', 'Microsoft YaHei', sans-serif\">MOQ para pedidos personalizados<\/span><\/p>\n<\/td>\n<td valign=\"top\" width=\"373\">\n<p><span style=\"font-family: 'PingFang SC', 'Microsoft YaHei', sans-serif\">3000 piezas<\/span><\/p>\n<\/td>\n<\/tr>\n<tr>\n<td valign=\"top\" width=\"373\">\n<p><span style=\"font-family: 'PingFang SC', 'Microsoft YaHei', sans-serif\">costo de la muestra<\/span><\/p>\n<\/td>\n<td valign=\"top\" width=\"373\">\n<p><span style=\"font-family: 'PingFang SC', 'Microsoft YaHei', sans-serif\">US$400\/muestra, devoluci\u00f3n completa despu\u00e9s de un pedido nuestro<\/span><\/p>\n<\/td>\n<\/tr>\n<\/tbody>\n<\/table>\n<p style=\"line-height: 1.5\">\n<p style=\"line-height: 1.5\"><span style=\"font-family: 'PingFang SC', 'Microsoft YaHei', sans-serif\">Seed Popper: Kits de 3 opciones: Es f\u00e1cil: nosotros nos encargamos de las conjeturas sobre el cultivo de semillas de flores silvestres, gui\u00e1ndole en cada paso del proceso. Todo lo que necesitas para llevar la alegr\u00eda de las flores silvestres a tu vida o a la de tus seres queridos en una bonita caja de regalo. \u00a1Pl\u00e1ntalo!<\/span><\/p>\n<p style=\"line-height: 1.5\"><span style=\"font-family: 'PingFang SC', 'Microsoft YaHei', sans-serif\">&nbsp;<\/span><\/p>\n<h3 style=\"line-height: 1.5;font-size: 19px\"><span style=\"font-family: 'PingFang SC', 'Microsoft YaHei', sans-serif\">Los siguientes elementos est\u00e1n incluidos en el kit.<\/span><\/h3>\n<p style=\"line-height: 1.5\"><span style=\"font-family: 'PingFang SC', 'Microsoft YaHei', sans-serif\">1) Popper de celebraci\u00f3n:<\/span><\/p>\n<p style=\"line-height: 1.5\"><span style=\"font-family: 'PingFang SC', 'Microsoft YaHei', sans-serif\">Mezcla de Bolas de Semillas para C\u00f3ctel: Menta, albahaca lim\u00f3n, tomillo y lavanda<\/span><\/p>\n<p style=\"line-height: 1.5\"><span style=\"font-family: 'PingFang SC', 'Microsoft YaHei', sans-serif\">Mezcla de bolas de semillas de bienestar: salvia, b\u00e1lsamo de lim\u00f3n, equin\u00e1cea, manzanilla<\/span><\/p>\n<p style=\"line-height: 1.5\"><span style=\"font-family: 'PingFang SC', 'Microsoft YaHei', sans-serif\">Mezcla de bolas de semillas de flores silvestres: equin\u00e1cea, hisopo de lavanda, Susan de ojos negros, Callistephus Duchesse, \u00e1ster mixto, bergamota silvestre<\/span><\/p>\n<p style=\"line-height: 1.5\"><span style=\"font-family: 'PingFang SC', 'Microsoft YaHei', sans-serif\">2) 4 bolas de arcilla, coco y semillas sin OGM<\/span><\/p>\n<p style=\"line-height: 1.5\"><span style=\"font-family: 'PingFang SC', 'Microsoft YaHei', sans-serif\">3) Confeti De Papel Kraft<\/span><\/p>\n<p style=\"line-height: 1.5\">\n<p style=\"line-height: 1.5\"><span style=\"font-family: 'PingFang SC', 'Microsoft YaHei', sans-serif\">Instrucciones de plantaci\u00f3n<\/span><\/p>\n<p style=\"line-height: 1.5\"><span style=\"font-family: 'PingFang SC', 'Microsoft YaHei', sans-serif\">C\u00f3ctel:&nbsp;<\/span><\/p>\n<p style=\"line-height: 1.5\"><span style=\"font-family: 'PingFang SC', 'Microsoft YaHei', sans-serif\">Inspirado en las galletas brit\u00e1nicas tradicionales, el Seed Picker celebra la siembra con un prop\u00f3sito.<\/span><\/p>\n<p style=\"line-height: 1.5\">\n<p style=\"line-height: 1.5\"><span style=\"font-family: 'PingFang SC', 'Microsoft YaHei', sans-serif\">\u00a1Simplemente gira, revienta y planta! Cada popper incluye cuatro bolas de semillas (que consisten en arcilla, c\u00e1scaras de coco y semillas no transg\u00e9nicas), confeti kraft reciclable e instrucciones.<\/span><\/p>\n<p style=\"line-height: 1.5\">\n<p style=\"line-height: 1.5\"><span style=\"font-family: 'PingFang SC', 'Microsoft YaHei', sans-serif\">You&#039;s Wild (Flower) Seed Popper incluye variedades de semillas de flores silvestres no invasivas como Lavender Hyssop, Black-Eyed Susan, Duchess of Callister Forth, Mixed Aster, Wild Bergamot y m\u00e1s.<\/span><\/p>\n<p style=\"line-height: 1.5\"><span style=\"font-family: 'PingFang SC', 'Microsoft YaHei', sans-serif\">&nbsp;<\/span><\/p>\n<p style=\"line-height: 1.5\"><span style=\"font-family: 'PingFang SC', 'Microsoft YaHei', sans-serif\">Esta colecci\u00f3n de semillas cuidadosamente planificada da como resultado hermosas flores que proporcionan un h\u00e1bitat para polinizadores vitales. Solo hay que girar, reventar y plantar.<\/span><\/p>\n<p style=\"line-height: 1.5\"><span style=\"font-family: 'PingFang SC', 'Microsoft YaHei', sans-serif\">&nbsp;<\/span><\/p>\n<p style=\"line-height: 1.5\"><span style=\"font-family: 'PingFang SC', 'Microsoft YaHei', sans-serif\">Tama\u00f1o<\/span><\/p>\n<p style=\"line-height: 1.5\"><span style=\"font-family: 'PingFang SC', 'Microsoft YaHei', sans-serif\">6,4 pulgadas de largo, 1,6 pulgadas de ancho y 1,6 pies de alto<\/span><\/p>\n<p style=\"line-height: 1.5\"><span style=\"font-family: 'PingFang SC', 'Microsoft YaHei', sans-serif\">&nbsp;&nbsp;<\/span><\/p>\n<p style=\"line-height: 1.5\"><span style=\"font-family: 'PingFang SC', 'Microsoft YaHei', sans-serif\">Bienestar:&nbsp;<\/span><\/p>\n<p style=\"line-height: 1.5\"><span style=\"font-family: 'PingFang SC', 'Microsoft YaHei', sans-serif\">Inspirado en las tradicionales galletas brit\u00e1nicas, el Recolector de Semillas celebra la siembra con prop\u00f3sito. Basta con girar, hacer estallar y plantar.<\/span><\/p>\n<p style=\"line-height: 1.5\">\n<p style=\"line-height: 1.5\"><span style=\"font-family: 'PingFang SC', 'Microsoft YaHei', sans-serif\">Cada popper incluye cuatro bolas de semillas (que consisten en arcilla, c\u00e1scaras de coco y semillas no transg\u00e9nicas), confeti kraft reciclable e instrucciones.<\/span><\/p>\n<p style=\"line-height: 1.5\"><span style=\"font-family: 'PingFang SC', 'Microsoft YaHei', sans-serif\">&nbsp;<\/span><\/p>\n<p style=\"line-height: 1.5\"><span style=\"font-family: 'PingFang SC', 'Microsoft YaHei', sans-serif\">You&#039;s Wild (Flower) Seed Popper incluye variedades de semillas de flores silvestres no invasivas como Lavender Hyssop, Black-Eyed Susan, Duchess of Callister Forth, Mixed Aster, Wild Bergamot y m\u00e1s.<\/span><\/p>\n<p style=\"line-height: 1.5\">\n<p style=\"line-height: 1.5\"><span style=\"font-family: 'PingFang SC', 'Microsoft YaHei', sans-serif\">Esta colecci\u00f3n de semillas cuidadosamente planificada da como resultado hermosas floraciones que proporcionan un h\u00e1bitat para polinizadores vitales. Solo hay que girar, reventar y plantar.<\/span><\/p>\n<p style=\"line-height: 1.5\">\n<p style=\"line-height: 1.5\"><span style=\"font-family: 'PingFang SC', 'Microsoft YaHei', sans-serif\">Tama\u00f1o<\/span><\/p>\n<p style=\"line-height: 1.5\"><span style=\"font-family: 'PingFang SC', 'Microsoft YaHei', sans-serif\">6,4 pulgadas de largo, 1,6 pulgadas de ancho y 1,6 pies de alto<\/span><\/p>\n<p style=\"line-height: 1.5\"><span style=\"font-family: 'PingFang SC', 'Microsoft YaHei', sans-serif\">Flores silvestres:<\/span><\/p>\n<p style=\"line-height: 1.5\"><span style=\"font-family: 'PingFang SC', 'Microsoft YaHei', sans-serif\">Inspirado en las tradicionales galletas brit\u00e1nicas, el Recolector de Semillas celebra la siembra con prop\u00f3sito. Basta con girar, hacer estallar y plantar.<\/span><\/p>\n<p style=\"line-height: 1.5\"><span style=\"font-family: 'PingFang SC', 'Microsoft YaHei', sans-serif\">&nbsp;<\/span><\/p>\n<p style=\"line-height: 1.5\"><span style=\"font-family: 'PingFang SC', 'Microsoft YaHei', sans-serif\">Cada popper incluye cuatro bolas de semillas (que consisten en arcilla, c\u00e1scaras de coco y semillas no transg\u00e9nicas), confeti kraft reciclable e instrucciones.<\/span><\/p>\n<p style=\"line-height: 1.5\">\n<p style=\"line-height: 1.5\"><span style=\"font-family: 'PingFang SC', 'Microsoft YaHei', sans-serif\">You's Wild (Flower) Seed Popper incluye variedades de semillas de flores silvestres no invasoras como el hisopo de lavanda, la susanita de ojos negros, la duquesa de Callister Forth, el \u00e1ster mixto, la bergamota silvestre y muchas m\u00e1s. Esta colecci\u00f3n de semillas cuidadosamente planificada da como resultado hermosas floraciones que proporcionan un h\u00e1bitat para polinizadores vitales. S\u00f3lo tiene que girar, explotar y plantar.<\/span><\/p>\n<p style=\"line-height: 1.5\"><span style=\"font-family: 'PingFang SC', 'Microsoft YaHei', sans-serif\">Inspirados en las tradicionales galletas inglesas, los Seed Poppers celebran la siembra con un prop\u00f3sito. S\u00f3lo tienes que girar, explotar y plantar. Cada popper incluye cuatro bolas de semillas (hechas de arcilla, c\u00e1scaras de coco y semillas no modificadas gen\u00e9ticamente). Cada popper incluye cuatro bolas de semillas (hechas de arcilla, c\u00e1scaras de coco y semillas no modificadas gen\u00e9ticamente), confeti kraft reciclable e instrucciones.<\/span><\/p>\n<p style=\"line-height: 1.5\"><span style=\"font-family: 'PingFang SC', 'Microsoft YaHei', sans-serif\">Las bolas de semillas contienen semillas de salvia, melisa, equin\u00e1cea y manzanilla, hierbas conocidas por sus propiedades curativas.<\/span><\/p>\n<p style=\"line-height: 1.5\"><span style=\"font-family: 'PingFang SC', 'Microsoft YaHei', sans-serif\"><\/span><\/p>\n<p style=\"line-height: 1.5\"><span style=\"font-family: 'PingFang SC', 'Microsoft YaHei', sans-serif\">El papel con semillas A4 se puede utilizar para diversos fines, como invitaciones, tarjetas de visita, tarjetas de felicitaci\u00f3n, carteles y otros materiales impresos. Una vez que ya no se necesita el papel, se puede plantar directamente en el suelo y las semillas incrustadas germinar\u00e1n y se convertir\u00e1n en plantas. El tipo de semillas incrustadas en el papel var\u00eda seg\u00fan el fabricante y el uso previsto. Algunos tipos comunes de semillas que se usan en papel con semillas A4 incluyen flores silvestres, hierbas, vegetales y semillas de \u00e1rboles. En general, el papel semilla A4 proporciona una forma \u00fanica y sostenible de promover la conciencia ambiental y contribuir a un futuro m\u00e1s verde.<\/span><\/p>\n<\/p>\n<p>Un germinador es una peque\u00f1a bola o c\u00e1psula que contiene todo lo necesario para cultivar una planta o flor determinada. Es una forma c\u00f3moda y a menudo ecol\u00f3gica de cultivar plantas a partir de semillas, sobre todo para quienes no tienen mucha experiencia en jardiner\u00eda o no disponen de espacio al aire libre.<\/p>\n<p>El concepto de los poppers de semillas es sencillo: cada popper encapsula semillas dentro de una c\u00e1scara biodegradable junto con nutrientes y un medio de cultivo. El objetivo es facilitar a cualquiera la siembra y el cultivo de diversas plantas o flores sin necesidad de manipular directamente semillas sueltas o tierra.<\/p>\n<p>As\u00ed es como suele funcionar una m\u00e1quina para hacer estallar semillas:<\/p>\n<ul>\n<li>\n<p><strong>Encapsulaci\u00f3n de semillas<\/strong>: Las semillas se envuelven en un material biodegradable como arcilla, turba o una mezcla de estos materiales, formando una peque\u00f1a bola o c\u00e1psula.<\/p>\n<\/li>\n<li>\n<p><strong>Nutrientes y medio de cultivo<\/strong>: Junto con las semillas, el popper suele contener los nutrientes y el medio de cultivo necesarios para la germinaci\u00f3n y el crecimiento inicial. Puede incluir compost, abono u otros nutrientes vegetales.<\/p>\n<\/li>\n<li>\n<p><strong>Proceso de plantaci\u00f3n<\/strong>: Para utilizar un seed popper, normalmente hay que plantarlo directamente en el suelo o en una maceta a la profundidad adecuada, siguiendo las instrucciones proporcionadas. Una vez plantadas, la c\u00e1scara exterior del seed popper se rompe, permitiendo que las semillas broten y crezcan.<\/p>\n<\/li>\n<li>\n<p><strong>Riego y cuidados<\/strong>: Como cualquier otra planta, las pl\u00e1ntulas requieren riego y cuidados adecuados para crecer con \u00e9xito. Aseg\u00farate de que reciben luz solar, agua y nutrientes adecuados a medida que se desarrollan.<\/p>\n<\/li>\n<\/ul>\n<p>Existen semillas para una gran variedad de plantas, como flores, hierbas, verduras e incluso \u00e1rboles. Suelen venderse en paquetes o surtidos, por lo que son una forma c\u00f3moda de empezar un jard\u00edn o a\u00f1adir vegetaci\u00f3n a espacios interiores.<\/p>\n<p>Estos productos se encuentran con frecuencia en tiendas de jardiner\u00eda, viveros y tiendas en l\u00ednea especializadas en suministros de jardiner\u00eda. Pueden resultar especialmente atractivos para principiantes o para quienes prefieren un m\u00e9todo sencillo y sin complicaciones para plantar semillas.<\/p>","protected":false},"excerpt":{"rendered":"<p><span style=\"font-family: 'PingFang SC', 'Microsoft YaHei', sans-serif\">Seed Popper - Kits de 3 opciones: es f\u00e1cil: eliminamos las conjeturas sobre el cultivo de semillas de flores silvestres y lo guiamos en cada paso del camino. Todo lo que necesita para traer la alegr\u00eda de las flores silvestres a su vida o la de su ser querido en una hermosa caja de regalo. \u00a1Plantalo!<\/span><\/p>\n<p><span style=\"font-family: 'PingFang SC', 'Microsoft YaHei', sans-serif\">El papel con semillas A4 es un tipo de papel que contiene semillas de plantas incrustadas. Es una alternativa sostenible y ecol\u00f3gica a los productos de papel tradicionales.<\/span><\/p><\/p>","protected":false},"featured_media":17495,"comment_status":"open","ping_status":"closed","template":"","meta":[],"product_cat":[67],"product_tag":[517,516],"acf":[],"_links":{"self":[{"href":"https:\/\/www.garden-kit.com\/es\/wp-json\/wp\/v2\/product\/3991"}],"collection":[{"href":"https:\/\/www.garden-kit.com\/es\/wp-json\/wp\/v2\/product"}],"about":[{"href":"https:\/\/www.garden-kit.com\/es\/wp-json\/wp\/v2\/types\/product"}],"replies":[{"embeddable":true,"href":"https:\/\/www.garden-kit.com\/es\/wp-json\/wp\/v2\/comments?post=3991"}],"wp:featuredmedia":[{"embeddable":true,"href":"https:\/\/www.garden-kit.com\/es\/wp-json\/wp\/v2\/media\/17495"}],"wp:attachment":[{"href":"https:\/\/www.garden-kit.com\/es\/wp-json\/wp\/v2\/media?parent=3991"}],"wp:term":[{"taxonomy":"product_cat","embeddable":true,"href":"https:\/\/www.garden-kit.com\/es\/wp-json\/wp\/v2\/product_cat?post=3991"},{"taxonomy":"product_tag","embeddable":true,"href":"https:\/\/www.garden-kit.com\/es\/wp-json\/wp\/v2\/product_tag?post=3991"}],"curies":[{"name":"wp","href":"https:\/\/api.w.org\/{rel}","templated":true}]}}