{"id":3998,"date":"2022-10-19T13:45:26","date_gmt":"2022-10-19T05:45:26","guid":{"rendered":"https:\/\/www.garden-kit.com\/product\/set-of-6-plantable-seed-paper-christmas-gift-present-tags\/"},"modified":"2022-10-19T13:45:26","modified_gmt":"2022-10-19T05:45:26","slug":"set-of-6-plantable-seed-paper-christmas-gift-present-tags","status":"publish","type":"product","link":"https:\/\/www.garden-kit.com\/es\/product\/set-of-6-plantable-seed-paper-christmas-gift-present-tags\/","title":{"rendered":"Conjunto de 6 etiquetas de regalo de Navidad de papel de semilla plantable"},"content":{"rendered":"<p><strong>Descripci\u00f3n general<\/strong><\/p>\n<table border=\"1\" cellspacing=\"0\">\n<tbody>\n<tr>\n<td valign=\"top\" width=\"373\">\n<p><strong>Instrucciones de cuidado del producto<\/strong><\/p>\n<\/td>\n<td valign=\"top\" width=\"373\">\n<p><span style=\"font-family: Calibri\">Disponible<\/span><\/p>\n<\/td>\n<\/tr>\n<tr>\n<td valign=\"top\" width=\"373\">\n<p><strong>Tipo de producto vegetal<\/strong><\/p>\n<\/td>\n<td valign=\"top\" width=\"373\">\n<p><span style=\"font-family: Calibri\">flor silvestre y sic\u00f3moro<\/span><\/p>\n<\/td>\n<\/tr>\n<tr>\n<td valign=\"top\" width=\"373\">\n<p><strong>Caracter\u00edstica especial<\/strong><\/p>\n<\/td>\n<td valign=\"top\" width=\"373\">\n<p><span style=\"font-family: Calibri\">Cultivo Interior-Exterior<\/span><\/p>\n<\/td>\n<\/tr>\n<tr>\n<td valign=\"top\" width=\"373\">\n<p><strong><span style=\"font-family: Arial\">Marca<\/span><\/strong><\/p>\n<\/td>\n<td valign=\"top\" width=\"373\">\n<p><span style=\"font-family: Calibri\">Juego de jard\u00edn<\/span><\/p>\n<\/td>\n<\/tr>\n<tr>\n<td valign=\"top\" width=\"373\">\n<p><strong><span style=\"font-family: Arial\">Lugar de origen<\/span><\/strong><\/p>\n<\/td>\n<td valign=\"top\" width=\"373\">\n<p><span style=\"font-family: Calibri\">Fuji\u00e1n, China<\/span><\/p>\n<\/td>\n<\/tr>\n<tr>\n<td valign=\"top\" width=\"373\">\n<p><strong><span style=\"font-family: Arial\">ODM\/OEM<\/span><\/strong><\/p>\n<\/td>\n<td valign=\"top\" width=\"373\">\n<p><span style=\"font-family: Calibri\">Disponible<\/span><\/p>\n<\/td>\n<\/tr>\n<tr>\n<td valign=\"top\" width=\"373\">\n<p><strong><span style=\"font-family: Arial\">MOQ para pedidos personalizados<\/span><\/strong><\/p>\n<\/td>\n<td valign=\"top\" width=\"373\">\n<p><span style=\"font-family: Calibri\">3000 piezas<\/span><\/p>\n<\/td>\n<\/tr>\n<tr>\n<td valign=\"top\" width=\"373\">\n<p><strong><span style=\"font-family: Arial\">costo de la muestra<\/span><\/strong><\/p>\n<\/td>\n<td valign=\"top\" width=\"373\">\n<p><span style=\"font-family: Calibri\">US$400\/muestra, devoluci\u00f3n completa despu\u00e9s del pedido de nosotros<\/span><\/p>\n<\/td>\n<\/tr>\n<\/tbody>\n<\/table>\n<p>&nbsp;<\/p>\n<p><strong><span style=\"font-family: Arial\">Los siguientes elementos est\u00e1n incluidos en el kit.<\/span><\/strong><\/p>\n<p>&nbsp;<\/p>\n<p><span style=\"font-family: Calibri\">6<\/span>&nbsp;Etiquetas de regalo de Navidad de papel de semilla plantable<\/p>\n<p><span style=\"font-family: Calibri\">1 Gu\u00eda de plantaci\u00f3n paso a paso<\/span><\/p>\n<p><span style=\"font-family: Calibri\">1 personalizado <\/span><span style=\"font-family: Calibri\">bolsa de paquete<\/span><\/p>\n<p>&nbsp;<\/p>\n<p><span style=\"font-family: Calibri\">\u00a1Etiquetas de regalo plantables de Seed Paper!<\/span><\/p>\n<p>&nbsp;<\/p>\n<p><span style=\"font-family: Calibri\">100% Papel ecol\u00f3gico hecho a mano, reciclable y biodegradable con semillas de flores silvestres y sic\u00f3moros.<\/span><\/p>\n<p>&nbsp;<\/p>\n<p><span style=\"font-family: Calibri\">Esta etiqueta de regalo plantable es 100% hecha de papel de desecho y una mezcla de semillas de sic\u00f3moro y flores silvestres.<\/span><\/p>\n<p>&nbsp;<\/p>\n<p><span style=\"font-family: Calibri\">\u2013 Remojar el papel semilla en agua durante la noche.<\/span><\/p>\n<p>&nbsp;<\/p>\n<p><span style=\"font-family: Calibri\">\u2013 Plante el papel de semilla h\u00famedo en el suelo preparado a una profundidad de aproximadamente 1\/4 de pulgada.<\/span><\/p>\n<p>&nbsp;<\/p>\n<p><span style=\"font-family: Calibri\">-Regar el pozo, especialmente durante las primeras cuatro a seis semanas.<\/span><\/p>\n<p>&nbsp;<\/p>\n<p><span style=\"font-family: Calibri\">Plante papel al aire libre en los meses fr\u00edos hasta principios de la primavera. La siembra de oto\u00f1o aprovechar\u00e1 las lluvias de invierno para traer flores tempranas de primavera. Plante en el interior en cualquier momento, luego trasplante a un lugar m\u00e1s permanente a principios de la primavera.<\/span><\/p>\n<p>&nbsp;<\/p>\n<p><span style=\"font-family: Calibri\">Juego de 6 etiquetas de regalo navide\u00f1as de papel con semillas plantables<\/span><\/p>\n<p>&nbsp;<\/p>\n<p><span style=\"font-family: Calibri\">7,5 x 5 cm (2,95 x 1,97 pulgadas)<\/span><\/p>\n<p>&nbsp;<\/p>\n<p><span style=\"font-family: Calibri\">F\u00e1cil de escribir con cualquier bol\u00edgrafo.<\/span><\/p>\n<p>&nbsp;<\/p>\n<p><span style=\"font-family: Calibri\">Las instrucciones de crecimiento se incluyen en la parte posterior del paquete.<\/span><\/p>\n<p>&nbsp;<\/p>\n<p>&nbsp;<\/p>\n<p>&nbsp;<\/p>\n<p><span style=\"font-family: Calibri\">Hilo de yute no incluido.<\/span><\/p>","protected":false},"excerpt":{"rendered":"<p>Kit de etiquetas de regalo de Navidad de papel de semilla plantable de 6 piezas: es f\u00e1cil: eliminamos las conjeturas del cultivo de semillas de flores silvestres y \u00e1rboles de sic\u00f3moro, gui\u00e1ndolo en cada paso del camino. Todo lo que necesita para llevar la alegr\u00eda de las flores silvestres y los sicomoros a su vida o la de sus seres queridos en una hermosa bolsa personalizada. \u00a1Plantalo!<\/p>","protected":false},"featured_media":3992,"comment_status":"open","ping_status":"closed","template":"","meta":[],"product_cat":[67],"product_tag":[232],"acf":[],"_links":{"self":[{"href":"https:\/\/www.garden-kit.com\/es\/wp-json\/wp\/v2\/product\/3998"}],"collection":[{"href":"https:\/\/www.garden-kit.com\/es\/wp-json\/wp\/v2\/product"}],"about":[{"href":"https:\/\/www.garden-kit.com\/es\/wp-json\/wp\/v2\/types\/product"}],"replies":[{"embeddable":true,"href":"https:\/\/www.garden-kit.com\/es\/wp-json\/wp\/v2\/comments?post=3998"}],"wp:featuredmedia":[{"embeddable":true,"href":"https:\/\/www.garden-kit.com\/es\/wp-json\/wp\/v2\/media\/3992"}],"wp:attachment":[{"href":"https:\/\/www.garden-kit.com\/es\/wp-json\/wp\/v2\/media?parent=3998"}],"wp:term":[{"taxonomy":"product_cat","embeddable":true,"href":"https:\/\/www.garden-kit.com\/es\/wp-json\/wp\/v2\/product_cat?post=3998"},{"taxonomy":"product_tag","embeddable":true,"href":"https:\/\/www.garden-kit.com\/es\/wp-json\/wp\/v2\/product_tag?post=3998"}],"curies":[{"name":"wp","href":"https:\/\/api.w.org\/{rel}","templated":true}]}}