{"id":4001,"date":"2022-10-19T13:45:30","date_gmt":"2022-10-19T05:45:30","guid":{"rendered":"https:\/\/www.garden-kit.com\/product\/set-of-6-plantable-seed-paper-christmas-gift-present-tags-2\/"},"modified":"2023-03-31T14:58:22","modified_gmt":"2023-03-31T06:58:22","slug":"plantable-paper-seed-bombs","status":"publish","type":"product","link":"https:\/\/www.garden-kit.com\/es\/product\/plantable-paper-seed-bombs\/","title":{"rendered":"Bombas de semillas de papel plantable"},"content":{"rendered":"<p><strong><span style=\"font-family: arial, helvetica, sans-serif;font-size: 18px\">Kit de etiquetas de regalo de Navidad de papel de semilla plantable de papel de semilla de 6 piezas: <\/span><\/strong><\/p>\n<p><span style=\"font-family: arial, helvetica, sans-serif;font-size: 16px\">Es f\u00e1cil: eliminamos las conjeturas sobre el cultivo de semillas de \u00e1rboles de sic\u00f3moro y flores silvestres, y lo guiamos en cada paso del camino. Todo lo que necesita para llevar la alegr\u00eda de las flores silvestres y los sicomoros a su vida o la de sus seres queridos en una hermosa bolsa personalizada. \u00a1Plantalo! <\/span><span style=\"font-family: arial, helvetica, sans-serif;font-size: 18px\"><\/span><\/p>\n<h3 style=\"font-size: 19px\"><strong><span style=\"font-family: arial, helvetica, sans-serif;font-size: 18px\">Descripci\u00f3n general<\/span><\/strong><\/h3>\n<table border=\"1\" cellspacing=\"0\" style=\"border-collapse: collapse;width: 100%;height: 248px\">\n<tbody>\n<tr style=\"height: 31px\">\n<td valign=\"top\" width=\"373\" style=\"height: 31px\">\n<p><span style=\"font-family: arial, helvetica, sans-serif;font-size: 16px\">Instrucciones de cuidado del producto<\/span><\/p>\n<\/td>\n<td valign=\"top\" width=\"373\" style=\"height: 31px\">\n<p><span style=\"font-family: arial, helvetica, sans-serif;font-size: 16px\">Disponible<\/span><\/p>\n<\/td>\n<\/tr>\n<tr style=\"height: 31px\">\n<td valign=\"top\" width=\"373\" style=\"height: 31px\">\n<p><span style=\"font-family: arial, helvetica, sans-serif;font-size: 16px\">Tipo de producto vegetal<\/span><\/p>\n<\/td>\n<td valign=\"top\" width=\"373\" style=\"height: 31px\">\n<p><span style=\"font-family: arial, helvetica, sans-serif;font-size: 16px\">flor silvestre y sic\u00f3moro<\/span><\/p>\n<\/td>\n<\/tr>\n<tr style=\"height: 31px\">\n<td valign=\"top\" width=\"373\" style=\"height: 31px\">\n<p><span style=\"font-family: arial, helvetica, sans-serif;font-size: 16px\">Caracter\u00edstica especial<\/span><\/p>\n<\/td>\n<td valign=\"top\" width=\"373\" style=\"height: 31px\">\n<p><span style=\"font-family: arial, helvetica, sans-serif;font-size: 16px\">Cultivo Interior-Exterior<\/span><\/p>\n<\/td>\n<\/tr>\n<tr style=\"height: 31px\">\n<td valign=\"top\" width=\"373\" style=\"height: 31px\">\n<p><span style=\"font-family: arial, helvetica, sans-serif;font-size: 16px\">Marca<\/span><\/p>\n<\/td>\n<td valign=\"top\" width=\"373\" style=\"height: 31px\">\n<p><span style=\"font-family: arial, helvetica, sans-serif;font-size: 16px\">Juego de jard\u00edn<\/span><\/p>\n<\/td>\n<\/tr>\n<tr style=\"height: 31px\">\n<td valign=\"top\" width=\"373\" style=\"height: 31px\">\n<p><span style=\"font-family: arial, helvetica, sans-serif;font-size: 16px\">Lugar de origen<\/span><\/p>\n<\/td>\n<td valign=\"top\" width=\"373\" style=\"height: 31px\">\n<p><span style=\"font-family: arial, helvetica, sans-serif;font-size: 16px\">Fuji\u00e1n, China<\/span><\/p>\n<\/td>\n<\/tr>\n<tr style=\"height: 31px\">\n<td valign=\"top\" width=\"373\" style=\"height: 31px\">\n<p><span style=\"font-family: arial, helvetica, sans-serif;font-size: 16px\">ODM\/OEM<\/span><\/p>\n<\/td>\n<td valign=\"top\" width=\"373\" style=\"height: 31px\">\n<p><span style=\"font-family: arial, helvetica, sans-serif;font-size: 16px\">Disponible<\/span><\/p>\n<\/td>\n<\/tr>\n<tr style=\"height: 31px\">\n<td valign=\"top\" width=\"373\" style=\"height: 31px\">\n<p><span style=\"font-family: arial, helvetica, sans-serif;font-size: 16px\">MOQ para pedidos personalizados<\/span><\/p>\n<\/td>\n<td valign=\"top\" width=\"373\" style=\"height: 31px\">\n<p><span style=\"font-family: arial, helvetica, sans-serif;font-size: 16px\">3000 piezas<\/span><\/p>\n<\/td>\n<\/tr>\n<tr style=\"height: 31px\">\n<td valign=\"top\" width=\"373\" style=\"height: 31px\">\n<p><span style=\"font-family: arial, helvetica, sans-serif;font-size: 16px\">costo de la muestra<\/span><\/p>\n<\/td>\n<td valign=\"top\" width=\"373\" style=\"height: 31px\">\n<p><span style=\"font-family: arial, helvetica, sans-serif;font-size: 16px\">US$400\/muestra, devoluci\u00f3n completa despu\u00e9s de nuestro pedido<\/span><\/p>\n<\/td>\n<\/tr>\n<\/tbody>\n<\/table>\n<p style=\"text-align: center\"><img decoding=\"async\" src=\"https:\/\/data.adwebcloud.com\/public\/material\/2206293ihquj\/product\/3_1666158227014.jpg\" alt=\"ejemplo\" width=\"50%\" title=\"\"><img decoding=\"async\" src=\"https:\/\/data.adwebcloud.com\/public\/material\/2206293ihquj\/product\/4_1666158227081.jpg\" alt=\"ejemplo\" width=\"50%\" title=\"\"> &nbsp;<\/p>\n<h3 style=\"font-size: 19px\"><span style=\"font-family: arial, helvetica, sans-serif;font-size: 18px\"><span><span>\u00bfQu\u00e9 es el papel de semillas plantable?<\/span><\/span><span><span> <\/span><\/span><\/span><\/h3>\n<p><span style=\"font-family: arial, helvetica, sans-serif;font-size: 16px\"><span><span>En el proceso de fabricaci\u00f3n del papel, a la pulpa de madera se le a\u00f1aden semillas, que pueden te\u00f1irse de varios colores, por lo que el papel que contiene semillas se denomina \u201cpapel con semillas\u201d. (Este es un nuevo producto de protecci\u00f3n del medio ambiente.<\/span><\/span> <span><span>, se puede desechar en el suelo, en el momento, la temperatura y la humedad adecuados, las semillas dentro del papel pueden germinar y producir peque\u00f1as pl\u00e1ntulas.)<\/span><\/span><span><span> <\/span><\/span><\/span><\/p>\n<p><span style=\"font-family: arial, helvetica, sans-serif;font-size: 16px\"><span><span>Para hacer que el papel artesanal especial hecho a mano sea m\u00e1s colorido, los trabajadores que hacen el papel hecho a mano mezclan las semillas de estos arbustos y plantas en la pulpa. Debido a que todo el proceso de producci\u00f3n del papel hecho a mano es completamente ecol\u00f3gico y libre de contaminaci\u00f3n, las semillas est\u00e1n completamente en la pulpa.<\/span><\/span> <span><span>No afectado.<\/span><\/span> <span><span>Una vez terminado el papel, las semillas a\u00fan viven en el papel.<\/span><\/span> <span><span>La gente moderna sigue utilizando m\u00e9todos tradicionales para seguir produciendo este tipo de papel con semillas.<\/span><\/span> <\/span><\/p>\n<p><span style=\"font-family: arial, helvetica, sans-serif;font-size: 18px\"><img decoding=\"async\" src=\"https:\/\/gimg2.baidu.com\/image_search\/src=http%3A%2F%2Fimg.alicdn.com%2Fimgextra%2Fi3%2F6000000001680%2FO1CN01AmHsAn1OHU8PpXZTX_%21%216000000001680-0-tbvideo.jpg&amp;refer=http%3A%2F%2Fimg.alicdn.com&amp;app=2002&amp;size=f9999,10000&amp;q=a80&amp;n=0&amp;g=0n&amp;fmt=auto?sec=1678802737&amp;t=e5549e4645e8a616a68638b5c99e4f4b\" width=\"100%\" alt=\"Papel de semilla plantable\" title=\"\"> <\/span><\/p>\n<h3 style=\"font-size: 19px\"><strong><span style=\"font-family: arial, helvetica, sans-serif;font-size: 18px\">Los siguientes elementos est\u00e1n incluidos en el kit.<\/span><\/strong><\/h3>\n<p><span style=\"font-family: arial, helvetica, sans-serif;font-size: 16px\">6 etiquetas de regalo de Navidad de papel de semilla plantable<\/span><\/p>\n<p><span style=\"font-family: arial, helvetica, sans-serif;font-size: 16px\">1 Gu\u00eda de plantaci\u00f3n paso a paso<\/span><\/p>\n<p><span style=\"font-family: arial, helvetica, sans-serif;font-size: 16px\">1 bolsa de paquete personalizado<\/span><\/p>\n<p><span style=\"font-family: arial, helvetica, sans-serif;font-size: 18px\">&nbsp;<\/span><\/p>\n<h3 style=\"font-size: 19px\"><strong><span style=\"font-family: arial, helvetica, sans-serif;font-size: 18px\">\u00a1Etiquetas de regalo plantables de Seed Paper!<\/span><\/strong><\/h3>\n<p><span style=\"font-family: arial, helvetica, sans-serif;font-size: 16px\">100% Papel ecol\u00f3gico hecho a mano, reciclable y biodegradable con semillas de flores silvestres y sic\u00f3moros.<\/span><\/p>\n<p><span style=\"font-family: arial, helvetica, sans-serif;font-size: 16px\">Esta etiqueta de regalo plantable es 100% hecha de papel de desecho y una mezcla de semillas de sic\u00f3moro y flores silvestres.<\/span><\/p>\n<p><span style=\"font-family: arial, helvetica, sans-serif;font-size: 16px\">\u2013 Remojar el papel semilla en agua durante la noche.<\/span><\/p>\n<p><span style=\"font-family: arial, helvetica, sans-serif;font-size: 16px\">\u2013 Plante el papel de semilla h\u00famedo en el suelo preparado a una profundidad de aproximadamente 1\/4 de pulgada.<\/span><\/p>\n<p><span style=\"font-family: arial, helvetica, sans-serif;font-size: 16px\">-Regar el pozo, especialmente durante las primeras cuatro a seis semanas.<\/span><\/p>\n<p><span style=\"font-family: arial, helvetica, sans-serif;font-size: 18px\">&nbsp;<\/span><\/p>\n<p><span style=\"font-family: arial, helvetica, sans-serif;font-size: 16px\">Plante papel al aire libre en los meses fr\u00edos hasta principios de la primavera. La siembra de oto\u00f1o aprovechar\u00e1 las lluvias de invierno para traer flores tempranas de primavera. Plante en el interior en cualquier momento, luego trasplante a un lugar m\u00e1s permanente a principios de la primavera.<\/span><\/p>\n<\/p>\n<p><span style=\"font-family: arial, helvetica, sans-serif;font-size: 16px\">Juego de 6 etiquetas de regalo navide\u00f1as de papel con semillas plantables<\/span><\/p>\n<p><span style=\"font-size: 16px\"><span style=\"font-family: arial, helvetica, sans-serif\">7,5 x 5 cm (2,95 x 1,97 pulgadas)<\/span><span style=\"font-family: arial, helvetica, sans-serif\">&nbsp;<\/span><\/span><\/p>\n<p><span style=\"font-family: arial, helvetica, sans-serif;font-size: 16px\">F\u00e1cil de escribir con cualquier bol\u00edgrafo.<\/span><\/p>\n<p><span style=\"font-family: arial, helvetica, sans-serif;font-size: 16px\">Las instrucciones de crecimiento se incluyen en la parte posterior del paquete.<\/span><\/p>\n<p><span style=\"font-family: arial, helvetica, sans-serif;font-size: 18px\"><\/span><\/p>\n<h3 style=\"font-size: 19px\"><span style=\"font-family: arial, helvetica, sans-serif;font-size: 18px\">M\u00e9todo de plantaci\u00f3n de papel con semillas.<\/span><\/h3>\n<p style=\"font-size: 16px\"><span style=\"font-family: arial, helvetica, sans-serif\">1. Enterrar la mitad del papel semilla en el suelo. Al plantar por primera vez, aseg\u00farese de que el papel de semillas est\u00e9 saturado de agua (h\u00famedo y suave).<\/span><br \/><span style=\"font-family: arial, helvetica, sans-serif\">2. Preste atenci\u00f3n a la humedad todos los d\u00edas, mantenga el papel y el suelo h\u00famedos y ventilados.<\/span><br \/><span style=\"font-family: arial, helvetica, sans-serif\">3. Recuerde que las plantas en macetas de papel con semillas deben colocarse en un lugar ventilado (junto al alf\u00e9izar de la ventana) o cerca de un balc\u00f3n protegido para recibir luz solar moderada.<\/span><br \/><span style=\"font-family: arial, helvetica, sans-serif\">4. Observe cuidadosamente las bolas de semillas todos los d\u00edas y espere pacientemente, \u00a1las semillas brotar\u00e1n peque\u00f1os brotes!<\/span><br \/><span style=\"font-family: arial, helvetica, sans-serif\">5. Las semillas est\u00e1n cubiertas con el papel de semillas, y el papel de bolas de semillas h\u00famedo tambi\u00e9n se puede romper y plantar en diferentes contenedores de flores.<\/span><br \/><span style=\"font-family: arial, helvetica, sans-serif\">6. Despu\u00e9s de que las pl\u00e1ntulas crezcan, se pueden trasplantar a macetas m\u00e1s profundas\/m\u00e1s grandes, cubiertas con tierra, para dar m\u00e1s espacio para el crecimiento y proporcionar la cantidad adecuada de fertilizante para proporcionar nutrientes, \u00a1para que las plantas puedan seguir creciendo!<\/span><\/p>\n<h3 style=\"font-size: 19px\"><span style=\"font-family: arial, helvetica, sans-serif;font-size: 18px\">\u00bfCu\u00e1les son las ventajas del papel con semillas plantable?<\/span><\/h3>\n<p><span style=\"font-family: arial, helvetica, sans-serif;font-size: 16px\">1. Salvar \u00e1rboles: el papel reciclado reemplaza la fabricaci\u00f3n de pulpa fresca y los \u00e1rboles talados que afectan el h\u00e1bitat de la vida silvestre.<\/span><\/p>\n<p><span style=\"font-family: arial, helvetica, sans-serif;font-size: 16px\">2. Reemplace el papel virgen y algunos pl\u00e1sticos de un solo uso: este papel es adecuado para ocasiones especiales, art\u00edculos de papeler\u00eda y productos promocionales comerciales.<\/span><\/p>\n<p><span style=\"font-family: arial, helvetica, sans-serif;font-size: 16px\">3. Hacer que las semillas de hierbas y vegetales de cosecha propia est\u00e9n disponibles para m\u00e1s personas; esto ayuda a reducir las emisiones. En la familia, a la mayor\u00eda de la gente le gusta cultivar vegetales y flores, porque los vegetales que ellos mismos cultivan son m\u00e1s dulces y deliciosos. Adem\u00e1s, las semillas del papel semilla no contienen pesticidas y fertilizantes sint\u00e9ticos para cultivos comerciales, por lo que es m\u00e1s seguro plantar.<\/span><\/p><\/p>","protected":false},"excerpt":{"rendered":"<p>Kit de etiquetas de regalo de Navidad de papel de semilla plantable de 6 piezas: es f\u00e1cil: eliminamos las conjeturas del cultivo de semillas de flores silvestres y \u00e1rboles de sic\u00f3moro, gui\u00e1ndolo en cada paso del camino. Todo lo que necesita para llevar la alegr\u00eda de las flores silvestres y los sicomoros a su vida o la de sus seres queridos en una hermosa bolsa personalizada. \u00a1Plantalo!<\/p>","protected":false},"featured_media":12354,"comment_status":"open","ping_status":"closed","template":"","meta":[],"product_cat":[67],"product_tag":[509,510,511,512],"acf":[],"_links":{"self":[{"href":"https:\/\/www.garden-kit.com\/es\/wp-json\/wp\/v2\/product\/4001"}],"collection":[{"href":"https:\/\/www.garden-kit.com\/es\/wp-json\/wp\/v2\/product"}],"about":[{"href":"https:\/\/www.garden-kit.com\/es\/wp-json\/wp\/v2\/types\/product"}],"replies":[{"embeddable":true,"href":"https:\/\/www.garden-kit.com\/es\/wp-json\/wp\/v2\/comments?post=4001"}],"wp:featuredmedia":[{"embeddable":true,"href":"https:\/\/www.garden-kit.com\/es\/wp-json\/wp\/v2\/media\/12354"}],"wp:attachment":[{"href":"https:\/\/www.garden-kit.com\/es\/wp-json\/wp\/v2\/media?parent=4001"}],"wp:term":[{"taxonomy":"product_cat","embeddable":true,"href":"https:\/\/www.garden-kit.com\/es\/wp-json\/wp\/v2\/product_cat?post=4001"},{"taxonomy":"product_tag","embeddable":true,"href":"https:\/\/www.garden-kit.com\/es\/wp-json\/wp\/v2\/product_tag?post=4001"}],"curies":[{"name":"wp","href":"https:\/\/api.w.org\/{rel}","templated":true}]}}