{"id":4034,"date":"2022-10-19T14:04:54","date_gmt":"2022-10-19T06:04:54","guid":{"rendered":"https:\/\/www.garden-kit.com\/product\/herb-window-garden\/"},"modified":"2023-09-02T14:49:53","modified_gmt":"2023-09-02T06:49:53","slug":"herb-window-garden","status":"publish","type":"product","link":"https:\/\/www.garden-kit.com\/es\/product\/herb-window-garden\/","title":{"rendered":"Jard\u00edn de ventana de hierbas"},"content":{"rendered":"<h1 class=\"product_title entry-title elementor-heading-title elementor-size-default\">Jard\u00edn de ventana de hierbas<\/h1>\n<p><span style=\"font-family: arial, helvetica, sans-serif;\">La vainilla es una especie de especia vegetal con un alto valor econ\u00f3mico. Por su olor arom\u00e1tico fuerte y duradero, se asienta en \u00e1reas residenciales y patios y puede purificar el ambiente circundante. Adem\u00e1s, la vainilla tiene efectos especiales de antis\u00e9ptico, esterilizante y repelente de insectos, por lo que la gente la ama profundamente. Amor, favor. As\u00ed que cada vez m\u00e1s amigos cultivan vainilla<\/span><\/p>\n<h3 style=\"font-size: 19px;\"><strong>Descripci\u00f3n general<\/strong><\/h3>\n<table style=\"border-collapse: collapse; width: 100%;\" border=\"1\" cellspacing=\"0\">\n<tbody>\n<tr>\n<td style=\"line-height: 1.5;\" valign=\"top\" width=\"373\"><span style=\"font-family: arial, helvetica, sans-serif;\">Instrucciones de cuidado del producto<\/span><\/td>\n<td valign=\"top\" width=\"373\"><span style=\"font-family: arial, helvetica, sans-serif;\">Disponible<\/span><\/td>\n<\/tr>\n<tr>\n<td style=\"line-height: 1.5;\" valign=\"top\" width=\"373\"><span style=\"font-family: arial, helvetica, sans-serif;\">Tipo de producto vegetal<\/span><\/td>\n<td valign=\"top\" width=\"373\"><span style=\"font-family: arial, helvetica, sans-serif;\">Hierbas<\/span><\/td>\n<\/tr>\n<tr>\n<td style=\"line-height: 1.5;\" valign=\"top\" width=\"373\"><span style=\"font-family: arial, helvetica, sans-serif;\">Caracter\u00edstica especial<\/span><\/td>\n<td valign=\"top\" width=\"373\"><span style=\"font-family: arial, helvetica, sans-serif;\">Cultivo Interior-Exterior<\/span><\/td>\n<\/tr>\n<tr>\n<td style=\"line-height: 1.5;\" valign=\"top\" width=\"373\"><span style=\"font-family: arial, helvetica, sans-serif;\">Marca<\/span><\/td>\n<td valign=\"top\" width=\"373\"><span style=\"font-family: arial, helvetica, sans-serif;\">Juego de jard\u00edn<\/span><\/td>\n<\/tr>\n<tr>\n<td style=\"line-height: 1.5;\" valign=\"top\" width=\"373\"><span style=\"font-family: arial, helvetica, sans-serif;\">Lugar de origen<\/span><\/td>\n<td valign=\"top\" width=\"373\"><span style=\"font-family: arial, helvetica, sans-serif;\">Fuji\u00e1n, China<\/span><\/td>\n<\/tr>\n<tr>\n<td style=\"line-height: 1.5;\" valign=\"top\" width=\"373\"><span style=\"font-family: arial, helvetica, sans-serif;\">ODM\/OEM<\/span><\/td>\n<td valign=\"top\" width=\"373\"><span style=\"font-family: arial, helvetica, sans-serif;\">Disponible<\/span><\/td>\n<\/tr>\n<tr>\n<td style=\"line-height: 1.5;\" valign=\"top\" width=\"373\"><span style=\"font-family: arial, helvetica, sans-serif;\">MOQ para pedidos personalizados<\/span><\/td>\n<td valign=\"top\" width=\"373\"><span style=\"font-family: arial, helvetica, sans-serif;\">3000 piezas<\/span><\/td>\n<\/tr>\n<tr>\n<td style=\"line-height: 1.5;\" valign=\"top\" width=\"373\"><span style=\"font-family: arial, helvetica, sans-serif;\">costo de la muestra<\/span><\/td>\n<td valign=\"top\" width=\"373\"><span style=\"font-family: arial, helvetica, sans-serif;\">US$400\/muestra, devoluci\u00f3n completa despu\u00e9s de nuestro pedido<\/span><\/td>\n<\/tr>\n<\/tbody>\n<\/table>\n<h3 style=\"font-size: 19px;\"><strong><span style=\"font-family: Arial;\">Descripci\u00f3n<\/span><\/strong><\/h3>\n<p><span style=\"font-family: arial, helvetica, sans-serif;\">Kit de inicio de hierbas para interiores de 34 piezas preparado: todo lo que necesita para traer la alegr\u00eda de cultivar hierbas sabrosas a su vida o la de un ser querido. Es simple: nuestras conjeturas sobre el cultivo de hierbas a partir de semillas, lo guiar\u00e1n en cada paso del camino. \u00a1Plantalo!<\/span><\/p>\n<p><span style=\"font-family: arial, helvetica, sans-serif;\">No se limite a la cantidad de espacio que se necesita para cultivar cosas. Amar la jardiner\u00eda no es una patente para los grandes jardines. Creo que incluso un toque de verde en el alf\u00e9izar de una peque\u00f1a ventana con ladrillos rotos y tejas viejas, mientras lo riegues con el coraz\u00f3n, eres el mejor del mundo. Jardinero ~ No importa lo peque\u00f1o que seas, puedes tener un jard\u00edn de hierbas.<\/span><\/p>\n<p>&nbsp;<\/p>\n<h3 style=\"font-size: 19px;\"><strong><span style=\"font-family: Arial;\">Los siguientes elementos est\u00e1n incluidos en el kit.<\/span><\/strong><\/h3>\n<p><span style=\"font-family: arial, helvetica, sans-serif;\">9 macetas de fibra de bamb\u00fa<\/span><\/p>\n<p><span style=\"font-family: arial, helvetica, sans-serif;\">3 suelos prefertilizados<\/span><\/p>\n<p><span style=\"font-family: arial, helvetica, sans-serif;\">9 paquetes de semillas frescas<\/span><\/p>\n<p><span style=\"font-family: arial, helvetica, sans-serif;\">9 marcadores de plantas de bamb\u00fa<\/span><\/p>\n<p><span style=\"font-family: arial, helvetica, sans-serif;\">1 Gu\u00eda de plantaci\u00f3n paso a paso<\/span><\/p>\n<p><span style=\"font-family: arial, helvetica, sans-serif;\">1 caja de regalo personalizada<\/span><\/p>\n<p><span style=\"font-family: arial, helvetica, sans-serif;\">\u00a0<\/span><\/p>\n<h3 style=\"line-height: 1.5;\"><span style=\"font-family: arial, helvetica, sans-serif;\">Caracter\u00edsticas clave que nos diferencian:<\/span><\/h3>\n<p style=\"line-height: 1.5;\"><span style=\"font-family: arial, helvetica, sans-serif;\"><strong>1. Vegetaci\u00f3n personalizada:<\/strong> En Herb Window Garden, entendemos que la visi\u00f3n de cada jardinero es \u00fanica. Nuestro compromiso con la personalizaci\u00f3n le permite crear su propio jard\u00edn interior, adaptado a sus preferencias y al espacio disponible. Ya sea que est\u00e9 buscando una colecci\u00f3n culinaria compacta o un para\u00edso de hierbas exuberantes, lo tenemos cubierto.<\/span><\/p>\n<p style=\"line-height: 1.5;\"><span style=\"font-family: arial, helvetica, sans-serif;\"><strong>2 \u3001 artesan\u00eda experta:<\/strong> Como testimonio de nuestra experiencia, somos una f\u00e1brica dedicada que se especializa en la elaboraci\u00f3n de soluciones de jardiner\u00eda. Nuestros expertos artesanos ponen su pasi\u00f3n en crear un producto que combine forma y funci\u00f3n a la perfecci\u00f3n. Con Herb Window Garden, no solo est\u00e1s comprando un producto: est\u00e1s invirtiendo en una obra de arte que nutre la vida.<\/span><\/p>\n<p style=\"line-height: 1.5;\"><span style=\"font-family: arial, helvetica, sans-serif;\"><strong>3 \u3001 Altas tasas de germinaci\u00f3n:<\/strong> Ponemos mucho cuidado en la obtenci\u00f3n y prueba de nuestras semillas, asegur\u00e1ndonos de que tengan tasas de germinaci\u00f3n excepcionales. Sea testigo de c\u00f3mo su jard\u00edn cobra vida mientras nuestras semillas meticulosamente seleccionadas estallan con vitalidad, creando una sinfon\u00eda de colores, texturas y fragancias.<\/span><\/p>\n<p style=\"line-height: 1.5;\"><span style=\"font-family: arial, helvetica, sans-serif;\"><strong>4 \u3001 Variedades de semillas abundantes:<\/strong> Tu imaginaci\u00f3n es el l\u00edmite cuando se trata de nuestra diversa selecci\u00f3n de semillas. Desde la cl\u00e1sica albahaca y el robusto romero hasta la ex\u00f3tica albahaca tailandesa y la relajante manzanilla, nuestro amplio espectro de semillas se adapta a todos los paladares y prop\u00f3sitos. Herb Window Garden le permite cultivar un jard\u00edn que refleje sus gustos personales y preferencias culinarias.<\/span><\/p>\n<p style=\"line-height: 1.5;\"><span style=\"font-family: arial, helvetica, sans-serif;\"><strong>5 \u3001 Excelencia certificada:<\/strong> Su tranquilidad es de suma importancia para nosotros. Nuestros productos est\u00e1n sujetos a rigurosos controles de calidad y han obtenido diversas certificaciones que atestiguan su seguridad, sostenibilidad y abastecimiento \u00e9tico. Puede cuidar sus plantas con confianza, sabiendo que prosperar\u00e1n en un entorno responsable y consciente.<\/span><\/p>\n<p><span style=\"font-family: arial, helvetica, sans-serif;\">Pot It: 9 macetas reutilizables: del tama\u00f1o adecuado para pl\u00e1ntulas, con amplio drenaje e innovadoras bandejas de goteo. Guardar y reutilizar. <\/span><\/p>\n<p><span style=\"font-family: arial, helvetica, sans-serif;\">Alim\u00e9ntelo: 3 discos de suelo ricos en nutrientes: agregue agua y se hinchar\u00e1n hasta 6-8 veces su tama\u00f1o original. Pre-fertilizar.<\/span><\/p>\n<p><span style=\"font-family: arial, helvetica, sans-serif;\">Grow It: 9 paquetes de semillas premium: incluye 9 hierbas diferentes: eneldo, albahaca, ceboll\u00edn, tomillo, perejil, or\u00e9gano, cilantro, salvia y mostaza. Todas las semillas se prueban para las tasas de germinaci\u00f3n m\u00e1s altas.<\/span><\/p>\n<p><span style=\"font-family: arial, helvetica, sans-serif;\">M\u00e1rcalo: 9 marcadores de bamb\u00fa: los marcadores te ayudan a identificar tus pl\u00e1ntulas a medida que crecen. <\/span><\/p>\n<p><span style=\"font-family: arial, helvetica, sans-serif;\">Ace it: C\u00f3mo usarlo: lo guiamos paso a paso para que pueda cultivar hierbas fabulosas.<\/span><\/p>\n<p><span style=\"font-family: arial, helvetica, sans-serif;\">Planta tu camino de alegr\u00eda: \u00a1\u00e1malo o te devolvemos tu dinero! Si tiene dificultades con alg\u00fan aspecto del proceso, no dude en contactarnos. Estamos comprometidos a ayudarle hasta que obtenga los resultados que desea. Sin embargo, si nuestro kit es de mala calidad, le reembolsaremos 100% de su dinero.<\/span><\/p>\n<h3 style=\"font-size: 19px;\"><span style=\"font-family: arial, helvetica, sans-serif;\">Condiciones de germinaci\u00f3n para semillas de vainilla<\/span><\/h3>\n<p><span style=\"font-family: arial, helvetica, sans-serif;\">Adem\u00e1s de las condiciones internas para el desarrollo completo de las semillas de vainilla, la germinaci\u00f3n de las semillas de vainilla tambi\u00e9n requiere la cooperaci\u00f3n de condiciones ambientales apropiadas. Las llamadas condiciones ambientales incluyen principalmente la humedad, la temperatura, el aire y la luz.<\/span><\/p>\n<p><span style=\"font-family: arial, helvetica, sans-serif;\">1. Humedad:<\/span><br \/>\n<span style=\"font-family: arial, helvetica, sans-serif;\">La humedad es una necesidad absoluta para que germinen las semillas de vainilla. Con agua, las enzimas pueden activarse, los nutrientes almacenados en las semillas pueden hidrolizarse para producir efectos y las c\u00e9lulas pueden expandirse y alargarse.<\/span><\/p>\n<p><span style=\"font-family: arial, helvetica, sans-serif;\">2. Ox\u00edgeno:<\/span><br \/>\n<span style=\"font-family: arial, helvetica, sans-serif;\">Cuando las semillas de vainilla comienzan a moverse, necesitan ox\u00edgeno. Entonces, cuando riegas demasiado al plantar, las semillas de vainilla se pudrir\u00e1n debido a la falta de ox\u00edgeno. Las semillas de unas pocas plantas acu\u00e1ticas pueden germinar en ausencia de ox\u00edgeno.<\/span><\/p>\n<p><span style=\"font-family: arial, helvetica, sans-serif;\">3. Temperatura:<\/span><br \/>\n<span style=\"font-family: arial, helvetica, sans-serif;\">La temperatura de germinaci\u00f3n de las semillas de vainilla de las plantas puede oscilar entre 0 y 40 \u00b0C, pero cada planta tiene su temperatura de germinaci\u00f3n, que es la temperatura m\u00e1s adecuada para la germinaci\u00f3n. La temperatura \u00f3ptima para la germinaci\u00f3n de las plantas var\u00eda seg\u00fan el lugar de origen. En general, la temperatura \u00f3ptima para las plantas templadas es de 15 a 20 \u00b0C, y la temperatura \u00f3ptima para las plantas tropicales y subtropicales es de 25 a 30 \u00b0C.<\/span><\/p>\n<p><span style=\"font-family: arial, helvetica, sans-serif;\">4. Luz:<\/span><br \/>\n<span style=\"font-family: arial, helvetica, sans-serif;\">Las semillas de algunas plantas de vainilla necesitan luz para germinar, y algunas plantas hacen todo lo contrario. Las primeras se llaman semillas amantes de la luz, y las segundas se llaman semillas aversas a la luz. Por lo tanto, despu\u00e9s de sembrar, debe considerar los gustos y disgustos de luz de la planta para decidir si cubre el suelo o no. Generalmente, las semillas peque\u00f1as de vainilla solo pueden germinar en la superficie debido a la falta de almacenamiento de nutrientes, que no es suficiente para sostener el crecimiento del germen del suelo, y la mayor\u00eda de ellas pertenecen a las especies amantes de la luz.<\/span><\/p>\n<p><span style=\"font-family: arial, helvetica, sans-serif;\">Las plantas de vainilla en maceta no son solo para ver, sino tambi\u00e9n para hacer t\u00e9, preparar delicias, etc. Cuando las ramas largas y las hojas son exuberantes, es cuando cosechamos, podemos recoger algunas ramas y hojas demasiado exuberantes, y tambi\u00e9n podemos cultivar \u00e1rboles. de acuerdo con las flores se rematan para promover la germinaci\u00f3n de nuevas ramas, de modo que la forma de la planta sea m\u00e1s hermosa, las ramas y las hojas sean m\u00e1s exuberantes y los materiales cosechados sean m\u00e1s, matando dos p\u00e1jaros de un tiro<\/span><\/p>\n<p style=\"line-height: 1.5;\"><strong><span style=\"font-family: arial, helvetica, sans-serif;\">Su visi\u00f3n, nuestra misi\u00f3n:<\/span><\/strong><\/p>\n<p style=\"line-height: 1.5;\"><span style=\"font-family: arial, helvetica, sans-serif;\">Imag\u00ednese el alf\u00e9izar de una ventana adornado con fragantes hojas de albahaca, menta floreciente y delicadas flores de lavanda. Con Herb Window Garden, esta visi\u00f3n se convierte en realidad. Como profesionales de la industria, le ofrecemos la oportunidad de embarcarse en un viaje de jardiner\u00eda que celebra su singularidad y lo conecta con la naturaleza en el coraz\u00f3n de su hogar.<\/span><\/p>\n<p style=\"line-height: 1.5;\"><span style=\"font-family: arial, helvetica, sans-serif;\">La personalizaci\u00f3n es nuestra se\u00f1a de identidad. La excelencia es nuestro est\u00e1ndar. La belleza de la naturaleza es nuestro lienzo. Bienvenido al Herb Window Garden, donde la vida florece y los sue\u00f1os echan ra\u00edces.<\/span><\/p>\n<p style=\"line-height: 1.5;\"><span style=\"font-family: arial, helvetica, sans-serif;\">Cont\u00e1ctenos hoy para embarcarse en su aventura personalizada de jardiner\u00eda interior. Descubra la magia del Herb Window Garden y experimente la alegr\u00eda de cultivar su propia porci\u00f3n de naturaleza, al alcance de su mano.<\/span><\/p>","protected":false},"excerpt":{"rendered":"<p>Kit de jard\u00edn de hierbas preparado con ventana de 34 piezas: todo lo que necesita para llevar la alegr\u00eda de cultivar hierbas sabrosas a su vida o la de un ser querido. Es simple: nuestras conjeturas sobre el cultivo de hierbas a partir de semillas lo guiar\u00e1n en cada paso del camino. \u00a1Plantadlo!<\/p>","protected":false},"featured_media":16097,"comment_status":"closed","ping_status":"closed","template":"","meta":[],"product_cat":[50],"product_tag":[233,394,393,395,55,51,392],"acf":[],"_links":{"self":[{"href":"https:\/\/www.garden-kit.com\/es\/wp-json\/wp\/v2\/product\/4034"}],"collection":[{"href":"https:\/\/www.garden-kit.com\/es\/wp-json\/wp\/v2\/product"}],"about":[{"href":"https:\/\/www.garden-kit.com\/es\/wp-json\/wp\/v2\/types\/product"}],"replies":[{"embeddable":true,"href":"https:\/\/www.garden-kit.com\/es\/wp-json\/wp\/v2\/comments?post=4034"}],"wp:featuredmedia":[{"embeddable":true,"href":"https:\/\/www.garden-kit.com\/es\/wp-json\/wp\/v2\/media\/16097"}],"wp:attachment":[{"href":"https:\/\/www.garden-kit.com\/es\/wp-json\/wp\/v2\/media?parent=4034"}],"wp:term":[{"taxonomy":"product_cat","embeddable":true,"href":"https:\/\/www.garden-kit.com\/es\/wp-json\/wp\/v2\/product_cat?post=4034"},{"taxonomy":"product_tag","embeddable":true,"href":"https:\/\/www.garden-kit.com\/es\/wp-json\/wp\/v2\/product_tag?post=4034"}],"curies":[{"name":"wp","href":"https:\/\/api.w.org\/{rel}","templated":true}]}}