{"id":4043,"date":"2022-10-19T14:07:20","date_gmt":"2022-10-19T06:07:20","guid":{"rendered":"https:\/\/www.garden-kit.com\/product\/deluxe-herb-garden-kit\/"},"modified":"2023-03-31T15:00:13","modified_gmt":"2023-03-31T07:00:13","slug":"deluxe-herb-garden-kit","status":"publish","type":"product","link":"https:\/\/www.garden-kit.com\/es\/product\/deluxe-herb-garden-kit\/","title":{"rendered":"Kit de jard\u00edn de hierbas de lujo"},"content":{"rendered":"<h3 style=\"font-size: 19px\"><strong>Descripci\u00f3n general<\/strong><\/h3>\n<table border=\"1\" cellspacing=\"0\">\n<tbody>\n<tr>\n<td valign=\"top\" width=\"373\">\n<p><strong>Instrucciones de cuidado del producto<\/strong><\/p>\n<\/td>\n<td valign=\"top\" width=\"373\">\n<p><span style=\"font-family: Calibri\">Disponible<\/span><\/p>\n<\/td>\n<\/tr>\n<tr>\n<td valign=\"top\" width=\"373\">\n<p><strong>Tipo de producto vegetal<\/strong><\/p>\n<\/td>\n<td valign=\"top\" width=\"373\">\n<p><span style=\"font-family: Calibri\">Hierbas<\/span><\/p>\n<\/td>\n<\/tr>\n<tr>\n<td valign=\"top\" width=\"373\">\n<p><strong>Caracter\u00edstica especial<\/strong><\/p>\n<\/td>\n<td valign=\"top\" width=\"373\">\n<p>Cultivo Interior-Exterior<\/p>\n<\/td>\n<\/tr>\n<tr>\n<td valign=\"top\" width=\"373\">\n<p><strong><span style=\"font-family: Arial\">Marca<\/span><\/strong><\/p>\n<\/td>\n<td valign=\"top\" width=\"373\">\n<p><span style=\"font-family: Calibri\">Juego de jard\u00edn<\/span><\/p>\n<\/td>\n<\/tr>\n<tr>\n<td valign=\"top\" width=\"373\">\n<p><strong><span style=\"font-family: Arial\">Lugar de origen<\/span><\/strong><\/p>\n<\/td>\n<td valign=\"top\" width=\"373\">\n<p><span style=\"font-family: Calibri\">Fuji\u00e1n, China<\/span><\/p>\n<\/td>\n<\/tr>\n<tr>\n<td valign=\"top\" width=\"373\">\n<p><strong><span style=\"font-family: Arial\">ODM\/OEM<\/span><\/strong><\/p>\n<\/td>\n<td valign=\"top\" width=\"373\">\n<p><span style=\"font-family: Calibri\">Disponible<\/span><\/p>\n<\/td>\n<\/tr>\n<tr>\n<td valign=\"top\" width=\"373\">\n<p><strong><span style=\"font-family: Arial\">MOQ para pedidos personalizados<\/span><\/strong><\/p>\n<\/td>\n<td valign=\"top\" width=\"373\">\n<p><span style=\"font-family: Calibri\">3000 piezas<\/span><\/p>\n<\/td>\n<\/tr>\n<tr>\n<td valign=\"top\" width=\"373\">\n<p><strong><span style=\"font-family: Arial\">costo de la muestra<\/span><\/strong><\/p>\n<\/td>\n<td valign=\"top\" width=\"373\">\n<p><span style=\"font-family: Calibri\">US$400\/muestra, devoluci\u00f3n completa despu\u00e9s del pedido de nosotros<\/span><\/p>\n<\/td>\n<\/tr>\n<\/tbody>\n<\/table>\n<h3 style=\"font-size: 19px\"><strong><span style=\"font-family: Arial\">Descripci\u00f3n<\/span><\/strong><\/h3>\n<p><span style=\"font-family: Calibri\">Todo incluido: comience bien con todo lo que necesita para cultivar su kit de jard\u00edn de hierbas de interior con \u00e9l. Tu kit completo con 8 tipos de semillas de hierbas, macetas, platillos, marcadores de plantas, turba, paquetes de nutrici\u00f3n y una gu\u00eda de cultivo detallada.<\/span><\/p>\n<p><span style=\"font-family: Calibri\">Preparado 42 <\/span><span style=\"font-family: Calibri\">Pedazo <\/span>Kit de inicio de hierbas para interiores<span style=\"font-family: Calibri\">:Todo lo que necesita para llevar la alegr\u00eda de cultivar hierbas sabrosas a su vida o la de un ser querido. Es simple: nuestras conjeturas sobre el cultivo de hierbas a partir de semillas, lo guiar\u00e1n en cada paso del camino. \u00a1Plantalo!<\/span><\/p>\n<p>&nbsp;<\/p>\n<h3 style=\"font-size: 19px\"><strong><span style=\"font-family: Arial\">Los siguientes elementos est\u00e1n incluidos en el kit.<\/span><\/strong>&nbsp;<\/h3>\n<p><span style=\"font-family: Calibri\">4 macetas de fibra de bamb\u00fa<\/span><\/p>\n<p><span style=\"font-family: Calibri\">4<\/span>&nbsp;<span style=\"font-family: Calibri\">dis suelo pre-fertilizado<\/span><\/p>\n<p><span style=\"font-family: Calibri\">4 paquetes de semillas frescas<\/span><\/p>\n<p><span style=\"font-family: Calibri\">4 marcadores de plantas de bamb\u00fa<\/span><\/p>\n<p><span style=\"font-family: Calibri\">1 metro h\u00famedo<\/span><\/p>\n<p><span style=\"font-family: Calibri\">1 Gu\u00eda de plantaci\u00f3n paso a paso<\/span><\/p>\n<p><span style=\"font-family: Calibri\">1 caja de regalo personalizada<\/span><\/p>\n<p>&nbsp;<\/p>\n<p><span style=\"font-family: Calibri\">crecer a jard\u00edn<\/span><span style=\"font-family: Calibri\">En g<\/span>&nbsp;<span style=\"font-family: Calibri\">\u2013 Cultiva plantas de interior deliciosas con facilidad con tu kit para principiantes. En su porche, alf\u00e9izar de la ventana o estanter\u00eda, sus semillas de hierbas de origen estadounidense brotan en un hermoso mini jard\u00edn.<\/span><\/p>\n<p>&nbsp;<\/p>\n<p><span style=\"font-family: Calibri\">Variedad deliciosa: disfrute de un jard\u00edn interior que realza su cocina casera con sabores frescos y arom\u00e1ticos. a base de plantas <\/span><strong><span style=\"font-family: Calibri\">or\u00e9gano, tomillo, melisa, perejil, albahaca, perifollo rizado, cilantro y romero.<\/span><\/strong><\/p>\n<p>&nbsp;<\/p>\n<p><span style=\"font-family: Calibri\">Orientaci\u00f3n experta: preste especial atenci\u00f3n a cada planta en su jard\u00edn de hierbas interior, necesita crecer alto y fuerte. Utilice su gu\u00eda de plantaci\u00f3n para realizar una iluminaci\u00f3n, riego, plantaci\u00f3n y recolecci\u00f3n perfectos.<\/span><\/p>\n<p>&nbsp;<\/p>\n<p><span style=\"font-family: Calibri\">Grow with Joy: Feel Your Seed Starter Kit, habilitado tanto para principiantes como para expertos. Su kit de cultivo de hierbas lo hace f\u00e1cil, y estamos aqu\u00ed para ayudarlo a que su jard\u00edn sea un \u00e9xito de cultivo en casa.<\/span><\/p><\/p>","protected":false},"excerpt":{"rendered":"<p> Todo incluido: comience bien con todo lo que necesita para cultivar su kit de jard\u00edn de hierbas de interior con \u00e9l. Tu kit completo con 8 tipos de semillas de hierbas, macetas, platillos, marcadores de plantas, turba, paquetes de nutrici\u00f3n y una gu\u00eda de cultivo detallada.<br \/>\nKit de inicio de hierbas para interiores de 42 piezas preparado: Todo lo que necesita para traer la alegr\u00eda de cultivar hierbas sabrosas a su vida o la de un ser querido. Es simple: nuestras conjeturas sobre el cultivo de hierbas a partir de semillas, lo guiar\u00e1n en cada paso del camino. \u00a1Plantalo!<\/p>","protected":false},"featured_media":12416,"comment_status":"open","ping_status":"closed","template":"","meta":[],"product_cat":[50],"product_tag":[492,494,493],"acf":[],"_links":{"self":[{"href":"https:\/\/www.garden-kit.com\/es\/wp-json\/wp\/v2\/product\/4043"}],"collection":[{"href":"https:\/\/www.garden-kit.com\/es\/wp-json\/wp\/v2\/product"}],"about":[{"href":"https:\/\/www.garden-kit.com\/es\/wp-json\/wp\/v2\/types\/product"}],"replies":[{"embeddable":true,"href":"https:\/\/www.garden-kit.com\/es\/wp-json\/wp\/v2\/comments?post=4043"}],"wp:featuredmedia":[{"embeddable":true,"href":"https:\/\/www.garden-kit.com\/es\/wp-json\/wp\/v2\/media\/12416"}],"wp:attachment":[{"href":"https:\/\/www.garden-kit.com\/es\/wp-json\/wp\/v2\/media?parent=4043"}],"wp:term":[{"taxonomy":"product_cat","embeddable":true,"href":"https:\/\/www.garden-kit.com\/es\/wp-json\/wp\/v2\/product_cat?post=4043"},{"taxonomy":"product_tag","embeddable":true,"href":"https:\/\/www.garden-kit.com\/es\/wp-json\/wp\/v2\/product_tag?post=4043"}],"curies":[{"name":"wp","href":"https:\/\/api.w.org\/{rel}","templated":true}]}}