{"id":4069,"date":"2022-10-19T14:17:58","date_gmt":"2022-10-19T06:17:58","guid":{"rendered":"https:\/\/www.garden-kit.com\/product\/herb-garden-starter-kit-indoor\/"},"modified":"2023-03-31T14:45:59","modified_gmt":"2023-03-31T06:45:59","slug":"herb-garden-starter-kit-indoor","status":"publish","type":"product","link":"https:\/\/www.garden-kit.com\/es\/product\/herb-garden-starter-kit-indoor\/","title":{"rendered":"Kit de inicio de jard\u00edn de hierbas para interiores"},"content":{"rendered":"<h3 style=\"font-size: 19px\"><strong>Descripci\u00f3n general<\/strong><\/h3>\n<table border=\"1\" cellspacing=\"0\">\n<tbody>\n<tr>\n<td valign=\"top\" width=\"373\">\n<p><strong>Instrucciones de cuidado del producto<\/strong><\/p>\n<\/td>\n<td valign=\"top\" width=\"373\">\n<p><span style=\"font-family: Calibri\">Disponible<\/span><\/p>\n<\/td>\n<\/tr>\n<tr>\n<td valign=\"top\" width=\"373\">\n<p><strong>Tipo de producto vegetal<\/strong><\/p>\n<\/td>\n<td valign=\"top\" width=\"373\">\n<p><span style=\"font-family: Calibri\">Hierbas<\/span><\/p>\n<\/td>\n<\/tr>\n<tr>\n<td valign=\"top\" width=\"373\">\n<p><strong>Caracter\u00edstica especial<\/strong><\/p>\n<\/td>\n<td valign=\"top\" width=\"373\">\n<p>Cultivo Interior-Exterior<\/p>\n<\/td>\n<\/tr>\n<tr>\n<td valign=\"top\" width=\"373\">\n<p><strong><span style=\"font-family: Arial\">Marca<\/span><\/strong><\/p>\n<\/td>\n<td valign=\"top\" width=\"373\">\n<p><span style=\"font-family: Calibri\">Juego de jard\u00edn<\/span><\/p>\n<\/td>\n<\/tr>\n<tr>\n<td valign=\"top\" width=\"373\">\n<p><strong><span style=\"font-family: Arial\">Lugar de origen<\/span><\/strong><\/p>\n<\/td>\n<td valign=\"top\" width=\"373\">\n<p><span style=\"font-family: Calibri\">Fuji\u00e1n, China<\/span><\/p>\n<\/td>\n<\/tr>\n<tr>\n<td valign=\"top\" width=\"373\">\n<p><strong><span style=\"font-family: Arial\">ODM\/OEM<\/span><\/strong><\/p>\n<\/td>\n<td valign=\"top\" width=\"373\">\n<p><span style=\"font-family: Calibri\">Disponible<\/span><\/p>\n<\/td>\n<\/tr>\n<tr>\n<td valign=\"top\" width=\"373\">\n<p><strong><span style=\"font-family: Arial\">MOQ para pedidos personalizados<\/span><\/strong><\/p>\n<\/td>\n<td valign=\"top\" width=\"373\">\n<p><span style=\"font-family: Calibri\">3000 piezas<\/span><\/p>\n<\/td>\n<\/tr>\n<tr>\n<td valign=\"top\" width=\"373\">\n<p><strong><span style=\"font-family: Arial\">costo de la muestra<\/span><\/strong><\/p>\n<\/td>\n<td valign=\"top\" width=\"373\">\n<p><span style=\"font-family: Calibri\">US$400\/muestra, devoluci\u00f3n completa despu\u00e9s del pedido de nosotros<\/span><\/p>\n<\/td>\n<\/tr>\n<\/tbody>\n<\/table>\n<h3 style=\"font-size: 19px\"><strong><span style=\"font-family: Arial\">Descripci\u00f3n<\/span><\/strong><\/h3>\n<p><span style=\"font-family: Calibri\">Culinary Chef Series \u2013 Perfil de sabor divino: seleccionamos a mano las semillas de cilantro lentas m\u00e1s deliciosas (tiempo de floraci\u00f3n m\u00e1s largo), semillas de albahaca de G\u00e9nova (sabor m\u00e1s rico), semillas de tomillo ingl\u00e9s (\u00a1el toque perfecto!) y semillas de perejil italiano (espolvorear todo). No es necesario dise\u00f1ar recetas en torno a estas hierbas, usar\u00e1 estas hierbas culinarias en todo.<\/span><\/p>\n<p><span style=\"font-family: Calibri\">Preparado <\/span><span style=\"font-family: Calibri\">21<\/span>&nbsp;<span style=\"font-family: Calibri\">Pedazo <\/span>Kit de inicio de hierbas para interiores<span style=\"font-family: Calibri\">:Todo lo que necesita para llevar la alegr\u00eda de cultivar hierbas sabrosas a su vida o la de un ser querido. Es simple: nuestras conjeturas sobre el cultivo de hierbas a partir de semillas, lo guiar\u00e1n en cada paso del camino. \u00a1Plantalo!<\/span><\/p>\n<p>&nbsp;<\/p>\n<h3 style=\"font-size: 19px\"><strong><span style=\"font-family: Arial\">Los siguientes elementos est\u00e1n incluidos en el kit.<\/span><\/strong><\/h3>\n<p>4 <span style=\"font-family: Arial\">macetas de cer\u00e1mica de estilo<\/span><\/p>\n<p><span style=\"font-family: Arial\">4 bandejas de goteo de agua de bamb\u00fa<\/span><\/p>\n<p><span style=\"font-family: Arial\">3<\/span>&nbsp;discos de tierra para macetas,<\/p>\n<p>4 marcadores de plantas,<\/p>\n<p><span style=\"font-family: Arial\">4 variedades de semillas de hierbas<\/span><\/p>\n<p><span style=\"font-family: Arial\">1gu\u00eda de cultivo<\/span><\/p>\n<p><span style=\"font-family: Arial\">1 regalo<\/span>&nbsp;caja&nbsp;<\/p>\n<p>&nbsp;<\/p>\n<p><span style=\"font-family: Calibri\">Culinary Chef Series \u2013 Perfil de sabor divino: seleccionamos a mano las semillas de cilantro lentas m\u00e1s deliciosas (tiempo de floraci\u00f3n m\u00e1s largo), semillas de albahaca de G\u00e9nova (sabor m\u00e1s rico), semillas de tomillo ingl\u00e9s (\u00a1el toque perfecto!) y semillas de perejil italiano (espolvorear todo). No es necesario dise\u00f1ar recetas en torno a estas hierbas, usar\u00e1 estas hierbas culinarias en todo.<\/span><\/p>\n<p>&nbsp;<\/p>\n<p><span style=\"font-family: Calibri\">CERO TRASPLANTES: comience y prospere en una sola olla: impresione a familiares y amigos en cada comida con hierbas frescas de este kit de inicio de jard\u00edn de hierbas para interiores. La Gu\u00eda de inicio r\u00e1pido de antiincrustantes cubre cada paso del camino para comenzar y mantener el crecimiento de sus hierbas, y las macetas de interior de gran tama\u00f1o significan que comienzan y permanecen en su hogar especial, por lo que no hay necesidad de preocuparse por la muda.<\/span><\/p>\n<p>&nbsp;<\/p>\n<p><span style=\"font-family: Calibri\">Ahorre m\u00e1s de 50%: el kit de jard\u00edn de hierbas de gran valor incluye 4 hermosas macetas de jard\u00edn de hierbas de cer\u00e1mica vidriada con m\u00e1rmol para interiores con orificios de drenaje, 4 bandejas de goteo de bamb\u00fa de larga duraci\u00f3n, 4 variedades de semillas de hierbas, 4 marcadores de semillas de plantas de madera, 4 gr\u00e1nulos de suelo de turba para interiores, paquete de nutrientes de algas marinas y gu\u00eda de cultivo. M\u00e1s del doble del valor de cada art\u00edculo comprado individualmente.<\/span><\/p>\n<p>&nbsp;<\/p>\n<p><span style=\"font-family: Calibri\">Hierbas perennes: plantaci\u00f3n continua: la mayor\u00eda de los kits de jard\u00edn interior son de un solo uso (y solo duran una temporada). Los obsequios de jardiner\u00eda cultivados en casa incluyen 30 por semilla, as\u00ed como una sembradora de hierbas reutilizable y resistente 100% y un conjunto iniciador de semillas para que pueda plantar durante todo el a\u00f1o sin tener que comprar nuevas macetas iniciales, bandejas de goteo o semillas.<\/span><\/p>\n<p>&nbsp;<\/p>\n<p><span style=\"font-family: Calibri\">Garant\u00eda &quot;Padres de plantas felices&quot;: la jardiner\u00eda debe ser divertida, no estresante, y nuestro objetivo es hacer que su experiencia con la jardiner\u00eda sea la mejor de todas, ya sea que sea un novato o un experimentado. Estamos 100% seguros de que te encantar\u00e1 lo f\u00e1cil, r\u00e1pido y natural que es la ayuda casera en tu jard\u00edn de hierbas culinarias<\/span><\/p><\/p>","protected":false},"excerpt":{"rendered":"<p>Culinary Chef Series \u2013 Perfil de sabor divino: seleccionamos a mano las semillas de cilantro lentas m\u00e1s deliciosas (tiempo de floraci\u00f3n m\u00e1s largo), semillas de albahaca de G\u00e9nova (sabor m\u00e1s rico), semillas de tomillo ingl\u00e9s (\u00a1el toque perfecto!) y semillas de perejil italiano (espolvorear todo). No es necesario dise\u00f1ar recetas en torno a estas hierbas, usar\u00e1 estas hierbas culinarias en todo.<br \/>\nKit de inicio de hierbas para interiores de 21 piezas preparado: todo lo que necesita para traer la alegr\u00eda de cultivar hierbas sabrosas a su vida o la de un ser querido. Es simple: nuestras conjeturas sobre el cultivo de hierbas a partir de semillas, lo guiar\u00e1n en cada paso del camino. \u00a1Plantalo!<\/p>","protected":false},"featured_media":12177,"comment_status":"open","ping_status":"closed","template":"","meta":[],"product_cat":[50],"product_tag":[484,486,485],"acf":[],"_links":{"self":[{"href":"https:\/\/www.garden-kit.com\/es\/wp-json\/wp\/v2\/product\/4069"}],"collection":[{"href":"https:\/\/www.garden-kit.com\/es\/wp-json\/wp\/v2\/product"}],"about":[{"href":"https:\/\/www.garden-kit.com\/es\/wp-json\/wp\/v2\/types\/product"}],"replies":[{"embeddable":true,"href":"https:\/\/www.garden-kit.com\/es\/wp-json\/wp\/v2\/comments?post=4069"}],"wp:featuredmedia":[{"embeddable":true,"href":"https:\/\/www.garden-kit.com\/es\/wp-json\/wp\/v2\/media\/12177"}],"wp:attachment":[{"href":"https:\/\/www.garden-kit.com\/es\/wp-json\/wp\/v2\/media?parent=4069"}],"wp:term":[{"taxonomy":"product_cat","embeddable":true,"href":"https:\/\/www.garden-kit.com\/es\/wp-json\/wp\/v2\/product_cat?post=4069"},{"taxonomy":"product_tag","embeddable":true,"href":"https:\/\/www.garden-kit.com\/es\/wp-json\/wp\/v2\/product_tag?post=4069"}],"curies":[{"name":"wp","href":"https:\/\/api.w.org\/{rel}","templated":true}]}}