{"id":4079,"date":"2022-10-19T14:22:10","date_gmt":"2022-10-19T06:22:10","guid":{"rendered":"https:\/\/www.garden-kit.com\/product\/indoor-herb-garden-starter-kit-certified-usda-organic-non-gmo\/"},"modified":"2023-03-31T15:02:29","modified_gmt":"2023-03-31T07:02:29","slug":"indoor-gardening-starter-it","status":"publish","type":"product","link":"https:\/\/www.garden-kit.com\/es\/product\/indoor-gardening-starter-it\/","title":{"rendered":"Kit de inicio de jardiner\u00eda interior"},"content":{"rendered":"<h3 style=\"font-size: 19px\"><span style=\"font-family: arial, helvetica, sans-serif\">Descripci\u00f3n general<\/span><span style=\"font-family: arial, helvetica, sans-serif\"><\/span><\/h3>\n<table border=\"1\" cellspacing=\"0\" style=\"border-collapse: collapse;width: 100%\">\n<tbody>\n<tr>\n<td valign=\"top\" width=\"373\">\n<p><span style=\"font-family: arial, helvetica, sans-serif\">Instrucciones de cuidado del producto<\/span><\/p>\n<\/td>\n<td valign=\"top\" width=\"373\">\n<p><span style=\"font-family: arial, helvetica, sans-serif\">Disponible<\/span><\/p>\n<\/td>\n<\/tr>\n<tr>\n<td valign=\"top\" width=\"373\">\n<p><span style=\"font-family: arial, helvetica, sans-serif\">Tipo de producto vegetal<\/span><\/p>\n<\/td>\n<td valign=\"top\" width=\"373\">\n<p><span style=\"font-family: arial, helvetica, sans-serif\">Hierbas<\/span><\/p>\n<\/td>\n<\/tr>\n<tr>\n<td valign=\"top\" width=\"373\">\n<p><span style=\"font-family: arial, helvetica, sans-serif\">Caracter\u00edstica especial<\/span><\/p>\n<\/td>\n<td valign=\"top\" width=\"373\">\n<p><span style=\"font-family: arial, helvetica, sans-serif\">Cultivo Interior-Exterior<\/span><\/p>\n<\/td>\n<\/tr>\n<tr>\n<td valign=\"top\" width=\"373\">\n<p><span style=\"font-family: arial, helvetica, sans-serif\">Marca<\/span><\/p>\n<\/td>\n<td valign=\"top\" width=\"373\">\n<p><span style=\"font-family: arial, helvetica, sans-serif\">Juego de jard\u00edn<\/span><\/p>\n<\/td>\n<\/tr>\n<tr>\n<td valign=\"top\" width=\"373\">\n<p><span style=\"font-family: arial, helvetica, sans-serif\">Lugar de origen<\/span><\/p>\n<\/td>\n<td valign=\"top\" width=\"373\">\n<p><span style=\"font-family: arial, helvetica, sans-serif\">Fuji\u00e1n, China<\/span><\/p>\n<\/td>\n<\/tr>\n<tr>\n<td valign=\"top\" width=\"373\">\n<p><span style=\"font-family: arial, helvetica, sans-serif\">ODM\/OEM<\/span><\/p>\n<\/td>\n<td valign=\"top\" width=\"373\">\n<p><span style=\"font-family: arial, helvetica, sans-serif\">Disponible<\/span><\/p>\n<\/td>\n<\/tr>\n<tr>\n<td valign=\"top\" width=\"373\">\n<p><span style=\"font-family: arial, helvetica, sans-serif\">MOQ para pedidos personalizados<\/span><\/p>\n<\/td>\n<td valign=\"top\" width=\"373\">\n<p><span style=\"font-family: arial, helvetica, sans-serif\">3000 piezas<\/span><\/p>\n<\/td>\n<\/tr>\n<tr>\n<td valign=\"top\" width=\"373\">\n<p><span style=\"font-family: arial, helvetica, sans-serif\">costo de la muestra<\/span><\/p>\n<\/td>\n<td valign=\"top\" width=\"373\">\n<p><span style=\"font-family: arial, helvetica, sans-serif\">US$400\/muestra, devoluci\u00f3n completa despu\u00e9s de un pedido nuestro<\/span><\/p>\n<\/td>\n<\/tr>\n<\/tbody>\n<\/table>\n<p><span style=\"font-family: arial, helvetica, sans-serif\">&nbsp;<\/span><\/p>\n<h3 style=\"font-size: 19px\"><span style=\"font-family: arial, helvetica, sans-serif\">Descripci\u00f3n<\/span><\/h3>\n<p><span style=\"font-family: arial, helvetica, sans-serif\">Kit de inicio de hierbas para interiores de 23 piezas preparado: todo lo que necesita para traer la alegr\u00eda de cultivar hierbas sabrosas a su vida o la de un ser querido. Es simple: nuestras conjeturas sobre el cultivo de hierbas a partir de semillas, lo guiar\u00e1n en cada paso del camino. \u00a1Plantalo!<\/span><\/p>\n<p><span style=\"font-family: arial, helvetica, sans-serif\">&nbsp;<\/span><\/p>\n<h3 style=\"font-size: 19px\"><span style=\"font-family: arial, helvetica, sans-serif\">Los siguientes elementos est\u00e1n incluidos en el kit.<\/span><\/h3>\n<p><span style=\"font-family: arial, helvetica, sans-serif\">5 tubos de semillas personalizados<\/span><\/p>\n<p><span style=\"font-family: arial, helvetica, sans-serif\">Marcadores de plantas de madera de 5 estilos<\/span><\/p>\n<p><span style=\"font-family: arial, helvetica, sans-serif\">5 discos de tierra para macetas certificados por OMRI,<\/span><\/p>\n<p><span style=\"font-family: arial, helvetica, sans-serif\">4 macetas de turba compostable certificadas por OMRI<\/span><\/p>\n<p><span style=\"font-family: arial, helvetica, sans-serif\">Conjunto de folletos de instrucciones detallados en 3 partes<\/span><\/p>\n<p><span style=\"font-family: arial, helvetica, sans-serif\">1 caja de regalo personalizada&nbsp;<\/span><\/p>\n<p><span style=\"font-family: arial, helvetica, sans-serif\">&nbsp;<\/span><\/p>\n<p><span style=\"font-family: arial, helvetica, sans-serif\">Negocio agr\u00edcola familiar: nuestra empresa es de propiedad familiar y opera nuestra granja de 65 acres en China. Cada Indoor Garden Kit contiene 5 semillas org\u00e1nicas certificadas sin OMG. Las hierbas para plantas de interior tambi\u00e9n incluyen albahaca italiana de hoja grande, cilantro (perno lento), perejil Pei one, salvia de hoja ancha y tomillo; 5 macetas de turba compostables; 5 discos de tierra rica para macetas con certificaci\u00f3n OMR I; 5 marcadores de plantas de le\u00f1a personalizados; nuestra hermosa gu\u00eda de cultivo de 26 pg<\/span><\/p>\n<p><span style=\"font-family: arial, helvetica, sans-serif\">&nbsp;<\/span><\/p>\n<p><span style=\"font-family: arial, helvetica, sans-serif\">Todo el kit est\u00e1 certificado como org\u00e1nico: la mayor\u00eda de los kits de germinaci\u00f3n de jard\u00edn de hierbas de cocina incluyen solo semillas org\u00e1nicas, pero su suelo y macetas a veces se tratan con productos qu\u00edmicos y pesticidas nocivos. Creemos firmemente que los sistemas totalmente org\u00e1nicos, sostenibles y ecol\u00f3gicos son seguros para nuestras familias, mujeres, hombres, ni\u00f1os y todos los productores. Nuestro sistema de cultivo de plantas de interior culinarias de bricolaje est\u00e1 completamente y orgullosamente certificado en China.<\/span><\/p>\n<p><span style=\"font-family: arial, helvetica, sans-serif\">&nbsp;<\/span><\/p>\n<p><span style=\"font-family: arial, helvetica, sans-serif\">REGALO ESPECIAL PERFECTO: nuestros kits de semillas de hierbas para interiores son para casi cualquier persona: hombre o mujer, vegetariano o vegano, mam\u00e1 del d\u00eda de la madre, pap\u00e1 del d\u00eda del padre, el mejor regalo de cocina y jardiner\u00eda o regalo de inauguraci\u00f3n de la casa. Nuestros kits de jard\u00edn de hierbas para interiores son perfectos para cultivar en los alf\u00e9izares de las ventanas, en un condominio o condominio, en un invernadero personal al aire libre o en los alf\u00e9izares de las ventanas, balcones o incluso encimeras.<\/span><\/p>\n<p><span style=\"font-family: arial, helvetica, sans-serif\">&nbsp;<\/span><\/p>\n<p><span style=\"font-family: arial, helvetica, sans-serif\">\u00a1Dale vida a tu cocina! \u2013 Plante semillas para la jardiner\u00eda de interiores porque cada cocina se ve mejor con hierbas y plantas frescas en su encimera. \u00a1Nuestros kits de hierbas decorativas para interiores con semillas reliquia son una forma \u00fanica de agregar alimentos a su plantaci\u00f3n y darle vida a sus comidas con un poco de sabor gourmet de su propio kit de cultivo casero!<\/span><\/p><\/p>","protected":false},"excerpt":{"rendered":"<p>Kit de inicio de jard\u00edn de hierbas para interiores \u2013 Certificado org\u00e1nico USDA sin OMG \u2013 5 semillas de hierbas albahaca, cilantro, perejil, salvia, tomillo, tierra para macetas, kit de plantas \u2013 Kit de cultivo de cocina DIY para cultivar semillas de hierbas en interiores<\/p>","protected":false},"featured_media":12470,"comment_status":"open","ping_status":"closed","template":"","meta":[],"product_cat":[50],"product_tag":[502,55,503,493,504,505],"acf":[],"_links":{"self":[{"href":"https:\/\/www.garden-kit.com\/es\/wp-json\/wp\/v2\/product\/4079"}],"collection":[{"href":"https:\/\/www.garden-kit.com\/es\/wp-json\/wp\/v2\/product"}],"about":[{"href":"https:\/\/www.garden-kit.com\/es\/wp-json\/wp\/v2\/types\/product"}],"replies":[{"embeddable":true,"href":"https:\/\/www.garden-kit.com\/es\/wp-json\/wp\/v2\/comments?post=4079"}],"wp:featuredmedia":[{"embeddable":true,"href":"https:\/\/www.garden-kit.com\/es\/wp-json\/wp\/v2\/media\/12470"}],"wp:attachment":[{"href":"https:\/\/www.garden-kit.com\/es\/wp-json\/wp\/v2\/media?parent=4079"}],"wp:term":[{"taxonomy":"product_cat","embeddable":true,"href":"https:\/\/www.garden-kit.com\/es\/wp-json\/wp\/v2\/product_cat?post=4079"},{"taxonomy":"product_tag","embeddable":true,"href":"https:\/\/www.garden-kit.com\/es\/wp-json\/wp\/v2\/product_tag?post=4079"}],"curies":[{"name":"wp","href":"https:\/\/api.w.org\/{rel}","templated":true}]}}