{"id":4093,"date":"2022-10-19T14:25:34","date_gmt":"2022-10-19T06:25:34","guid":{"rendered":"https:\/\/www.garden-kit.com\/product\/herb-garden-starter-kit-deluxe\/"},"modified":"2023-03-31T15:06:07","modified_gmt":"2023-03-31T07:06:07","slug":"herb-garden-starter-kit-deluxe","status":"publish","type":"product","link":"https:\/\/www.garden-kit.com\/es\/product\/herb-garden-starter-kit-deluxe\/","title":{"rendered":"Kit de inicio de jard\u00edn de hierbas de lujo"},"content":{"rendered":"<p style=\"font-size: 16px\"><span style=\"font-family: arial, helvetica, sans-serif;font-size: 18px\">Tres razones para amar el cultivo de hierbas<\/span><\/p>\n<p style=\"line-height: 1.5;font-size: 16px\"><span style=\"font-family: arial, helvetica, sans-serif\">Primero: la mayor\u00eda de las hierbas son muy f\u00e1ciles de cuidar.<\/span><br \/><span style=\"font-family: arial, helvetica, sans-serif\">Siempre que tenga cuidado al plantar y riegue bien durante los pr\u00f3ximos d\u00edas, ya ha hecho la mayor parte del trabajo.<\/span><br \/><span style=\"font-family: arial, helvetica, sans-serif\">Segundo: muchas hierbas siguen siendo verdaderos &quot;reyes de la huelga de hambre&quot;.<\/span><br \/><span style=\"font-family: arial, helvetica, sans-serif\">Es decir, solo necesitan una peque\u00f1a cantidad de nutrientes para estar satisfechas.<\/span><br \/><span style=\"font-family: arial, helvetica, sans-serif\">S\u00ed, la vainilla puede expresar plenamente sus caracter\u00edsticas en suelos pobres. Su mayor requisito para el medio ambiente es la mayor cantidad de luz solar y calor posible.<\/span><br \/><span style=\"font-family: arial, helvetica, sans-serif\">Tercero: derivar nuevas plantas de tus propias hierbas.<\/span><br \/><span style=\"font-family: arial, helvetica, sans-serif\">Si encuentra un lugar soleado para sus hierbas y crecen vigorosamente, puede obtener la pr\u00f3xima generaci\u00f3n de hierbas de sus propias plantas o crear un seto de hierbas arom\u00e1ticas para sus vegetales.<\/span><br \/><span style=\"font-family: arial, helvetica, sans-serif\">\u00a1Cultivar nuevas plantas a partir de tus propias hierbas no solo es pr\u00e1ctico y econ\u00f3mico, sino tambi\u00e9n divertido!<\/span><\/p>\n<h3 style=\"font-size: 19px\"><span style=\"font-family: arial, helvetica, sans-serif\"><strong>Descripci\u00f3n general<\/strong><\/span><\/h3>\n<table border=\"1\" cellspacing=\"0\" style=\"border-collapse: collapse;width: 100%\">\n<tbody>\n<tr>\n<td valign=\"top\" width=\"373\">\n<p style=\"font-size: 16px\"><span style=\"font-family: arial, helvetica, sans-serif\">Instrucciones de cuidado del producto<\/span><\/p>\n<\/td>\n<td valign=\"top\" width=\"373\">\n<p style=\"font-size: 16px\"><span style=\"font-family: arial, helvetica, sans-serif\">Disponible<\/span><\/p>\n<\/td>\n<\/tr>\n<tr>\n<td valign=\"top\" width=\"373\">\n<p style=\"font-size: 16px\"><span style=\"font-family: arial, helvetica, sans-serif\">Tipo de producto vegetal<\/span><\/p>\n<\/td>\n<td valign=\"top\" width=\"373\">\n<p style=\"font-size: 16px\"><span style=\"font-family: arial, helvetica, sans-serif\">Hierbas<\/span><\/p>\n<\/td>\n<\/tr>\n<tr>\n<td valign=\"top\" width=\"373\">\n<p style=\"font-size: 16px\"><span style=\"font-family: arial, helvetica, sans-serif\">Caracter\u00edstica especial<\/span><\/p>\n<\/td>\n<td valign=\"top\" width=\"373\">\n<p style=\"font-size: 16px\"><span style=\"font-family: arial, helvetica, sans-serif\">Cultivo Interior-Exterior<\/span><\/p>\n<\/td>\n<\/tr>\n<tr>\n<td valign=\"top\" width=\"373\">\n<p style=\"font-size: 16px\"><span style=\"font-family: arial, helvetica, sans-serif\">Marca<\/span><\/p>\n<\/td>\n<td valign=\"top\" width=\"373\">\n<p style=\"font-size: 16px\"><span style=\"font-family: arial, helvetica, sans-serif\">Juego de jard\u00edn<\/span><\/p>\n<\/td>\n<\/tr>\n<tr>\n<td valign=\"top\" width=\"373\">\n<p style=\"font-size: 16px\"><span style=\"font-family: arial, helvetica, sans-serif\">Lugar de origen<\/span><\/p>\n<\/td>\n<td valign=\"top\" width=\"373\">\n<p style=\"font-size: 16px\"><span style=\"font-family: arial, helvetica, sans-serif\">Fuji\u00e1n, China<\/span><\/p>\n<\/td>\n<\/tr>\n<tr>\n<td valign=\"top\" width=\"373\">\n<p style=\"font-size: 16px\"><span style=\"font-family: arial, helvetica, sans-serif\">ODM\/OEM<\/span><\/p>\n<\/td>\n<td valign=\"top\" width=\"373\">\n<p style=\"font-size: 16px\"><span style=\"font-family: arial, helvetica, sans-serif\">Disponible<\/span><\/p>\n<\/td>\n<\/tr>\n<tr>\n<td valign=\"top\" width=\"373\">\n<p style=\"font-size: 16px\"><span style=\"font-family: arial, helvetica, sans-serif\">MOQ para pedidos personalizados<\/span><\/p>\n<\/td>\n<td valign=\"top\" width=\"373\">\n<p style=\"font-size: 16px\"><span style=\"font-family: arial, helvetica, sans-serif\">3000 piezas<\/span><\/p>\n<\/td>\n<\/tr>\n<tr>\n<td valign=\"top\" width=\"373\">\n<p style=\"font-size: 16px\"><span style=\"font-family: arial, helvetica, sans-serif\">costo de la muestra<\/span><\/p>\n<\/td>\n<td valign=\"top\" width=\"373\">\n<p style=\"font-size: 16px\"><span style=\"font-family: arial, helvetica, sans-serif\">US$400\/muestra, devoluci\u00f3n completa despu\u00e9s de nuestro pedido<\/span><\/p>\n<\/td>\n<\/tr>\n<\/tbody>\n<\/table>\n<p style=\"font-size: 16px\"><span style=\"font-family: arial, helvetica, sans-serif\">&nbsp;&nbsp;<\/span><\/p>\n<p style=\"font-size: 16px\"><span style=\"font-family: arial, helvetica, sans-serif\">Las plantas de vainilla tienen un aroma \u00fanico y son muy vers\u00e1tiles.<\/span><\/p>\n<p style=\"line-height: 1.5;font-size: 16px\"><span style=\"font-family: arial, helvetica, sans-serif\">1. Valor comestible;<\/span><br \/><span style=\"font-family: arial, helvetica, sans-serif\">2. Valor medicinal;<\/span><br \/><span style=\"font-family: arial, helvetica, sans-serif\">3. Hacer popurr\u00ed o bolsitas y otras artesan\u00edas.<\/span><br \/><span style=\"font-family: arial, helvetica, sans-serif\">Mantenga algunas plantas en macetas m\u00e1s del tipo de hierbas que se pueden usar como condimentos en el hogar. M\u00edralo en momentos normales y rec\u00f3gelo cuando cocines. Es un verdadero condimento natural puro y libre de contaminaci\u00f3n.<\/span><\/p>\n<h3 style=\"font-size: 19px\"><span style=\"font-family: arial, helvetica, sans-serif\"><strong>Descripci\u00f3n<\/strong><\/span><\/h3>\n<p style=\"line-height: 1.5;font-size: 16px\"><span style=\"font-family: arial, helvetica, sans-serif\">Kit de inicio de hierbas para interiores de 21 piezas preparado: todo lo que necesita para traer la alegr\u00eda de cultivar hierbas sabrosas a su vida o la de un ser querido. Es simple: nuestras conjeturas sobre el cultivo de hierbas a partir de semillas, lo guiar\u00e1n en cada paso del camino. \u00a1Plantalo!<\/span><\/p>\n<p style=\"line-height: 1.5;font-size: 16px\"><span style=\"font-family: arial, helvetica, sans-serif\">&nbsp;<\/span><\/p>\n<h3 style=\"font-size: 19px\"><span style=\"font-family: arial, helvetica, sans-serif\"><strong>Los siguientes elementos est\u00e1n incluidos en el kit.<\/strong><\/span><span style=\"font-family: arial, helvetica, sans-serif\">&nbsp;<\/span><\/h3>\n<p style=\"line-height: 1.5;font-size: 16px\"><span style=\"font-family: arial, helvetica, sans-serif\">9 macetas de fibra de bamb\u00fa<\/span><\/p>\n<p style=\"line-height: 1.5;font-size: 16px\"><span style=\"font-family: arial, helvetica, sans-serif\">3 dis de suelo pre-fertilizado<\/span><\/p>\n<p style=\"line-height: 1.5;font-size: 16px\"><span style=\"font-family: arial, helvetica, sans-serif\">9 paquetes de semillas frescas<\/span><\/p>\n<p style=\"line-height: 1.5;font-size: 16px\"><span style=\"font-family: arial, helvetica, sans-serif\">9 marcadores de plantas de bamb\u00fa<\/span><\/p>\n<p style=\"line-height: 1.5;font-size: 16px\"><span style=\"font-family: arial, helvetica, sans-serif\">1 Gu\u00eda de plantaci\u00f3n paso a paso<\/span><\/p>\n<p style=\"line-height: 1.5;font-size: 16px\"><span style=\"font-family: arial, helvetica, sans-serif\">1 caja de regalo personalizada<\/span><\/p>\n<p style=\"line-height: 1.5;font-size: 16px\"><span style=\"font-family: arial, helvetica, sans-serif\">&nbsp;<\/span><\/p>\n<p style=\"line-height: 1.5;font-size: 16px\"><span style=\"font-family: arial, helvetica, sans-serif\">Barras para macetas: 4 macetas de arpillera y 2 bandejas de goteo: ideales para el crecimiento de pl\u00e1ntulas con buen drenaje. Guardar y reutilizar. | Grow It: 4 Paquetes de Semillas Premium \u2013 Incluye 4 Hierbas Diferentes: <strong>Albahaca, perejil, cebollino y cilantro<\/strong>. Todas las semillas se prueban para obtener la tasa de germinaci\u00f3n m\u00e1s alta.<\/span><\/p>\n<p style=\"line-height: 1.5;font-size: 16px\"><span style=\"font-family: arial, helvetica, sans-serif\">&nbsp;<\/span><\/p>\n<p style=\"line-height: 1.5;font-size: 16px\"><span style=\"font-family: arial, helvetica, sans-serif\">Alim\u00e9ntelo: Discos de suelo prefertilizados ricos en nutrientes: agregue agua y se expandir\u00e1n de 6 a 8 veces m\u00e1s. |Mark It: 4 marcadores de bamb\u00fa: los marcadores lo ayudan a identificar sus pl\u00e1ntulas a medida que crecen. Entr\u00e9nelo: Tijeras de podar: excelentes para recortar el exceso de hojas y ra\u00edces.<\/span><\/p>\n<p style=\"line-height: 1.5;font-size: 16px\"><span style=\"font-family: arial, helvetica, sans-serif\">&nbsp;<\/span><\/p>\n<p style=\"line-height: 1.5;font-size: 16px\"><span style=\"font-family: arial, helvetica, sans-serif\">M\u00e1rcalo: 4 marcadores de bamb\u00fa: los marcadores te ayudan a identificar tus pl\u00e1ntulas a medida que crecen. | \u00a1Ac\u00e9ptalo! : C\u00f3mo usar: lo explicamos paso a paso para que pueda cultivar hierbas fabulosas. Bonificaci\u00f3n: disfrute de hierbas reci\u00e9n molidas en cualquier momento con el molinillo de hierbas premium incluido.<\/span><\/p>\n<p style=\"line-height: 1.5;font-size: 16px\"><span style=\"font-family: arial, helvetica, sans-serif\">&nbsp;<\/span><\/p>\n<p style=\"line-height: 1.5;font-size: 16px\"><span style=\"font-family: arial, helvetica, sans-serif\">Plante su camino de alegr\u00eda: \u00a1\u00e1melo o le devolvemos su dinero! Si encuentra dificultades con cualquier aspecto del proceso, no dude en ponerse en contacto con nosotros. Estamos comprometidos a ayudarlo hasta que obtenga los resultados que desea.<\/span><\/p>\n<p style=\"font-size: 16px\"><span style=\"font-family: arial, helvetica, sans-serif\"><\/span><\/p>\n<p style=\"font-size: 16px\"><span style=\"font-family: arial, helvetica, sans-serif;font-size: 18px\">C\u00f3mo propagar hierbas<\/span><\/p>\n<p style=\"line-height: 1.5;font-size: 16px\"><span style=\"font-family: arial, helvetica, sans-serif\">Adem\u00e1s de plantarse con semillas, las plantas de vainilla tambi\u00e9n se pueden propagar mediante divisiones simples, y las hierbas plantadas y desarrolladas se pueden dividir a\u00fan m\u00e1s. No solo se puede propagar cierto tipo de vainilla, sino que tambi\u00e9n se pueden reproducir plantas con rendimientos peque\u00f1os o crecimiento desordenado. Consigue una nueva vida.<\/span><br \/><span style=\"font-family: arial, helvetica, sans-serif\">Las estaciones adecuadas para los ramets son la primavera y el oto\u00f1o.<\/span><br \/><span style=\"font-family: arial, helvetica, sans-serif\">Algunas variedades son adecuadas para la divisi\u00f3n y algunas variedades no son adecuadas para la divisi\u00f3n.<\/span><br \/><span style=\"font-family: arial, helvetica, sans-serif\">Dado que la operaci\u00f3n de bifurcaci\u00f3n tambi\u00e9n es muy simple para principiantes, es mejor intentarlo.<\/span><\/p>\n<p style=\"line-height: 1.5;font-size: 16px\"><span style=\"font-family: arial, helvetica, sans-serif\">esquejes<\/span><br \/><span style=\"font-family: arial, helvetica, sans-serif\">Cortar es el proceso de cortar el tallo de una planta e insertarlo en el suelo para que eche ra\u00edces y se convierta en una nueva planta.<\/span><br \/><span style=\"font-family: arial, helvetica, sans-serif\">Este enfoque funciona bien con tomillo, menta y romero, as\u00ed como con vainilla de la familia Lamiaceae. Las hierbas lili\u00e1ceas como las umbel\u00edferas, las cruc\u00edferas y las cebolletas no son adecuadas para este m\u00e9todo.<\/span><\/p>\n<p style=\"line-height: 1.5;font-size: 16px\"><span style=\"font-family: arial, helvetica, sans-serif\">paso 1<\/span><br \/><span style=\"font-family: arial, helvetica, sans-serif\">Coloque tierra de jade rojo (peque\u00f1os granos) en la rejilla de cultivo de pl\u00e1ntulas y col\u00f3quela en una bandeja llena de agua para que absorba completamente el agua.<\/span><\/p>\n<p style=\"line-height: 1.5;font-size: 16px\"><span style=\"font-family: arial, helvetica, sans-serif\">paso 2<\/span><br \/><span style=\"font-family: arial, helvetica, sans-serif\">Corta los tallos gruesos y sanos de unos 10 cm, y prep\u00e1ralos como ramas para esquejes.<\/span><\/p>\n<p style=\"line-height: 1.5;font-size: 16px\"><span style=\"font-family: arial, helvetica, sans-serif\">paso 3<\/span><br \/><span style=\"font-family: arial, helvetica, sans-serif\">Corte el 1\/3 inferior de las hojas y luego corte la parte superior (topping).<\/span><\/p>\n<p style=\"line-height: 1.5;font-size: 16px\"><span style=\"font-family: arial, helvetica, sans-serif\">etapa 4<\/span><br \/><span style=\"font-family: arial, helvetica, sans-serif\">Ins\u00e9rtelo en la taza de agua inmediatamente despu\u00e9s y aseg\u00farese de que los esquejes est\u00e9n bien hidratados antes de que se inserten formalmente en el suelo.<\/span><\/p>\n<p style=\"line-height: 1.5;font-size: 16px\"><span style=\"font-family: arial, helvetica, sans-serif\">paso 5<\/span><br \/><span style=\"font-family: arial, helvetica, sans-serif\">Use palillos convenientes para insertar un peque\u00f1o orificio en la rejilla de crianza de pl\u00e1ntulas y luego inserte una rama de corte en cada rejilla de crianza de pl\u00e1ntulas.<\/span><br \/><span style=\"font-family: arial, helvetica, sans-serif\">Dado que la ra\u00edz crece en la parte donde se cortaron las hojas, aseg\u00farese de insertar esta parte completamente en el suelo al cortar.<\/span><\/p>\n<p style=\"line-height: 1.5;font-size: 16px\"><span style=\"font-family: arial, helvetica, sans-serif\">paso 6<\/span><br \/><span style=\"font-family: arial, helvetica, sans-serif\">Despu\u00e9s de cortar, coloque la rejilla de cultivo de pl\u00e1ntulas en un lugar protegido del viento y la sombra, y mantenga el agua durante aproximadamente 1 mes.<\/span><\/p>\n<p style=\"font-size: 16px\"><span style=\"font-family: arial, helvetica, sans-serif;font-size: 18px\">Hierbas aptas para ramificar<\/span><\/p>\n<p style=\"line-height: 1.5;font-size: 16px\"><span style=\"font-family: arial, helvetica, sans-serif\">Perejil, or\u00e9gano, cebollino, menta, hinojo, limoncillo, limoncillo y m\u00e1s.<\/span><br \/><span style=\"font-family: arial, helvetica, sans-serif\">1. Saca la planta de la maceta junto con las ra\u00edces y los cogollos.<\/span><br \/><span style=\"font-family: arial, helvetica, sans-serif\">2. Para evitar da\u00f1ar las ra\u00edces, sep\u00e1relas a mano. Al romper, siga la direcci\u00f3n natural de la planta y no tire de ella con fuerza.<\/span><br \/><span style=\"font-family: arial, helvetica, sans-serif\">3. Plante las plantas separadas en diferentes macetas.<\/span><\/p><\/p>","protected":false},"excerpt":{"rendered":"<p>Kit de inicio de hierbas para interiores de 21 piezas preparado: todo lo que necesita para traer la alegr\u00eda de cultivar hierbas sabrosas a su vida o la de un ser querido. Es simple: nuestras conjeturas sobre el cultivo de hierbas a partir de semillas, lo guiar\u00e1n en cada paso del camino. \u00a1Plantalo!<\/p>","protected":false},"featured_media":12566,"comment_status":"open","ping_status":"closed","template":"","meta":[],"product_cat":[50],"product_tag":[388,240,389,179,390,391,387],"acf":[],"_links":{"self":[{"href":"https:\/\/www.garden-kit.com\/es\/wp-json\/wp\/v2\/product\/4093"}],"collection":[{"href":"https:\/\/www.garden-kit.com\/es\/wp-json\/wp\/v2\/product"}],"about":[{"href":"https:\/\/www.garden-kit.com\/es\/wp-json\/wp\/v2\/types\/product"}],"replies":[{"embeddable":true,"href":"https:\/\/www.garden-kit.com\/es\/wp-json\/wp\/v2\/comments?post=4093"}],"wp:featuredmedia":[{"embeddable":true,"href":"https:\/\/www.garden-kit.com\/es\/wp-json\/wp\/v2\/media\/12566"}],"wp:attachment":[{"href":"https:\/\/www.garden-kit.com\/es\/wp-json\/wp\/v2\/media?parent=4093"}],"wp:term":[{"taxonomy":"product_cat","embeddable":true,"href":"https:\/\/www.garden-kit.com\/es\/wp-json\/wp\/v2\/product_cat?post=4093"},{"taxonomy":"product_tag","embeddable":true,"href":"https:\/\/www.garden-kit.com\/es\/wp-json\/wp\/v2\/product_tag?post=4093"}],"curies":[{"name":"wp","href":"https:\/\/api.w.org\/{rel}","templated":true}]}}