{"id":4099,"date":"2022-10-19T14:29:46","date_gmt":"2022-10-19T06:29:46","guid":{"rendered":"https:\/\/www.garden-kit.com\/product\/kids-paint-grow-flower-gardening-kit-set\/"},"modified":"2024-03-13T17:46:40","modified_gmt":"2024-03-13T09:46:40","slug":"paint-and-plant-flower-growing-kits-2","status":"publish","type":"product","link":"https:\/\/www.garden-kit.com\/es\/product\/paint-and-plant-flower-growing-kits-2\/","title":{"rendered":"Instrucciones del kit de cultivo de flores de pintura y plantas"},"content":{"rendered":"<p style=\"line-height: 1.5\"><span style=\"font-family: arial, helvetica, sans-serif\">\u3010Calidad superior, uso con confianza\u3011La seguridad de los ni\u00f1os es siempre la prioridad n\u00famero uno. Nuestras herramientas de jard\u00edn para ni\u00f1os est\u00e1n fabricadas con materiales de alta calidad y no tienen bordes afilados. Evite que los ni\u00f1os se lastimen durante la jardiner\u00eda. Adecuado para ni\u00f1as de 5, 6, 7, 8, 9, 10 a 12 a\u00f1os.<\/span><br \/><span style=\"font-family: arial, helvetica, sans-serif\">\u3010Unlock Their Inner Artist\u3011 \u00a1Desata la creatividad de tu hijo dej\u00e1ndole pintar, plantar, cultivar y personalizar su propio jard\u00edn! Pinta y decora sus macetas como quieran. Pueden convertir las macetas en sus propias obras de arte originales. Crea coloridas creaciones con sus macetas met\u00e1licas pintadas. Este es su juego de jard\u00edn infantil personal, del que estar\u00e1n orgullosos.<\/span><\/p>\n<p style=\"line-height: 1.5\"><span style=\"font-family: arial, helvetica, sans-serif;font-size: 16px\">\u3010Juguetes divertidos para pintar y plantar para ni\u00f1os de 5 a 12 a\u00f1os\u3011. Este conjunto de herramientas de jard\u00edn para ni\u00f1os de dise\u00f1o lindo atrae el inter\u00e9s de los ni\u00f1os y mejora la atracci\u00f3n de los ni\u00f1os por la pintura y la siembra. Los ni\u00f1os pueden jugar con tierra, arena o hacer trabajos de jardiner\u00eda con estas herramientas de jardiner\u00eda al aire libre. Es una forma maravillosa de fomentar su imaginaci\u00f3n y actividad f\u00edsica. Los ni\u00f1os tambi\u00e9n pueden jugar a los juegos de rol en el interior con amigos y familiares para divertirse con los padres.<\/span><\/p>\n<h3 style=\"line-height: 1.5;font-size: 19px\"><span style=\"font-family: arial, helvetica, sans-serif;font-size: 18px\">Descripci\u00f3n general<\/span><\/h3>\n<table border=\"1\" cellspacing=\"0\">\n<tbody>\n<tr>\n<td valign=\"top\" width=\"373\">\n<p><span style=\"font-family: arial, helvetica, sans-serif\">Instrucciones de cuidado del producto<\/span><\/p>\n<\/td>\n<td valign=\"top\" width=\"373\">\n<p><span style=\"font-family: arial, helvetica, sans-serif\">Disponible<\/span><\/p>\n<\/td>\n<\/tr>\n<tr>\n<td valign=\"top\" width=\"373\">\n<p><span style=\"font-family: arial, helvetica, sans-serif\">Tipo de producto vegetal<\/span><\/p>\n<\/td>\n<td valign=\"top\" width=\"373\">\n<p><span style=\"font-family: arial, helvetica, sans-serif\">Flor<\/span><\/p>\n<\/td>\n<\/tr>\n<tr>\n<td valign=\"top\" width=\"373\">\n<p><span style=\"font-family: arial, helvetica, sans-serif\">Caracter\u00edstica especial<\/span><\/p>\n<\/td>\n<td valign=\"top\" width=\"373\">\n<p><span style=\"font-family: arial, helvetica, sans-serif\">Cultivo Interior-Exterior<\/span><\/p>\n<\/td>\n<\/tr>\n<tr>\n<td valign=\"top\" width=\"373\">\n<p><span style=\"font-family: arial, helvetica, sans-serif\">Marca<\/span><\/p>\n<\/td>\n<td valign=\"top\" width=\"373\">\n<p><span style=\"font-family: arial, helvetica, sans-serif\">Juego de jard\u00edn<\/span><\/p>\n<\/td>\n<\/tr>\n<tr>\n<td valign=\"top\" width=\"373\">\n<p><span style=\"font-family: arial, helvetica, sans-serif\">Lugar de origen<\/span><\/p>\n<\/td>\n<td valign=\"top\" width=\"373\">\n<p><span style=\"font-family: arial, helvetica, sans-serif\">Fuji\u00e1n, China<\/span><\/p>\n<\/td>\n<\/tr>\n<tr>\n<td valign=\"top\" width=\"373\">\n<p><span style=\"font-family: arial, helvetica, sans-serif\">ODM\/OEM<\/span><\/p>\n<\/td>\n<td valign=\"top\" width=\"373\">\n<p><span style=\"font-family: arial, helvetica, sans-serif\">Disponible<\/span><\/p>\n<\/td>\n<\/tr>\n<tr>\n<td valign=\"top\" width=\"373\">\n<p><span style=\"font-family: arial, helvetica, sans-serif\">MOQ para pedidos personalizados<\/span><\/p>\n<\/td>\n<td valign=\"top\" width=\"373\">\n<p><span style=\"font-family: arial, helvetica, sans-serif\">3000 piezas<\/span><\/p>\n<\/td>\n<\/tr>\n<tr>\n<td valign=\"top\" width=\"373\">\n<p><span style=\"font-family: arial, helvetica, sans-serif\">costo de la muestra<\/span><\/p>\n<\/td>\n<td valign=\"top\" width=\"373\">\n<p><span style=\"font-family: arial, helvetica, sans-serif\">US$400\/muestra, devoluci\u00f3n completa despu\u00e9s del pedido de nosotros<\/span><\/p>\n<\/td>\n<\/tr>\n<\/tbody>\n<\/table>\n<p style=\"line-height: 1.5\"><span style=\"font-family: arial, helvetica, sans-serif\">&nbsp;<\/span><\/p>\n<h3 style=\"line-height: 1.5;font-size: 19px\"><span style=\"font-family: arial, helvetica, sans-serif;font-size: 18px\">Descripci\u00f3n<\/span><\/h3>\n<p style=\"line-height: 1.5\"><span style=\"font-family: arial, helvetica, sans-serif\">Kit de jardiner\u00eda infantil de 21 piezas Paint &amp; Grow: Todo lo que tus hijos necesitan para llevar la alegr\u00eda de cultivar flores a tu vida o a la de un ser querido. Es muy sencillo: nuestras adivinanzas sobre el cultivo de flores a partir de semillas, te gu\u00edan en cada paso del camino. \u00a1Pl\u00e1ntalo!<\/span><\/p>\n<p style=\"line-height: 1.5\"><span style=\"font-family: arial, helvetica, sans-serif\">&nbsp;<\/span><\/p>\n<p style=\"line-height: 1.5\"><span style=\"font-family: arial, helvetica, sans-serif\">El kit incluye los siguientes elementos:.<\/span><\/p>\n<p style=\"line-height: 1.5\"><span style=\"font-family: arial, helvetica, sans-serif\">&nbsp;<\/span><span style=\"font-family: arial, helvetica, sans-serif\">1 macetero con riego autom\u00e1tico<\/span><\/p>\n<p style=\"line-height: 1.5\"><span style=\"font-family: arial, helvetica, sans-serif\">5 suelos prefertilizados<\/span><\/p>\n<p style=\"line-height: 1.5\"><span style=\"font-family: arial, helvetica, sans-serif\">3 paquetes de semillas frescas<\/span><\/p>\n<p style=\"line-height: 1.5\"><span style=\"font-family: arial, helvetica, sans-serif\">1 herramienta de jard\u00edn<\/span><\/p>\n<p style=\"line-height: 1.5\"><span style=\"font-family: arial, helvetica, sans-serif\">1 par de pinceles para pintar<\/span><\/p>\n<p style=\"line-height: 1.5\"><span style=\"font-family: arial, helvetica, sans-serif\">6 colores de pintura<\/span><\/p>\n<p style=\"line-height: 1.5\"><span style=\"font-family: arial, helvetica, sans-serif\">1 bandeja de pintura<\/span><\/p>\n<p style=\"line-height: 1.5\"><span style=\"font-family: arial, helvetica, sans-serif\">1 par de guantes<\/span><\/p>\n<p style=\"line-height: 1.5\"><span style=\"font-family: arial, helvetica, sans-serif\">1 Gu\u00eda de plantaci\u00f3n paso a paso<\/span><\/p>\n<p style=\"line-height: 1.5\"><span style=\"font-family: arial, helvetica, sans-serif\">1 caja de regalo personalizada<\/span><\/p>\n<p style=\"line-height: 1.5\"><span style=\"font-family: arial, helvetica, sans-serif\">&nbsp;<\/span><\/p>\n<p style=\"line-height: 1.5\"><span style=\"font-family: arial, helvetica, sans-serif\">El primer jard\u00edn del kit de jardiner\u00eda: nutre el coraz\u00f3n y la mente de tu hijo con pintura y plantas, 3 kits de jardiner\u00eda para ni\u00f1os. Fomente sus intereses art\u00edsticos y de jardiner\u00eda con 1 conjunto combinado s\u00faper divertido de herramientas de jardiner\u00eda para ni\u00f1os.<\/span><\/p>\n<p style=\"line-height: 1.5\"><span style=\"font-family: arial, helvetica, sans-serif\">&nbsp;<\/span><\/p>\n<p style=\"line-height: 1.5\"><span style=\"font-family: arial, helvetica, sans-serif\">TODO INCLUIDO: Dale a tu peque\u00f1o jardinero un juego completo de herramientas de jardiner\u00eda para ni\u00f1os. Tu kit de cultivo de flores incluye una maceta con riego autom\u00e1tico con turba, guantes, pala, 6 pinturas, 2 pinceles y una paleta.<\/span><\/p>\n<p style=\"line-height: 1.5\"><span style=\"font-family: arial, helvetica, sans-serif\">&nbsp;<\/span><\/p>\n<p style=\"line-height: 1.5\"><span style=\"font-family: arial, helvetica, sans-serif\">Cultive algo maravilloso: universo de plantas, nomeolvides, semillas de zinnia y con instrucciones detalladas de la gu\u00eda de cultivo incluida. Ya sea en interiores o exteriores, podr\u00e1s disfrutar de flores coloridas.<\/span><\/p>\n<p style=\"line-height: 1.5\"><span style=\"font-family: arial, helvetica, sans-serif\">&nbsp;<\/span><\/p>\n<p style=\"line-height: 1.5\"><span style=\"font-family: arial, helvetica, sans-serif\">Regalos plantables: un regalo de cumplea\u00f1os para una ni\u00f1a o un ni\u00f1o peque\u00f1o que fomenta la autoexpresi\u00f3n art\u00edstica y la conexi\u00f3n con la naturaleza. El regalo de su kit de jard\u00edn de cultivo para ni\u00f1os es una introducci\u00f3n sencilla a la jardiner\u00eda para ni\u00f1os.<\/span><\/p>\n<p style=\"line-height: 1.5\"><span style=\"font-family: arial, helvetica, sans-serif\">&nbsp;<\/span><\/p>\n<p style=\"line-height: 1.5\"><span style=\"font-family: arial, helvetica, sans-serif\">\u00danase a la diversi\u00f3n: conf\u00ede en kits caseros de cultivo de plantas f\u00e1ciles para ni\u00f1os y adultos por igual. \u00a1Nos apasiona difundir nuestro amor por la vida vegetal y estamos ansiosos por ayudarte a cultivar tu primer jard\u00edn!<\/span><\/p><\/p>","protected":false},"excerpt":{"rendered":"<p>Kit de jardiner\u00eda de flores para pintar y cultivar para ni\u00f1os de 21 piezas preparado: todo lo que sus hijos necesitan para traer la alegr\u00eda de cultivar flores a su vida o la de un ser querido. Es simple: nuestras conjeturas sobre el cultivo de flores a partir de semillas, lo guiar\u00e1n en cada paso del camino. \u00a1Plantalo!<\/p>","protected":false},"featured_media":18077,"comment_status":"open","ping_status":"closed","template":"","meta":[],"product_cat":[61],"product_tag":[420,421,422,424,425,423,338],"acf":[],"_links":{"self":[{"href":"https:\/\/www.garden-kit.com\/es\/wp-json\/wp\/v2\/product\/4099"}],"collection":[{"href":"https:\/\/www.garden-kit.com\/es\/wp-json\/wp\/v2\/product"}],"about":[{"href":"https:\/\/www.garden-kit.com\/es\/wp-json\/wp\/v2\/types\/product"}],"replies":[{"embeddable":true,"href":"https:\/\/www.garden-kit.com\/es\/wp-json\/wp\/v2\/comments?post=4099"}],"wp:featuredmedia":[{"embeddable":true,"href":"https:\/\/www.garden-kit.com\/es\/wp-json\/wp\/v2\/media\/18077"}],"wp:attachment":[{"href":"https:\/\/www.garden-kit.com\/es\/wp-json\/wp\/v2\/media?parent=4099"}],"wp:term":[{"taxonomy":"product_cat","embeddable":true,"href":"https:\/\/www.garden-kit.com\/es\/wp-json\/wp\/v2\/product_cat?post=4099"},{"taxonomy":"product_tag","embeddable":true,"href":"https:\/\/www.garden-kit.com\/es\/wp-json\/wp\/v2\/product_tag?post=4099"}],"curies":[{"name":"wp","href":"https:\/\/api.w.org\/{rel}","templated":true}]}}