{"id":4137,"date":"2022-10-19T14:55:01","date_gmt":"2022-10-19T06:55:01","guid":{"rendered":"https:\/\/www.garden-kit.com\/product\/paint-plant-pizza-herb-growing-kit-for-kids\/"},"modified":"2023-03-31T15:15:28","modified_gmt":"2023-03-31T07:15:28","slug":"paint-plant-pizza-herb-growing-kit","status":"publish","type":"product","link":"https:\/\/www.garden-kit.com\/es\/product\/paint-plant-pizza-herb-growing-kit\/","title":{"rendered":"Kit de cultivo de hierbas para pizza Paint &amp; Plant"},"content":{"rendered":"<h3 style=\"font-size: 19px\"><span style=\"font-family: arial, helvetica, sans-serif;font-size: 18px\">Kit de cultivo de hierbas para pizza Paint &amp; Plant<\/span><\/h3>\n<p><span style=\"font-family: arial, helvetica, sans-serif;font-size: 16px\">La vainilla, formalmente conocida como plantas arom\u00e1ticas, es un grupo de plantas con propiedades comunes a las plantas medicinales y plantas especiadas. Hay m\u00e1s de 3.000 especies en el mundo, mientras que la lavanda, la milenrama, el romero, el tomillo, el ageratum, la citronela, la menta, la pagoda de nueve pisos, etc., son variedades famosas.<\/span><\/p>\n<p style=\"line-height: 1.5\"><span style=\"font-family: arial, helvetica, sans-serif;font-size: 18px\">Descripci\u00f3n del producto<\/span><\/p>\n<table border=\"1\" cellspacing=\"0\" style=\"border-collapse: collapse;width: 100%;height: 248px\">\n<tbody>\n<tr style=\"height: 31px\">\n<td valign=\"top\" width=\"373\" style=\"width: 49.5352%;height: 31px\">\n<p><span style=\"font-family: arial, helvetica, sans-serif\">Instrucciones de cuidado del producto<\/span><\/p>\n<\/td>\n<td valign=\"top\" width=\"373\" style=\"width: 49.5352%;height: 31px\">\n<p><span style=\"font-family: arial, helvetica, sans-serif\">Disponible<\/span><\/p>\n<\/td>\n<\/tr>\n<tr style=\"height: 31px\">\n<td valign=\"top\" width=\"373\" style=\"width: 49.5352%;height: 31px\">\n<p><span style=\"font-family: arial, helvetica, sans-serif\">Tipo de producto vegetal<\/span><\/p>\n<\/td>\n<td valign=\"top\" width=\"373\" style=\"width: 49.5352%;height: 31px\">\n<p><span style=\"font-family: arial, helvetica, sans-serif\">hierba<\/span><\/p>\n<\/td>\n<\/tr>\n<tr style=\"height: 31px\">\n<td valign=\"top\" width=\"373\" style=\"width: 49.5352%;height: 31px\">\n<p><span style=\"font-family: arial, helvetica, sans-serif\">Caracter\u00edstica especial<\/span><\/p>\n<\/td>\n<td valign=\"top\" width=\"373\" style=\"width: 49.5352%;height: 31px\">\n<p><span style=\"font-family: arial, helvetica, sans-serif\">Cultivo Interior-Exterior<\/span><\/p>\n<\/td>\n<\/tr>\n<tr style=\"height: 31px\">\n<td valign=\"top\" width=\"373\" style=\"width: 49.5352%;height: 31px\">\n<p><span style=\"font-family: arial, helvetica, sans-serif\">Marca<\/span><\/p>\n<\/td>\n<td valign=\"top\" width=\"373\" style=\"width: 49.5352%;height: 31px\">\n<p><span style=\"font-family: arial, helvetica, sans-serif\">Juego de jard\u00edn<\/span><\/p>\n<\/td>\n<\/tr>\n<tr style=\"height: 31px\">\n<td valign=\"top\" width=\"373\" style=\"width: 49.5352%;height: 31px\">\n<p><span style=\"font-family: arial, helvetica, sans-serif\">Lugar de origen<\/span><\/p>\n<\/td>\n<td valign=\"top\" width=\"373\" style=\"width: 49.5352%;height: 31px\">\n<p><span style=\"font-family: arial, helvetica, sans-serif\">Fuji\u00e1n, China<\/span><\/p>\n<\/td>\n<\/tr>\n<tr style=\"height: 31px\">\n<td valign=\"top\" width=\"373\" style=\"width: 49.5352%;height: 31px\">\n<p><span style=\"font-family: arial, helvetica, sans-serif\">ODM\/OEM<\/span><\/p>\n<\/td>\n<td valign=\"top\" width=\"373\" style=\"width: 49.5352%;height: 31px\">\n<p><span style=\"font-family: arial, helvetica, sans-serif\">Disponible<\/span><\/p>\n<\/td>\n<\/tr>\n<tr style=\"height: 31px\">\n<td valign=\"top\" width=\"373\" style=\"width: 49.5352%;height: 31px\">\n<p><span style=\"font-family: arial, helvetica, sans-serif\">MOQ para pedidos personalizados<\/span><\/p>\n<\/td>\n<td valign=\"top\" width=\"373\" style=\"width: 49.5352%;height: 31px\">\n<p><span style=\"font-family: arial, helvetica, sans-serif\">3000 piezas<\/span><\/p>\n<\/td>\n<\/tr>\n<tr style=\"height: 31px\">\n<td valign=\"top\" width=\"373\" style=\"width: 49.5352%;height: 31px\">\n<p><span style=\"font-family: arial, helvetica, sans-serif\">costo de la muestra<\/span><\/p>\n<\/td>\n<td valign=\"top\" width=\"373\" style=\"width: 49.5352%;height: 31px\">\n<p><span style=\"font-family: arial, helvetica, sans-serif\">US$400\/muestra, devoluci\u00f3n completa despu\u00e9s de un pedido nuestro<\/span><\/p>\n<\/td>\n<\/tr>\n<\/tbody>\n<\/table>\n<p style=\"line-height: 1.5\"><span style=\"font-family: arial, helvetica, sans-serif\">&nbsp;<\/span><\/p>\n<p style=\"line-height: 1.5\"><span style=\"font-family: arial, helvetica, sans-serif\">UN REGALO DIVERTIDO Y EDUCATIVO PARA TODAS LAS EDADES: No es frecuente que un proyecto divertido sea educativo, \u00a1pero este kit de cultivo de hierbas para pizza hace ambas cosas! Atrae a los ni\u00f1os siempre y cuando lo saquen de la caja y les ense\u00f1e el ciclo de vida y la bot\u00e1nica de las plantas. Con la libertad de pintar, pintar y plantar como quieran, todos los ni\u00f1os tienen la garant\u00eda de divertirse.&nbsp;<\/span><\/p>\n<p style=\"line-height: 1.5\">\n<h3 style=\"line-height: 1.5;font-size: 19px\"><strong><span style=\"font-family: arial, helvetica, sans-serif\">Los siguientes art\u00edculos est\u00e1n incluidos en el kit:<\/span><\/strong><\/h3>\n<p style=\"line-height: 1.5\"><span style=\"font-family: arial, helvetica, sans-serif\">1 macetero de hojalata pintable (12*4.5*4\u2033)<\/span><\/p>\n<p style=\"line-height: 1.5\"><span style=\"font-family: arial, helvetica, sans-serif\">1 forro de pl\u00e1stico<\/span><\/p>\n<p style=\"line-height: 1.5\"><span style=\"font-family: arial, helvetica, sans-serif\">3 grandes discos de suelo<\/span><\/p>\n<p style=\"line-height: 1.5\"><span style=\"font-family: arial, helvetica, sans-serif\">3 paquetes de semillas frescas<\/span><\/p>\n<p style=\"line-height: 1.5\"><span style=\"font-family: arial, helvetica, sans-serif\">tira de pintura de 6 colores<\/span><\/p>\n<p style=\"line-height: 1.5\"><span style=\"font-family: arial, helvetica, sans-serif\">2 pinceles<\/span><\/p>\n<p style=\"line-height: 1.5\"><span style=\"font-family: arial, helvetica, sans-serif\">1 paleta de pintura<\/span><\/p>\n<p style=\"line-height: 1.5\"><span style=\"font-family: arial, helvetica, sans-serif\">3 marcadores de plantas de madera<\/span><\/p>\n<p style=\"line-height: 1.5\"><span style=\"font-family: arial, helvetica, sans-serif\">1 pala<\/span><\/p>\n<p style=\"line-height: 1.5\"><span style=\"font-family: arial, helvetica, sans-serif\">1 botella de agua<\/span><\/p>\n<p style=\"line-height: 1.5\"><span style=\"font-family: arial, helvetica, sans-serif\">1 Gu\u00eda de plantaci\u00f3n paso a paso<\/span><\/p>\n<p style=\"line-height: 1.5\"><span style=\"font-family: arial, helvetica, sans-serif\">1 caja de regalo personalizada<\/span><\/p>\n<p style=\"line-height: 1.5\"><span style=\"font-family: arial, helvetica, sans-serif\">&nbsp;<\/span><\/p>\n<p style=\"line-height: 1.5\"><span style=\"font-family: arial, helvetica, sans-serif\">Pinte y cultive su propio jard\u00edn de hierbas Little Pizza: Pinte macetas y marcadores de plantas, y siembre hierbas de albahaca, or\u00e9gano y r\u00facula: colores brillantes y sabores deliciosos. Siga las instrucciones paso a paso incluidas.<\/span><\/p>\n<p style=\"line-height: 1.5\"><span style=\"font-family: arial, helvetica, sans-serif\">&nbsp;<\/span><\/p>\n<p style=\"line-height: 1.5\"><span style=\"font-family: arial, helvetica, sans-serif\">Hazlo \u00fanico: al dise\u00f1ar, \u00a1el cielo es el l\u00edmite! Exprese su creatividad libremente en macetas y marcadores de plantas.<\/span><\/p>\n<p style=\"line-height: 1.5\"><span style=\"font-family: arial, helvetica, sans-serif\"><span style=\"font-size: 18px\">plantando tu jard\u00edn<\/span><span> <\/span><\/span><\/p>\n<p style=\"line-height: 1.5\"><span style=\"font-family: arial, helvetica, sans-serif\"><span>1. Coloque el revestimiento de pl\u00e1stico dentro de la maceta de aluminio. Esto ayudar\u00e1 a que sus plantas retengan agua.<\/span><span> <\/span><span>Para un mejor riego, es posible que desee agregar una capa de rocas (no incluidas) en la parte inferior del revestimiento de pl\u00e1stico.<\/span><span> <\/span><\/span><\/p>\n<p style=\"line-height: 1.5\"><span style=\"font-family: arial, helvetica, sans-serif\"><span>2. Coloque los tres discos de tierra en expansi\u00f3n en un taz\u00f3n grande (tan grande como la maceta) y agregue 3-4 tazas de agua tibia.<\/span><span> <\/span><span>Deja que los discos de tierra se empapen durante al menos una hora; ver\u00e1s que se expanden entre 6 y 8 veces su tama\u00f1o original.<\/span><span> <\/span><\/span><\/p>\n<p style=\"line-height: 1.5\"><span style=\"font-family: arial, helvetica, sans-serif\"><span>3. Una vez completamente expandido, mezcle el suelo<\/span><span> <\/span><span>a fondo, y luego drene bien el suelo apret\u00e1ndolo firmemente para eliminar todo el exceso de agua hasta que el suelo est\u00e9 solo h\u00famedo.<\/span><span> <\/span><\/span><\/p>\n<p style=\"line-height: 1.5\"><span style=\"font-family: arial, helvetica, sans-serif\"><span>4. Desmenuce suavemente la tierra y col\u00f3quela en la maceta hasta que est\u00e9 casi llena.<\/span><\/span><\/p>\n<p style=\"line-height: 1.5\"><span style=\"font-family: arial, helvetica, sans-serif\"><span> <\/span><span>5. Mientras la tierra absorbe el agua, sumerja las semillas en un recipiente con agua durante unos 30 minutos.<\/span><span> <\/span><\/span><\/p>\n<p style=\"line-height: 1.5\"><span style=\"font-family: arial, helvetica, sans-serif\"><span>6. Divide tu macetero en 3 iguales<\/span><span> <\/span><span>partes y coloque sus marcadores en el suelo al frente de cada secci\u00f3n, para que no olvide qu\u00e9 plant\u00f3 d\u00f3nde.<\/span> <\/span><\/p>\n<p style=\"line-height: 1.5\"><span style=\"font-family: arial, helvetica, sans-serif\"><span style=\"font-size: 18px\">Consideraciones de plantaci\u00f3n de or\u00e9gano<\/span><br \/>luz solar<br \/>Al or\u00e9gano le gusta el sol pleno, y plantar or\u00e9gano requiere suficiente luz<br \/>riego<br \/>No riegue en exceso, solo vuelva a regar cuando el suelo est\u00e9 completamente seco.<br \/>temperatura<br \/>Preste atenci\u00f3n a la ventilaci\u00f3n en el ambiente de alta temperatura en verano, mant\u00e9ngase caliente en invierno y mantenga la temperatura por encima de 5 \u00b0 C, de lo contrario, es f\u00e1cil congelarse.<br \/>fertilizante<br \/>Muchas hierbas se consideran malas hierbas, y la mayor\u00eda no son exigentes con el suelo en el que crecen. El or\u00e9gano no es una excepci\u00f3n y solo crece en suelos moderadamente ricos. No agregue compost o esti\u00e9rcol a su \u00e1rea de cultivo. Los nutrientes en grandes cantidades, como el nitr\u00f3geno, pueden cambiar el sabor de esta hierba.<\/span><\/p>\n<p style=\"line-height: 1.5\"><span style=\"font-family: arial, helvetica, sans-serif\">El kit incluye una maceta de hojalata (12*4.5*4\u2033), revestimiento de pl\u00e1stico, tierra, 3 paquetes de semillas, 6 tiras de pintura de colores, 2 pinceles, paleta, 3 marcadores de madera para plantas, pala, botella de agua y bellas instrucciones.<\/span><\/p>\n<p style=\"line-height: 1.5\"><span style=\"font-family: arial, helvetica, sans-serif\">&nbsp;<\/span><\/p>\n<p><span style=\"font-family: arial, helvetica, sans-serif;font-size: 18px\">Cuidado de la planta de r\u00facula<\/span><\/p>\n<p><span style=\"font-family: arial, helvetica, sans-serif\">iluminaci\u00f3n<\/span><br \/><span style=\"font-family: arial, helvetica, sans-serif\">La r\u00facula crece mejor a pleno sol, lo que significa al menos seis horas de luz solar directa la mayor\u00eda de los d\u00edas. Tambi\u00e9n le va bien en parte del sol, especialmente en climas m\u00e1s c\u00e1lidos. Pero a medida que las temperaturas comienzan a subir, proporcione un poco de sombra por la tarde. Esto ayudar\u00e1 a evitar que las plantas se marchiten y se taponen (florecen y dan semillas), alargando la cosecha el mayor tiempo posible.<\/span><\/p>\n<p><span style=\"font-family: arial, helvetica, sans-serif\">suelo<\/span><br \/><span style=\"font-family: arial, helvetica, sans-serif\">Las plantas de r\u00facula son m\u00e1s felices en un suelo bien drenado con un pH ligeramente \u00e1cido a neutro. Toleran una variedad de tipos de suelo, pero prefieren la marga rica en nutrientes.<\/span><\/p>\n<p><span style=\"font-family: arial, helvetica, sans-serif\">riego<\/span><br \/><span style=\"font-family: arial, helvetica, sans-serif\">Como muchas verduras, la r\u00facula necesita riego regular para un crecimiento saludable y un sabor \u00f3ptimo. Tiene un sistema radicular poco profundo. Mantenga la tierra constantemente h\u00fameda pero no empapada, y riegue tan pronto como la parte superior de la tierra se sienta seca. En climas secos, esto puede significar regar todas las ma\u00f1anas. Si no riega regularmente, puede hacer que la planta se ate y estropee el sabor de las hojas.<\/span><\/p>\n<p><span style=\"font-family: arial, helvetica, sans-serif\">temperatura y humedad<\/span><\/p>\n<p><span style=\"font-family: arial, helvetica, sans-serif\">La temperatura de germinaci\u00f3n de la r\u00facula es de 15 a 20 grados cent\u00edgrados, y la temperatura m\u00e1s adecuada para el crecimiento es de 15 a 25 grados cent\u00edgrados. Tolera las heladas pero no le gusta el calor del verano. Puede extender la temporada de crecimiento de la r\u00facula protegi\u00e9ndola de la congelaci\u00f3n con cubiertas para hileras y del calor con sombra. Pero la mejor estrategia es plantarla en el momento adecuado. No necesita mucha humedad y crece bien en climas secos siempre que reciba suficiente agua.<\/span><\/p><\/p>","protected":false},"excerpt":{"rendered":"<p><span style=\"font-family: arial, helvetica, sans-serif\">Kit de cultivo de hierbas para pizza de pintura y plantas de 25 piezas preparado: todo lo que sus hijos necesitan para llevar la alegr\u00eda de cultivar hierbas para pizza de pintura y plantas a su vida o la de un ser querido. Es simple: nuestras conjeturas sobre el cultivo de Paint &amp; Plant Pizza Herb a partir de semillas, lo guiar\u00e1n en cada paso del camino. \u00a1Plantalo!<\/span><\/p>","protected":false},"featured_media":12619,"comment_status":"open","ping_status":"closed","template":"","meta":[],"product_cat":[61],"product_tag":[500,501,431,506,58,499,498],"acf":[],"_links":{"self":[{"href":"https:\/\/www.garden-kit.com\/es\/wp-json\/wp\/v2\/product\/4137"}],"collection":[{"href":"https:\/\/www.garden-kit.com\/es\/wp-json\/wp\/v2\/product"}],"about":[{"href":"https:\/\/www.garden-kit.com\/es\/wp-json\/wp\/v2\/types\/product"}],"replies":[{"embeddable":true,"href":"https:\/\/www.garden-kit.com\/es\/wp-json\/wp\/v2\/comments?post=4137"}],"wp:featuredmedia":[{"embeddable":true,"href":"https:\/\/www.garden-kit.com\/es\/wp-json\/wp\/v2\/media\/12619"}],"wp:attachment":[{"href":"https:\/\/www.garden-kit.com\/es\/wp-json\/wp\/v2\/media?parent=4137"}],"wp:term":[{"taxonomy":"product_cat","embeddable":true,"href":"https:\/\/www.garden-kit.com\/es\/wp-json\/wp\/v2\/product_cat?post=4137"},{"taxonomy":"product_tag","embeddable":true,"href":"https:\/\/www.garden-kit.com\/es\/wp-json\/wp\/v2\/product_tag?post=4137"}],"curies":[{"name":"wp","href":"https:\/\/api.w.org\/{rel}","templated":true}]}}