{"id":4255,"date":"2022-10-19T15:38:06","date_gmt":"2022-10-19T07:38:06","guid":{"rendered":"https:\/\/www.garden-kit.com\/product\/medicinal-herb-seeds-collection-6-heirloom-tea-seeds\/"},"modified":"2023-03-31T15:29:30","modified_gmt":"2023-03-31T07:29:30","slug":"medicinal-herb-seeds-collection","status":"publish","type":"product","link":"https:\/\/www.garden-kit.com\/es\/product\/medicinal-herb-seeds-collection\/","title":{"rendered":"Colecci\u00f3n de semillas de hierbas medicinales"},"content":{"rendered":"<h3 style=\"line-height: 1.5;font-size: 19px\"><span style=\"font-family: arial, helvetica, sans-serif;font-size: 16px\">Descripci\u00f3n general<\/span><\/h3>\n<table border=\"1\" cellspacing=\"0\" style=\"border-collapse: collapse;width: 100%\">\n<tbody>\n<tr>\n<td valign=\"top\" width=\"373\">\n<p><span style=\"font-family: arial, helvetica, sans-serif;font-size: 16px\">Instrucciones de cuidado del producto<\/span><\/p>\n<\/td>\n<td valign=\"top\" width=\"373\">\n<p><span style=\"font-family: arial, helvetica, sans-serif;font-size: 16px\">Disponible<\/span><\/p>\n<\/td>\n<\/tr>\n<tr>\n<td valign=\"top\" width=\"373\">\n<p><span style=\"font-family: arial, helvetica, sans-serif;font-size: 16px\">Tipo de producto vegetal<\/span><\/p>\n<\/td>\n<td valign=\"top\" width=\"373\">\n<p><span style=\"font-family: arial, helvetica, sans-serif;font-size: 16px\">Hierba medicinal<\/span><\/p>\n<\/td>\n<\/tr>\n<tr>\n<td valign=\"top\" width=\"373\">\n<p><span style=\"font-family: arial, helvetica, sans-serif;font-size: 16px\">Caracter\u00edstica especial<\/span><\/p>\n<\/td>\n<td valign=\"top\" width=\"373\">\n<p><span style=\"font-family: arial, helvetica, sans-serif;font-size: 16px\">Cultivo Interior-Exterior<\/span><\/p>\n<\/td>\n<\/tr>\n<tr>\n<td valign=\"top\" width=\"373\">\n<p><span style=\"font-family: arial, helvetica, sans-serif;font-size: 16px\">Marca<\/span><\/p>\n<\/td>\n<td valign=\"top\" width=\"373\">\n<p><span style=\"font-family: arial, helvetica, sans-serif;font-size: 16px\">Juego de jard\u00edn<\/span><\/p>\n<\/td>\n<\/tr>\n<tr>\n<td valign=\"top\" width=\"373\">\n<p><span style=\"font-family: arial, helvetica, sans-serif;font-size: 16px\">Lugar de origen<\/span><\/p>\n<\/td>\n<td valign=\"top\" width=\"373\">\n<p><span style=\"font-family: arial, helvetica, sans-serif;font-size: 16px\">Fuji\u00e1n, China<\/span><\/p>\n<\/td>\n<\/tr>\n<tr>\n<td valign=\"top\" width=\"373\">\n<p><span style=\"font-family: arial, helvetica, sans-serif;font-size: 16px\">ODM\/OEM<\/span><\/p>\n<\/td>\n<td valign=\"top\" width=\"373\">\n<p><span style=\"font-family: arial, helvetica, sans-serif;font-size: 16px\">Disponible<\/span><\/p>\n<\/td>\n<\/tr>\n<tr>\n<td valign=\"top\" width=\"373\">\n<p><span style=\"font-family: arial, helvetica, sans-serif;font-size: 16px\">MOQ para pedidos personalizados<\/span><\/p>\n<\/td>\n<td valign=\"top\" width=\"373\">\n<p><span style=\"font-family: arial, helvetica, sans-serif;font-size: 16px\">3000 piezas<\/span><\/p>\n<\/td>\n<\/tr>\n<tr>\n<td valign=\"top\" width=\"373\">\n<p><span style=\"font-family: arial, helvetica, sans-serif;font-size: 16px\">costo de la muestra<\/span><\/p>\n<\/td>\n<td valign=\"top\" width=\"373\">\n<p><span style=\"font-family: arial, helvetica, sans-serif;font-size: 16px\">US$400\/muestra, devoluci\u00f3n completa despu\u00e9s de un pedido nuestro<\/span><\/p>\n<\/td>\n<\/tr>\n<\/tbody>\n<\/table>\n<p style=\"line-height: 1.5\"><span style=\"font-family: arial, helvetica, sans-serif;font-size: 16px\">&nbsp;<\/span><\/p>\n<p style=\"line-height: 1.5\"><span style=\"font-family: arial, helvetica, sans-serif;font-size: 16px\">Kit de semillas de t\u00e9 de hierbas preparado de 13 piezas: Es f\u00e1cil: eliminamos las conjeturas al cultivar hierbas a partir de semillas y lo guiamos en cada paso del camino. Todo lo que necesita para llevar la alegr\u00eda del t\u00e9 de hierbas a su vida o la de su ser querido en una hermosa bolsa. \u00a1Plantadlo!<\/span><\/p>\n<p style=\"line-height: 1.5\"><span style=\"font-family: arial, helvetica, sans-serif;font-size: 16px\">&nbsp;<\/span><\/p>\n<h3 style=\"line-height: 1.5;font-size: 19px\"><span style=\"font-family: arial, helvetica, sans-serif;font-size: 16px\">Los siguientes elementos est\u00e1n incluidos en el kit.<\/span><\/h3>\n<p style=\"line-height: 1.5\"><span style=\"font-family: arial, helvetica, sans-serif;font-size: 16px\">6 variedades de semillas de tomate como manzanilla alemana, lavanda de vera, menta com\u00fan, b\u00e1lsamo de lim\u00f3n, menta piperita, echinacea equin\u00e1cea morada<\/span><\/p>\n<p style=\"line-height: 1.5\"><span style=\"font-family: arial, helvetica, sans-serif;font-size: 16px\">6 marcadores de plantas<\/span><\/p>\n<p style=\"line-height: 1.5\"><span style=\"font-family: arial, helvetica, sans-serif;font-size: 16px\">1 Gu\u00eda de plantaci\u00f3n paso a paso<\/span><\/p>\n<p style=\"line-height: 1.5\"><span style=\"font-family: arial, helvetica, sans-serif;font-size: 16px\">1 bolsa de paquete personalizado<\/span><\/p>\n<p style=\"line-height: 1.5\"><span style=\"font-family: arial, helvetica, sans-serif;font-size: 16px\">&nbsp;<\/span><\/p>\n<p style=\"line-height: 1.5\"><span style=\"font-family: arial, helvetica, sans-serif;font-size: 16px\">90%+ Germinaci\u00f3n, herencia y sin OGM: sus semillas se cultivan, cosechan y prueban localmente antes de su lanzamiento. Di adi\u00f3s a las semillas in\u00fatiles con nuestras semillas de hierbas de primera calidad.<\/span><\/p>\n<p style=\"line-height: 1.5\"><span style=\"font-family: arial, helvetica, sans-serif;font-size: 16px\">&nbsp;<\/span><\/p>\n<p style=\"line-height: 1.5\"><span style=\"font-family: arial, helvetica, sans-serif;font-size: 16px\">6 semillas de t\u00e9 de hierbas: tenga todo lo que necesita para cultivar su propio jard\u00edn de t\u00e9. Prepare los t\u00e9s de hierbas m\u00e1s frescos directamente de su propio jard\u00edn con estas semillas: manzanilla alemana, lavanda de Vera, menta com\u00fan, b\u00e1lsamo de lim\u00f3n, menta y equin\u00e1cea.<\/span><\/p>\n<p style=\"line-height: 1.5\"><span style=\"font-family: arial, helvetica, sans-serif;font-size: 16px\">&nbsp;<\/span><\/p>\n<p style=\"line-height: 1.5\"><span style=\"font-family: arial, helvetica, sans-serif;font-size: 16px\">Apto para principiantes: aprenda todo lo que necesita saber para crecer y utilizar Harvest con su gu\u00eda de crecimiento digital. Etiquete su plantaci\u00f3n de hierbas con la etiqueta incluida para saber qu\u00e9 brotar\u00e1 a continuaci\u00f3n. No todo el mundo tiene talento para la jardiner\u00eda, por lo que nos aseguramos de que este kit de bricolaje sea ideal tanto para aficionados como para principiantes.<\/span><\/p>\n<p style=\"line-height: 1.5\"><span style=\"font-family: arial, helvetica, sans-serif;font-size: 16px\">&nbsp;<\/span><\/p>\n<p style=\"line-height: 1.5\"><span style=\"font-family: arial, helvetica, sans-serif;font-size: 16px\">MANTENGA SUS SEMILLAS FRESCAS: seque de forma segura las semillas de jard\u00edn sobrantes en bolsas Mylar impermeables con cierre y envuelva paquetes de semillas individualmente para la siembra del pr\u00f3ximo a\u00f1o. Sus semillas tradicionales no transg\u00e9nicas pueden brindarle a\u00f1os de siembra<\/span><\/p>\n<p style=\"line-height: 1.5\"><span style=\"font-family: arial, helvetica, sans-serif;font-size: 16px\">&nbsp;<\/span><\/p>\n<p style=\"line-height: 1.5\"><span style=\"font-family: arial, helvetica, sans-serif;font-size: 16px\">Nuestro compromiso con usted: las semillas y los suelos se cultivan, cosechan y empaquetan en los EE. UU. Nos aseguramos de que puedas crear f\u00e1cilmente tu propio jard\u00edn de hierbas en casa. Nuestro apoyo no termina ah\u00ed, ya que queremos ver crecer sus semillas de vainilla. Nuestro equipo se asegurar\u00e1 de responderle y ayudarle en su viaje de plantaci\u00f3n. Si tus semillas no germinan, av\u00edsanos y te enviaremos una nueva.<\/span><\/p>\n<p style=\"line-height: 1.5\"><span style=\"font-family: arial, helvetica, sans-serif;font-size: 16px\"><\/span><\/p>\n<p style=\"line-height: 1.5\"><span style=\"font-family: arial, helvetica, sans-serif;font-size: 16px\">Cultiva tu propio \u00e1rbol de t\u00e9 de hierbas en casa.<\/span><\/p><\/p>","protected":false},"excerpt":{"rendered":"<p>Kit de semillas de t\u00e9 de hierbas preparado de 13 piezas: es f\u00e1cil: eliminamos las conjeturas sobre el cultivo de hierbas a partir de semillas, gui\u00e1ndolo en cada paso del camino. Todo lo que necesita para traer la alegr\u00eda del t\u00e9 de hierbas a su vida o la de su ser querido en una hermosa bolsa de embalaje. \u00a1Plantalo!<\/p>","protected":false},"featured_media":12665,"comment_status":"closed","ping_status":"closed","template":"","meta":[],"product_cat":[59],"product_tag":[318],"acf":[],"_links":{"self":[{"href":"https:\/\/www.garden-kit.com\/es\/wp-json\/wp\/v2\/product\/4255"}],"collection":[{"href":"https:\/\/www.garden-kit.com\/es\/wp-json\/wp\/v2\/product"}],"about":[{"href":"https:\/\/www.garden-kit.com\/es\/wp-json\/wp\/v2\/types\/product"}],"replies":[{"embeddable":true,"href":"https:\/\/www.garden-kit.com\/es\/wp-json\/wp\/v2\/comments?post=4255"}],"wp:featuredmedia":[{"embeddable":true,"href":"https:\/\/www.garden-kit.com\/es\/wp-json\/wp\/v2\/media\/12665"}],"wp:attachment":[{"href":"https:\/\/www.garden-kit.com\/es\/wp-json\/wp\/v2\/media?parent=4255"}],"wp:term":[{"taxonomy":"product_cat","embeddable":true,"href":"https:\/\/www.garden-kit.com\/es\/wp-json\/wp\/v2\/product_cat?post=4255"},{"taxonomy":"product_tag","embeddable":true,"href":"https:\/\/www.garden-kit.com\/es\/wp-json\/wp\/v2\/product_tag?post=4255"}],"curies":[{"name":"wp","href":"https:\/\/api.w.org\/{rel}","templated":true}]}}