{"id":4265,"date":"2022-10-19T15:52:41","date_gmt":"2022-10-19T07:52:41","guid":{"rendered":"https:\/\/www.garden-kit.com\/product\/flavor-your-own-gin\/"},"modified":"2023-03-31T15:33:31","modified_gmt":"2023-03-31T07:33:31","slug":"gin-infusion-gift-set","status":"publish","type":"product","link":"https:\/\/www.garden-kit.com\/es\/product\/gin-infusion-gift-set\/","title":{"rendered":"Set de regalo de infusi\u00f3n de ginebra"},"content":{"rendered":"<h3 style=\"font-size: 19px\"><span style=\"font-family: arial, helvetica, sans-serif\">Descripci\u00f3n general<\/span><\/h3>\n<p><span id=\"productTitle\" style=\"font-family: arial, helvetica, sans-serif;font-size: 16px\">Kit de infusi\u00f3n de alcohol para hacer ginebra de bricolaje | Presentado en Vogue | 12 especias en vaso | Mixology-Set para Bartender | Regalo perfecto de vodka para hombres | Kits de bricolaje para adultos | Kit de barman | Regalos para hombres y mujeres<\/span><\/p>\n<table border=\"1\" cellspacing=\"0\" style=\"border-collapse: collapse;width: 100%\">\n<tbody>\n<tr>\n<td valign=\"top\" width=\"373\">\n<p><span style=\"font-family: arial, helvetica, sans-serif\">Instrucciones de cuidado del producto<\/span><\/p>\n<\/td>\n<td valign=\"top\" width=\"373\">\n<p><span style=\"font-family: arial, helvetica, sans-serif\">Disponible<\/span><\/p>\n<\/td>\n<\/tr>\n<tr>\n<td valign=\"top\" width=\"373\">\n<p><span style=\"font-family: arial, helvetica, sans-serif\">tipo de producto<\/span><\/p>\n<\/td>\n<td valign=\"top\" width=\"373\">\n<p><span style=\"font-family: arial, helvetica, sans-serif\">KIT PARA HACER GINEBRA<\/span><\/p>\n<\/td>\n<\/tr>\n<tr>\n<td valign=\"top\" width=\"373\">\n<p><span style=\"font-family: arial, helvetica, sans-serif\">Caracter\u00edstica especial<\/span><\/p>\n<\/td>\n<td valign=\"top\" width=\"373\">\n<p><span style=\"font-family: arial, helvetica, sans-serif\">Dale sabor a tu propia botella con TWELVE Botanicals<\/span><\/p>\n<\/td>\n<\/tr>\n<tr>\n<td valign=\"top\" width=\"373\">\n<p><span style=\"font-family: arial, helvetica, sans-serif\">Marca<\/span><\/p>\n<\/td>\n<td valign=\"top\" width=\"373\">\n<p><span style=\"font-family: arial, helvetica, sans-serif\">Juego de jard\u00edn<\/span><\/p>\n<\/td>\n<\/tr>\n<tr>\n<td valign=\"top\" width=\"373\">\n<p><span style=\"font-family: arial, helvetica, sans-serif\">Lugar de origen<\/span><\/p>\n<\/td>\n<td valign=\"top\" width=\"373\">\n<p><span style=\"font-family: arial, helvetica, sans-serif\">Fuji\u00e1n, China<\/span><\/p>\n<\/td>\n<\/tr>\n<tr>\n<td valign=\"top\" width=\"373\">\n<p><span style=\"font-family: arial, helvetica, sans-serif\">ODM\/OEM<\/span><\/p>\n<\/td>\n<td valign=\"top\" width=\"373\">\n<p><span style=\"font-family: arial, helvetica, sans-serif\">Disponible<\/span><\/p>\n<\/td>\n<\/tr>\n<tr>\n<td valign=\"top\" width=\"373\">\n<p><span style=\"font-family: arial, helvetica, sans-serif\">MOQ para pedidos personalizados<\/span><\/p>\n<\/td>\n<td valign=\"top\" width=\"373\">\n<p><span style=\"font-family: arial, helvetica, sans-serif\">3000 piezas<\/span><\/p>\n<\/td>\n<\/tr>\n<tr>\n<td valign=\"top\" width=\"373\">\n<p><span style=\"font-family: arial, helvetica, sans-serif\">costo de la muestra<\/span><\/p>\n<\/td>\n<td valign=\"top\" width=\"373\">\n<p><span style=\"font-family: arial, helvetica, sans-serif\">US$400\/muestra, devoluci\u00f3n completa despu\u00e9s de nuestro pedido<\/span><\/p>\n<\/td>\n<\/tr>\n<\/tbody>\n<\/table>\n<p><span style=\"font-family: arial, helvetica, sans-serif\">&nbsp;<\/span><\/p>\n<h3 style=\"font-size: 19px\"><span style=\"font-family: arial, helvetica, sans-serif\">Descripci\u00f3n<\/span><\/h3>\n<p><span style=\"font-family: arial, helvetica, sans-serif\">HAGA SU PROPIA COSA: rompa con las mezclas de infusi\u00f3n estandarizadas y deje volar su imaginaci\u00f3n y sus papilas gustativas en este kit exclusivo. Lo \u00fanico extra que necesitas es tu creatividad: \u00a1simplemente inyecta un poco de tiempo y un c\u00f3ctel lleno de sabor ser\u00e1 tu recompensa! \u00a1Elige tu esencia bot\u00e1nica favorita y crea tu propia ginebra!<\/span><\/p>\n<p><span style=\"font-family: arial, helvetica, sans-serif\">&nbsp;<\/span><\/p>\n<p><span style=\"font-family: arial, helvetica, sans-serif\">Los siguientes elementos est\u00e1n incluidos en el kit.<\/span><\/p>\n<p><span style=\"font-family: arial, helvetica, sans-serif\">Nuestros 12 bot\u00e1nicos provienen de todo el mundo, algunos de los cuales son realmente dif\u00edciles de encontrar. \u00a1Sin embargo, hemos aceptado el desaf\u00edo de encontrarlos para su mejor experiencia en la elaboraci\u00f3n de ginebra!<\/span><\/p>\n<p><span style=\"font-family: arial, helvetica, sans-serif\">Obtenemos los ingredientes bot\u00e1nicos de ginebra de la m\u00e1s alta calidad de todo el mundo: cardamomo verde \u00b7 flores de hibisco \u00b7 semillas de cilantro \u00b7 pimienta cubeb \u00b7 flores de lavanda \u00b7 laurel \u00b7 piel de naranja \u00b7 pimienta rosa \u00b7 regaliz \u00b7 enebro<\/span><\/p>\n<p><span style=\"font-family: arial, helvetica, sans-serif\">1 tarjeta de instrucciones paso a paso<\/span><\/p>\n<p><span style=\"font-family: arial, helvetica, sans-serif\">1 caja artesanal personalizada<\/span><\/p>\n<p><span style=\"font-family: arial, helvetica, sans-serif\">&nbsp;<\/span><\/p>\n<p><span style=\"font-family: arial, helvetica, sans-serif\">CADA KIT PRODUCE 3 BOTELLAS DE GINEBRA<\/span><span style=\"font-family: arial, helvetica, sans-serif\">&nbsp;<\/span><\/p>\n<p><span style=\"font-family: arial, helvetica, sans-serif\">Ginebra casera: Con nuestra exclusiva planta de ginebras, podr\u00e1s degustar tu propia ginebra y disfrutar de tres botellas con amigos y familiares.<\/span><\/p>\n<p><span style=\"font-family: arial, helvetica, sans-serif\">Incluye 12 plantas ex\u00f3ticas y todo el equipo necesario para que empieces a hacer tu propia ginebra.<\/span><\/p>\n<p><span style=\"font-family: arial, helvetica, sans-serif\">La idea de regalo perfecta para los amantes de la ginebra.<\/span><\/p>\n<p><span style=\"font-family: arial, helvetica, sans-serif\">Artesan\u00eda y empaque de alta calidad: dos botellas de vidrio con corchos de madera, empaque sin pl\u00e1stico, en una caja de cart\u00f3n simple, elegante y sin desperdicios. Viene con un embudo de metal y un paquete completo de instrucciones.<\/span><\/p>\n<p><span style=\"font-family: arial, helvetica, sans-serif\"><\/span><\/p>\n<p>\u00bfC\u00f3mo empezamos?<br \/>Leon, un ingeniero aeroespacial, fue el art\u00edfice de los dos, haciendo un seguimiento de las cosas cuando la exuberante creatividad de Vincent se hab\u00eda trasladado hac\u00eda mucho tiempo al siguiente experimento de laboratorio (un viejo h\u00e1bito de los qu\u00edmicos).<\/p>\n<\/p>\n<p>\u00bfQu\u00e9 hace que nuestros productos sean \u00fanicos?<br \/>En caso de duda, menos es m\u00e1s, \u00a1y lo casero siempre es mejor que lo comprado en la tienda! Simplemente nos gusta experimentar, y tambi\u00e9n con nuestros productos. Simplemente nos gusta experimentar, y queremos transmitir esa alegr\u00eda a nuestros clientes... Nuestros productos tambi\u00e9n son muy especiales como regalo. Despu\u00e9s de todo, \u00a1es el doble de divertido compartir la alegr\u00eda!<\/p><\/p>","protected":false},"excerpt":{"rendered":"<p>HAGA SU PROPIA COSA: rompa con las mezclas de infusi\u00f3n estandarizadas y deje volar su imaginaci\u00f3n y sus papilas gustativas en este kit exclusivo. Lo \u00fanico extra que necesitas es tu creatividad: \u00a1simplemente inyecta un poco de tiempo y un c\u00f3ctel lleno de sabor ser\u00e1 tu recompensa! \u00a1Elige tu esencia bot\u00e1nica favorita y crea tu propia ginebra!<\/p>\n<p>\u00a0<\/p>","protected":false},"featured_media":12672,"comment_status":"closed","ping_status":"closed","template":"","meta":[],"product_cat":[86],"product_tag":[438,440,439,441],"acf":[],"_links":{"self":[{"href":"https:\/\/www.garden-kit.com\/es\/wp-json\/wp\/v2\/product\/4265"}],"collection":[{"href":"https:\/\/www.garden-kit.com\/es\/wp-json\/wp\/v2\/product"}],"about":[{"href":"https:\/\/www.garden-kit.com\/es\/wp-json\/wp\/v2\/types\/product"}],"replies":[{"embeddable":true,"href":"https:\/\/www.garden-kit.com\/es\/wp-json\/wp\/v2\/comments?post=4265"}],"wp:featuredmedia":[{"embeddable":true,"href":"https:\/\/www.garden-kit.com\/es\/wp-json\/wp\/v2\/media\/12672"}],"wp:attachment":[{"href":"https:\/\/www.garden-kit.com\/es\/wp-json\/wp\/v2\/media?parent=4265"}],"wp:term":[{"taxonomy":"product_cat","embeddable":true,"href":"https:\/\/www.garden-kit.com\/es\/wp-json\/wp\/v2\/product_cat?post=4265"},{"taxonomy":"product_tag","embeddable":true,"href":"https:\/\/www.garden-kit.com\/es\/wp-json\/wp\/v2\/product_tag?post=4265"}],"curies":[{"name":"wp","href":"https:\/\/api.w.org\/{rel}","templated":true}]}}