{"id":4409,"date":"2022-10-19T16:05:45","date_gmt":"2022-10-19T08:05:45","guid":{"rendered":"https:\/\/www.garden-kit.com\/product\/garden-kit-paint-plant-flower-growing-kit\/"},"modified":"2023-03-31T15:12:09","modified_gmt":"2023-03-31T07:12:09","slug":"garden-kit-paint-plant-flower-growing-kit","status":"publish","type":"product","link":"https:\/\/www.garden-kit.com\/es\/product\/garden-kit-paint-plant-flower-growing-kit\/","title":{"rendered":"Kit de jard\u00edn Kit de cultivo de flores y pintura"},"content":{"rendered":"<h3 style=\"line-height: 1.5;font-size: 19px\"><span style=\"font-family: arial, helvetica, sans-serif;font-size: 18px\"><strong>Kit de cultivo de flores de pintura y plantas<\/strong><\/span><\/h3>\n<h3 style=\"line-height: 1.5;font-size: 19px\"><span style=\"font-family: arial, helvetica, sans-serif\"><strong>Descripci\u00f3n del producto<\/strong><\/span><\/h3>\n<table border=\"1\" cellspacing=\"0\" style=\"border-collapse: collapse;width: 100%\">\n<tbody>\n<tr>\n<td valign=\"top\" width=\"373\">\n<p><span style=\"font-family: arial, helvetica, sans-serif\">Instrucciones de cuidado del producto<\/span><\/p>\n<\/td>\n<td valign=\"top\" width=\"373\">\n<p><span style=\"font-family: arial, helvetica, sans-serif\">Disponible<\/span><\/p>\n<\/td>\n<\/tr>\n<tr>\n<td valign=\"top\" width=\"373\">\n<p><span style=\"font-family: arial, helvetica, sans-serif\">Tipo de producto vegetal<\/span><\/p>\n<\/td>\n<td valign=\"top\" width=\"373\">\n<p><span style=\"font-family: arial, helvetica, sans-serif\">Flor<\/span><\/p>\n<\/td>\n<\/tr>\n<tr>\n<td valign=\"top\" width=\"373\">\n<p><span style=\"font-family: arial, helvetica, sans-serif\">Caracter\u00edstica especial<\/span><\/p>\n<\/td>\n<td valign=\"top\" width=\"373\">\n<p><span style=\"font-family: arial, helvetica, sans-serif\">Cultivo Interior-Exterior<\/span><\/p>\n<\/td>\n<\/tr>\n<tr>\n<td valign=\"top\" width=\"373\">\n<p><span style=\"font-family: arial, helvetica, sans-serif\">Marca<\/span><\/p>\n<\/td>\n<td valign=\"top\" width=\"373\">\n<p><span style=\"font-family: arial, helvetica, sans-serif\">Juego de jard\u00edn<\/span><\/p>\n<\/td>\n<\/tr>\n<tr>\n<td valign=\"top\" width=\"373\">\n<p><span style=\"font-family: arial, helvetica, sans-serif\">Lugar de origen<\/span><\/p>\n<\/td>\n<td valign=\"top\" width=\"373\">\n<p><span style=\"font-family: arial, helvetica, sans-serif\">Fuji\u00e1n, China<\/span><\/p>\n<\/td>\n<\/tr>\n<tr>\n<td valign=\"top\" width=\"373\">\n<p><span style=\"font-family: arial, helvetica, sans-serif\">ODM\/OEM<\/span><\/p>\n<\/td>\n<td valign=\"top\" width=\"373\">\n<p><span style=\"font-family: arial, helvetica, sans-serif\">Disponible<\/span><\/p>\n<\/td>\n<\/tr>\n<tr>\n<td valign=\"top\" width=\"373\">\n<p><span style=\"font-family: arial, helvetica, sans-serif\">MOQ para pedidos personalizados<\/span><\/p>\n<\/td>\n<td valign=\"top\" width=\"373\">\n<p><span style=\"font-family: arial, helvetica, sans-serif\">3000 piezas<\/span><\/p>\n<\/td>\n<\/tr>\n<tr>\n<td valign=\"top\" width=\"373\">\n<p><span style=\"font-family: arial, helvetica, sans-serif\">costo de la muestra<\/span><\/p>\n<\/td>\n<td valign=\"top\" width=\"373\">\n<p><span style=\"font-family: arial, helvetica, sans-serif\">US$400\/muestra, devoluci\u00f3n completa despu\u00e9s de nuestro pedido<\/span><\/p>\n<\/td>\n<\/tr>\n<\/tbody>\n<\/table>\n<p>&nbsp;<\/p>\n<p style=\"line-height: 1.5\"><span style=\"font-family: arial, helvetica, sans-serif\">Kit de jardiner\u00eda de flores para pintar y cultivar para ni\u00f1os de 28 piezas preparado: todo lo que sus hijos necesitan para traer la alegr\u00eda de cultivar flores a su vida o la de un ser querido. Es simple: nuestras conjeturas sobre el cultivo de flores a partir de semillas, lo guiar\u00e1n en cada paso del camino. \u00a1Plantalo!<\/span><\/p>\n<p>&nbsp;<\/p>\n<h3 style=\"line-height: 1.5;font-size: 19px\"><span style=\"font-family: arial, helvetica, sans-serif\"><strong>Los siguientes art\u00edculos est\u00e1n incluidos en el kit:<\/strong><\/span><\/h3>\n<p style=\"line-height: 1.5\"><span style=\"font-family: arial, helvetica, sans-serif\">3 macetas plantables con bandeja<\/span><\/p>\n<p style=\"line-height: 1.5\"><span style=\"font-family: arial, helvetica, sans-serif\">3 bolsas de semillas<\/span><\/p>\n<p style=\"line-height: 1.5\"><span style=\"font-family: arial, helvetica, sans-serif\">3 discos de suelo<\/span><\/p>\n<p style=\"line-height: 1.5\"><span style=\"font-family: arial, helvetica, sans-serif\">3 etiquetas de plantas<\/span><\/p>\n<p style=\"line-height: 1.5\"><span style=\"font-family: arial, helvetica, sans-serif\">3 pegatinas de transferencia<\/span><\/p>\n<p style=\"line-height: 1.5\"><span style=\"font-family: arial, helvetica, sans-serif\">6 pinturas<\/span><\/p>\n<p style=\"line-height: 1.5\"><span style=\"font-family: arial, helvetica, sans-serif\">2 pinceles<\/span><\/p>\n<p style=\"line-height: 1.5\"><span style=\"font-family: arial, helvetica, sans-serif\">1 paleta de pintura<\/span><\/p>\n<p style=\"line-height: 1.5\"><span style=\"font-family: arial, helvetica, sans-serif\">1 pala<\/span><\/p>\n<p style=\"line-height: 1.5\"><span style=\"font-family: arial, helvetica, sans-serif\">1 botella de agua<\/span><\/p>\n<p style=\"line-height: 1.5\"><span style=\"font-family: arial, helvetica, sans-serif\">1 Gu\u00eda de plantaci\u00f3n paso a paso<\/span><\/p>\n<p style=\"line-height: 1.5\"><span style=\"font-family: arial, helvetica, sans-serif\">1 caja de regalo personalizada<\/span><\/p>\n<p style=\"line-height: 1.5\"><span style=\"font-family: arial, helvetica, sans-serif\">&nbsp;<\/span><\/p>\n<p style=\"line-height: 1.5\"><span style=\"font-family: arial, helvetica, sans-serif\">Kit de pintura y plantaci\u00f3n de flores Garden Kit: nuestro kit de plantaci\u00f3n de flores Garden Kit de 8-12 a\u00f1os est\u00e1 equipado con todo lo que necesita. 3 maceteros, 6 pigmentos de color, 3 adhesivos transfer (negro, color y GID), spray, 2 pinceles, 3 etiquetas, instrucciones, etc.<\/span><\/p>\n<p style=\"line-height: 1.5\">\n<p style=\"line-height: 1.5\"><span style=\"font-family: arial, helvetica, sans-serif\">Pinta y planta tu propio jard\u00edn: \u00bfTe gustan los colores brillantes? \u00bfTe gusta ser creativo? Entonces elige este kit de arte y manualidades. La auto-pintura es una parte muy interesante. \u00a1Plantar tu jard\u00edn y verlo florecer es a\u00fan m\u00e1s emocionante! Consejo: debido a que son plantas de interior, gu\u00e1rdelas en el interior tanto como sea posible.<\/span><\/p>\n<p style=\"line-height: 1.5\">\n<p style=\"line-height: 1.5\"><span style=\"font-family: arial, helvetica, sans-serif\">ACTIVIDADES EDUCATIVAS DIVERTIDAS PARA TODAS LAS EDADES: esta es una gran actividad de arte y manualidades para ni\u00f1os de 4 a 6 a\u00f1os para mantenerlos ocupados durante horas. Aporta creatividad a los ni\u00f1os. \u00a1Pueden pintar en macetas \u00fanicas y ver crecer las flores d\u00eda a d\u00eda! Una excelente manera de mantener a sus hijos alejados de las pantallas. Es divertido y educativo.<\/span><\/p>\n<p style=\"line-height: 1.5\">\n<p style=\"line-height: 1.5\"><span style=\"font-family: arial, helvetica, sans-serif\">FANT\u00c1STICOS REGALOS DE ARTESAN\u00cdA PARA NI\u00d1OS: esta manualidad para ni\u00f1as de 10 a 12 a\u00f1os parece simple pero es muy divertida de usar. Divi\u00e9rtase con sus hijos, divi\u00e9rtase y tenga excelentes actividades familiares. Las manualidades y manualidades de este ni\u00f1o tambi\u00e9n son un gran regalo de proyecto de vapor, Navidad, Pascua y regalo de cumplea\u00f1os para ni\u00f1os.<\/span><\/p>\n<p style=\"line-height: 1.5\">\n<p style=\"line-height: 1.5\"><span style=\"font-family: arial, helvetica, sans-serif\">Satisfacci\u00f3n 100%: Todos los productos Garden Kit vienen con satisfacci\u00f3n 100%. Si tiene alguna pregunta sobre los juguetes para ni\u00f1as de 8 a 12 a\u00f1os, no dude en contactarnos. Definitivamente le proporcionaremos el mejor servicio.<\/span><\/p><\/p>","protected":false},"excerpt":{"rendered":"<p>Kit de jardiner\u00eda de flores para pintar y cultivar para ni\u00f1os de 28 piezas preparado: todo lo que sus hijos necesitan para traer la alegr\u00eda de cultivar flores a su vida o la de un ser querido. Es simple: nuestras conjeturas sobre el cultivo de flores a partir de semillas, lo guiar\u00e1n en cada paso del camino. \u00a1Plantalo!<\/p>","protected":false},"featured_media":12606,"comment_status":"open","ping_status":"closed","template":"","meta":[],"product_cat":[61],"product_tag":[337,336,335,333,334,332],"acf":[],"_links":{"self":[{"href":"https:\/\/www.garden-kit.com\/es\/wp-json\/wp\/v2\/product\/4409"}],"collection":[{"href":"https:\/\/www.garden-kit.com\/es\/wp-json\/wp\/v2\/product"}],"about":[{"href":"https:\/\/www.garden-kit.com\/es\/wp-json\/wp\/v2\/types\/product"}],"replies":[{"embeddable":true,"href":"https:\/\/www.garden-kit.com\/es\/wp-json\/wp\/v2\/comments?post=4409"}],"wp:featuredmedia":[{"embeddable":true,"href":"https:\/\/www.garden-kit.com\/es\/wp-json\/wp\/v2\/media\/12606"}],"wp:attachment":[{"href":"https:\/\/www.garden-kit.com\/es\/wp-json\/wp\/v2\/media?parent=4409"}],"wp:term":[{"taxonomy":"product_cat","embeddable":true,"href":"https:\/\/www.garden-kit.com\/es\/wp-json\/wp\/v2\/product_cat?post=4409"},{"taxonomy":"product_tag","embeddable":true,"href":"https:\/\/www.garden-kit.com\/es\/wp-json\/wp\/v2\/product_tag?post=4409"}],"curies":[{"name":"wp","href":"https:\/\/api.w.org\/{rel}","templated":true}]}}