{"id":6475,"date":"2022-11-07T10:54:10","date_gmt":"2022-11-07T02:54:10","guid":{"rendered":"https:\/\/www.garden-kit.com\/product\/grow-starter-kit\/"},"modified":"2023-03-31T14:44:22","modified_gmt":"2023-03-31T06:44:22","slug":"grow-starter-kit-2","status":"publish","type":"product","link":"https:\/\/www.garden-kit.com\/es\/product\/grow-starter-kit-2\/","title":{"rendered":"Kit de inicio de cultivo"},"content":{"rendered":"<p>KIT DE SEMILLAS DE \u00c1RBOLES BONSAI: TODO LO QUE NECESITAS PARA CULTIVAR 4 HERMOSOS \u00c1RBOLES BONSAI:<\/p>\n<p>El kit de iniciaci\u00f3n Grow Buddha Grow your own Bonsai Tree contiene todos los elementos necesarios para cultivar 4 tipos de hermosos \u00e1rboles Bonsai en una caja. Tambi\u00e9n recibir\u00e1 semillas, macetas, tierra, tijeras, etiquetas de identificaci\u00f3n, una maceta de pl\u00e1stico, un folleto e incluso un libro electr\u00f3nico.<\/p>\n<p>ALTAS TASAS DE GERMINACI\u00d3N (PROBADAS POR NOSOTROS MISMOS): Todas nuestras semillas de bons\u00e1i provienen de China y provienen de viveros acreditados. Hemos probado y germinado las semillas nosotros mismos antes de ofrecer las semillas en cualquiera de nuestros lotes de Bonsai Kit.<\/p>\n<p>INCLUYE BOTE DE BONSAI PREMIUM: a diferencia de otros kits de Bonsai Tree, nuestros kits vienen con un bote de Bonsai Premium elaborado con los m\u00e1s altos est\u00e1ndares.<\/p>\n<p>TOTALMENTE AMIGABLE PARA PRINCIPIANTES: Nuestros kits son ideales para principiantes, maestros y ni\u00f1os por igual. Nos aseguramos de que nuestros kits de bons\u00e1i sean totalmente aptos para principiantes mientras desarrollamos los kits de inicio de bons\u00e1i de Grow Buddha.<\/p>\n<p>UNA IDEA DE REGALO VERDADERAMENTE \u00daNICA: \u00bfConoces a alguien especial que ama las plantas? Imagina su emoci\u00f3n cuando reciban este Bonsai Starter Set \u00fanico y cuidadosamente dise\u00f1ado. Este es un regalo \u00fanico para el d\u00eda de la madre, jardineros, principiantes, ni\u00f1os, mam\u00e1s, pap\u00e1s, abuelos, abuelas, la oficina e incluso los bot\u00e1nicos m\u00e1s experimentados.<\/p>\n<p>CADA KIT DE BONSAI CONTIENE:<\/p>\n<p>\u2705 1 Maceta de Pl\u00e1stico Premium<br \/>\u2705 4 Macetas Biodegradables<br \/>\u2705 4 discos de suelo expandibles<br \/>\u2705 4 tipos de semillas de \u00e1rboles Bonsai + 2 semillas de regalo gratis<br \/>\u2705 5 carteles de etiquetas de plantas.<br \/>\u2705 1 par de podadoras de \u00e1rboles Bonsai<br \/>\u2705 1 manual de instrucciones en r\u00fastica<br \/>\u2705 1 libro electr\u00f3nico completo de bons\u00e1i<br \/>\u2705 Videotutoriales en l\u00ednea<\/p>\n<p>\u00bfPOR QU\u00c9 NUESTRO EQUIPO?<br \/>Garden-kit Bonsai Tree Kit es \u00fanico no solo porque le proporcionamos 4 tipos de semillas de \u00e1rboles Bonsai en un kit de Bonsai, sino que hicimos todo lo posible para asegurarnos de haber proporcionado todo lo que necesitar\u00eda para cultivar su propio \u00e1rbol Bonsai sin comprar algo m\u00e1s.<\/p>\n<p>A diferencia de nuestros competidores, ofrecemos una gran calidad y una buena relaci\u00f3n calidad-precio con nuestro Bonsai Starter Kit. No solo esto, hemos invertido nuestro tiempo y recursos para probar minuciosamente las semillas e intentar cultivarlas antes de aprobar cada lote para la venta.<\/p>\n<p>*** INFORMACI\u00d3N ADICIONAL ***<\/p>\n<p>Cada uno de nuestros clientes recibir\u00e1 un manual de instrucciones completo sobre c\u00f3mo cultivar sus \u00e1rboles Bonsai como una copia de bolsillo dentro de nuestros kits.<\/p>\n<p>PERO ESPERA\u2026. \u00a1\u00a1HAY M\u00c1S!!<\/p>\n<p>Nuestros kits tambi\u00e9n vienen con un libro electr\u00f3nico completo de Bonsai que le ense\u00f1a todo lo que necesita saber sobre el mundo de Bonsai.<\/p>\n<p>\u2705 Totalmente amigable para principiantes<\/p>\n<p>\u2705 Hace una gran idea de regalo<\/p>\n<p>\u2705 Germinaci\u00f3n Garantizada<\/p>\n<p>\u2705 Acceso a videotutoriales paso a paso<\/p>\n<p>\u2705 Instrucciones f\u00e1ciles de seguir<\/p>\n<p>\u2705 Soporte gratuito de expertos en jardiner\u00eda<\/p><\/p>","protected":false},"excerpt":{"rendered":"<p>KIT DE CRECIMIENTO, BONSAI Kit, Bonsai Seeds Grow 4 Tipos de Bonsai Trees Nature Lover Regalo de inauguraci\u00f3n de la casa, Bonsai Tree Starter Kit<\/p>","protected":false},"featured_media":12117,"comment_status":"open","ping_status":"closed","template":"","meta":[],"product_cat":[40],"product_tag":[323],"acf":[],"_links":{"self":[{"href":"https:\/\/www.garden-kit.com\/es\/wp-json\/wp\/v2\/product\/6475"}],"collection":[{"href":"https:\/\/www.garden-kit.com\/es\/wp-json\/wp\/v2\/product"}],"about":[{"href":"https:\/\/www.garden-kit.com\/es\/wp-json\/wp\/v2\/types\/product"}],"replies":[{"embeddable":true,"href":"https:\/\/www.garden-kit.com\/es\/wp-json\/wp\/v2\/comments?post=6475"}],"wp:featuredmedia":[{"embeddable":true,"href":"https:\/\/www.garden-kit.com\/es\/wp-json\/wp\/v2\/media\/12117"}],"wp:attachment":[{"href":"https:\/\/www.garden-kit.com\/es\/wp-json\/wp\/v2\/media?parent=6475"}],"wp:term":[{"taxonomy":"product_cat","embeddable":true,"href":"https:\/\/www.garden-kit.com\/es\/wp-json\/wp\/v2\/product_cat?post=6475"},{"taxonomy":"product_tag","embeddable":true,"href":"https:\/\/www.garden-kit.com\/es\/wp-json\/wp\/v2\/product_tag?post=6475"}],"curies":[{"name":"wp","href":"https:\/\/api.w.org\/{rel}","templated":true}]}}