{"id":6493,"date":"2022-11-07T10:57:40","date_gmt":"2022-11-07T02:57:40","guid":{"rendered":"https:\/\/www.garden-kit.com\/product\/best-seed-starter-kit\/"},"modified":"2023-08-15T20:03:21","modified_gmt":"2023-08-15T12:03:21","slug":"best-seed-starter-kit","status":"publish","type":"product","link":"https:\/\/www.garden-kit.com\/es\/product\/best-seed-starter-kit\/","title":{"rendered":"El mejor kit de inicio de semillas"},"content":{"rendered":"<h3 style=\"line-height: 1.5;font-size: 19px\"><span style=\"font-family: arial, helvetica, sans-serif\">KIT DE INICIO DE \u00c1RBOL BONSAI<\/span><\/h3>\n<p style=\"line-height: 1.5\"><span style=\"font-family: arial, helvetica, sans-serif\">Cultive f\u00e1cilmente 8 variedades de \u00e1rboles bons\u00e1i en casa<\/span><\/p>\n<p style=\"line-height: 1.5\"><span style=\"font-family: arial, helvetica, sans-serif\">Grow Buddha ha seleccionado cuidadosamente 8 de los \u00e1rboles bons\u00e1i m\u00e1s bellos y f\u00e1ciles de cultivar de todo el mundo para crear un kit inicial de \u00e1rbol bons\u00e1i \u00fanico. Cualquiera puede cultivar nuestras variedades de Bons\u00e1i seleccionadas a mano. Tanto si eres principiante como si eres un bot\u00e1nico experimentado, nuestras semillas de Bons\u00e1i no te decepcionar\u00e1n.<\/span><\/p>\n<p style=\"line-height: 1.5\"><span style=\"font-family: arial, helvetica, sans-serif\">Nuestros kits incluyen Video Tutoriales f\u00e1ciles de seguir sobre c\u00f3mo germinar cada variedad de semillas. Tambi\u00e9n hemos incluido un libro electr\u00f3nico sobre bons\u00e1i que le ense\u00f1a todo lo que necesita saber sobre el mundo del bons\u00e1i.<\/span><\/p>\n<h3 style=\"line-height: 1.5;font-size: 19px\"><span style=\"font-family: arial, helvetica, sans-serif\">CADA KIT CONTIENE:<\/span><\/h3>\n<p style=\"line-height: 1.5\"><span style=\"font-family: arial, helvetica, sans-serif\">8 variedades de semillas de bons\u00e1i<\/span><br \/><span style=\"font-family: arial, helvetica, sans-serif\">Tutoriales en v\u00eddeo<\/span><br \/><span style=\"font-family: arial, helvetica, sans-serif\">Libro electronico<\/span><br \/><span style=\"font-family: arial, helvetica, sans-serif\">Manual de instrucciones<\/span><br \/><span style=\"font-family: arial, helvetica, sans-serif\">Tijeras para bonsais<\/span><br \/><span style=\"font-family: arial, helvetica, sans-serif\">8 macetas biodegradables<\/span><br \/><span style=\"font-family: arial, helvetica, sans-serif\">8 discos de suelo<\/span><br \/><span style=\"font-family: arial, helvetica, sans-serif\">10 etiquetas de nombre<\/span><\/p>\n<h3 style=\"line-height: 1.5;font-size: 19px\"><span style=\"font-family: arial, helvetica, sans-serif\">\u00bfPOR QU\u00c9 NUESTRO EQUIPO?<\/span><\/h3>\n<p style=\"line-height: 1.5\"><span style=\"font-family: arial, helvetica, sans-serif\">Este kit de \u00e1rbol de bons\u00e1i es \u00fanico no solo porque le proporcionamos 4 tipos de semillas de \u00e1rboles de bons\u00e1i en un solo kit de bons\u00e1i, sino que hicimos todo lo posible para asegurarnos de brindarle todo lo que necesitar\u00eda para cultivar su propio \u00e1rbol de bons\u00e1i sin comprar nada m\u00e1s. .<\/span><\/p>\n<p style=\"line-height: 1.5\"><span style=\"font-family: arial, helvetica, sans-serif\">A diferencia de nuestros competidores, ofrecemos una gran calidad y una buena relaci\u00f3n calidad-precio con nuestro Bonsai Starter Kit. No solo esto, hemos invertido nuestro tiempo y recursos para probar minuciosamente las semillas e intentar cultivarlas antes de aprobar cada lote para la venta.<\/span><\/p>\n<h2 style=\"font-size: 20px\">Exquisito kit de germinaci\u00f3n de semillas: patrones \u00fanicos adaptados a sus necesidades<\/h2>\n<p>En la b\u00fasqueda de una vida ecol\u00f3gica y la autosuficiencia, estamos orgullosos de presentar nuestro exquisito kit de germinaci\u00f3n de semillas, que le ofrece infinitas posibilidades. Nuestros kits son m\u00e1s que una simple pila de semillas, son un viaje para descubrir la belleza de la vida. Entendemos que cada comprador tiene una filosof\u00eda y un gusto de cultivo \u00fanicos, por lo que ofrecemos una gama completa de producci\u00f3n personalizable para que su kit de germinaci\u00f3n de semillas sea \u00fanico.<\/p>\n<h2 style=\"font-size: 20px\">\u00bfPor qu\u00e9 elegir nuestros kits de germinaci\u00f3n de semillas?<\/h2>\n<p>Personalizaci\u00f3n \u00fanica: entendemos que las necesidades de cada comprador son \u00fanicas, por lo que nuestros kits de germinaci\u00f3n de semillas se pueden personalizar para satisfacer sus necesidades. Puede elegir la variedad, cantidad y proporci\u00f3n de semillas, e incluso dise\u00f1ar su propio empaque y etiquetado para los kits, infundi\u00e9ndoles su marca o personalidad.<\/p>\n<p>GARANT\u00cdA DE CALIDAD: Respaldamos la alta calidad de nuestras semillas, asegurando que cada una tenga excelentes tasas de germinaci\u00f3n y potencial de crecimiento. Las semillas se seleccionan cuidadosamente para garantizar que obtenga plantas sanas y vigorosas.<\/p>\n<p>ASESORAMIENTO Y ORIENTACI\u00d3N PROFESIONAL: Nuestro equipo de horticultores experimentados le brindar\u00e1 asesoramiento experto sobre plantaci\u00f3n, cuidado y manejo para ayudarlo a lograr una buena cosecha.<\/p>\n<h2 style=\"font-size: 20px\">caracter\u00edsticas del kit:<\/h2>\n<p>Selecci\u00f3n de variedades:<\/p>\n<p>Contamos con una amplia variedad de variedades de semillas, incluidas flores, vegetales, hierbas, etc., para satisfacer sus diferentes necesidades y est\u00e9ticas de siembra.<\/p>\n<\/p>\n<p>Tecnolog\u00eda de germinaci\u00f3n eficiente:<\/p>\n<p>Con nuestra tecnolog\u00eda avanzada, las semillas del juego pueden germinar de manera r\u00e1pida y uniforme, sentando una buena base para el crecimiento saludable de las plantas.<\/p>\n<\/p>\n<p>Materiales ecol\u00f3gicos:<\/p>\n<p>Nos centramos en el desarrollo sostenible y todos los materiales de embalaje del juego son respetuosos con el medio ambiente, lo que protege tanto las plantas como la tierra.<\/p>\n<\/p>\n<p>Embalaje personalizado:<\/p>\n<p>Ya sea como regalo o como canal de venta, puedes dise\u00f1ar un packaging personalizado para el kit para hacer m\u00e1s atractivo tu kit de germinaci\u00f3n de semillas.<\/p>\n<\/p>\n<p>Tus plantas sue\u00f1an, nosotros las creamos contigo. Ya sea que desee cultivar hermosas flores en el jard\u00edn de su casa o cultivar vegetales frescos en el balc\u00f3n de su ciudad, nuestros exquisitos kits de germinaci\u00f3n de semillas ser\u00e1n su mano derecha. \u00a1Creemos juntos un futuro verde y vibrante!<\/p>\n<p style=\"line-height: 1.5\">","protected":false},"excerpt":{"rendered":"<p>KIT DE INICIO DE SEMILLAS, kit de germinaci\u00f3n, 8 variedades de kit de inicio de semillas de bons\u00e1i de Buda, maceta de \u00e1rbol de bons\u00e1i amigable para principiantes<\/p>","protected":false},"featured_media":16037,"comment_status":"open","ping_status":"closed","template":"","meta":[],"product_cat":[40],"product_tag":[621,619,623,620,618,324,624,622,625],"acf":[],"_links":{"self":[{"href":"https:\/\/www.garden-kit.com\/es\/wp-json\/wp\/v2\/product\/6493"}],"collection":[{"href":"https:\/\/www.garden-kit.com\/es\/wp-json\/wp\/v2\/product"}],"about":[{"href":"https:\/\/www.garden-kit.com\/es\/wp-json\/wp\/v2\/types\/product"}],"replies":[{"embeddable":true,"href":"https:\/\/www.garden-kit.com\/es\/wp-json\/wp\/v2\/comments?post=6493"}],"wp:featuredmedia":[{"embeddable":true,"href":"https:\/\/www.garden-kit.com\/es\/wp-json\/wp\/v2\/media\/16037"}],"wp:attachment":[{"href":"https:\/\/www.garden-kit.com\/es\/wp-json\/wp\/v2\/media?parent=6493"}],"wp:term":[{"taxonomy":"product_cat","embeddable":true,"href":"https:\/\/www.garden-kit.com\/es\/wp-json\/wp\/v2\/product_cat?post=6493"},{"taxonomy":"product_tag","embeddable":true,"href":"https:\/\/www.garden-kit.com\/es\/wp-json\/wp\/v2\/product_tag?post=6493"}],"curies":[{"name":"wp","href":"https:\/\/api.w.org\/{rel}","templated":true}]}}