{"id":6526,"date":"2022-11-07T11:09:42","date_gmt":"2022-11-07T03:09:42","guid":{"rendered":"https:\/\/www.garden-kit.com\/product\/bonsai-trio-kit-2\/"},"modified":"2023-04-11T17:02:29","modified_gmt":"2023-04-11T09:02:29","slug":"bonsai-trio-kit","status":"publish","type":"product","link":"https:\/\/www.garden-kit.com\/es\/product\/bonsai-trio-kit\/","title":{"rendered":"Kit de tr\u00edo de bons\u00e1is"},"content":{"rendered":"<h3 style=\"font-size: 19px;line-height: 1.5\"><span style=\"font-family: arial, helvetica, sans-serif;font-size: 16px\">Acerca de este art\u00edculo<\/span><\/h3>\n<ul class=\"a-unordered-list a-vertical a-spacing-mini\" style=\"margin: 0px 0px 0px 18px;color: #0f1111;padding: 0px;font-family: 'Amazon Ember', Arial, sans-serif;font-size: 14px;background-color: #ffffff\">\n<li style=\"list-style-type: disc;margin: 0px\"><span class=\"a-list-item\" style=\"color: #0f1111;font-family: arial, helvetica, sans-serif;font-size: 16px\">Nuestro exclusivo kit de bons\u00e1i para cultivar tu propio incluye semillas para 3 tipos diferentes de bons\u00e1is distintivos; Abedul plateado, arce rojo y pino de monta\u00f1a.<\/span><\/li>\n<li style=\"list-style-type: disc;margin: 0px\"><span class=\"a-list-item\" style=\"color: #0f1111;font-family: arial, helvetica, sans-serif;font-size: 16px\">Con 6 macetas de cultivo, 6 discos de turba, 6 marcadores y 6 bolsas propagadoras sellables, tendr\u00e1s todo lo que necesitas para cultivar tus propias hermosas miniaturas ornamentales.<\/span><\/li>\n<li style=\"list-style-type: disc;margin: 0px\"><span class=\"a-list-item\" style=\"color: #0f1111;font-family: arial, helvetica, sans-serif;font-size: 16px\">Nuestras resistentes semillas de bons\u00e1i se pueden cultivar en interiores o exteriores. Ideal tanto para jardineros nuevos como para expertos, el espacio y el clima no ser\u00e1n un problema con nuestro kit de cultivo.<\/span><\/li>\n<li style=\"list-style-type: disc;margin: 0px\"><span class=\"a-list-item\" style=\"color: #0f1111;font-family: arial, helvetica, sans-serif;font-size: 16px\">\u00bfBusca regalos de jard\u00edn divertidos e inusuales para mujeres y hombres? Para cumplea\u00f1os, inauguraciones de casas o simplemente porque s\u00ed, estos \u00e1rboles bons\u00e1i siguen dando.<\/span><\/li>\n<li style=\"list-style-type: disc;margin: 0px\"><span style=\"font-family: arial, helvetica, sans-serif\"><span class=\"a-list-item\" style=\"color: #0f1111;font-size: 16px\">Si tiene alguna pregunta sobre su kit de bons\u00e1i, cada juego viene con consejos sobre c\u00f3mo sembrar y cultivar, adem\u00e1s nuestro equipo de Plant Theatre est\u00e1 disponible para ayudarlo.<\/span><span class=\"a-list-item\" style=\"color: #0f1111;font-size: 16px\"><\/span><\/span><\/li>\n<\/ul>\n<h3 style=\"padding: 0px 0px 4px;margin: 3px 0px 7px;line-height: 1.5;font-family: 'Amazon Ember', Arial, sans-serif;background-color: #ffffff;font-size: 19px;color: #cc6600\"><\/h3>\n<div class=\"a-row a-spacing-top-base\" style=\"width: 1464px;color: #0f1111;font-family: 'Amazon Ember', Arial, sans-serif;font-size: 14px;background-color: #ffffff;margin-top: 12px;line-height: 1.5\">\n<div class=\"a-column a-span6\" style=\"margin-right: 29.2656px;float: left;min-height: 1px;overflow: visible;width: 716.594px\">\n<div class=\"a-row a-spacing-base\" style=\"width: 716.594px;margin-bottom: 12px\">\n<div class=\"a-row a-expander-container a-expander-extend-container\" style=\"width: 716.594px\">\n<div class=\"a-row\" style=\"width: 716.594px\">\n<div class=\"a-column a-span6\" style=\"margin-right: 28.6562px;float: left;min-height: 1px;overflow: visible;width: 343.688px\">\n<h3 class=\"a-size-medium a-spacing-small\" style=\"padding: 0px;margin: 0px 0px 8px;font-size: 19px;line-height: 24px\"><span style=\"font-family: arial, helvetica, sans-serif\">Detalles t\u00e9cnicos<\/span><\/h3>\n<\/div>\n<\/div>\n<div class=\"a-expander-content a-expander-extend-content\">\n<div class=\"a-row a-expander-container a-expander-inline-container\" style=\"width: 716.594px\">\n<div class=\"a-expander-content a-expander-section-content a-section-expander-inner\" style=\"padding: 12px 18px\">\n<table id=\"productDetails_techSpec_section_1\" class=\"a-keyvalue prodDetTable\" role=\"presentation\" cellpadding=\"7px 14px 6px\" style=\"border-collapse: collapse;width: 100%\">\n<tbody>\n<tr>\n<th class=\"a-color-secondary a-size-base prodDetSectionEntry\" style=\"vertical-align: top;text-align: left;padding: 7px 14px 6px;color: #0f1111;background-color: #f0f2f2;border-top: 1px solid #bbbfbf;max-width: 200px;width: 340.297px;font-size: 14px;line-height: 20px\"><span style=\"font-family: arial, helvetica, sans-serif\">Dimensiones del producto<\/span><\/th>\n<td class=\"a-size-base prodDetAttrValue\" style=\"vertical-align: top;padding: 7px 14px 6px;border-top: 1px solid #bbbfbf;color: #333333;max-width: 200px;font-size: 14px;line-height: 20px\"><span style=\"font-family: arial, helvetica, sans-serif\">\u200e12,5 x 10 x 14,5 cm; 140 gramos<\/span><\/td>\n<\/tr>\n<tr>\n<th class=\"a-color-secondary a-size-base prodDetSectionEntry\" style=\"vertical-align: top;text-align: left;padding: 7px 14px 6px;color: #0f1111;background-color: #f0f2f2;border-top: 1px solid #bbbfbf;max-width: 200px;width: 340.297px;font-size: 14px;line-height: 20px\"><span style=\"font-family: arial, helvetica, sans-serif\">Tipo de material<\/span><\/th>\n<td class=\"a-size-base prodDetAttrValue\" style=\"vertical-align: top;padding: 7px 14px 6px;border-top: 1px solid #bbbfbf;color: #333333;max-width: 200px;font-size: 14px;line-height: 20px\"><span style=\"font-family: arial, helvetica, sans-serif\">\u200eKit de \u00e1rbol bons\u00e1i<\/span><\/td>\n<\/tr>\n<tr>\n<th class=\"a-color-secondary a-size-base prodDetSectionEntry\" style=\"vertical-align: top;text-align: left;padding: 7px 14px 6px;color: #0f1111;background-color: #f0f2f2;border-top: 1px solid #bbbfbf;max-width: 200px;width: 340.297px;font-size: 14px;line-height: 20px\"><span style=\"font-family: arial, helvetica, sans-serif\">Periodo de floraci\u00f3n esperado<\/span><\/th>\n<td class=\"a-size-base prodDetAttrValue\" style=\"vertical-align: top;padding: 7px 14px 6px;border-top: 1px solid #bbbfbf;color: #333333;max-width: 200px;font-size: 14px;line-height: 20px\"><span style=\"font-family: arial, helvetica, sans-serif\">\u200eoto\u00f1o<\/span><\/td>\n<\/tr>\n<tr>\n<th class=\"a-color-secondary a-size-base prodDetSectionEntry\" style=\"vertical-align: top;text-align: left;padding: 7px 14px 6px;color: #0f1111;background-color: #f0f2f2;border-top: 1px solid #bbbfbf;max-width: 200px;width: 340.297px;font-size: 14px;line-height: 20px\"><span style=\"font-family: arial, helvetica, sans-serif\">Exposici\u00f3n a la luz solar<\/span><\/th>\n<td class=\"a-size-base prodDetAttrValue\" style=\"vertical-align: top;padding: 7px 14px 6px;border-top: 1px solid #bbbfbf;color: #333333;max-width: 200px;font-size: 14px;line-height: 20px\"><span style=\"font-family: arial, helvetica, sans-serif\">\u200ePleno sol, sombra parcial<\/span><\/td>\n<\/tr>\n<tr>\n<th class=\"a-color-secondary a-size-base prodDetSectionEntry\" style=\"vertical-align: top;text-align: left;padding: 7px 14px 6px;color: #0f1111;background-color: #f0f2f2;border-top: 1px solid #bbbfbf;max-width: 200px;width: 340.297px;font-size: 14px;line-height: 20px\"><span style=\"font-family: arial, helvetica, sans-serif\">Fabricante<\/span><\/th>\n<td class=\"a-size-base prodDetAttrValue\" style=\"vertical-align: top;padding: 7px 14px 6px;border-top: 1px solid #bbbfbf;color: #333333;max-width: 200px;font-size: 14px;line-height: 20px\"><span style=\"font-family: arial, helvetica, sans-serif\">\u200eTeatro de Plantas<\/span><\/td>\n<\/tr>\n<\/tbody>\n<\/table>\n<\/div>\n<\/div>\n<\/div>\n<\/div>\n<\/div>\n<\/div>\n<\/div>\n<p style=\"line-height: 1.5\">","protected":false},"excerpt":{"rendered":"<p>Plant Theatre Bonsai Tree Kit - Juego de 3 \u00e1rboles para principiantes con semillas de bons\u00e1i, bloques de turba, macetas y marcadores - Regalos de jardiner\u00eda para hombres y mujeres<\/p>","protected":false},"featured_media":13925,"comment_status":"closed","ping_status":"closed","template":"","meta":[],"product_cat":[40],"product_tag":[634,326,633,105,635,636,632,638,637],"acf":[],"_links":{"self":[{"href":"https:\/\/www.garden-kit.com\/es\/wp-json\/wp\/v2\/product\/6526"}],"collection":[{"href":"https:\/\/www.garden-kit.com\/es\/wp-json\/wp\/v2\/product"}],"about":[{"href":"https:\/\/www.garden-kit.com\/es\/wp-json\/wp\/v2\/types\/product"}],"replies":[{"embeddable":true,"href":"https:\/\/www.garden-kit.com\/es\/wp-json\/wp\/v2\/comments?post=6526"}],"wp:featuredmedia":[{"embeddable":true,"href":"https:\/\/www.garden-kit.com\/es\/wp-json\/wp\/v2\/media\/13925"}],"wp:attachment":[{"href":"https:\/\/www.garden-kit.com\/es\/wp-json\/wp\/v2\/media?parent=6526"}],"wp:term":[{"taxonomy":"product_cat","embeddable":true,"href":"https:\/\/www.garden-kit.com\/es\/wp-json\/wp\/v2\/product_cat?post=6526"},{"taxonomy":"product_tag","embeddable":true,"href":"https:\/\/www.garden-kit.com\/es\/wp-json\/wp\/v2\/product_tag?post=6526"}],"curies":[{"name":"wp","href":"https:\/\/api.w.org\/{rel}","templated":true}]}}