{"id":6531,"date":"2022-11-07T11:15:52","date_gmt":"2022-11-07T03:15:52","guid":{"rendered":"https:\/\/www.garden-kit.com\/product\/diy-christmas-tree-kit\/"},"modified":"2023-03-31T14:44:16","modified_gmt":"2023-03-31T06:44:16","slug":"diy-christmas-tree-kit","status":"publish","type":"product","link":"https:\/\/www.garden-kit.com\/es\/product\/diy-christmas-tree-kit\/","title":{"rendered":"Kit de \u00e1rbol de Navidad de bricolaje"},"content":{"rendered":"<h3 style=\"text-align: justify;font-size: 19px\">Detalles t\u00e9cnicos<\/h3>\n<p style=\"text-align: justify\">Contenido: Semillas de \u00e1rboles (Picea abies), 2 macetas, 4 gr\u00e1nulos de tierra, 1 bolsa de pl\u00e1stico sellable<\/p>\n<p style=\"line-height: 1.5;text-align: justify\"><span style=\"font-family: arial, helvetica, sans-serif\"><img decoding=\"async\" src=\"https:\/\/data.adwebcloud.com\/public\/material\/2206293ihquj\/product\/14105_MG_6186_1667790667537.jpg\" alt=\"ejemplo\" width=\"500\" title=\"\"><img decoding=\"async\" src=\"https:\/\/data.adwebcloud.com\/public\/material\/2206293ihquj\/product\/14105_MG_6183_1667790661839.jpg\" alt=\"ejemplo\" width=\"500\" title=\"\"> &nbsp;<\/span><\/p>\n<h3 style=\"text-align: justify;font-size: 19px\">Tu propio kit de \u00e1rbol de Navidad de bricolaje<\/h3>\n<p style=\"text-align: justify\">El set para cultivar tu propio \u00e1rbol de Navidad incluye semillas, dos macetas de turba, gr\u00e1nulos de tierra e instrucciones para el riego regular y el cuidado que te asegurar\u00e1n una feliz Navidad ;)<br \/>\u00a1La Navidad no puede llamarse Navidad sin un \u00e1rbol de Navidad! Incluso si es solo un pobre \u00e1rbol, o incluso solo una ramita, nunca puedes sentir el esp\u00edritu navide\u00f1o sin el olor de la madera real, las agujas en el suelo y la savia en tus dedos.<\/p>\n<p style=\"text-align: justify\">Aunque no son baratos, \u00bfverdad?<\/p>\n<p style=\"text-align: justify\">Si no quiere gastar cantidades rid\u00edculas de dinero en los bolsillos de los vendedores de \u00e1rboles, este kit &quot;Cultiva tu propio \u00e1rbol de Navidad&quot; es una gran opci\u00f3n. \u00a1Encontrar\u00e1s todo lo que necesitas para cultivar un \u00e1rbol de tama\u00f1o real! Todo lo que tienes que hacer es seguir las instrucciones para plantar las semillas. \u00a1Simplemente siga las instrucciones, plante las semillas en las macetas incluidas y estar\u00e1 listo para decorar su propio \u00e1rbol a tiempo para la pr\u00f3xima Navidad!<\/p>\n<p style=\"text-align: justify\">Tenga en cuenta: un \u00e1rbol necesita tiempo para crecer y desarrollarse completamente. (Por favor, no compre este juego a principios de diciembre y espere tener un \u00e1rbol en sus manos para el 24;).<\/p>\n<p style=\"line-height: 1.5;text-align: center\"><span style=\"font-family: arial, helvetica, sans-serif\"><img decoding=\"async\" src=\"https:\/\/data.adwebcloud.com\/public\/material\/2206293ihquj\/product\/wtmftreefarm_1667790672452.jpg\" alt=\"ejemplo\" width=\"1000\" title=\"\"> <\/span><\/p>\n<h3 style=\"font-size: 19px\">Notas del kit de \u00e1rbol de Navidad de bricolaje:<\/h3>\n<p>Ya sabes que tu \u00e1rbol de Navidad DIY necesita estar preparado con anticipaci\u00f3n, y no hay forma de tenerlo de inmediato. Entonces, \u00bfc\u00f3mo debes cultivarlo para que puedas cosechar el \u00e1rbol de Navidad plantado por ti mismo en Navidad?<\/p>\n<ol>\n<li>Los \u00e1rboles de Navidad son amantes del agua. Durante el proceso de crecimiento, tienen una gran demanda de agua. Puedes regar las plantas cada 5 d\u00edas para mantener la tierra h\u00fameda y evitar que a los \u00e1rboles de Navidad les falte agua y crezcan mal.<\/li>\n<li>Si quieres que el kit de \u00e1rbol de Navidad DIY crezca con m\u00e1s vigor, debes proporcionarle los nutrientes suficientes para mantener el crecimiento normal de la planta. Puede aplicar fertilizante l\u00edquido descompuesto al \u00e1rbol de Navidad cada dos meses.<\/li>\n<li>Al cultivar un \u00e1rbol de Navidad, es necesario podarlo. Puede usar tijeras afiladas para acortar las ramas demasiado grandes de la planta para reducir el consumo de nutrientes para el \u00e1rbol de Navidad. Despu\u00e9s de la poda, debe aplicar carbendazim en la herida de la planta para evitar que crezca el \u00e1rbol de Navidad. Una herida se infecta con bacterias.<\/li>\n<\/ol>\n<p style=\"text-align: justify\">\u00a1Mientras cultive cuidadosamente su kit de \u00e1rbol de Navidad, creo que traer\u00e1 m\u00e1s alegr\u00eda a su familia en Navidad!<\/p>","protected":false},"excerpt":{"rendered":"<p>Haz crecer tus propios \u00e1rboles de Navidad Un \u00e1rbol de Navidad hecho por ti mismo: \u00a1este set lo hace posible!<\/p><\/p>","protected":false},"featured_media":12116,"comment_status":"open","ping_status":"closed","template":"","meta":[],"product_cat":[40],"product_tag":[327],"acf":[],"_links":{"self":[{"href":"https:\/\/www.garden-kit.com\/es\/wp-json\/wp\/v2\/product\/6531"}],"collection":[{"href":"https:\/\/www.garden-kit.com\/es\/wp-json\/wp\/v2\/product"}],"about":[{"href":"https:\/\/www.garden-kit.com\/es\/wp-json\/wp\/v2\/types\/product"}],"replies":[{"embeddable":true,"href":"https:\/\/www.garden-kit.com\/es\/wp-json\/wp\/v2\/comments?post=6531"}],"wp:featuredmedia":[{"embeddable":true,"href":"https:\/\/www.garden-kit.com\/es\/wp-json\/wp\/v2\/media\/12116"}],"wp:attachment":[{"href":"https:\/\/www.garden-kit.com\/es\/wp-json\/wp\/v2\/media?parent=6531"}],"wp:term":[{"taxonomy":"product_cat","embeddable":true,"href":"https:\/\/www.garden-kit.com\/es\/wp-json\/wp\/v2\/product_cat?post=6531"},{"taxonomy":"product_tag","embeddable":true,"href":"https:\/\/www.garden-kit.com\/es\/wp-json\/wp\/v2\/product_tag?post=6531"}],"curies":[{"name":"wp","href":"https:\/\/api.w.org\/{rel}","templated":true}]}}