{"id":6538,"date":"2022-11-07T11:35:02","date_gmt":"2022-11-07T03:35:02","guid":{"rendered":"https:\/\/www.garden-kit.com\/product\/succulent-seed-kit\/"},"modified":"2023-03-31T14:42:21","modified_gmt":"2023-03-31T06:42:21","slug":"grow-your-own-cactus-kit","status":"publish","type":"product","link":"https:\/\/www.garden-kit.com\/es\/product\/grow-your-own-cactus-kit\/","title":{"rendered":"Kit para cultivar tu propio cactus"},"content":{"rendered":"<p style=\"line-height: 1.5\"><span style=\"font-family: arial, helvetica, sans-serif\">Por favor cont\u00e1ctenos para asegurarse de que este producto cumpla con los requisitos.<\/span><br \/><span style=\"font-family: arial, helvetica, sans-serif\">Elegido cuidadosamente: \u00a1el favorito de los aficionados! Los amantes de las plantas reconocidos y aquellos que reci\u00e9n comienzan aprecian la belleza atemporal de estos conjuntos de semillas suculentas de cosecha propia y los declaran una &quot;forma alegre de disfrutar de un pasatiempo relajado&quot; y un &quot;regalo querido&quot; para el D\u00eda del Padre, cumplea\u00f1os, d\u00edas festivos o como regalo de agradecimiento para amigos.<\/span><br \/><span style=\"font-family: arial, helvetica, sans-serif\">Todo lo que necesitas para hacer crecer el amor. El kit de inicio premium para cactus y suculentas no requiere un viaje a la tienda; proporciona todos los beneficios que necesitas para experimentar el puro placer de las plantas: 4 macetas, 4 bandejas de goteo, 4 marcadores de plantas, 1 mezcla de semillas de cactus, 1 mezcla de semillas de suculentas, tierra de turba, bolsas de perlita, algas marinas (fertilizante) e instrucciones de cultivo s\u00faper sencillas. .<\/span><\/p>\n<p style=\"line-height: 1.5\"><span style=\"font-family: arial, helvetica, sans-serif\"><\/span><\/p>\n<table class=\"woocommerce-product-attributes shop_attributes\" style=\"border-collapse: collapse;width: 100%;background-color: #ffffff;border-style: dotted;margin-left: auto;margin-right: auto\">\n<tbody style=\"margin: 0px;padding: 0px;border-width: 0px;font-style: inherit;font-weight: inherit;font-size: inherit;line-height: inherit;font-family: inherit;vertical-align: baseline\">\n<tr class=\"woocommerce-product-attributes-item woocommerce-product-attributes-item--attribute_pa_package-dimensions\" style=\"margin: 0px;padding: 0px;border-width: 0px;font-style: inherit;font-weight: inherit;font-size: inherit;line-height: inherit;font-family: inherit;vertical-align: baseline\">\n<th class=\"woocommerce-product-attributes-item__label\" style=\"margin: 0px;padding: 8px 20px;border-width: 0px 1px 1px 0px;border-right-style: dotted;border-bottom-style: dotted;font-style: inherit;font-weight: bold;font-size: inherit;line-height: 1.5em;font-family: inherit;vertical-align: middle;text-align: right;width: 535.141px\">Dimensiones del paquete<\/th>\n<td class=\"woocommerce-product-attributes-item__value\" style=\"margin: 0px;padding: 8px 10px;border-top-width: 0px;border-right-style: none;border-left-width: 0px;font-style: inherit;font-weight: inherit;font-size: inherit;line-height: 1.5em;font-family: inherit;vertical-align: baseline\">\n<p style=\"margin: 0px;padding: 0px;border-width: 0px;font-style: inherit;font-weight: inherit;font-size: 16px;line-height: 28px;font-family: inherit;vertical-align: baseline\"><a href=\"https:\/\/healthingarden.com\/package-dimensions\/6-89-x-5-35-x-3-66-inches\/\" rel=\"tag nofollow noopener\" style=\"margin: 0px;padding: 0px;border-width: 0px;font-style: inherit;font-weight: inherit;font-size: inherit;line-height: inherit;font-family: inherit;vertical-align: baseline;color: #5cb431\" target=\"_blank\">6,89x5,35x3,66 pulgadas<\/a><\/p>\n<\/td>\n<\/tr>\n<tr class=\"woocommerce-product-attributes-item woocommerce-product-attributes-item--attribute_pa_item-weight\" style=\"margin: 0px;padding: 0px;border-width: 0px;font-style: inherit;font-weight: inherit;font-size: inherit;line-height: inherit;font-family: inherit;vertical-align: baseline\">\n<th class=\"woocommerce-product-attributes-item__label\" style=\"margin: 0px;padding: 8px 20px;border-width: 0px 1px 1px 0px;border-right-style: dotted;border-bottom-style: dotted;font-style: inherit;font-weight: bold;font-size: inherit;line-height: 1.5em;font-family: inherit;vertical-align: middle;text-align: right;width: 535.141px\">Peso del art\u00edculo<\/th>\n<td class=\"woocommerce-product-attributes-item__value\" style=\"margin: 0px;padding: 8px 10px;border-top-width: 0px;border-right-style: none;border-left-width: 0px;font-style: inherit;font-weight: inherit;font-size: inherit;line-height: 1.5em;font-family: inherit;vertical-align: baseline\">\n<p style=\"margin: 0px;padding: 0px;border-width: 0px;font-style: inherit;font-weight: inherit;font-size: 16px;line-height: 28px;font-family: inherit;vertical-align: baseline\"><a href=\"https:\/\/healthingarden.com\/item-weight\/10-2-ounces\/\" rel=\"tag nofollow noopener\" style=\"margin: 0px;padding: 0px;border-width: 0px;font-style: inherit;font-weight: inherit;font-size: inherit;line-height: inherit;font-family: inherit;vertical-align: baseline;color: #5cb431\" target=\"_blank\">10,2 onzas<\/a><\/p>\n<\/td>\n<\/tr>\n<tr class=\"woocommerce-product-attributes-item woocommerce-product-attributes-item--attribute_pa_manufacturer\" style=\"margin: 0px;padding: 0px;border-width: 0px;font-style: inherit;font-weight: inherit;font-size: inherit;line-height: inherit;font-family: inherit;vertical-align: baseline\">\n<th class=\"woocommerce-product-attributes-item__label\" style=\"margin: 0px;padding: 8px 20px;border-width: 0px 1px 1px 0px;border-right-style: dotted;border-bottom-style: dotted;font-style: inherit;font-weight: bold;font-size: inherit;line-height: 1.5em;font-family: inherit;vertical-align: middle;text-align: right;width: 535.141px\">Fabricante<\/th>\n<td class=\"woocommerce-product-attributes-item__value\" style=\"margin: 0px;padding: 8px 10px;border-top-width: 0px;border-right-style: none;border-left-width: 0px;font-style: inherit;font-weight: inherit;font-size: inherit;line-height: 1.5em;font-family: inherit;vertical-align: baseline\">\n<p style=\"margin: 0px;padding: 0px;border-width: 0px;font-style: inherit;font-weight: inherit;font-size: 16px;line-height: 28px;font-family: inherit;vertical-align: baseline\">Kit de jard\u00edn<\/p>\n<\/td>\n<\/tr>\n<tr class=\"woocommerce-product-attributes-item woocommerce-product-attributes-item--attribute_pa_brand\" style=\"margin: 0px;padding: 0px;border-width: 0px;font-style: inherit;font-weight: inherit;font-size: inherit;line-height: inherit;font-family: inherit;vertical-align: baseline\">\n<th class=\"woocommerce-product-attributes-item__label\" style=\"margin: 0px;padding: 8px 20px;border-width: 0px 1px 1px 0px;border-right-style: dotted;border-bottom-style: dotted;font-style: inherit;font-weight: bold;font-size: inherit;line-height: 1.5em;font-family: inherit;vertical-align: middle;text-align: right;width: 535.141px\">Marca<\/th>\n<td class=\"woocommerce-product-attributes-item__value\" style=\"margin: 0px;padding: 8px 10px;border-top-width: 0px;border-right-style: none;border-left-width: 0px;font-style: inherit;font-weight: inherit;font-size: inherit;line-height: 1.5em;font-family: inherit;vertical-align: baseline\">\n<p style=\"margin: 0px;padding: 0px;border-width: 0px;font-style: inherit;font-weight: inherit;font-size: 16px;line-height: 28px;font-family: inherit;vertical-align: baseline\"><a href=\"https:\/\/healthingarden.com\/brand\/visit-the-home-grown-store\/\" rel=\"tag nofollow noopener\" style=\"margin: 0px;padding: 0px;border-width: 0px;font-style: inherit;font-weight: inherit;font-size: inherit;line-height: inherit;font-family: inherit;vertical-align: baseline;color: #5cb431\" target=\"_blank\">Visita la tienda de Garden-Kit<\/a><\/p>\n<\/td>\n<\/tr>\n<\/tbody>\n<\/table>","protected":false},"excerpt":{"rendered":"<p>Kit de semillas de suculentas y cactus para plantar - [Favoritos de los entusiastas] Kit de inicio premium de cactus y suculentas: 4 macetas...<\/p>","protected":false},"featured_media":12108,"comment_status":"open","ping_status":"closed","template":"","meta":[],"product_cat":[40],"product_tag":[477,475,466,463,328,476],"acf":[],"_links":{"self":[{"href":"https:\/\/www.garden-kit.com\/es\/wp-json\/wp\/v2\/product\/6538"}],"collection":[{"href":"https:\/\/www.garden-kit.com\/es\/wp-json\/wp\/v2\/product"}],"about":[{"href":"https:\/\/www.garden-kit.com\/es\/wp-json\/wp\/v2\/types\/product"}],"replies":[{"embeddable":true,"href":"https:\/\/www.garden-kit.com\/es\/wp-json\/wp\/v2\/comments?post=6538"}],"wp:featuredmedia":[{"embeddable":true,"href":"https:\/\/www.garden-kit.com\/es\/wp-json\/wp\/v2\/media\/12108"}],"wp:attachment":[{"href":"https:\/\/www.garden-kit.com\/es\/wp-json\/wp\/v2\/media?parent=6538"}],"wp:term":[{"taxonomy":"product_cat","embeddable":true,"href":"https:\/\/www.garden-kit.com\/es\/wp-json\/wp\/v2\/product_cat?post=6538"},{"taxonomy":"product_tag","embeddable":true,"href":"https:\/\/www.garden-kit.com\/es\/wp-json\/wp\/v2\/product_tag?post=6538"}],"curies":[{"name":"wp","href":"https:\/\/api.w.org\/{rel}","templated":true}]}}