{"id":6572,"date":"2022-11-07T14:09:03","date_gmt":"2022-11-07T06:09:03","guid":{"rendered":"https:\/\/www.garden-kit.com\/product\/cactus-growing-kit\/"},"modified":"2023-03-31T14:40:18","modified_gmt":"2023-03-31T06:40:18","slug":"cactus-growing-kit","status":"publish","type":"product","link":"https:\/\/www.garden-kit.com\/es\/product\/cactus-growing-kit\/","title":{"rendered":"Kit de cultivo de cactus"},"content":{"rendered":"<p style=\"line-height: 1.5\"><span style=\"font-family: arial, helvetica, sans-serif\">????CULTIVA TUS PROPIAS MINI PLANTAS DE CACTUS A PARTIR DE SEMILLAS: Golden Barrel, Saguaro, Hedgehog, Ferocactus y Organ Pipes - 5 variedades en 1 sobre Stayfresh - 70 semillas aprox. El generoso kit de cultivo tambi\u00e9n incluye macetas de cactus, marcadores de plantas, tierra comprimida, vermiculita, rociador de agua y una gu\u00eda paso a paso.<\/span><\/p>\n<p style=\"line-height: 1.5\"><span style=\"font-family: arial, helvetica, sans-serif\">???? REGALO DE JARDINER\u00cdA INUSUAL: este juego completo de cactus para principiantes es un regalo maravilloso. Est\u00e1 bellamente empaquetado, ideal como regalo secreto de Pap\u00e1 Noel o relleno de calcet\u00edn para los amantes del jard\u00edn.<\/span><\/p>\n<p style=\"line-height: 1.5\"><span style=\"font-family: arial, helvetica, sans-serif\">????TODO LO QUE NECESITAS EN UN SENCILLO SET DE INICIO: El kit de cultivo te gu\u00eda desde las semillas de cactus hasta la germinaci\u00f3n. \u00a1Tus plantas espinosas ser\u00e1n una maravillosa adici\u00f3n a tu terrario interior!<\/span><\/p>\n<p style=\"line-height: 1.5\"><span style=\"font-family: arial, helvetica, sans-serif\">????DEDOS VERDES NO ESENCIALES: No se preocupe si nunca antes ha cultivado plantas de interior inusuales: este kit est\u00e1 dise\u00f1ado pensando en los principiantes. Cultivar cactus es s\u00faper simple y la Gu\u00eda completa asegura su \u00e9xito. No nos detenemos ah\u00ed: estamos aqu\u00ed para ayudar en cualquier etapa del proceso de crecimiento.<\/span><\/p>\n<p style=\"line-height: 1.5\"><span style=\"font-family: arial, helvetica, sans-serif\">????100% SATISFACCI\u00d3N GARANTIZADA: \u00a1Hemos hecho un esfuerzo adicional para producir un excelente kit de inicio de cactus y estamos seguros de que te encantar\u00e1! Si, por alguna raz\u00f3n, no est\u00e1 satisfecho con su kit, h\u00e1ganoslo saber.<\/span><\/p>\n<p style=\"line-height: 1.5\"><span style=\"font-family: arial, helvetica, sans-serif\"><\/span><\/p>\n<p>Una gu\u00eda de compra completa de kits de inicio de cactus de alta calidad<br \/>\u00bfCu\u00e1les son los beneficios de cultivar cactus?<br \/>Si debe cultivar cactus (o cualquier otra planta suculenta) ha sido un debate principal entre los entusiastas de la jardiner\u00eda y los expertos por igual. Algunos afirman que estas plantas espinosas traen energ\u00eda negativa a tu interior. Al mismo tiempo, algunos afirman que tiene poderes curativos.<\/p>\n<p>Pero aqu\u00ed, vamos a hablar de hechos y ciencia.<\/p>\n<p>Al igual que cualquier otra planta, el cactus respira a trav\u00e9s de la fotos\u00edntesis y su producto, el ox\u00edgeno, es beneficioso para los humanos. En el proceso, el cactus tambi\u00e9n absorbe di\u00f3xido de carbono.<\/p>\n<p>Por lo tanto, cultivar cactus puede ayudar a aumentar la proporci\u00f3n de ox\u00edgeno y di\u00f3xido de carbono en una habitaci\u00f3n. Adem\u00e1s, el aumento del suministro de ox\u00edgeno conduce a una mejora en su salud. Tambi\u00e9n puede sentirse renovado y lleno de energ\u00eda.<\/p>\n<p>Colocar estas plantas verdes alrededor de tu espacio de trabajo tambi\u00e9n tiene un efecto positivo en tu mente. Las personas se sentir\u00e1n notablemente m\u00e1s tranquilas, m\u00e1s concentradas y m\u00e1s productivas. En general, cultivar cactus tiene grandes beneficios para la salud.<\/p>\n<p>Caracter\u00edsticas de los mejores kits de inicio de cactus<br \/>Hay una gran cantidad de los mejores kits de inicio de cactus en el mercado. Por lo tanto, encontrar el correcto puede ser dif\u00edcil, especialmente si desea obtener resultados exitosos de una sola vez.<\/p>\n<p>A continuaci\u00f3n, hemos recopilado algunas caracter\u00edsticas importantes que pueden facilitar la compra del kit de cactus ideal. \u00a1Leer m\u00e1s!<\/p>\n<p>tipos de cactus<br \/>Los diferentes kits de cultivo de cactus incluyen diferentes tipos de especies de cactus. \u00c9stas incluyen<\/p>\n<p>Higo chumbo<br \/>Saguaro <br \/>cactus conejo<br \/>Cacto de barril dorado<br \/>Algunos incluso incluyen semillas para suculentas para ayudarlo a tener una variedad en su mini jard\u00edn. Si est\u00e1 buscando un tipo espec\u00edfico, verifique lo que est\u00e1 escrito en el paquete.<\/p>\n<p>Cantidad y calidad de semillas. <br \/>Est\u00e1 bien que algunas semillas germinen y otras no. Sin embargo, puede ser desgarrador invertir tanto tiempo en cultivar cactus solo para descubrir que ninguno de ellos tiene \u00e9xito. Por lo tanto, aseg\u00farese de elegir kits de inicio de cactus que prometan semillas probadas y certificadas.<\/p>\n<p>Estas semillas de alta calidad est\u00e1n garantizadas para crecer cuando se proporcionan las condiciones adecuadas. Si no est\u00e1 seguro, elija un kit que tenga una gran cantidad de semillas para cada especie. As\u00ed, incluso si se produce un error, te quedar\u00e1n algunas semillas para experimentar.<\/p>\n<p>Facilidad de uso <br \/>No importa si eres un principiante o un experto en el cultivo de cactus. Cuando compre un kit de cultivo de cactus, aseg\u00farese de que se incluya una gu\u00eda. A veces, las semillas tratadas requieren un m\u00e9todo \u00fanico para cultivar cactus con \u00e9xito. Tener un manual de la empresa puede facilitar las cosas.<\/p>\n<p>Accesorios <br \/>Adem\u00e1s de esto, tambi\u00e9n debe buscar otras herramientas y suministros que se incluyen en el kit de cultivo. Estos accesorios pueden ahorrarle la molestia de comprar cosas por separado.<\/p>\n<p>La mayor\u00eda de los kits de cultivo de cactus vienen con mezclas de tierra, macetas y marcadores de plantas. Sin embargo, algunos solo incluyen semillas o mezclas de tierra.<\/p>\n<p>\u00bfC\u00f3mo se cultivan los cactus?<br \/>Cultivar kits de cactus es bastante simple y f\u00e1cil. Por lo general, cada kit incluye un manual detallado que incluye<\/p><\/p>","protected":false},"excerpt":{"rendered":"<p>Kit de cactus - Cultiva tus propias plantas de cactus en interiores - Regalo de jardiner\u00eda<\/p><\/p>","protected":false},"featured_media":12049,"comment_status":"open","ping_status":"closed","template":"","meta":[],"product_cat":[40],"product_tag":[464,329,470,468,467,466,463,465,469,471],"acf":[],"_links":{"self":[{"href":"https:\/\/www.garden-kit.com\/es\/wp-json\/wp\/v2\/product\/6572"}],"collection":[{"href":"https:\/\/www.garden-kit.com\/es\/wp-json\/wp\/v2\/product"}],"about":[{"href":"https:\/\/www.garden-kit.com\/es\/wp-json\/wp\/v2\/types\/product"}],"replies":[{"embeddable":true,"href":"https:\/\/www.garden-kit.com\/es\/wp-json\/wp\/v2\/comments?post=6572"}],"wp:featuredmedia":[{"embeddable":true,"href":"https:\/\/www.garden-kit.com\/es\/wp-json\/wp\/v2\/media\/12049"}],"wp:attachment":[{"href":"https:\/\/www.garden-kit.com\/es\/wp-json\/wp\/v2\/media?parent=6572"}],"wp:term":[{"taxonomy":"product_cat","embeddable":true,"href":"https:\/\/www.garden-kit.com\/es\/wp-json\/wp\/v2\/product_cat?post=6572"},{"taxonomy":"product_tag","embeddable":true,"href":"https:\/\/www.garden-kit.com\/es\/wp-json\/wp\/v2\/product_tag?post=6572"}],"curies":[{"name":"wp","href":"https:\/\/api.w.org\/{rel}","templated":true}]}}