{"id":6578,"date":"2022-11-07T14:11:51","date_gmt":"2022-11-07T06:11:51","guid":{"rendered":"https:\/\/www.garden-kit.com\/product\/plant-terrarium-kit\/"},"modified":"2023-03-31T14:45:29","modified_gmt":"2023-03-31T06:45:29","slug":"plant-terrarium-kit","status":"publish","type":"product","link":"https:\/\/www.garden-kit.com\/es\/product\/plant-terrarium-kit\/","title":{"rendered":"Kit de terrario de plantas"},"content":{"rendered":"<h3 style=\"font-size: 19px\"><strong>Contenido del kit de terrario de plantas:<\/strong><\/h3>\n<p><strong>HAZ TU PROPIO TERRARIO: <\/strong>Los elementos esenciales premedidos incluyen: tierra para cactus 250 g, guijarros de drenaje 130 g, carb\u00f3n activado 30 g, musgo 50 g, grava decorativa 150 g y herramientas. Suministro generoso: \u00a1suficiente para llenar una pecera de 15-20 cm! Los ingredientes est\u00e1n sellados en bolsas resistentes para evitar derrames.<\/p>\n<p style=\"text-align: center\"><img decoding=\"async\" src=\"https:\/\/data.adwebcloud.com\/public\/material\/2206293ihquj\/product\/il_1140xN.3043638372_snz1_1667801392478.jpg\" alt=\"ejemplo\" width=\"1000\" title=\"\"><\/p>\n<p><strong>ABONO PARA CACTUS DE PRIMERA CALIDAD: <\/strong>Tierra especialmente formulada para garantizar que las plantas de su terrario se mantengan sanas y prosperen. Tierra de esta calidad no se encuentra en los centros de jardiner\u00eda locales.<\/p>\n<p style=\"text-align: center\"><img decoding=\"async\" src=\"https:\/\/data.adwebcloud.com\/public\/material\/2206293ihquj\/product\/il_1140xN.3043637230_kqxu_1667801399728.jpg\" alt=\"ejemplo\" width=\"1000\" title=\"\"><\/p>\n<p><strong>GU\u00cdA DE 15 P\u00c1GINAS: <\/strong>Aprenda el Arte y la Ciencia que hay detr\u00e1s de la creaci\u00f3n de su Jard\u00edn de Cristal en Miniatura. Descubra c\u00f3mo funcionan estos ecosistemas aut\u00f3nomos, aprenda a elegir las mejores plantas, c\u00f3mo cuidar su terrario y mucho m\u00e1s...<\/p>\n<\/p>\n<p><strong>DIVERTIDO, R\u00c1PIDO Y F\u00c1CIL:<\/strong> Crea tu obra maestra en menos de una hora. La actividad perfecta para compartir con amigos y familiares.<\/p>\n<\/p>\n<p><strong>GRAN IDEA PARA UN REGALO: <\/strong>Todo lo que necesita es un recipiente de cristal y una selecci\u00f3n de cactus o suculentas para crear un regalo \u00fanico. Haga clic en Solicitar y pida su kit hoy mismo.<\/p>\n<\/p>\n<h3 style=\"font-size: 19px\"><strong>Kit de terrario para plantas Caracter\u00edsticas:<\/strong><\/h3>\n<ul>\n<li>Nuestro set de terrarios no s\u00f3lo es adecuado para la decoraci\u00f3n cl\u00e1sica, sino que tambi\u00e9n es perfecto para exponer flores y plantas, purificar el aire y alegrar su estado de \u00e1nimo.<\/li>\n<li>Sencillo y elegante jarr\u00f3n redondo de cristal de dise\u00f1o, si pones algunos guijarros, flores en el interior, ser\u00e1 m\u00e1s hermoso y llamativo.<\/li>\n<li>La estaci\u00f3n de cultivo de plantas de cristal de sobremesa est\u00e1 hecha de cristal transparente de alta calidad. Tanque de madera separado y maceta de vidrio, conveniente para el cambio de agua y limpieza.<\/li>\n<li>Las macetas con plantas de estilo r\u00fastico son un complemento moderno y cl\u00e1sico para mesas de centro, mesas de comedor, estanter\u00edas, salones y alf\u00e9izares. Los elegantes jarrones de botellas de cristal transforman una habitaci\u00f3n aburrida en un espacio m\u00e1s alegre, a\u00f1adiendo elegancia y chic a cualquier estancia.<\/li>\n<li>El sencillo jarr\u00f3n hidrop\u00f3nico de cristal de sobremesa es adecuado para la mayor\u00eda de las plantas de propagaci\u00f3n, como \u00e1rboles de hoja, helechos, bamb\u00fa de la suerte, margaritas africanas, hierbas, plantas hidrop\u00f3nicas y esquejes de flores.<\/li>\n<\/ul>\n<h3 style=\"font-size: 19px\">Tipos de maceta adecuados para el cultivo en kit de terrario de plantas<\/h3>\n<p style=\"text-align: justify\"><strong>1. Plantas suculentas en maceta<\/strong><br \/>Las hojas de las suculentas son en su mayor\u00eda gruesas y jugosas, y pueden adaptarse a un entorno relativamente seco. Bajo una intensidad luminosa adecuada, las hojas presentan diversos colores seg\u00fan las distintas variedades. Su aparici\u00f3n ha enriquecido los tipos de plantas de maceta en el hogar, y tambi\u00e9n ha proporcionado m\u00e1s opciones de plantas de maceta a los novatos que no son muy buenos cultivando flores. Muchos amigos piensan que criar suculentas y verlas crecer maceta tras maceta, o una planta en maceta con una forma m\u00e1s grande, es m\u00e1s gratificante que adentrarse en el periodo de floraci\u00f3n.<\/p>\n<p style=\"text-align: center\"><strong><img decoding=\"async\" src=\"https:\/\/data.adwebcloud.com\/public\/material\/2206293ihquj\/product\/image_7402854073167541083292_1675410833307.jpg\" width=\"500\" alt=\"\" title=\"\"> <img decoding=\"async\" src=\"https:\/\/data.adwebcloud.com\/public\/material\/2206293ihquj\/product\/image_1032129574167541085050_1675410850841.jpg\" width=\"500\" alt=\"\" title=\"\"><\/strong><\/p>\n<p><strong>2. Cactus en maceta<\/strong><br \/>Puede que los cactus fueran poco conocidos en el pasado, porque esta planta no parece tener mayores usos que purificar el aire. Pero con el desarrollo de los tiempos, la gente aprendi\u00f3 que los distintos cactus tienen diferentes valores pr\u00e1cticos.<\/p>\n<p>Algunos cactus no s\u00f3lo florecen y fructifican, y tienen efectos ornamentales, sino que tambi\u00e9n son comestibles y poseen cierto valor medicinal.<\/p>\n<p>Pero, en cualquier caso, como persona corriente, no lo use a la ligera, y como aficionado a la jardiner\u00eda, \u00a1no se lo pierda!<\/p><\/p>","protected":false},"excerpt":{"rendered":"<p>Kit de terrario de plantas para plantas suculentas y cactus. Incluye suelo de cactus, musgo, grava y gu\u00eda paso a paso.<\/p>","protected":false},"featured_media":12175,"comment_status":"open","ping_status":"closed","template":"","meta":[],"product_cat":[40],"product_tag":[330],"acf":[],"_links":{"self":[{"href":"https:\/\/www.garden-kit.com\/es\/wp-json\/wp\/v2\/product\/6578"}],"collection":[{"href":"https:\/\/www.garden-kit.com\/es\/wp-json\/wp\/v2\/product"}],"about":[{"href":"https:\/\/www.garden-kit.com\/es\/wp-json\/wp\/v2\/types\/product"}],"replies":[{"embeddable":true,"href":"https:\/\/www.garden-kit.com\/es\/wp-json\/wp\/v2\/comments?post=6578"}],"wp:featuredmedia":[{"embeddable":true,"href":"https:\/\/www.garden-kit.com\/es\/wp-json\/wp\/v2\/media\/12175"}],"wp:attachment":[{"href":"https:\/\/www.garden-kit.com\/es\/wp-json\/wp\/v2\/media?parent=6578"}],"wp:term":[{"taxonomy":"product_cat","embeddable":true,"href":"https:\/\/www.garden-kit.com\/es\/wp-json\/wp\/v2\/product_cat?post=6578"},{"taxonomy":"product_tag","embeddable":true,"href":"https:\/\/www.garden-kit.com\/es\/wp-json\/wp\/v2\/product_tag?post=6578"}],"curies":[{"name":"wp","href":"https:\/\/api.w.org\/{rel}","templated":true}]}}