{"id":6585,"date":"2022-11-07T14:17:35","date_gmt":"2022-11-07T06:17:35","guid":{"rendered":"https:\/\/www.garden-kit.com\/product\/flower-garden-kit\/"},"modified":"2023-11-10T15:08:32","modified_gmt":"2023-11-10T07:08:32","slug":"flower-garden-kit","status":"publish","type":"product","link":"https:\/\/www.garden-kit.com\/es\/product\/flower-garden-kit\/","title":{"rendered":"Kit de jard\u00edn de flores"},"content":{"rendered":"<h1 style=\"line-height: 1.5;\">Kit de jard\u00edn de flores<\/h1>\n<p>Kit de jard\u00edn de flores \u00a1Tu mejor kit de inicio de semillas!<\/p>\n<p>&nbsp;<\/p>\n<p>Cultiva tus propias flores de jard\u00edn:<br \/>\n12 variedades de semillas incluyen altramuces, narcisos, geranios, gypsophila, petunias, an\u00e9monas, delfinios, alstroemeria, lavanda y cal\u00e9ndulas. El juego tambi\u00e9n consta de 12 maceteros, 12 bandejas de tierra e instrucciones paso a paso.<\/p>\n<p>No se requiere pulgar verde:<br \/>\nNo se preocupe si nunca ha cultivado plantas: este kit de plantaci\u00f3n incluye una gu\u00eda ilustrada perfecta para principiantes. Adem\u00e1s, estamos aqu\u00ed para responder sus preguntas en cualquier etapa del proceso de crecimiento.<\/p>\n<p>Regalo ecol\u00f3gico:<br \/>\nEl kit de jard\u00edn de flores Urban Sprout est\u00e1 bellamente empaquetado y es perfecto para regalar en cualquier ocasi\u00f3n.<\/p>\n<p>Gu\u00eda del kit de plantaci\u00f3n de flores de cortes\u00eda:<br \/>\nAprenda a mezclar y combinar las combinaciones de flores de su kit con esta gu\u00eda ilustrada e informativa. Ya sea que est\u00e9 cultivando flores en parterres, contenedores o cestas colgantes, la Gu\u00eda de combinaci\u00f3n de flores ofrece consejos y sugerencias.<\/p>\n<p>Promesa de germinaci\u00f3n:<br \/>\n\u00a1Hacemos todo lo posible para producir kits de semillas que lo satisfagan! Si las semillas del kit no germinan, h\u00e1ganoslo saber; \u00a1Prometemos enviarte m\u00e1s!<\/p>","protected":false},"excerpt":{"rendered":"<p>Flower Garden Kit - Grow Your Own Cottage Garden o cestas colgantes, Garden gift set for her - 12 Plant seed Packets- Petunias, dahlia<\/p>","protected":false},"featured_media":12119,"comment_status":"open","ping_status":"closed","template":"","meta":[],"product_cat":[40],"product_tag":[331],"acf":[],"_links":{"self":[{"href":"https:\/\/www.garden-kit.com\/es\/wp-json\/wp\/v2\/product\/6585"}],"collection":[{"href":"https:\/\/www.garden-kit.com\/es\/wp-json\/wp\/v2\/product"}],"about":[{"href":"https:\/\/www.garden-kit.com\/es\/wp-json\/wp\/v2\/types\/product"}],"replies":[{"embeddable":true,"href":"https:\/\/www.garden-kit.com\/es\/wp-json\/wp\/v2\/comments?post=6585"}],"wp:featuredmedia":[{"embeddable":true,"href":"https:\/\/www.garden-kit.com\/es\/wp-json\/wp\/v2\/media\/12119"}],"wp:attachment":[{"href":"https:\/\/www.garden-kit.com\/es\/wp-json\/wp\/v2\/media?parent=6585"}],"wp:term":[{"taxonomy":"product_cat","embeddable":true,"href":"https:\/\/www.garden-kit.com\/es\/wp-json\/wp\/v2\/product_cat?post=6585"},{"taxonomy":"product_tag","embeddable":true,"href":"https:\/\/www.garden-kit.com\/es\/wp-json\/wp\/v2\/product_tag?post=6585"}],"curies":[{"name":"wp","href":"https:\/\/api.w.org\/{rel}","templated":true}]}}