{"id":6754,"date":"2022-11-11T10:03:28","date_gmt":"2022-11-11T02:03:28","guid":{"rendered":"https:\/\/www.garden-kit.com\/product\/rustic-herb-garden-kit\/"},"modified":"2023-03-31T14:36:28","modified_gmt":"2023-03-31T06:36:28","slug":"rustic-herb-garden-kit","status":"publish","type":"product","link":"https:\/\/www.garden-kit.com\/es\/product\/rustic-herb-garden-kit\/","title":{"rendered":"Kit de jard\u00edn de hierbas r\u00fasticas"},"content":{"rendered":"<p><span class=\"s1\" style=\"font-family: 'PingFang SC', 'Microsoft YaHei', sans-serif;font-size: 16px\">Nuestro kit r\u00fastico de jard\u00edn de hierbas incluye todo lo que necesita para comenzar a trabajar en el jard\u00edn de hierbas, incluida una hermosa caja de hierbas r\u00fasticas que se ve muy bien en todos los hogares. Col\u00f3quelo en el alf\u00e9izar de una ventana, una encimera, un invernadero al aire libre o un balc\u00f3n. <\/span><\/p>\n<h3 style=\"font-size: 19px\"><span class=\"s1\" style=\"font-family: 'PingFang SC', 'Microsoft YaHei', sans-serif;font-size: 16px\">Cada kit incluye:<\/span><\/h3>\n<ul>\n<li><span style=\"font-family: 'PingFang SC', 'Microsoft YaHei', sans-serif;font-size: 16px\"><span class=\"s2\"><\/span><span class=\"s1\"><span>Caja de hierbas Barnwood&nbsp;<\/span><\/span><\/span><\/li>\n<li><span style=\"font-family: 'PingFang SC', 'Microsoft YaHei', sans-serif;font-size: 16px\"><span class=\"s2\"><\/span><span class=\"s1\"><span>Forro de autorriego&nbsp;<\/span><\/span><\/span><\/li>\n<li><span style=\"font-family: 'PingFang SC', 'Microsoft YaHei', sans-serif;font-size: 16px\"><span class=\"s2\"><\/span><span class=\"s1\"><span>Semillas no modificadas gen\u00e9ticamente de la herencia de los EE. UU.: cilantro, albahaca, ceboll\u00edn y perejil.&nbsp;<\/span><\/span><\/span><\/li>\n<li><span style=\"font-family: 'PingFang SC', 'Microsoft YaHei', sans-serif;font-size: 16px\"><span class=\"s2\"><\/span><span class=\"s1\"><span>marcadores de jard\u00edn de hierbas&nbsp;<\/span><\/span><\/span><\/li>\n<li><span style=\"font-family: 'PingFang SC', 'Microsoft YaHei', sans-serif;font-size: 16px\"><span class=\"s2\"><\/span><span class=\"s1\"><span>Suelo de coco comprimido<\/span><\/span><\/span><\/li>\n<li><span style=\"font-family: 'PingFang SC', 'Microsoft YaHei', sans-serif;font-size: 16px\"><span class=\"s2\"><\/span><span class=\"s1\"><span>Enmienda del suelo y fertilizantes<\/span><\/span><\/span><\/li>\n<li><span style=\"font-family: 'PingFang SC', 'Microsoft YaHei', sans-serif;font-size: 16px\"><span class=\"s2\"><\/span><span class=\"s1\"><span>Instrucciones paso a paso y gu\u00eda de cultivo.<\/span><\/span><\/span><\/li>\n<\/ul>","protected":false},"excerpt":{"rendered":"<p class=\"p1\" style=\"margin-top: 0px;margin-bottom: 17px;color: #515151;font-family: 'Quattrocento Sans', sans-serif;font-size: 17px;background-color: #ffffff;line-height: 1.5\"><span class=\"s1\" style=\"font-family: arial, helvetica, sans-serif;font-size: 16px\"><span>Nuestro kit r\u00fastico de jard\u00edn de hierbas incluye todo lo que necesita para comenzar a trabajar en el jard\u00edn de hierbas, incluida una hermosa caja de hierbas r\u00fasticas que se ve muy bien en todos los hogares. Col\u00f3quelo en el alf\u00e9izar de una ventana, una encimera, un invernadero al aire libre o un balc\u00f3n. <\/span><\/span><\/p>\n<p class=\"p3\" style=\"margin-top: 0px;margin-bottom: 17px;color: #515151;font-family: 'Quattrocento Sans', sans-serif;font-size: 17px;background-color: #ffffff;line-height: 1.5\"><span class=\"s1\" style=\"font-family: arial, helvetica, sans-serif;font-size: 16px\"><span>Cada kit incluye:<\/span><\/span><\/p>\n<ul class=\"ul1\" style=\"padding: 0px;margin: 0px 0px 0px 17px;color: #515151;font-family: 'Quattrocento Sans', sans-serif;font-size: 17px;background-color: #ffffff\">\n<li class=\"li3\" style=\"margin-bottom: 0px;line-height: 1.5\"><span style=\"font-family: arial, helvetica, sans-serif;font-size: 16px\"><span class=\"s2\"><\/span><span class=\"s1\"><span>Caja de hierbas Barnwood&nbsp;<\/span><\/span><\/span><\/li>\n<li class=\"li3\" style=\"margin-bottom: 0px;line-height: 1.5\"><span style=\"font-family: arial, helvetica, sans-serif;font-size: 16px\"><span class=\"s2\"><\/span><span class=\"s1\"><span>Forro de autorriego&nbsp;<\/span><\/span><\/span><\/li>\n<li class=\"li3\" style=\"margin-bottom: 0px;line-height: 1.5\"><span style=\"font-family: arial, helvetica, sans-serif;font-size: 16px\"><span class=\"s2\"><\/span><span class=\"s1\"><span>Semillas no modificadas gen\u00e9ticamente de la herencia de los EE. UU.: cilantro, albahaca, ceboll\u00edn y perejil.&nbsp;<\/span><\/span><\/span><\/li>\n<li class=\"li3\" style=\"margin-bottom: 0px;line-height: 1.5\"><span style=\"font-family: arial, helvetica, sans-serif;font-size: 16px\"><span class=\"s2\"><\/span><span class=\"s1\"><span>marcadores de jard\u00edn de hierbas&nbsp;<\/span><\/span><\/span><\/li>\n<li class=\"li3\" style=\"margin-bottom: 0px;line-height: 1.5\"><span style=\"font-family: arial, helvetica, sans-serif;font-size: 16px\"><span class=\"s2\"><\/span><span class=\"s1\"><span>Suelo de coco comprimido<\/span><\/span><\/span><\/li>\n<li class=\"li3\" style=\"margin-bottom: 0px;line-height: 1.5\"><span style=\"font-family: arial, helvetica, sans-serif;font-size: 16px\"><span class=\"s2\"><\/span><span class=\"s1\"><span>Enmienda del suelo y fertilizantes<\/span><\/span><\/span><\/li>\n<li class=\"li3\" style=\"margin-bottom: 0px;line-height: 1.5\"><span style=\"font-family: arial, helvetica, sans-serif;font-size: 16px\"><span class=\"s2\"><\/span><span class=\"s1\"><span>Instrucciones paso a paso y gu\u00eda de cultivo.<\/span><\/span><\/span><\/li>\n<\/ul>","protected":false},"featured_media":12008,"comment_status":"open","ping_status":"closed","template":"","meta":[],"product_cat":[50],"product_tag":[343],"acf":[],"_links":{"self":[{"href":"https:\/\/www.garden-kit.com\/es\/wp-json\/wp\/v2\/product\/6754"}],"collection":[{"href":"https:\/\/www.garden-kit.com\/es\/wp-json\/wp\/v2\/product"}],"about":[{"href":"https:\/\/www.garden-kit.com\/es\/wp-json\/wp\/v2\/types\/product"}],"replies":[{"embeddable":true,"href":"https:\/\/www.garden-kit.com\/es\/wp-json\/wp\/v2\/comments?post=6754"}],"wp:featuredmedia":[{"embeddable":true,"href":"https:\/\/www.garden-kit.com\/es\/wp-json\/wp\/v2\/media\/12008"}],"wp:attachment":[{"href":"https:\/\/www.garden-kit.com\/es\/wp-json\/wp\/v2\/media?parent=6754"}],"wp:term":[{"taxonomy":"product_cat","embeddable":true,"href":"https:\/\/www.garden-kit.com\/es\/wp-json\/wp\/v2\/product_cat?post=6754"},{"taxonomy":"product_tag","embeddable":true,"href":"https:\/\/www.garden-kit.com\/es\/wp-json\/wp\/v2\/product_tag?post=6754"}],"curies":[{"name":"wp","href":"https:\/\/api.w.org\/{rel}","templated":true}]}}