{"id":6757,"date":"2022-11-11T10:06:36","date_gmt":"2022-11-11T02:06:36","guid":{"rendered":"https:\/\/www.garden-kit.com\/product\/grow-your-own-seed-box\/"},"modified":"2023-03-31T14:15:26","modified_gmt":"2023-03-31T06:15:26","slug":"grow-your-own-seed-box","status":"publish","type":"product","link":"https:\/\/www.garden-kit.com\/es\/product\/grow-your-own-seed-box\/","title":{"rendered":"Cultiva tu propia caja de semillas"},"content":{"rendered":"<h3 class=\"a-size-base-plus a-text-bold\" style=\"padding: 0px 0px 4px;margin: 0px;color: #0f1111;font-family: 'Amazon Ember', Arial, sans-serif;background-color: #ffffff;font-size: 19px;line-height: 1.5\"><span style=\"font-family: arial, helvetica, sans-serif\">Acerca de este art\u00edculo<\/span><\/h3>\n<ul>\n<li><span class=\"a-list-item\" style=\"color: #0f1111;font-family: arial, helvetica, sans-serif\">Kit de cultivo completo: el kit de inicio ideal para el jardinero en ciernes. \u00a1Perfecto para manualidades para adultos y actividades para ni\u00f1os! Junto con una amplia gama de semillas de plantas, su kit de cultivo incluye guantes de jardiner\u00eda con garras e instrucciones de cultivo detalladas. Es todo lo que necesitas para crecer<\/span><\/li>\n<li><span class=\"a-list-item\" style=\"color: #0f1111;font-family: arial, helvetica, sans-serif\">Caja de semillas de alta germinaci\u00f3n: gracias a nuestro riguroso control de calidad y pruebas de laboratorio de germinaci\u00f3n, nuestra colecci\u00f3n de semillas premium no lo defraudar\u00e1. Nuestras semillas tienen doble control de calidad y no son transg\u00e9nicas. \u00a1Puede estar seguro de que lo que siembre en su jard\u00edn de vegetales, flores y hierbas crecer\u00e1!<\/span><\/li>\n<li><span class=\"a-list-item\" style=\"color: #0f1111;font-family: arial, helvetica, sans-serif\">Kit de cultivo de gran valor: con 65 plantas vegetales diferentes, 15 tipos de plantas arom\u00e1ticas y 20 variedades de flores, \u00a1recibir\u00e1s m\u00e1s de 45 000 semillas en total! Con una gama tan amplia de semillas para plantar verduras, frutas y flores, podr\u00e1 disfrutar de una huerta completa, todo desde una sola caja.<\/span><\/li>\n<li><span class=\"a-list-item\" style=\"color: #0f1111;font-family: arial, helvetica, sans-serif\">El juego de regalo de jardiner\u00eda perfecto: empaquetado en una caja de madera de lujo y con accesorios de jardiner\u00eda de primera calidad, es una idea de regalo ideal para un jardinero en ciernes. Kits de bricolaje perfectos para adultos y peque\u00f1os que son ideales para un amigo de dedos verdes, un regalo de inauguraci\u00f3n de la casa o incluso regalos de Navidad.<\/span><\/li>\n<li><span class=\"a-list-item\" style=\"color: #0f1111;font-family: arial, helvetica, sans-serif\">El juego de regalo de jardiner\u00eda perfecto: empaquetado en una caja de madera de lujo y con accesorios de jardiner\u00eda de primera calidad, es una idea de regalo ideal para un jardinero en ciernes. Kits de bricolaje perfectos para adultos y peque\u00f1os que son ideales para un amigo de dedos verdes, un regalo de inauguraci\u00f3n de la casa o incluso regalos de Navidad.<\/span><\/li>\n<\/ul>","protected":false},"excerpt":{"rendered":"<p><span id=\"productTitle\" class=\"a-size-large product-title-word-break\" style=\"font-size: 16px;line-height: 32px;font-family: arial, helvetica, sans-serif;color: #000000\">Grow Your Own Kit by Garden Pack - 100 Variedades de Semillas de Vegetales, Hierbas y Flores - Regalos de Jardiner\u00eda para Mujeres y Hombres - Caja y Accesorios Listos para Regalo de Madera Natural<\/span><\/p><\/p>","protected":false},"featured_media":11921,"comment_status":"closed","ping_status":"closed","template":"","meta":[],"product_cat":[50],"product_tag":[344],"acf":[],"_links":{"self":[{"href":"https:\/\/www.garden-kit.com\/es\/wp-json\/wp\/v2\/product\/6757"}],"collection":[{"href":"https:\/\/www.garden-kit.com\/es\/wp-json\/wp\/v2\/product"}],"about":[{"href":"https:\/\/www.garden-kit.com\/es\/wp-json\/wp\/v2\/types\/product"}],"replies":[{"embeddable":true,"href":"https:\/\/www.garden-kit.com\/es\/wp-json\/wp\/v2\/comments?post=6757"}],"wp:featuredmedia":[{"embeddable":true,"href":"https:\/\/www.garden-kit.com\/es\/wp-json\/wp\/v2\/media\/11921"}],"wp:attachment":[{"href":"https:\/\/www.garden-kit.com\/es\/wp-json\/wp\/v2\/media?parent=6757"}],"wp:term":[{"taxonomy":"product_cat","embeddable":true,"href":"https:\/\/www.garden-kit.com\/es\/wp-json\/wp\/v2\/product_cat?post=6757"},{"taxonomy":"product_tag","embeddable":true,"href":"https:\/\/www.garden-kit.com\/es\/wp-json\/wp\/v2\/product_tag?post=6757"}],"curies":[{"name":"wp","href":"https:\/\/api.w.org\/{rel}","templated":true}]}}