{"id":6763,"date":"2022-11-11T10:10:20","date_gmt":"2022-11-11T02:10:20","guid":{"rendered":"https:\/\/www.garden-kit.com\/product\/herb-garden-cultivation-set\/"},"modified":"2023-04-28T15:13:25","modified_gmt":"2023-04-28T07:13:25","slug":"herb-garden-cultivation-set","status":"publish","type":"product","link":"https:\/\/www.garden-kit.com\/es\/product\/herb-garden-cultivation-set\/","title":{"rendered":"Conjunto de cultivo de jard\u00edn de hierbas"},"content":{"rendered":"<h3 style=\"line-height: 1.5;font-size: 19px\"><span style=\"font-family: arial, helvetica, sans-serif;font-size: 16px\">Informaci\u00f3n sobre este proyecto<\/span><\/h3>\n<h3 style=\"line-height: 1.5;font-size: 19px\"><span style=\"font-family: arial, helvetica, sans-serif;font-size: 16px\">Cultiva tus propias hierbas f\u00e1cilmente con nuestro kit premium <\/span><\/h3>\n<p style=\"line-height: 1.5\"><span style=\"font-family: arial, helvetica, sans-serif;font-size: 16px\">Nuestro kit incluye 4 semillas de hierbas (TIMIO, BASILICUM, PETERSILY y CILANTRO), una bandeja de madera vintage, 16 bandejas de tierra, 4 macetas de arpillera con revestimiento impermeable, 4 palos de bamb\u00fa, tijeras de podar e instrucciones paso a paso en 5 idiomas.<\/span><\/p>\n<h3 style=\"line-height: 1.5;font-size: 19px\"><span style=\"font-family: arial, helvetica, sans-serif;font-size: 16px\">Semillas de hierbas org\u00e1nicas 100%<\/span><\/h3>\n<p style=\"line-height: 1.5\"><span style=\"font-family: arial, helvetica, sans-serif;font-size: 16px\">Cultivadas naturalmente en China: nuestras semillas son 100% org\u00e1nicas y libres de OGM, todas cuidadosamente cultivadas en el sur de China. Cultiva f\u00e1cilmente tus propias hierbas frescas y de calidad en casa y agr\u00e9galas a tus recetas.<\/span><\/p>\n<h3 style=\"line-height: 1.5;font-size: 19px\"><span style=\"font-family: arial, helvetica, sans-serif;font-size: 16px\">DECORA TU CASA CON NUESTRO KIT HIERBAS ESTILO VINTAGE&nbsp;<\/span><\/h3>\n<p style=\"line-height: 1.5\"><span style=\"font-family: arial, helvetica, sans-serif;font-size: 16px\"> Nuestro kit se puede utilizar como kit de inicio para un jard\u00edn de hierbas de interior, incluidos los juegos de semillas de hierbas, y tambi\u00e9n es un gran elemento decorativo para encimeras, alf\u00e9izares, balcones, patios o jardines en la azotea.<\/span><\/p>\n<h3 style=\"line-height: 1.5;font-size: 19px\"><span style=\"font-family: arial, helvetica, sans-serif;font-size: 16px\">IDEAS DE REGALO \u00daNICAS <\/span><\/h3>\n<p style=\"line-height: 1.5\"><span style=\"font-family: arial, helvetica, sans-serif;font-size: 16px\">Nuestros kits son el regalo perfecto para ni\u00f1os, para amigos que reci\u00e9n comienzan a trabajar en el jard\u00edn o en la cocina, como regalo decorativo para la oficina o cualquier lugar de la casa, o como kit de plantaci\u00f3n para germinar semillas de hierbas de alta calidad.<\/span><\/p>\n<p style=\"line-height: 1.5\"><span style=\"font-family: arial, helvetica, sans-serif;font-size: 16px\">Nuestro objetivo es acercar lo mejor de la naturaleza a tu hogar con nuestros kits de cultivo sostenibles y aptos para principiantes con semillas. Si tiene alguna pregunta o necesita ayuda, no dude en contactarnos directamente.<\/span><\/p>","protected":false},"excerpt":{"rendered":"<div id=\"availability_feature_div\" class=\"celwidget\" data-feature-name=\"availability\" data-csa-c-type=\"widget\" data-csa-c-content-id=\"availability\" data-csa-c-slot-id=\"availability_feature_div\" data-csa-c-asin=\"B08TV4NV1D\" data-csa-c-is-in-initial-active-row=\"false\" data-csa-c-id=\"zey3c5-d2dyz1-ngpnnb-huc9rt\" data-cel-widget=\"availability_feature_div\" style=\"color: #0f1111;font-family: 'Amazon Ember', Arial, sans-serif;font-size: 14px;background-color: #ffffff\">\n<div id=\"availability\" class=\"a-section a-spacing-base a-spacing-top-micro }\" style=\"margin-bottom: 22px;padding-top: 4px;margin-top: 0px\"><span class=\"a-size-medium a-color-price\" style=\"font-size: 18px;line-height: 24px;color: #b12704\">Derzeit nicht verf\u00fcgbar.<\/span><br \/>Ob und wann dieser Artikel wieder vorr\u00e4tig sein wird, ist unbekan<\/div>\n<\/div>\n<div id=\"olp_feature_div\" class=\"celwidget\" data-feature-name=\"olp\" data-csa-c-type=\"widget\" data-csa-c-content-id=\"olp\" data-csa-c-slot-id=\"olp_feature_div\" data-csa-c-asin=\"B08TV4NV1D\" data-csa-c-is-in-initial-active-row=\"false\" data-csa-c-id=\"kx1ymj-6ld3y0-xdu6o9-7vby7d\" data-cel-widget=\"olp_feature_div\" style=\"color: #0f1111;font-family: 'Amazon Ember', Arial, sans-serif;font-size: 14px;background-color: #ffffff\"><span class=\"a-declarative\" data-action=\"close-all-offers-display\" data-csa-c-type=\"widget\" data-csa-c-func-deps=\"aui-da-close-all-offers-display\" data-close-all-offers-display=\"{}\" data-csa-c-id=\"jfxmv-q4vqgy-ox8y5x-lmgrdh\"><\/span><\/div>","protected":false},"featured_media":14813,"comment_status":"open","ping_status":"closed","template":"","meta":[],"product_cat":[50],"product_tag":[500,180,345,183,645],"acf":[],"_links":{"self":[{"href":"https:\/\/www.garden-kit.com\/es\/wp-json\/wp\/v2\/product\/6763"}],"collection":[{"href":"https:\/\/www.garden-kit.com\/es\/wp-json\/wp\/v2\/product"}],"about":[{"href":"https:\/\/www.garden-kit.com\/es\/wp-json\/wp\/v2\/types\/product"}],"replies":[{"embeddable":true,"href":"https:\/\/www.garden-kit.com\/es\/wp-json\/wp\/v2\/comments?post=6763"}],"wp:featuredmedia":[{"embeddable":true,"href":"https:\/\/www.garden-kit.com\/es\/wp-json\/wp\/v2\/media\/14813"}],"wp:attachment":[{"href":"https:\/\/www.garden-kit.com\/es\/wp-json\/wp\/v2\/media?parent=6763"}],"wp:term":[{"taxonomy":"product_cat","embeddable":true,"href":"https:\/\/www.garden-kit.com\/es\/wp-json\/wp\/v2\/product_cat?post=6763"},{"taxonomy":"product_tag","embeddable":true,"href":"https:\/\/www.garden-kit.com\/es\/wp-json\/wp\/v2\/product_tag?post=6763"}],"curies":[{"name":"wp","href":"https:\/\/api.w.org\/{rel}","templated":true}]}}