{"id":6775,"date":"2022-11-11T10:14:30","date_gmt":"2022-11-11T02:14:30","guid":{"rendered":"https:\/\/www.garden-kit.com\/product\/herb-growing-set\/"},"modified":"2023-03-31T14:15:44","modified_gmt":"2023-03-31T06:15:44","slug":"herb-growing-set","status":"publish","type":"product","link":"https:\/\/www.garden-kit.com\/es\/product\/herb-growing-set\/","title":{"rendered":"Conjunto de cultivo de hierbas"},"content":{"rendered":"<p>Informaci\u00f3n sobre este art\u00edculo<\/p>\n<p>F\u00c1CIL DE CULTIVAR SUS PROPIAS VERDURAS CON SEMILLAS DE NUESTRO KIT DE CULTIVO DE CALIDAD PREMIUM: nuestro kit incluye 4 semillas de plantas, una jardinera de madera vintage con revestimiento impermeable, 1 losa de suelo, 4 marcadores de bamb\u00fa, tijeras de podar e instrucciones paso a paso en 5 idiomas. .<\/p>\n<p>SEMILLAS ECOL\u00d3GICAS 100%, CULTIVADAS NATURALMENTE EN ESPA\u00d1A \u2013 Nuestras semillas son 100% org\u00e1nicas y no transg\u00e9nicas y se cultivan cuidadosamente en la costa mediterr\u00e1nea de Espa\u00f1a. Cultiva en casa tus propias verduras frescas de primera calidad y a\u00f1\u00e1delas a tus recetas<\/p>\n<p>IDEA DE REGALO \u00daNICA: nuestro kit es un regalo perfecto para ni\u00f1os, para amigos que reci\u00e9n comienzan a trabajar en el jard\u00edn o a cocinar, como regalo decorativo para la oficina o cualquier lugar de la casa, o como kit de cultivo para germinar semillas de plantas de alta calidad.<\/p>\n<p>DECORA TU HOGAR CON NUESTRO KIT DE JARD\u00cdN DE VEGETALES DE ESTILO VINTAGE: todos los componentes de nuestro kit son de muy alta calidad. Nuestro kit de cultivo y las semillas de las plantas que contiene se pueden utilizar como kit de inicio para el cultivo de hortalizas en interiores y tambi\u00e9n es un excelente elemento decorativo para encimeras, alf\u00e9izares de ventanas, balcones, patios o terrazas.<\/p>\n<p>NAUKUA: nuestro objetivo es acercar la esencia de la naturaleza a su hogar con nuestros kits de cultivo de semillas sostenibles y aptos para principiantes. No dude en contactarnos directamente si tiene alguna pregunta o necesita ayuda con su kit.<\/p><\/p>","protected":false},"excerpt":{"rendered":"<p><span id=\"productTitle\" class=\"a-size-large product-title-word-break\" style=\"font-size: 16px;line-height: 32px\">Vintage Gem\u00fcse Anzuchtset Geschenk \u2013 (Saatgut f\u00fcr Salat, Tomaten, Radieschen und Paprika) \u2013 100% Organische, Gem\u00fcsesamen aus Spanien \u2013 Alles was du brauchst, um dein eigenes frisches Gem\u00fcse zu Hause<\/span><\/p><\/p>","protected":false},"featured_media":11919,"comment_status":"open","ping_status":"closed","template":"","meta":[],"product_cat":[50],"product_tag":[347],"acf":[],"_links":{"self":[{"href":"https:\/\/www.garden-kit.com\/es\/wp-json\/wp\/v2\/product\/6775"}],"collection":[{"href":"https:\/\/www.garden-kit.com\/es\/wp-json\/wp\/v2\/product"}],"about":[{"href":"https:\/\/www.garden-kit.com\/es\/wp-json\/wp\/v2\/types\/product"}],"replies":[{"embeddable":true,"href":"https:\/\/www.garden-kit.com\/es\/wp-json\/wp\/v2\/comments?post=6775"}],"wp:featuredmedia":[{"embeddable":true,"href":"https:\/\/www.garden-kit.com\/es\/wp-json\/wp\/v2\/media\/11919"}],"wp:attachment":[{"href":"https:\/\/www.garden-kit.com\/es\/wp-json\/wp\/v2\/media?parent=6775"}],"wp:term":[{"taxonomy":"product_cat","embeddable":true,"href":"https:\/\/www.garden-kit.com\/es\/wp-json\/wp\/v2\/product_cat?post=6775"},{"taxonomy":"product_tag","embeddable":true,"href":"https:\/\/www.garden-kit.com\/es\/wp-json\/wp\/v2\/product_tag?post=6775"}],"curies":[{"name":"wp","href":"https:\/\/api.w.org\/{rel}","templated":true}]}}