{"id":6793,"date":"2022-11-11T10:22:28","date_gmt":"2022-11-11T02:22:28","guid":{"rendered":"https:\/\/www.garden-kit.com\/product\/rainbow-salad-kit\/"},"modified":"2023-03-31T14:33:56","modified_gmt":"2023-03-31T06:33:56","slug":"rainbow-salad-kit","status":"publish","type":"product","link":"https:\/\/www.garden-kit.com\/es\/product\/rainbow-salad-kit\/","title":{"rendered":"Kit Ensalada Arcoiris"},"content":{"rendered":"<p style=\"line-height: 1.5\"><span style=\"color: #222222;font-family: arial, helvetica, sans-serif;font-size: 16px;background-color: #ffffff;float: none\">CULTIVA TUS PROPIAS VERDURAS PARA ENSALADA: M\u00e1s de 1500 semillas por kit. 12 variedades de semillas que incluyen; Hinojo, Tomates (amarillos), Zanahorias \u2013 Ronda de Par\u00eds, Pak choi, Acelga ruibarda, Lechuga mixta \u2013 Ensaladera roja, Espinacas \u2013 Securo, Remolacha \u2013 Chioggia (roja y blanca), Cebolleta, R\u00facula, R\u00e1bano \u2013 Cherry Belle, Pimiento morr\u00f3n Capsicum annumTambi\u00e9n incluye 12 macetas 12 discos de tierra e instrucciones paso a paso.<\/span><br style=\"margin: 0px;color: #222222;font-family: 'Graphik Webfont', -apple-system, 'Helvetica Neue', 'Droid Sans', Arial, sans-serif;font-size: 16px;background-color: #ffffff\" \/><span style=\"color: #222222;font-family: arial, helvetica, sans-serif;font-size: 16px;background-color: #ffffff;float: none\">NO SE REQUIEREN DEDOS VERDES: No se preocupe si nunca antes ha cultivado nada: este kit de cultivo incluye una gu\u00eda ilustrada que es perfecta para principiantes. Es m\u00e1s, estamos aqu\u00ed para responder a tus preguntas en cualquier etapa del proceso de crecimiento.<\/span><br style=\"margin: 0px;color: #222222;font-family: 'Graphik Webfont', -apple-system, 'Helvetica Neue', 'Droid Sans', Arial, sans-serif;font-size: 16px;background-color: #ffffff\" \/><span style=\"color: #222222;font-family: arial, helvetica, sans-serif;font-size: 16px;background-color: #ffffff;float: none\">GENEROSA CANTIDAD DE SEMILLAS: Hemos incluido 12 variedades de semillas con m\u00e1s de 1000 semillas por paquete. \u00a1M\u00c1S QUE SUFICIENTE para 2-3 intentos!<\/span><br style=\"margin: 0px;color: #222222;font-family: 'Graphik Webfont', -apple-system, 'Helvetica Neue', 'Droid Sans', Arial, sans-serif;font-size: 16px;background-color: #ffffff\" \/><span style=\"color: #222222;font-family: arial, helvetica, sans-serif;font-size: 16px;background-color: #ffffff;float: none\">IDEA DE REGALO DE NAVIDAD INUSUAL: El kit Urban Sprout Rainbow est\u00e1 bellamente presentado en un empaque atractivo y es un maravilloso regalo de Navidad, Pap\u00e1 Noel secreto o relleno de calcetines.<\/span><br style=\"margin: 0px;color: #222222;font-family: 'Graphik Webfont', -apple-system, 'Helvetica Neue', 'Droid Sans', Arial, sans-serif;font-size: 16px;background-color: #ffffff\" \/><span style=\"color: #222222;font-family: arial, helvetica, sans-serif;font-size: 16px;background-color: #ffffff;float: none\">PROMESA DE GERMINACI\u00d3N: \u00a1Hemos hecho un esfuerzo adicional para producir un kit de semillas con el que estar\u00e1s encantado! Si las semillas de su kit no germinan, h\u00e1ganoslo saber y prometemos enviarle m\u00e1s semillas. Haz clic en A\u00f1adir al carrito ahora y sigamos creciendo.<\/span><\/p><\/p>","protected":false},"excerpt":{"rendered":"<p>Rainbow Salad Kit \u2013 Cultiva tus propias verduras de ensalada \u2013 Set de regalo de jardiner\u00eda \u2013 10 variedades de paquetes de semillas para plantar&nbsp;<\/p><\/p>","protected":false},"featured_media":11988,"comment_status":"open","ping_status":"closed","template":"","meta":[],"product_cat":[50],"product_tag":[350],"acf":[],"_links":{"self":[{"href":"https:\/\/www.garden-kit.com\/es\/wp-json\/wp\/v2\/product\/6793"}],"collection":[{"href":"https:\/\/www.garden-kit.com\/es\/wp-json\/wp\/v2\/product"}],"about":[{"href":"https:\/\/www.garden-kit.com\/es\/wp-json\/wp\/v2\/types\/product"}],"replies":[{"embeddable":true,"href":"https:\/\/www.garden-kit.com\/es\/wp-json\/wp\/v2\/comments?post=6793"}],"wp:featuredmedia":[{"embeddable":true,"href":"https:\/\/www.garden-kit.com\/es\/wp-json\/wp\/v2\/media\/11988"}],"wp:attachment":[{"href":"https:\/\/www.garden-kit.com\/es\/wp-json\/wp\/v2\/media?parent=6793"}],"wp:term":[{"taxonomy":"product_cat","embeddable":true,"href":"https:\/\/www.garden-kit.com\/es\/wp-json\/wp\/v2\/product_cat?post=6793"},{"taxonomy":"product_tag","embeddable":true,"href":"https:\/\/www.garden-kit.com\/es\/wp-json\/wp\/v2\/product_tag?post=6793"}],"curies":[{"name":"wp","href":"https:\/\/api.w.org\/{rel}","templated":true}]}}