{"id":6819,"date":"2022-11-11T18:25:08","date_gmt":"2022-11-11T10:25:08","guid":{"rendered":"https:\/\/www.garden-kit.com\/product\/medicinal-herb-seeds-collections\/"},"modified":"2023-03-31T14:17:02","modified_gmt":"2023-03-31T06:17:02","slug":"medicinal-herb-seeds-collections","status":"publish","type":"product","link":"https:\/\/www.garden-kit.com\/es\/product\/medicinal-herb-seeds-collections\/","title":{"rendered":"Colecciones de Semillas de Hierbas Medicinales"},"content":{"rendered":"<h3 class=\"a-size-base-plus a-text-bold\" style=\"padding: 0px 0px 4px;margin: 0px;color: #0f1111;font-family: 'Amazon Ember', Arial, sans-serif;background-color: #ffffff;font-size: 19px;line-height: 1.5\"><span style=\"font-family: arial, helvetica, sans-serif\">Acerca de este art\u00edculo<\/span><\/h3>\n<ul class=\"a-unordered-list a-vertical a-spacing-mini\" style=\"margin: 0px 0px 0px 18px;color: #0f1111;padding: 0px;font-family: 'Amazon Ember', Arial, sans-serif;font-size: 14px;background-color: #ffffff\">\n<li style=\"list-style-type: disc;margin: 0px;line-height: 1.5\">\n<p style=\"font-size: 16px\"><span class=\"a-list-item\" style=\"color: #0f1111;font-family: arial, helvetica, sans-serif\">TASA DE GERMINACI\u00d3N 90+%, HEIRLOOM y NON-GMO: sus semillas se cultivan, cosechan y prueban localmente antes de lanzarlas. Di adi\u00f3s a las semillas dudosas con nuestras semillas de hierbas de calidad para plantar.<\/span><\/p>\n<\/li>\n<li style=\"list-style-type: disc;margin: 0px;line-height: 1.5\">\n<p style=\"font-size: 16px\"><span class=\"a-list-item\" style=\"color: #0f1111;font-family: arial, helvetica, sans-serif\">6 VARIEDADES de semillas de t\u00e9 de hierbas: tiene todo lo que necesita para cultivar su propio jard\u00edn de t\u00e9. Prepare los t\u00e9s de hierbas m\u00e1s frescos directamente de su propio jard\u00edn con estas semillas: manzanilla alemana, lavanda vera, menta com\u00fan, b\u00e1lsamo de lim\u00f3n, menta, equinacea de equin\u00e1cea p\u00farpura.<\/span><\/p>\n<\/li>\n<li style=\"list-style-type: disc;margin: 0px;line-height: 1.5\">\n<p style=\"font-size: 16px\"><span class=\"a-list-item\" style=\"color: #0f1111;font-family: arial, helvetica, sans-serif\">AMIGABLE PARA PRINCIPIANTES: aprenda todo lo que necesita saber para cultivar y usar una cosecha abundante con su gu\u00eda de cultivo digital. Marque sus macetas de hierbas con las etiquetas incluidas para que sepa qu\u00e9 brotar\u00e1 a continuaci\u00f3n. No todos tienen un pulgar verde, por lo que nos aseguramos de que este kit de bricolaje sea ideal tanto para aficionados como para principiantes.<\/span><\/p>\n<\/li>\n<li style=\"list-style-type: disc;margin: 0px;line-height: 1.5\">\n<p style=\"font-size: 16px\"><span class=\"a-list-item\" style=\"color: #0f1111;font-family: arial, helvetica, sans-serif\">Mantenga sus semillas FRESCAS: mantenga sus semillas de jard\u00edn de repuesto seguras y secas para la siembra del pr\u00f3ximo a\u00f1o en una bolsa de mylar impermeable y resellable con paquetes de semillas empacados individualmente. Tus semillas de reliquia sin OMG est\u00e1n listas para abastecer tu siembra durante a\u00f1os.<\/span><\/p>\n<\/li>\n<li style=\"list-style-type: disc;margin: 0px;line-height: 1.5\">\n<p style=\"font-size: 16px\"><span class=\"a-list-item\" style=\"color: #0f1111;font-family: arial, helvetica, sans-serif\">NUESTRA PROMESA PARA USTED: las semillas y el suelo se cultivan, cosechan y empaquetan en los EE. UU. Nos hemos asegurado de que pueda comenzar su propio jard\u00edn de hierbas f\u00e1cilmente en casa. Nuestro apoyo no termina aqu\u00ed, ya que nos encantar\u00eda ver crecer sus semillas de hierbas. Nuestro equipo se asegurar\u00e1 de responderle y ayudarle a lo largo de su proceso de plantaci\u00f3n. Si alguna de tus semillas no brota, av\u00edsanos y te enviaremos una nueva.<\/span><\/p>\n<\/li>\n<li style=\"list-style-type: disc;margin: 0px;line-height: 1.5\">\n<p style=\"font-size: 16px\"><span class=\"a-list-item\" style=\"color: #0f1111;font-family: arial, helvetica, sans-serif\">Cultiva tus propias plantas de t\u00e9 de hierbas medicinales en casa<\/span><\/p>\n<\/li>\n<li style=\"list-style-type: disc;margin: 0px;line-height: 1.5\">\n<p style=\"font-size: 16px\"><span class=\"a-list-item\" style=\"color: #0f1111;font-family: arial, helvetica, sans-serif\">100% Procedente y empaquetado en los EE. UU.<\/span><span class=\"a-list-item\" style=\"color: #0f1111;font-family: arial, helvetica, sans-serif\"><\/span><span class=\"a-list-item\" style=\"color: #0f1111;font-family: arial, helvetica, sans-serif\"><\/span><\/p>\n<p style=\"line-height: 1.4\"><span style=\"font-family: arial, helvetica, sans-serif;font-size: 16px\">Instrucciones \u00fatiles<\/span><br \/><span style=\"font-family: arial, helvetica, sans-serif;font-size: 16px\">Hemos incluido insertos de colores que describen cada verdura, as\u00ed como nuestra pr\u00e1ctica tabla de plantaci\u00f3n. El cuadro de plantaci\u00f3n es una excelente referencia para obtener informaci\u00f3n clave, como la profundidad de la semilla, el espacio entre las semillas y el espacio entre hileras.<\/span><\/p>\n<p style=\"line-height: 1.4\"><span style=\"font-family: arial, helvetica, sans-serif;font-size: 16px\">Embalaje inteligente<\/span><br \/><span style=\"font-family: arial, helvetica, sans-serif;font-size: 16px\">Las instrucciones de plantaci\u00f3n y los consejos de plantaci\u00f3n est\u00e1n impresos directamente en el paquete de semillas. Esta es informaci\u00f3n \u00fatil, justo donde la necesita. Creemos que las semillas y las instrucciones no deben separarse. Esta es una plantaci\u00f3n sin estr\u00e9s.<\/span><\/p>\n<p style=\"line-height: 1.4\"><span style=\"font-family: arial, helvetica, sans-serif;font-size: 16px\">hace un gran regalo<\/span><br \/><span style=\"font-family: arial, helvetica, sans-serif;font-size: 16px\">Los juegos de semillas de vegetales sin estr\u00e9s son un gran regalo. \u00bfPor qu\u00e9 no agregar uno o dos juegos adicionales para el jardinero en su vida?<\/span><\/p>\n<\/li>\n<\/ul>","protected":false},"excerpt":{"rendered":"<p><span id=\"productTitle\" class=\"a-size-large product-title-word-break\" style=\"font-size: 16px;line-height: 32px\">Colecci\u00f3n de semillas de hierbas medicinales | 6 semillas de t\u00e9 de reliquia | Semillas de lavanda, manzanilla, menta sin OGM para plantar en exteriores e interiores - B\u00e1lsamo de lim\u00f3n, menta, equin\u00e1cea | Regalos de jardiner\u00eda para mujeres y hombres<\/span><\/p><\/p>","protected":false},"featured_media":11945,"comment_status":"closed","ping_status":"closed","template":"","meta":[],"product_cat":[59],"product_tag":[427,353,426],"acf":[],"_links":{"self":[{"href":"https:\/\/www.garden-kit.com\/es\/wp-json\/wp\/v2\/product\/6819"}],"collection":[{"href":"https:\/\/www.garden-kit.com\/es\/wp-json\/wp\/v2\/product"}],"about":[{"href":"https:\/\/www.garden-kit.com\/es\/wp-json\/wp\/v2\/types\/product"}],"replies":[{"embeddable":true,"href":"https:\/\/www.garden-kit.com\/es\/wp-json\/wp\/v2\/comments?post=6819"}],"wp:featuredmedia":[{"embeddable":true,"href":"https:\/\/www.garden-kit.com\/es\/wp-json\/wp\/v2\/media\/11945"}],"wp:attachment":[{"href":"https:\/\/www.garden-kit.com\/es\/wp-json\/wp\/v2\/media?parent=6819"}],"wp:term":[{"taxonomy":"product_cat","embeddable":true,"href":"https:\/\/www.garden-kit.com\/es\/wp-json\/wp\/v2\/product_cat?post=6819"},{"taxonomy":"product_tag","embeddable":true,"href":"https:\/\/www.garden-kit.com\/es\/wp-json\/wp\/v2\/product_tag?post=6819"}],"curies":[{"name":"wp","href":"https:\/\/api.w.org\/{rel}","templated":true}]}}