{"id":16815,"date":"2023-09-20T17:08:35","date_gmt":"2023-09-20T09:08:35","guid":{"rendered":"https:\/\/www.garden-kit.com\/?page_id=16815"},"modified":"2023-09-21T17:27:55","modified_gmt":"2023-09-21T09:27:55","slug":"bonsai-starter-kit1","status":"publish","type":"page","link":"https:\/\/www.garden-kit.com\/fr\/bonsai-starter-kit1\/","title":{"rendered":"kit de d\u00e9marrage bonsa\u00ef"},"content":{"rendered":"<div data-elementor-type=\"wp-page\" data-elementor-id=\"16815\" class=\"elementor elementor-16815\" data-elementor-settings=\"[]\">\n\t\t\t\t\t\t\t<div class=\"elementor-section-wrap\">\n\t\t\t\t\t\t\t<section class=\"elementor-section elementor-top-section elementor-element elementor-element-3aff889 elementor-section-boxed elementor-section-height-default elementor-section-height-default\" data-id=\"3aff889\" data-element_type=\"section\">\n\t\t\t\t\t\t<div class=\"elementor-container elementor-column-gap-default\">\n\t\t\t\t\t<div class=\"elementor-column elementor-col-100 elementor-top-column elementor-element elementor-element-49ff700\" data-id=\"49ff700\" data-element_type=\"column\">\n\t\t\t<div class=\"elementor-widget-wrap elementor-element-populated\">\n\t\t\t\t\t\t\t\t<div class=\"elementor-element elementor-element-64e6f5a elementor-widget elementor-widget-woocommerce-breadcrumb\" data-id=\"64e6f5a\" data-element_type=\"widget\" data-widget_type=\"woocommerce-breadcrumb.default\">\n\t\t\t\t<div class=\"elementor-widget-container\">\n\t\t\t<nav class=\"woocommerce-breadcrumb\" data-no-translation=\"\" data-trp-gettext=\"\">Thuis<\/nav>\t\t<\/div>\n\t\t\t\t<\/div>\n\t\t\t\t\t<\/div>\n\t\t<\/div>\n\t\t\t\t\t\t\t<\/div>\n\t\t<\/section>\n\t\t\t\t<section class=\"elementor-section elementor-top-section elementor-element elementor-element-f0cc7a0 elementor-section-full_width elementor-section-height-default elementor-section-height-default\" data-id=\"f0cc7a0\" data-element_type=\"section\">\n\t\t\t\t\t\t<div class=\"elementor-container elementor-column-gap-default\">\n\t\t\t\t\t<div class=\"elementor-column elementor-col-50 elementor-top-column elementor-element elementor-element-a4bafc9\" data-id=\"a4bafc9\" data-element_type=\"column\">\n\t\t\t<div class=\"elementor-widget-wrap elementor-element-populated\">\n\t\t\t\t\t\t\t\t<div class=\"elementor-element elementor-element-3e11e89 elementor-widget elementor-widget-image\" data-id=\"3e11e89\" data-element_type=\"widget\" data-widget_type=\"image.default\">\n\t\t\t\t<div class=\"elementor-widget-container\">\n\t\t\t<style>\/*! elementor - v3.5.4 - 23-01-2022 *\/\n.elementor-widget-image{text-align:center}.elementor-widget-image a{display:inline-block}.elementor-widget-image a img[src$=\".svg\"]{width:48px}.elementor-widget-image img{vertical-align:middle;display:inline-block}<\/style>\t\t\t\t\t\t\t\t\t\t\t\t<img decoding=\"async\" width=\"499\" height=\"499\" src=\"https:\/\/www.garden-kit.com\/wp-content\/uploads\/2023\/09\/bonsai-garden-kit.webp\" class=\"attachment-large size-large\" alt=\"kit de d\u00e9marrage bonsa\u00ef\" loading=\"lazy\" title=\"\">\t\t\t\t\t\t\t\t\t\t\t\t\t\t\t<\/div>\n\t\t\t\t<\/div>\n\t\t\t\t\t<\/div>\n\t\t<\/div>\n\t\t\t\t<div class=\"elementor-column elementor-col-50 elementor-top-column elementor-element elementor-element-ff51782\" data-id=\"ff51782\" data-element_type=\"column\">\n\t\t\t<div class=\"elementor-widget-wrap elementor-element-populated\">\n\t\t\t\t\t\t\t\t<div class=\"elementor-element elementor-element-dee6194 elementor-widget elementor-widget-heading\" data-id=\"dee6194\" data-element_type=\"widget\" data-widget_type=\"heading.default\">\n\t\t\t\t<div class=\"elementor-widget-container\">\n\t\t\t<style>\/*! elementor - v3.5.4 - 23-01-2022 *\/\n.elementor-heading-title{padding:0;margin:0;line-height:1}.elementor-widget-heading .elementor-heading-title[class*=elementor-size-]>a{color:inherit;font-size:inherit;line-height:inherit}.elementor-widget-heading .elementor-heading-title.elementor-size-small{font-size:15px}.elementor-widget-heading .elementor-heading-title.elementor-size-medium{font-size:19px}.elementor-widget-heading .elementor-heading-title.elementor-size-large{font-size:29px}.elementor-widget-heading .elementor-heading-title.elementor-size-xl{font-size:39px}.elementor-widget-heading .elementor-heading-title.elementor-size-xxl{font-size:59px}<\/style><h1 class=\"elementor-heading-title elementor-size-default\">Kit de d\u00e9marrage Bonsa\u00ef<\/h1>\t\t<\/div>\n\t\t\t\t<\/div>\n\t\t\t\t<div class=\"elementor-element elementor-element-9a8935a elementor-widget elementor-widget-text-editor\" data-id=\"9a8935a\" data-element_type=\"widget\" data-widget_type=\"text-editor.default\">\n\t\t\t\t<div class=\"elementor-widget-container\">\n\t\t\t<style>\/*! elementor - v3.5.4 - 23-01-2022 *\/\n.elementor-widget-text-editor.elementor-drop-cap-view-stacked .elementor-drop-cap{background-color:#818a91;color:#fff}.elementor-widget-text-editor.elementor-drop-cap-view-framed .elementor-drop-cap{color:#818a91;border:3px solid;background-color:transparent}.elementor-widget-text-editor:not(.elementor-drop-cap-view-default) .elementor-drop-cap{margin-top:8px}.elementor-widget-text-editor:not(.elementor-drop-cap-view-default) .elementor-drop-cap-letter{width:1em;height:1em}.elementor-widget-text-editor .elementor-drop-cap{float:left;text-align:center;line-height:1;font-size:50px}.elementor-widget-text-editor .elementor-drop-cap-letter{display:inline-block}<\/style>\t\t\t\t<p>Faites pousser votre bonsa\u00ef \u00e0 partir de graines !<\/p><p>Nos kits de bonsa\u00efs assortis ajouteront une touche de joie \u00e0 votre espace de vie. Notre kit de d\u00e9marrage pour bonsa\u00ef comprend tout ce dont vous avez besoin pour faire pousser votre propre bonsa\u00ef. Nous s\u00e9lectionnons soigneusement chaque pi\u00e8ce \u00e0 l&#039;int\u00e9rieur pour vous afin de garantir que sa qualit\u00e9 est toujours bonne. Bien entendu, nous pouvons \u00e9galement vous fournir un kit de graines de bonsa\u00ef personnalis\u00e9 en fonction de vos besoins. Vous pouvez ressentir la satisfaction de cultiver un bonsa\u00ef d\u00e8s que vous recevez notre kit de d\u00e9marrage pour bonsa\u00ef \u00e0 partir de graines qui ont \u00e9t\u00e9 s\u00e9lectionn\u00e9es et test\u00e9es pour leurs taux de germination. M\u00eame s\u2019ils peuvent para\u00eetre petits au premier abord, ils sont tenaces et constituent un compl\u00e9ment parfait \u00e0 votre maison.<\/p>\t\t\t\t\t\t<\/div>\n\t\t\t\t<\/div>\n\t\t\t\t<div class=\"elementor-element elementor-element-3dd92a2 elementor-widget elementor-widget-button\" data-id=\"3dd92a2\" data-element_type=\"widget\" data-widget_type=\"button.default\">\n\t\t\t\t<div class=\"elementor-widget-container\">\n\t\t\t\t\t<div class=\"elementor-button-wrapper\">\n\t\t\t<a href=\"#\" class=\"elementor-button-link elementor-button elementor-size-sm\" role=\"button\">\n\t\t\t\t\t\t<span class=\"elementor-button-content-wrapper\">\n\t\t\t\t\t\t<span class=\"elementor-button-text\">Cliquez ici<\/span>\n\t\t<\/span>\n\t\t\t\t\t<\/a>\n\t\t<\/div>\n\t\t\t\t<\/div>\n\t\t\t\t<\/div>\n\t\t\t\t\t<\/div>\n\t\t<\/div>\n\t\t\t\t\t\t\t<\/div>\n\t\t<\/section>\n\t\t\t\t<section class=\"elementor-section elementor-top-section elementor-element elementor-element-2dc8fbc elementor-section-full_width elementor-section-height-default elementor-section-height-default\" data-id=\"2dc8fbc\" data-element_type=\"section\">\n\t\t\t\t\t\t<div class=\"elementor-container elementor-column-gap-default\">\n\t\t\t\t\t<div class=\"elementor-column elementor-col-50 elementor-top-column elementor-element elementor-element-e7bdc87\" data-id=\"e7bdc87\" data-element_type=\"column\">\n\t\t\t<div class=\"elementor-widget-wrap elementor-element-populated\">\n\t\t\t\t\t\t\t\t<div class=\"elementor-element elementor-element-90372c0 elementor-widget elementor-widget-heading\" data-id=\"90372c0\" data-element_type=\"widget\" data-widget_type=\"heading.default\">\n\t\t\t\t<div class=\"elementor-widget-container\">\n\t\t\t<h2 class=\"elementor-heading-title elementor-size-default\">Pourquoi nos kits de culture de graines ?<\/h2>\t\t<\/div>\n\t\t\t\t<\/div>\n\t\t\t\t<div class=\"elementor-element elementor-element-7d6a7fc elementor-widget elementor-widget-text-editor\" data-id=\"7d6a7fc\" data-element_type=\"widget\" data-widget_type=\"text-editor.default\">\n\t\t\t\t<div class=\"elementor-widget-container\">\n\t\t\t\t\t\t\t<ol><li>Nous sommes une usine professionnelle de kits de d\u00e9marrage pour bonsa\u00ef. Nous avons servi de nombreux grands vendeurs Amazon et grands supermarch\u00e9s. Nous avons une exp\u00e9rience tr\u00e8s riche.<\/li><li>Le prix de gros de notre kit de d\u00e9marrage pour bonsa\u00ef est tr\u00e8s bon, faible MOQ\u00a0!<\/li><li>Certifications compl\u00e8tes, nous fournissons la certification USDA, la certification OMRI et les certifications dont vous avez besoin pour l&#039;importation\u00a0!<\/li><li>Chaque kit de graines de bonsa\u00ef peut \u00eatre un cadeau parfait pour votre famille, vos amis, vos enseignants<\/li><\/ol><p>\u00a0<\/p><p>Nous prenons tr\u00e8s au s\u00e9rieux chaque opportunit\u00e9 de travailler ensemble, c&#039;est pourquoi nous investissons beaucoup de temps et d&#039;argent pour perfectionner nos processus de production, tester nos semences et cultiver chaque lot avant qu&#039;ils ne soient vendus. Parce que nous voulons garantir que chaque graine puisse germer et pousser.<\/p>\t\t\t\t\t\t<\/div>\n\t\t\t\t<\/div>\n\t\t\t\t\t<\/div>\n\t\t<\/div>\n\t\t\t\t<div class=\"elementor-column elementor-col-50 elementor-top-column elementor-element elementor-element-aebafe3\" data-id=\"aebafe3\" data-element_type=\"column\">\n\t\t\t<div class=\"elementor-widget-wrap elementor-element-populated\">\n\t\t\t\t\t\t\t\t<div class=\"elementor-element elementor-element-bd942d6 elementor-widget elementor-widget-image\" data-id=\"bd942d6\" data-element_type=\"widget\" data-widget_type=\"image.default\">\n\t\t\t\t<div class=\"elementor-widget-container\">\n\t\t\t\t\t\t\t\t\t\t\t\t\t\t\t<img decoding=\"async\" width=\"450\" height=\"450\" src=\"https:\/\/www.garden-kit.com\/wp-content\/uploads\/2023\/09\/Why-our-seed-growing-kits.webp\" class=\"attachment-medium_large size-medium_large\" alt=\"Pourquoi nos kits de culture de semences\" loading=\"lazy\" title=\"\">\t\t\t\t\t\t\t\t\t\t\t\t\t\t\t<\/div>\n\t\t\t\t<\/div>\n\t\t\t\t\t<\/div>\n\t\t<\/div>\n\t\t\t\t\t\t\t<\/div>\n\t\t<\/section>\n\t\t\t\t<section class=\"elementor-section elementor-top-section elementor-element elementor-element-6a29830 elementor-section-full_width elementor-section-height-default elementor-section-height-default\" data-id=\"6a29830\" data-element_type=\"section\">\n\t\t\t\t\t\t<div class=\"elementor-container elementor-column-gap-default\">\n\t\t\t\t\t<div class=\"elementor-column elementor-col-50 elementor-top-column elementor-element elementor-element-8d206b1\" data-id=\"8d206b1\" data-element_type=\"column\">\n\t\t\t<div class=\"elementor-widget-wrap elementor-element-populated\">\n\t\t\t\t\t\t\t\t<div class=\"elementor-element elementor-element-6a06b34 elementor-widget elementor-widget-image\" data-id=\"6a06b34\" data-element_type=\"widget\" data-widget_type=\"image.default\">\n\t\t\t\t<div class=\"elementor-widget-container\">\n\t\t\t\t\t\t\t\t\t\t\t\t\t\t\t<img decoding=\"async\" width=\"800\" height=\"481\" src=\"https:\/\/advich-wordpress-static-resources.s3.us-west-2.amazonaws.com\/test\/20230904151659\/1693812267035.png\" class=\"attachment-large size-large\" alt=\"vari\u00e9t\u00e9s de bonsa\u00efs\" loading=\"lazy\" srcset=\"https:\/\/advich-wordpress-static-resources.s3.us-west-2.amazonaws.com\/test\/20230904151659\/1693812267035.png 801w, https:\/\/advich-wordpress-static-resources.s3.us-west-2.amazonaws.com\/test\/20230904151659\/1693812267035-300x181.png 300w, https:\/\/advich-wordpress-static-resources.s3.us-west-2.amazonaws.com\/test\/20230904151659\/1693812267035-768x462.png 768w, https:\/\/advich-wordpress-static-resources.s3.us-west-2.amazonaws.com\/test\/20230904151659\/1693812267035-18x12.png 18w, https:\/\/advich-wordpress-static-resources.s3.us-west-2.amazonaws.com\/test\/20230904151659\/1693812267035-600x361.png 600w\" sizes=\"(max-width: 800px) 100vw, 800px\" title=\"\">\t\t\t\t\t\t\t\t\t\t\t\t\t\t\t<\/div>\n\t\t\t\t<\/div>\n\t\t\t\t\t<\/div>\n\t\t<\/div>\n\t\t\t\t<div class=\"elementor-column elementor-col-50 elementor-top-column elementor-element elementor-element-dcdeb0b\" data-id=\"dcdeb0b\" data-element_type=\"column\">\n\t\t\t<div class=\"elementor-widget-wrap elementor-element-populated\">\n\t\t\t\t\t\t\t\t<div class=\"elementor-element elementor-element-424d7cb elementor-widget elementor-widget-heading\" data-id=\"424d7cb\" data-element_type=\"widget\" data-widget_type=\"heading.default\">\n\t\t\t\t<div class=\"elementor-widget-container\">\n\t\t\t<h2 class=\"elementor-heading-title elementor-size-default\">Cultivez votre propre kit de d\u00e9marrage de bonsa\u00ef \u2013 Nous recommandons les vari\u00e9t\u00e9s de bonsa\u00ef suivantes :<\/h2>\t\t<\/div>\n\t\t\t\t<\/div>\n\t\t\t\t<div class=\"elementor-element elementor-element-4fccb77 elementor-widget elementor-widget-text-editor\" data-id=\"4fccb77\" data-element_type=\"widget\" data-widget_type=\"text-editor.default\">\n\t\t\t\t<div class=\"elementor-widget-container\">\n\t\t\t\t\t\t\t<ul><li>Acer palmatum (\u00e9rable rouge)<\/li><li>Delonix Regia (Arbre flamboyant)<\/li><li>Jacaranda mimosifolia (foug\u00e8re arborescente)<\/li><li>Lagerstroemia indica (myrte de cr\u00eape)<\/li><li>Picea Abies (\u00e9pic\u00e9a)<\/li><li>Picea Mariana (\u00e9pinette noire)<\/li><li>Picea pungens (\u00e9pinette bleue)<\/li><li>Pinus Aristata (pin Bristlecone)<\/li><li>Pinus elliottii (pin slash)<\/li><li>Pinus tabuliformis (pin rouge de Chine)<\/li><li>Michaelhagedorn Glycine<\/li><li>sinensis (glycine chinoise)<\/li><\/ul>\t\t\t\t\t\t<\/div>\n\t\t\t\t<\/div>\n\t\t\t\t\t<\/div>\n\t\t<\/div>\n\t\t\t\t\t\t\t<\/div>\n\t\t<\/section>\n\t\t\t\t<section class=\"elementor-section elementor-top-section elementor-element elementor-element-7c83c71 elementor-section-full_width elementor-section-height-default elementor-section-height-default\" data-id=\"7c83c71\" data-element_type=\"section\">\n\t\t\t\t\t\t<div class=\"elementor-container elementor-column-gap-default\">\n\t\t\t\t\t<div class=\"elementor-column elementor-col-50 elementor-top-column elementor-element elementor-element-9b3ec75\" data-id=\"9b3ec75\" data-element_type=\"column\">\n\t\t\t<div class=\"elementor-widget-wrap elementor-element-populated\">\n\t\t\t\t\t\t\t\t<div class=\"elementor-element elementor-element-e2591fc elementor-widget elementor-widget-heading\" data-id=\"e2591fc\" data-element_type=\"widget\" data-widget_type=\"heading.default\">\n\t\t\t\t<div class=\"elementor-widget-container\">\n\t\t\t<h2 class=\"elementor-heading-title elementor-size-default\">Notre liste de kits de culture ?<\/h2>\t\t<\/div>\n\t\t\t\t<\/div>\n\t\t\t\t<div class=\"elementor-element elementor-element-ddc082f elementor-widget elementor-widget-text-editor\" data-id=\"ddc082f\" data-element_type=\"widget\" data-widget_type=\"text-editor.default\">\n\t\t\t\t<div class=\"elementor-widget-container\">\n\t\t\t\t\t\t\t<p>Chacun de nos kits de bonsa\u00ef est unique, nous vous fournissons une grande vari\u00e9t\u00e9 de graines de bonsa\u00ef dans chaque kit de d\u00e9marrage de bonsa\u00ef, et nous nous assurons \u00e9galement de fournir tout ce dont vous avez besoin pour faire pousser votre propre bonsa\u00ef, les plantations ne manqueront pas. sur les outils.<\/p><p>Chaque kit bonsa\u00ef peut contenir : A assortir selon vos besoins<\/p><ul><li>Une vari\u00e9t\u00e9 de graines naturelles de bonsa\u00ef (glycine, flamboyant, pin noir du Japon, grenade, jacaranda et eucalyptus).<\/li><li>Pots de fleurs biod\u00e9gradables<\/li><li>bassine en plastique<\/li><li>fibre de coco<\/li><li>\u00e9tiquette de nom en bois<\/li><li>coupe-plantes<\/li><li>ensemble d&#039;outils en bois<\/li><li>Formation en bonsa\u00ef racine<\/li><li>fil (1mm)<\/li><li>Guide de croissance<\/li><li>Hygrom\u00e8tre<\/li><\/ul>\t\t\t\t\t\t<\/div>\n\t\t\t\t<\/div>\n\t\t\t\t\t<\/div>\n\t\t<\/div>\n\t\t\t\t<div class=\"elementor-column elementor-col-50 elementor-top-column elementor-element elementor-element-4fe30ca\" data-id=\"4fe30ca\" data-element_type=\"column\">\n\t\t\t<div class=\"elementor-widget-wrap elementor-element-populated\">\n\t\t\t\t\t\t\t\t<div class=\"elementor-element elementor-element-8684c01 elementor-widget elementor-widget-image\" data-id=\"8684c01\" data-element_type=\"widget\" data-widget_type=\"image.default\">\n\t\t\t\t<div class=\"elementor-widget-container\">\n\t\t\t\t\t\t\t\t\t\t\t\t\t\t\t<img decoding=\"async\" width=\"800\" height=\"807\" src=\"https:\/\/advich-wordpress-static-resources.s3.us-west-2.amazonaws.com\/test\/20230904142924\/p3apn7h50f_1661262082924.jpg\" class=\"attachment-large size-large\" alt=\"Liste des kits de culture\" loading=\"lazy\" srcset=\"https:\/\/advich-wordpress-static-resources.s3.us-west-2.amazonaws.com\/test\/20230904142924\/p3apn7h50f_1661262082924.jpg 850w, https:\/\/advich-wordpress-static-resources.s3.us-west-2.amazonaws.com\/test\/20230904142924\/p3apn7h50f_1661262082924-298x300.jpg 298w, https:\/\/advich-wordpress-static-resources.s3.us-west-2.amazonaws.com\/test\/20230904142924\/p3apn7h50f_1661262082924-150x150.jpg 150w, https:\/\/advich-wordpress-static-resources.s3.us-west-2.amazonaws.com\/test\/20230904142924\/p3apn7h50f_1661262082924-768x774.jpg 768w, https:\/\/advich-wordpress-static-resources.s3.us-west-2.amazonaws.com\/test\/20230904142924\/p3apn7h50f_1661262082924-12x12.jpg 12w, https:\/\/advich-wordpress-static-resources.s3.us-west-2.amazonaws.com\/test\/20230904142924\/p3apn7h50f_1661262082924-600x605.jpg 600w, https:\/\/advich-wordpress-static-resources.s3.us-west-2.amazonaws.com\/test\/20230904142924\/p3apn7h50f_1661262082924-100x100.jpg 100w\" sizes=\"(max-width: 800px) 100vw, 800px\" title=\"\">\t\t\t\t\t\t\t\t\t\t\t\t\t\t\t<\/div>\n\t\t\t\t<\/div>\n\t\t\t\t\t<\/div>\n\t\t<\/div>\n\t\t\t\t\t\t\t<\/div>\n\t\t<\/section>\n\t\t\t\t<section class=\"elementor-section elementor-top-section elementor-element elementor-element-03dd56c elementor-section-full_width elementor-section-height-default elementor-section-height-default\" data-id=\"03dd56c\" data-element_type=\"section\">\n\t\t\t\t\t\t<div class=\"elementor-container elementor-column-gap-default\">\n\t\t\t\t\t<div class=\"elementor-column elementor-col-100 elementor-top-column elementor-element elementor-element-777a3d0\" data-id=\"777a3d0\" data-element_type=\"column\">\n\t\t\t<div class=\"elementor-widget-wrap\">\n\t\t\t\t\t\t\t\t\t<\/div>\n\t\t<\/div>\n\t\t\t\t\t\t\t<\/div>\n\t\t<\/section>\n\t\t\t\t\t\t<\/div>\n\t\t\t\t\t<\/div>","protected":false},"excerpt":{"rendered":"<p>Kit de d\u00e9marrage Bonsa\u00ef Faites pousser votre bonsa\u00ef \u00e0 partir d'une graine ! Nos kits de bonsa\u00efs assortis ajouteront une touche de joie \u00e0 votre espace de vie. Notre kit de d\u00e9marrage pour bonsa\u00ef comprend tout ce dont vous avez besoin pour faire pousser votre propre bonsa\u00ef. Nous s\u00e9lectionnons soigneusement chaque pi\u00e8ce \u00e0 l'int\u00e9rieur pour vous assurer une qualit\u00e9 constante. [...]<\/p>","protected":false},"author":3,"featured_media":16714,"parent":0,"menu_order":0,"comment_status":"closed","ping_status":"closed","template":"","meta":[],"acf":[],"_links":{"self":[{"href":"https:\/\/www.garden-kit.com\/fr\/wp-json\/wp\/v2\/pages\/16815"}],"collection":[{"href":"https:\/\/www.garden-kit.com\/fr\/wp-json\/wp\/v2\/pages"}],"about":[{"href":"https:\/\/www.garden-kit.com\/fr\/wp-json\/wp\/v2\/types\/page"}],"author":[{"embeddable":true,"href":"https:\/\/www.garden-kit.com\/fr\/wp-json\/wp\/v2\/users\/3"}],"replies":[{"embeddable":true,"href":"https:\/\/www.garden-kit.com\/fr\/wp-json\/wp\/v2\/comments?post=16815"}],"version-history":[{"count":0,"href":"https:\/\/www.garden-kit.com\/fr\/wp-json\/wp\/v2\/pages\/16815\/revisions"}],"wp:featuredmedia":[{"embeddable":true,"href":"https:\/\/www.garden-kit.com\/fr\/wp-json\/wp\/v2\/media\/16714"}],"wp:attachment":[{"href":"https:\/\/www.garden-kit.com\/fr\/wp-json\/wp\/v2\/media?parent=16815"}],"curies":[{"name":"wp","href":"https:\/\/api.w.org\/{rel}","templated":true}]}}