{"id":1419,"date":"2022-08-23T23:32:04","date_gmt":"2022-08-23T15:32:04","guid":{"rendered":"http:\/\/www.garden-kit.com\/product\/bonsai-seed-kit\/"},"modified":"2023-09-02T14:30:56","modified_gmt":"2023-09-02T06:30:56","slug":"bonsai-seed-kit","status":"publish","type":"product","link":"https:\/\/www.garden-kit.com\/fr\/product\/bonsai-seed-kit\/","title":{"rendered":"Kit de graines de bonsa\u00ef"},"content":{"rendered":"<h1>Kit de graines de bonsa\u00ef<\/h1>\n<h3 style=\"line-height: 1.5; font-size: 19px;\"><span style=\"font-family: arial, helvetica, sans-serif; font-size: 16px;\">Aper\u00e7u<\/span><\/h3>\n<table style=\"border-collapse: collapse; width: 100%; height: 168px;\">\n<tbody>\n<tr style=\"height: 21px;\">\n<td style=\"height: 21px;\" width=\"298\"><span style=\"font-family: arial, helvetica, sans-serif; font-size: 16px;\">Instructions d&#039;entretien du produit<\/span><\/td>\n<td style=\"height: 21px;\" width=\"298\"><span style=\"font-family: arial, helvetica, sans-serif; font-size: 16px;\">Disponible<\/span><\/td>\n<\/tr>\n<tr style=\"height: 21px;\">\n<td style=\"height: 21px;\" width=\"298\"><span style=\"font-family: arial, helvetica, sans-serif; font-size: 16px;\">Type de produit v\u00e9g\u00e9tal<\/span><\/td>\n<td style=\"height: 21px;\" width=\"298\"><span style=\"font-family: arial, helvetica, sans-serif; font-size: 16px;\">Un bonsai<\/span><\/td>\n<\/tr>\n<tr style=\"height: 21px;\">\n<td style=\"height: 21px;\" width=\"298\"><span style=\"font-family: arial, helvetica, sans-serif; font-size: 16px;\">Une fonction sp\u00e9ciale<\/span><\/td>\n<td style=\"height: 21px;\" width=\"298\"><span style=\"font-family: arial, helvetica, sans-serif; font-size: 16px;\">Culture int\u00e9rieure-ext\u00e9rieure<\/span><\/td>\n<\/tr>\n<tr style=\"height: 21px;\">\n<td style=\"height: 21px;\" width=\"298\"><span style=\"font-family: arial, helvetica, sans-serif; font-size: 16px;\">Marque<\/span><\/td>\n<td style=\"height: 21px;\" width=\"298\"><span style=\"font-family: arial, helvetica, sans-serif; font-size: 16px;\">Trousse de jardin<\/span><\/td>\n<\/tr>\n<tr style=\"height: 21px;\">\n<td style=\"height: 21px;\" width=\"298\"><span style=\"font-family: arial, helvetica, sans-serif; font-size: 16px;\">Lieu d&#039;origine<\/span><\/td>\n<td style=\"height: 21px;\" width=\"298\"><span style=\"font-family: arial, helvetica, sans-serif; font-size: 16px;\">Fujian, Chine<\/span><\/td>\n<\/tr>\n<tr style=\"height: 21px;\">\n<td style=\"height: 21px;\" width=\"298\"><span style=\"font-family: arial, helvetica, sans-serif; font-size: 16px;\">ODM\/OEM<\/span><\/td>\n<td style=\"height: 21px;\" width=\"298\"><span style=\"font-family: arial, helvetica, sans-serif; font-size: 16px;\">Disponible<\/span><\/td>\n<\/tr>\n<tr style=\"height: 21px;\">\n<td style=\"height: 21px;\" width=\"298\"><span style=\"font-family: arial, helvetica, sans-serif; font-size: 16px;\">MOQ pour commande personnalis\u00e9e<\/span><\/td>\n<td style=\"height: 21px;\" width=\"298\"><span style=\"font-family: arial, helvetica, sans-serif; font-size: 16px;\">3000 pi\u00e8ces<\/span><\/td>\n<\/tr>\n<tr style=\"height: 21px;\">\n<td style=\"height: 21px;\" width=\"298\"><span style=\"font-family: arial, helvetica, sans-serif; font-size: 16px;\">Co\u00fbt de l&#039;\u00e9chantillon<\/span><\/td>\n<td style=\"height: 21px;\" width=\"298\"><span style=\"font-family: arial, helvetica, sans-serif; font-size: 16px;\">US$400\/Sample, retour complet apr\u00e8s une commande de notre part<\/span><\/td>\n<\/tr>\n<\/tbody>\n<\/table>\n<p style=\"line-height: 1.5;\"><span style=\"font-family: arial, helvetica, sans-serif; font-size: 16px;\">Description<\/span><\/p>\n<p style=\"line-height: 1.5;\"><span style=\"font-family: arial, helvetica, sans-serif; font-size: 16px;\">Kit de culture de bonsa\u00ef pr\u00e9par\u00e9 de 15 pi\u00e8ces : tout ce dont vous avez besoin pour apporter la joie de rempoter dans votre vie ou celle de votre proche \u2013 dans une bo\u00eete \u00e9l\u00e9gante : contient 4 graines (Pinus aristata, Jacaranda mimosifolia, Picea abies, Delonix regia). Pour une meilleure germination, stock\u00e9 dans un emballage sans danger pour les graines, 4 jardini\u00e8res bien drain\u00e9es, 1 plateau de terre extensible, 4 marqueurs pour plantes en bambou, 1 ciseaux \u00e0 bonsa\u00ef et un manuel d&#039;instructions agr\u00e9able, complet et simple.<\/span><\/p>\n<p style=\"line-height: 1.5;\"><span style=\"font-family: arial, helvetica, sans-serif;\">\u00a0<\/span><\/p>\n<p style=\"line-height: 1.5;\"><span style=\"font-family: arial, helvetica, sans-serif; font-size: 16px;\">Les \u00e9l\u00e9ments suivants sont inclus dans le kit.<\/span><\/p>\n<p style=\"line-height: 1.5;\"><span style=\"font-family: arial, helvetica, sans-serif; font-size: 16px;\">4 pots en toile de jute imperm\u00e9ables<\/span><\/p>\n<p style=\"line-height: 1.5;\"><span style=\"font-family: arial, helvetica, sans-serif; font-size: 16px;\">1 sol pr\u00e9-fertilis\u00e9 dis<\/span><\/p>\n<p style=\"line-height: 1.5;\"><span style=\"font-family: arial, helvetica, sans-serif; font-size: 16px;\">4 sachets de graines qui restent fra\u00eeches<\/span><\/p>\n<p style=\"line-height: 1.5;\"><span style=\"font-family: arial, helvetica, sans-serif; font-size: 16px;\">4 pots en jute bien drain\u00e9s<\/span><\/p>\n<p style=\"line-height: 1.5;\"><span style=\"font-family: arial, helvetica, sans-serif; font-size: 16px;\">1 s\u00e9cateur<\/span><\/p>\n<p style=\"line-height: 1.5;\"><span style=\"font-family: arial, helvetica, sans-serif; font-size: 16px;\">1 disque de sol<\/span><\/p>\n<p style=\"line-height: 1.5;\"><span style=\"font-family: arial, helvetica, sans-serif; font-size: 16px;\">4 marqueurs en bambou<\/span><\/p>\n<p style=\"line-height: 1.5;\"><span style=\"font-family: arial, helvetica, sans-serif; font-size: 16px;\">1 guide de plantation \u00e9tape par \u00e9tape<\/span><\/p>\n<p style=\"line-height: 1.5;\"><span style=\"font-family: arial, helvetica, sans-serif; font-size: 16px;\">1 empotage\u00a0: 4 pots en jute \u2013 Id\u00e9al pour une croissance de semis bien drain\u00e9e. Enregistrez et r\u00e9utilisez.<\/span><\/p>\n<p style=\"line-height: 1.5;\"><span style=\"font-family: arial, helvetica, sans-serif; font-size: 16px;\">2 plantations : 4 paquets de graines de qualit\u00e9 sup\u00e9rieure \u2013 Avec 4 esp\u00e8ces diff\u00e9rentes : pin des montagnes Rocheuses, ph\u00e9nix royal, jacaranda, \u00e9pinette de Norv\u00e8ge. Toutes les graines sont test\u00e9es pour le taux de germination le plus \u00e9lev\u00e9.<\/span><\/p>\n<p style=\"line-height: 1.5;\"><span style=\"font-family: arial, helvetica, sans-serif; font-size: 16px;\">3 Alimentation : Disques de sol pr\u00e9-fertilis\u00e9s riches en nutriments - ajoutez de l&#039;eau et ils se dilateront 6 \u00e0 8 fois plus.<\/span><\/p>\n<p style=\"line-height: 1.5;\"><span style=\"font-family: arial, helvetica, sans-serif; font-size: 16px;\">4 marquages : 4 marqueurs en bambou \u2013 Les marqueurs vous aident \u00e0 identifier vos semis au fur et \u00e0 mesure qu&#039;ils poussent. Entra\u00eenez-le : S\u00e9cateurs \u2013 Id\u00e9al pour tailler les feuilles et les racines en exc\u00e8s.<\/span><\/p>\n<p style=\"line-height: 1.5;\"><span style=\"font-family: arial, helvetica, sans-serif;\">\u00a0<\/span><\/p>\n<p style=\"line-height: 1.5;\"><span style=\"font-family: arial, helvetica, sans-serif; font-size: 16px;\">Graines \u00e0 haute germination : les graines sont stock\u00e9es dans notre pack de s\u00e9curit\u00e9 des semences pour garantir une bonne germination.<\/span><\/p>\n<p style=\"line-height: 1.5;\"><span style=\"font-family: arial, helvetica, sans-serif; font-size: 16px;\">CADEAU DE BRICOLAGE PARFAIT\u00a0: Pour maman, papa, lui ou elle, c&#039;est le cadeau parfait pour un anniversaire, un anniversaire, des vacances, une pendaison de cr\u00e9maill\u00e8re ou toute autre occasion - id\u00e9al pour les d\u00e9butants, les ma\u00eetres et les enfants. Voyez l&#039;excitation dans leurs yeux alors qu&#039;ils font pousser un bonsa\u00ef d&#039;int\u00e9rieur.<\/span><\/p>\n<p style=\"line-height: 1.5;\"><span style=\"font-family: arial, helvetica, sans-serif;\">\u00a0<\/span><\/p>\n<p style=\"line-height: 1.5;\"><span style=\"font-family: arial, helvetica, sans-serif; font-size: 16px;\">Pas besoin d&#039;avoir la main verte\u00a0: suivez simplement les instructions \u00e9tape par \u00e9tape et vous \u00eates pr\u00eat \u00e0 partir\u00a0! Les 4 arbres peuvent \u00eatre plant\u00e9s et conserv\u00e9s \u00e0 l&#039;int\u00e9rieur et \u00e0 l&#039;ext\u00e9rieur \u00e0 tout moment de l&#039;ann\u00e9e sans qu&#039;il soit n\u00e9cessaire de stratifier les graines. Le livret inclus est complet et magnifiquement con\u00e7u pour que vous puissiez suivre le parcours de chaque graine, son histoire et la meilleure fa\u00e7on de la planter pour assurer sa germination.<\/span><\/p>","protected":false},"excerpt":{"rendered":"<p>Kit de graines de bonsa\u00ef pour femmes et hommes \u2013 Kits de loisirs cr\u00e9atifs pour la culture de bonsa\u00efs dans le jardin pour adultes, loisirs de bricolage uniques pour les amateurs de plantes \u2013 Id\u00e9es de cadeaux de No\u00ebl inhabituelles ou m\u00e8re jardini\u00e8re<\/p>","protected":false},"featured_media":12453,"comment_status":"closed","ping_status":"closed","template":"","meta":[],"product_cat":[40],"product_tag":[104,42,214,102,103,112],"acf":[],"_links":{"self":[{"href":"https:\/\/www.garden-kit.com\/fr\/wp-json\/wp\/v2\/product\/1419"}],"collection":[{"href":"https:\/\/www.garden-kit.com\/fr\/wp-json\/wp\/v2\/product"}],"about":[{"href":"https:\/\/www.garden-kit.com\/fr\/wp-json\/wp\/v2\/types\/product"}],"replies":[{"embeddable":true,"href":"https:\/\/www.garden-kit.com\/fr\/wp-json\/wp\/v2\/comments?post=1419"}],"wp:featuredmedia":[{"embeddable":true,"href":"https:\/\/www.garden-kit.com\/fr\/wp-json\/wp\/v2\/media\/12453"}],"wp:attachment":[{"href":"https:\/\/www.garden-kit.com\/fr\/wp-json\/wp\/v2\/media?parent=1419"}],"wp:term":[{"taxonomy":"product_cat","embeddable":true,"href":"https:\/\/www.garden-kit.com\/fr\/wp-json\/wp\/v2\/product_cat?post=1419"},{"taxonomy":"product_tag","embeddable":true,"href":"https:\/\/www.garden-kit.com\/fr\/wp-json\/wp\/v2\/product_tag?post=1419"}],"curies":[{"name":"wp","href":"https:\/\/api.w.org\/{rel}","templated":true}]}}